{"id":589,"date":"2019-03-05T16:25:32","date_gmt":"2019-03-05T14:25:32","guid":{"rendered":"https:\/\/mylipfiller.com\/?post_type=product&#038;p=589"},"modified":"2024-07-03T17:33:00","modified_gmt":"2024-07-03T15:33:00","slug":"monalisa-hard-type-1x1ml","status":"publish","type":"product","link":"https:\/\/mylipfiller.com\/es\/monalisa-hard-type-1x1ml\/","title":{"rendered":"Tipo duro de Monalisa (1x1ml)"},"content":{"rendered":"<p>Lo mejor de los rellenos d\u00e9rmicos y Monalisa Hart Type en particular es cu\u00e1nto m\u00e1s r\u00e1pido y con menos molestias es el tratamiento con ellos, especialmente en comparaci\u00f3n con la cirug\u00eda pl\u00e1stica. El gel inyectable est\u00e1 precargado en la jeringa, que tiene una forma ergon\u00f3mica especial, lo que permite una precisi\u00f3n extrema cuando se inyecta. El m\u00e9dico que aplica el relleno HA puede esculpir f\u00e1cilmente el rostro y lograr el mejor aumento de rasgos faciales posible.<\/p>\n<p>El relleno viene listo para inyectarse. En cuanto a las especificaciones, es:<\/p>\n<ul>\n<li>Tiene un tama\u00f1o de grano de 600 \u00b5m<\/li>\n<li>Se inyecta desde las capas media a profunda de la dermis.<\/li>\n<li>Viene con una aguja de 30G<\/li>\n<li>La jeringa est\u00e1 precargada con gel.<\/li>\n<li>Debe mantenerse a temperatura normal, de 2 a 25 \u00b0 C.<\/li>\n<\/ul>\n<p>La calidad de la masilla Monalisa Hard Type determina la calidad de los resultados obtenidos con ella. Los pacientes tienen la l\u00ednea de la mand\u00edbula esculpida, el ment\u00f3n realzado o una rinoplastia, y siempre obtendr\u00e1n el mejor efecto visible posible, que tambi\u00e9n es duradero. El tama\u00f1o de grano del gel HA, asegura que el relleno sea muy espeso, lo que asegura la estabilidad una vez inyectado (el relleno no \u201cfluye\u201d) y resultados duraderos de hasta medio a\u00f1o.<\/p>","protected":false},"excerpt":{"rendered":"<p>Hard Type es un relleno espeso de \u00e1cido hialur\u00f3nico, que se puede inyectar para aumentar los rasgos faciales y esculpir las l\u00edneas faciales. Es una alternativa conveniente y no invasiva a la cirug\u00eda, para procedimientos de aumento de ment\u00f3n en l\u00ednea o rinoplastia. El relleno tambi\u00e9n es eficaz para rellenar los pliegues nasolabiales profundos y las depresiones de la piel. El relleno Monalisa Hard Type est\u00e1 hecho de HA purificado de alta calidad con una estructura reticulada estable, que garantiza resultados r\u00e1pidos y duraderos del procedimiento de esculpido facial.<\/p>","protected":false},"featured_media":547,"template":"","meta":{"_acf_changed":false},"product_brand":[],"product_cat":[172,34,25],"product_tag":[123,130,131,115,114,111,118,151,141,142,135,137,110,122,124,116],"class_list":{"0":"post-589","1":"product","2":"type-product","3":"status-publish","4":"has-post-thumbnail","6":"product_cat-genoss","7":"product_cat-hard","8":"product_cat-monalisa","9":"product_tag-asymmetry","10":"product_tag-cheek-volume","11":"product_tag-cheekbone-contour","12":"product_tag-cheekbones","13":"product_tag-chin","14":"product_tag-face","15":"product_tag-high-density","16":"product_tag-hyaluronic-acid-ha-fillers","17":"product_tag-lifting","18":"product_tag-modeling","19":"product_tag-small-chin","20":"product_tag-south-korea","21":"product_tag-temple","22":"product_tag-up-to-18-months","23":"product_tag-volume","24":"product_tag-with-lidocaine","26":"first","27":"outofstock","28":"taxable","29":"shipping-taxable","30":"purchasable","31":"product-type-simple"},"acf":[],"yoast_head":"<!-- This site is optimized with the Yoast SEO plugin v27.2 - https:\/\/yoast.com\/product\/yoast-seo-wordpress\/ -->\n<title>Buy Monalisa Hard Type (1x1ml) - Fillers from My Lip Filler<\/title>\n<meta name=\"description\" content=\"\u2765Buy Monalisa Hard Type (1x1ml) \u23e9 My Lip Filler online store \u27a6 Quality assurance, reviews, ingredients, best prices!\" \/>\n<meta name=\"robots\" content=\"index, follow, max-snippet:-1, max-image-preview:large, max-video-preview:-1\" \/>\n<link rel=\"canonical\" href=\"https:\/\/mylipfiller.com\/es\/monalisa-hard-type-1x1ml\/\" \/>\n<meta property=\"og:locale\" content=\"es_MX\" \/>\n<meta property=\"og:type\" content=\"article\" \/>\n<meta property=\"og:title\" content=\"Buy Monalisa Hard Type (1x1ml) - Fillers from My Lip Filler\" \/>\n<meta property=\"og:description\" content=\"\u2765Buy Monalisa Hard Type (1x1ml) \u23e9 My Lip Filler online store \u27a6 Quality assurance, reviews, ingredients, best prices!\" \/>\n<meta property=\"og:url\" content=\"https:\/\/mylipfiller.com\/es\/monalisa-hard-type-1x1ml\/\" \/>\n<meta property=\"og:site_name\" content=\"My Lip Filler\" \/>\n<meta property=\"article:modified_time\" content=\"2024-07-03T15:33:00+00:00\" \/>\n<meta property=\"og:image\" content=\"https:\/\/cdn.mylipfiller.com\/wp-content\/uploads\/2019\/03\/Monalisa-Hard-Type.jpg\" \/>\n\t<meta property=\"og:image:width\" content=\"600\" \/>\n\t<meta property=\"og:image:height\" content=\"600\" \/>\n\t<meta property=\"og:image:type\" content=\"image\/jpeg\" \/>\n<meta name=\"twitter:card\" content=\"summary_large_image\" \/>\n<meta name=\"twitter:label1\" content=\"Tiempo de lectura\" \/>\n\t<meta name=\"twitter:data1\" content=\"2 minutos\" \/>\n<script type=\"application\/ld+json\" class=\"yoast-schema-graph\">{\"@context\":\"https:\/\/schema.org\",\"@graph\":[{\"@type\":\"WebPage\",\"@id\":\"https:\/\/mylipfiller.com\/monalisa-hard-type-1x1ml\/\",\"url\":\"https:\/\/mylipfiller.com\/monalisa-hard-type-1x1ml\/\",\"name\":\"Buy Monalisa Hard Type (1x1ml) - Fillers from My Lip Filler\",\"isPartOf\":{\"@id\":\"https:\/\/mylipfiller.com\/#website\"},\"primaryImageOfPage\":{\"@id\":\"https:\/\/mylipfiller.com\/monalisa-hard-type-1x1ml\/#primaryimage\"},\"image\":{\"@id\":\"https:\/\/mylipfiller.com\/monalisa-hard-type-1x1ml\/#primaryimage\"},\"thumbnailUrl\":\"https:\/\/cdn.mylipfiller.com\/wp-content\/uploads\/2019\/03\/Monalisa-Hard-Type.jpg\",\"datePublished\":\"2019-03-05T14:25:32+00:00\",\"dateModified\":\"2024-07-03T15:33:00+00:00\",\"description\":\"\u2765Buy Monalisa Hard Type (1x1ml) \u23e9 My Lip Filler online store \u27a6 Quality assurance, reviews, ingredients, best prices!\",\"breadcrumb\":{\"@id\":\"https:\/\/mylipfiller.com\/monalisa-hard-type-1x1ml\/#breadcrumb\"},\"inLanguage\":\"es\",\"potentialAction\":[{\"@type\":\"ReadAction\",\"target\":[\"https:\/\/mylipfiller.com\/monalisa-hard-type-1x1ml\/\"]}]},{\"@type\":\"ImageObject\",\"inLanguage\":\"es\",\"@id\":\"https:\/\/mylipfiller.com\/monalisa-hard-type-1x1ml\/#primaryimage\",\"url\":\"https:\/\/cdn.mylipfiller.com\/wp-content\/uploads\/2019\/03\/Monalisa-Hard-Type.jpg\",\"contentUrl\":\"https:\/\/cdn.mylipfiller.com\/wp-content\/uploads\/2019\/03\/Monalisa-Hard-Type.jpg\",\"width\":600,\"height\":600,\"caption\":\"Monalisa Hard Type\"},{\"@type\":\"BreadcrumbList\",\"@id\":\"https:\/\/mylipfiller.com\/monalisa-hard-type-1x1ml\/#breadcrumb\",\"itemListElement\":[{\"@type\":\"ListItem\",\"position\":1,\"name\":\"Home\",\"item\":\"https:\/\/mylipfiller.com\/\"},{\"@type\":\"ListItem\",\"position\":2,\"name\":\"Shop\",\"item\":\"https:\/\/mylipfiller.com\/shop\/\"},{\"@type\":\"ListItem\",\"position\":3,\"name\":\"Monalisa Hard Type (1x1ml)\"}]},{\"@type\":\"WebSite\",\"@id\":\"https:\/\/mylipfiller.com\/#website\",\"url\":\"https:\/\/mylipfiller.com\/\",\"name\":\"My Lip Filler\",\"description\":\"Hyaluronic Acid Lip and Dermal Fillers\",\"publisher\":{\"@id\":\"https:\/\/mylipfiller.com\/#organization\"},\"potentialAction\":[{\"@type\":\"SearchAction\",\"target\":{\"@type\":\"EntryPoint\",\"urlTemplate\":\"https:\/\/mylipfiller.com\/?s={search_term_string}\"},\"query-input\":{\"@type\":\"PropertyValueSpecification\",\"valueRequired\":true,\"valueName\":\"search_term_string\"}}],\"inLanguage\":\"es\"},{\"@type\":\"Organization\",\"@id\":\"https:\/\/mylipfiller.com\/#organization\",\"name\":\"My Lip Filler\",\"url\":\"https:\/\/mylipfiller.com\/\",\"logo\":{\"@type\":\"ImageObject\",\"inLanguage\":\"es\",\"@id\":\"https:\/\/mylipfiller.com\/#\/schema\/logo\/image\/\",\"url\":\"https:\/\/cdn.mylipfiller.com\/wp-content\/uploads\/2019\/02\/cropped-My-Lip-Filler-Logo.png\",\"contentUrl\":\"https:\/\/cdn.mylipfiller.com\/wp-content\/uploads\/2019\/02\/cropped-My-Lip-Filler-Logo.png\",\"width\":240,\"height\":88,\"caption\":\"My Lip Filler\"},\"image\":{\"@id\":\"https:\/\/mylipfiller.com\/#\/schema\/logo\/image\/\"}}]}<\/script>\n<!-- \/ Yoast SEO plugin. -->","yoast_head_json":{"title":"Comprar Monalisa Hard Type (1x1ml) - Rellenos de My Lip Filler","description":"\u2765Compra Monalisa Hard Type (1x1ml) \u23e9 Tienda online My Lip Filler \u27a6 Garant\u00eda de calidad, rese\u00f1as, ingredientes, \u00a1los mejores precios!","robots":{"index":"index","follow":"follow","max-snippet":"max-snippet:-1","max-image-preview":"max-image-preview:large","max-video-preview":"max-video-preview:-1"},"canonical":"https:\/\/mylipfiller.com\/es\/monalisa-hard-type-1x1ml\/","og_locale":"es_MX","og_type":"article","og_title":"Buy Monalisa Hard Type (1x1ml) - Fillers from My Lip Filler","og_description":"\u2765Buy Monalisa Hard Type (1x1ml) \u23e9 My Lip Filler online store \u27a6 Quality assurance, reviews, ingredients, best prices!","og_url":"https:\/\/mylipfiller.com\/es\/monalisa-hard-type-1x1ml\/","og_site_name":"My Lip Filler","article_modified_time":"2024-07-03T15:33:00+00:00","og_image":[{"width":600,"height":600,"url":"https:\/\/cdn.mylipfiller.com\/wp-content\/uploads\/2019\/03\/Monalisa-Hard-Type.jpg","type":"image\/jpeg"}],"twitter_card":"summary_large_image","twitter_misc":{"Tiempo de lectura":"2 minutos"},"schema":{"@context":"https:\/\/schema.org","@graph":[{"@type":"WebPage","@id":"https:\/\/mylipfiller.com\/monalisa-hard-type-1x1ml\/","url":"https:\/\/mylipfiller.com\/monalisa-hard-type-1x1ml\/","name":"Comprar Monalisa Hard Type (1x1ml) - Rellenos de My Lip Filler","isPartOf":{"@id":"https:\/\/mylipfiller.com\/#website"},"primaryImageOfPage":{"@id":"https:\/\/mylipfiller.com\/monalisa-hard-type-1x1ml\/#primaryimage"},"image":{"@id":"https:\/\/mylipfiller.com\/monalisa-hard-type-1x1ml\/#primaryimage"},"thumbnailUrl":"https:\/\/cdn.mylipfiller.com\/wp-content\/uploads\/2019\/03\/Monalisa-Hard-Type.jpg","datePublished":"2019-03-05T14:25:32+00:00","dateModified":"2024-07-03T15:33:00+00:00","description":"\u2765Compra Monalisa Hard Type (1x1ml) \u23e9 Tienda online My Lip Filler \u27a6 Garant\u00eda de calidad, rese\u00f1as, ingredientes, \u00a1los mejores precios!","breadcrumb":{"@id":"https:\/\/mylipfiller.com\/monalisa-hard-type-1x1ml\/#breadcrumb"},"inLanguage":"es","potentialAction":[{"@type":"ReadAction","target":["https:\/\/mylipfiller.com\/monalisa-hard-type-1x1ml\/"]}]},{"@type":"ImageObject","inLanguage":"es","@id":"https:\/\/mylipfiller.com\/monalisa-hard-type-1x1ml\/#primaryimage","url":"https:\/\/cdn.mylipfiller.com\/wp-content\/uploads\/2019\/03\/Monalisa-Hard-Type.jpg","contentUrl":"https:\/\/cdn.mylipfiller.com\/wp-content\/uploads\/2019\/03\/Monalisa-Hard-Type.jpg","width":600,"height":600,"caption":"Monalisa Hard Type"},{"@type":"BreadcrumbList","@id":"https:\/\/mylipfiller.com\/monalisa-hard-type-1x1ml\/#breadcrumb","itemListElement":[{"@type":"ListItem","position":1,"name":"Home","item":"https:\/\/mylipfiller.com\/"},{"@type":"ListItem","position":2,"name":"Shop","item":"https:\/\/mylipfiller.com\/shop\/"},{"@type":"ListItem","position":3,"name":"Monalisa Hard Type (1x1ml)"}]},{"@type":"WebSite","@id":"https:\/\/mylipfiller.com\/#website","url":"https:\/\/mylipfiller.com\/","name":"Mi relleno de labios","description":"Rellenos d\u00e9rmicos y de labios con \u00e1cido hialur\u00f3nico","publisher":{"@id":"https:\/\/mylipfiller.com\/#organization"},"potentialAction":[{"@type":"SearchAction","target":{"@type":"EntryPoint","urlTemplate":"https:\/\/mylipfiller.com\/?s={search_term_string}"},"query-input":{"@type":"PropertyValueSpecification","valueRequired":true,"valueName":"search_term_string"}}],"inLanguage":"es"},{"@type":"Organization","@id":"https:\/\/mylipfiller.com\/#organization","name":"Mi relleno de labios","url":"https:\/\/mylipfiller.com\/","logo":{"@type":"ImageObject","inLanguage":"es","@id":"https:\/\/mylipfiller.com\/#\/schema\/logo\/image\/","url":"https:\/\/cdn.mylipfiller.com\/wp-content\/uploads\/2019\/02\/cropped-My-Lip-Filler-Logo.png","contentUrl":"https:\/\/cdn.mylipfiller.com\/wp-content\/uploads\/2019\/02\/cropped-My-Lip-Filler-Logo.png","width":240,"height":88,"caption":"My Lip Filler"},"image":{"@id":"https:\/\/mylipfiller.com\/#\/schema\/logo\/image\/"}}]}},"_links":{"self":[{"href":"https:\/\/mylipfiller.com\/es\/wp-json\/wp\/v2\/product\/589","targetHints":{"allow":["GET"]}}],"collection":[{"href":"https:\/\/mylipfiller.com\/es\/wp-json\/wp\/v2\/product"}],"about":[{"href":"https:\/\/mylipfiller.com\/es\/wp-json\/wp\/v2\/types\/product"}],"wp:featuredmedia":[{"embeddable":true,"href":"https:\/\/mylipfiller.com\/es\/wp-json\/wp\/v2\/media\/547"}],"wp:attachment":[{"href":"https:\/\/mylipfiller.com\/es\/wp-json\/wp\/v2\/media?parent=589"}],"wp:term":[{"taxonomy":"product_brand","embeddable":true,"href":"https:\/\/mylipfiller.com\/es\/wp-json\/wp\/v2\/product_brand?post=589"},{"taxonomy":"product_cat","embeddable":true,"href":"https:\/\/mylipfiller.com\/es\/wp-json\/wp\/v2\/product_cat?post=589"},{"taxonomy":"product_tag","embeddable":true,"href":"https:\/\/mylipfiller.com\/es\/wp-json\/wp\/v2\/product_tag?post=589"}],"curies":[{"name":"gracias","href":"https:\/\/api.w.org\/{rel}","templated":true}]}}