{"id":591,"date":"2019-03-05T16:27:31","date_gmt":"2019-03-05T14:27:31","guid":{"rendered":"https:\/\/mylipfiller.com\/?post_type=product&#038;p=591"},"modified":"2024-07-03T17:33:00","modified_gmt":"2024-07-03T15:33:00","slug":"monalisa-soft-type-1x1ml","status":"publish","type":"product","link":"https:\/\/mylipfiller.com\/es\/monalisa-soft-type-1x1ml\/","title":{"rendered":"Tipo suave de Monalisa (1x1ml)"},"content":{"rendered":"<p>A pesar de su precio aparentemente bajo, el relleno Monalisa Soft Type es un inyectable cosm\u00e9tico de alta calidad fabricado de acuerdo con los m\u00e1s altos est\u00e1ndares de salud y las mejores pr\u00e1cticas de la industria cosm\u00e9tica. Este es un producto seguro, basado en \u00e1cido hialur\u00f3nico, que es una sustancia natural en el cuerpo humano con poderosas propiedades rejuvenecedoras de la piel. El HA del relleno es de origen sint\u00e9tico y el gel elaborado con \u00e9l es completamente seguro, biocompatible y biodegradable. El relleno de esqu\u00ed no contiene residuos peligrosos de BDDE.<\/p>\n<h3>Inyecci\u00f3n de la masilla Monalisa Soft Type<\/h3>\n<p>La administraci\u00f3n de cualquier relleno d\u00e9rmico siempre debe realizarla un m\u00e9dico capacitado. Las mujeres embarazadas, las pacientes en per\u00edodo de lactancia y las personas al\u00e9rgicas a cualquiera de los ingredientes no deben someterse a tratamiento con este relleno d\u00e9rmico.<\/p>\n<p>La inyecci\u00f3n del relleno de HA es muy simple, tarda de 20 a 30 minutos. El resultado de ocultar arrugas o realce de labios es visible de inmediato, sin efectos secundarios leves (enrojecimiento, irritaci\u00f3n, etc.)<\/p>\n<h3>Especificaciones<\/h3>\n<ul>\n<li>El paquete viene con una aguja de 30G y una jeringa precargada.<\/li>\n<li>Tama\u00f1o de grano: 200 \u00b5m<\/li>\n<li>Concentraci\u00f3n de \u00e1cido hialur\u00f3nico - 24 mg \/ ml<\/li>\n<li>Duraci\u00f3n - 6 meses<\/li>\n<\/ul>","protected":false},"excerpt":{"rendered":"<p>Monalisa Soft Type es el relleno de labios de la l\u00ednea de rellenos Monalisa, pero tambi\u00e9n se puede utilizar para restaurar el volumen de la piel y ocultar las l\u00edneas finas. Un problema principal que se resuelve con este relleno de HA son las l\u00edneas glabelares y la eliminaci\u00f3n de patas de gallo. El relleno est\u00e1 hecho de \u00e1cido hialur\u00f3nico purificado con estructura reticulada, no fluir\u00e1 ni se desplazar\u00e1 una vez inyectado. Su gran viscoelasticidad asegura resultados de apariencia natural incluso en \u00e1reas con mayor nivel de contracci\u00f3n muscular y mucho movimiento de tejidos.<\/p>","protected":false},"featured_media":549,"template":"","meta":{"_acf_changed":false},"product_brand":[],"product_cat":[172,25,32],"product_tag":[144,125,111,126,112,128,151,117,146,137,119,148,116,127],"class_list":{"0":"post-591","1":"product","2":"type-product","3":"status-publish","4":"has-post-thumbnail","6":"product_cat-genoss","7":"product_cat-monalisa","8":"product_cat-soft","9":"product_tag-anti-wrinkle","10":"product_tag-crows-feet","11":"product_tag-face","12":"product_tag-fine-lines","13":"product_tag-forehead","14":"product_tag-forehead-wrinkles","15":"product_tag-hyaluronic-acid-ha-fillers","16":"product_tag-low-density","17":"product_tag-smoothing","18":"product_tag-south-korea","19":"product_tag-up-to-9-months","20":"product_tag-upper-dermis","21":"product_tag-with-lidocaine","22":"product_tag-wrinkles-around-the-eyes","24":"first","25":"outofstock","26":"taxable","27":"shipping-taxable","28":"purchasable","29":"product-type-simple"},"acf":[],"yoast_head":"<!-- This site is optimized with the Yoast SEO plugin v27.4 - https:\/\/yoast.com\/product\/yoast-seo-wordpress\/ -->\n<title>Buy Monalisa Soft Type (1x1ml) - Fillers from My Lip Filler<\/title>\n<meta name=\"description\" content=\"\u2765Buy Monalisa Soft Type (1x1ml) \u23e9 My Lip Filler online store \u27a6 Quality assurance, reviews, ingredients, best prices!\" \/>\n<meta name=\"robots\" content=\"index, follow, max-snippet:-1, max-image-preview:large, max-video-preview:-1\" \/>\n<link rel=\"canonical\" href=\"https:\/\/mylipfiller.com\/es\/monalisa-soft-type-1x1ml\/\" \/>\n<meta property=\"og:locale\" content=\"es_MX\" \/>\n<meta property=\"og:type\" content=\"article\" \/>\n<meta property=\"og:title\" content=\"Buy Monalisa Soft Type (1x1ml) - Fillers from My Lip Filler\" \/>\n<meta property=\"og:description\" content=\"\u2765Buy Monalisa Soft Type (1x1ml) \u23e9 My Lip Filler online store \u27a6 Quality assurance, reviews, ingredients, best prices!\" \/>\n<meta property=\"og:url\" content=\"https:\/\/mylipfiller.com\/es\/monalisa-soft-type-1x1ml\/\" \/>\n<meta property=\"og:site_name\" content=\"My Lip Filler\" \/>\n<meta property=\"article:modified_time\" content=\"2024-07-03T15:33:00+00:00\" \/>\n<meta property=\"og:image\" content=\"https:\/\/cdn.mylipfiller.com\/wp-content\/uploads\/2019\/03\/Monalisa-Soft-Type.jpg\" \/>\n\t<meta property=\"og:image:width\" content=\"600\" \/>\n\t<meta property=\"og:image:height\" content=\"600\" \/>\n\t<meta property=\"og:image:type\" content=\"image\/jpeg\" \/>\n<meta name=\"twitter:card\" content=\"summary_large_image\" \/>\n<meta name=\"twitter:label1\" content=\"Tiempo de lectura\" \/>\n\t<meta name=\"twitter:data1\" content=\"1 minuto\" \/>\n<script type=\"application\/ld+json\" class=\"yoast-schema-graph\">{\"@context\":\"https:\\\/\\\/schema.org\",\"@graph\":[{\"@type\":\"WebPage\",\"@id\":\"https:\\\/\\\/mylipfiller.com\\\/monalisa-soft-type-1x1ml\\\/\",\"url\":\"https:\\\/\\\/mylipfiller.com\\\/monalisa-soft-type-1x1ml\\\/\",\"name\":\"Buy Monalisa Soft Type (1x1ml) - Fillers from My Lip Filler\",\"isPartOf\":{\"@id\":\"https:\\\/\\\/mylipfiller.com\\\/#website\"},\"primaryImageOfPage\":{\"@id\":\"https:\\\/\\\/mylipfiller.com\\\/monalisa-soft-type-1x1ml\\\/#primaryimage\"},\"image\":{\"@id\":\"https:\\\/\\\/mylipfiller.com\\\/monalisa-soft-type-1x1ml\\\/#primaryimage\"},\"thumbnailUrl\":\"https:\\\/\\\/mylipfiller.com\\\/wp-content\\\/uploads\\\/2019\\\/03\\\/Monalisa-Soft-Type.jpg\",\"datePublished\":\"2019-03-05T14:27:31+00:00\",\"dateModified\":\"2024-07-03T15:33:00+00:00\",\"description\":\"\u2765Buy Monalisa Soft Type (1x1ml) \u23e9 My Lip Filler online store \u27a6 Quality assurance, reviews, ingredients, best prices!\",\"breadcrumb\":{\"@id\":\"https:\\\/\\\/mylipfiller.com\\\/monalisa-soft-type-1x1ml\\\/#breadcrumb\"},\"inLanguage\":\"es\",\"potentialAction\":[{\"@type\":\"ReadAction\",\"target\":[\"https:\\\/\\\/mylipfiller.com\\\/monalisa-soft-type-1x1ml\\\/\"]}]},{\"@type\":\"ImageObject\",\"inLanguage\":\"es\",\"@id\":\"https:\\\/\\\/mylipfiller.com\\\/monalisa-soft-type-1x1ml\\\/#primaryimage\",\"url\":\"https:\\\/\\\/mylipfiller.com\\\/wp-content\\\/uploads\\\/2019\\\/03\\\/Monalisa-Soft-Type.jpg\",\"contentUrl\":\"https:\\\/\\\/mylipfiller.com\\\/wp-content\\\/uploads\\\/2019\\\/03\\\/Monalisa-Soft-Type.jpg\",\"width\":600,\"height\":600,\"caption\":\"Monalisa Soft Type\"},{\"@type\":\"BreadcrumbList\",\"@id\":\"https:\\\/\\\/mylipfiller.com\\\/monalisa-soft-type-1x1ml\\\/#breadcrumb\",\"itemListElement\":[{\"@type\":\"ListItem\",\"position\":1,\"name\":\"Home\",\"item\":\"https:\\\/\\\/mylipfiller.com\\\/\"},{\"@type\":\"ListItem\",\"position\":2,\"name\":\"Shop\",\"item\":\"https:\\\/\\\/mylipfiller.com\\\/shop\\\/\"},{\"@type\":\"ListItem\",\"position\":3,\"name\":\"Monalisa Soft Type (1x1ml)\"}]},{\"@type\":\"WebSite\",\"@id\":\"https:\\\/\\\/mylipfiller.com\\\/#website\",\"url\":\"https:\\\/\\\/mylipfiller.com\\\/\",\"name\":\"My Lip Filler\",\"description\":\"Hyaluronic Acid Lip and Dermal Fillers\",\"publisher\":{\"@id\":\"https:\\\/\\\/mylipfiller.com\\\/#organization\"},\"potentialAction\":[{\"@type\":\"SearchAction\",\"target\":{\"@type\":\"EntryPoint\",\"urlTemplate\":\"https:\\\/\\\/mylipfiller.com\\\/?s={search_term_string}\"},\"query-input\":{\"@type\":\"PropertyValueSpecification\",\"valueRequired\":true,\"valueName\":\"search_term_string\"}}],\"inLanguage\":\"es\"},{\"@type\":\"Organization\",\"@id\":\"https:\\\/\\\/mylipfiller.com\\\/#organization\",\"name\":\"My Lip Filler\",\"url\":\"https:\\\/\\\/mylipfiller.com\\\/\",\"logo\":{\"@type\":\"ImageObject\",\"inLanguage\":\"es\",\"@id\":\"https:\\\/\\\/mylipfiller.com\\\/#\\\/schema\\\/logo\\\/image\\\/\",\"url\":\"https:\\\/\\\/mylipfiller.com\\\/wp-content\\\/uploads\\\/2019\\\/02\\\/cropped-My-Lip-Filler-Logo.png\",\"contentUrl\":\"https:\\\/\\\/mylipfiller.com\\\/wp-content\\\/uploads\\\/2019\\\/02\\\/cropped-My-Lip-Filler-Logo.png\",\"width\":240,\"height\":88,\"caption\":\"My Lip Filler\"},\"image\":{\"@id\":\"https:\\\/\\\/mylipfiller.com\\\/#\\\/schema\\\/logo\\\/image\\\/\"}}]}<\/script>\n<!-- \/ Yoast SEO plugin. -->","yoast_head_json":{"title":"Comprar Monalisa Soft Type (1x1ml) - Rellenos de My Lip Filler","description":"\u2765Compra Monalisa Soft Type (1x1ml) \u23e9 Tienda online My Lip Filler \u27a6 Garant\u00eda de calidad, rese\u00f1as, ingredientes, \u00a1los mejores precios!","robots":{"index":"index","follow":"follow","max-snippet":"max-snippet:-1","max-image-preview":"max-image-preview:large","max-video-preview":"max-video-preview:-1"},"canonical":"https:\/\/mylipfiller.com\/es\/monalisa-soft-type-1x1ml\/","og_locale":"es_MX","og_type":"article","og_title":"Buy Monalisa Soft Type (1x1ml) - Fillers from My Lip Filler","og_description":"\u2765Buy Monalisa Soft Type (1x1ml) \u23e9 My Lip Filler online store \u27a6 Quality assurance, reviews, ingredients, best prices!","og_url":"https:\/\/mylipfiller.com\/es\/monalisa-soft-type-1x1ml\/","og_site_name":"My Lip Filler","article_modified_time":"2024-07-03T15:33:00+00:00","og_image":[{"width":600,"height":600,"url":"https:\/\/cdn.mylipfiller.com\/wp-content\/uploads\/2019\/03\/Monalisa-Soft-Type.jpg","type":"image\/jpeg"}],"twitter_card":"summary_large_image","twitter_misc":{"Tiempo de lectura":"1 minuto"},"schema":{"@context":"https:\/\/schema.org","@graph":[{"@type":"WebPage","@id":"https:\/\/mylipfiller.com\/monalisa-soft-type-1x1ml\/","url":"https:\/\/mylipfiller.com\/monalisa-soft-type-1x1ml\/","name":"Comprar Monalisa Soft Type (1x1ml) - Rellenos de My Lip Filler","isPartOf":{"@id":"https:\/\/mylipfiller.com\/#website"},"primaryImageOfPage":{"@id":"https:\/\/mylipfiller.com\/monalisa-soft-type-1x1ml\/#primaryimage"},"image":{"@id":"https:\/\/mylipfiller.com\/monalisa-soft-type-1x1ml\/#primaryimage"},"thumbnailUrl":"https:\/\/cdn.mylipfiller.com\/wp-content\/uploads\/2019\/03\/Monalisa-Soft-Type.jpg","datePublished":"2019-03-05T14:27:31+00:00","dateModified":"2024-07-03T15:33:00+00:00","description":"\u2765Compra Monalisa Soft Type (1x1ml) \u23e9 Tienda online My Lip Filler \u27a6 Garant\u00eda de calidad, rese\u00f1as, ingredientes, \u00a1los mejores precios!","breadcrumb":{"@id":"https:\/\/mylipfiller.com\/monalisa-soft-type-1x1ml\/#breadcrumb"},"inLanguage":"es","potentialAction":[{"@type":"ReadAction","target":["https:\/\/mylipfiller.com\/monalisa-soft-type-1x1ml\/"]}]},{"@type":"ImageObject","inLanguage":"es","@id":"https:\/\/mylipfiller.com\/monalisa-soft-type-1x1ml\/#primaryimage","url":"https:\/\/cdn.mylipfiller.com\/wp-content\/uploads\/2019\/03\/Monalisa-Soft-Type.jpg","contentUrl":"https:\/\/cdn.mylipfiller.com\/wp-content\/uploads\/2019\/03\/Monalisa-Soft-Type.jpg","width":600,"height":600,"caption":"Monalisa Soft Type"},{"@type":"BreadcrumbList","@id":"https:\/\/mylipfiller.com\/monalisa-soft-type-1x1ml\/#breadcrumb","itemListElement":[{"@type":"ListItem","position":1,"name":"Home","item":"https:\/\/mylipfiller.com\/"},{"@type":"ListItem","position":2,"name":"Shop","item":"https:\/\/mylipfiller.com\/shop\/"},{"@type":"ListItem","position":3,"name":"Monalisa Soft Type (1x1ml)"}]},{"@type":"WebSite","@id":"https:\/\/mylipfiller.com\/#website","url":"https:\/\/mylipfiller.com\/","name":"Mi relleno de labios","description":"Rellenos d\u00e9rmicos y de labios con \u00e1cido hialur\u00f3nico","publisher":{"@id":"https:\/\/mylipfiller.com\/#organization"},"potentialAction":[{"@type":"SearchAction","target":{"@type":"EntryPoint","urlTemplate":"https:\/\/mylipfiller.com\/?s={search_term_string}"},"query-input":{"@type":"PropertyValueSpecification","valueRequired":true,"valueName":"search_term_string"}}],"inLanguage":"es"},{"@type":"Organization","@id":"https:\/\/mylipfiller.com\/#organization","name":"Mi relleno de labios","url":"https:\/\/mylipfiller.com\/","logo":{"@type":"ImageObject","inLanguage":"es","@id":"https:\/\/mylipfiller.com\/#\/schema\/logo\/image\/","url":"https:\/\/cdn.mylipfiller.com\/wp-content\/uploads\/2019\/02\/cropped-My-Lip-Filler-Logo.png","contentUrl":"https:\/\/cdn.mylipfiller.com\/wp-content\/uploads\/2019\/02\/cropped-My-Lip-Filler-Logo.png","width":240,"height":88,"caption":"My Lip Filler"},"image":{"@id":"https:\/\/mylipfiller.com\/#\/schema\/logo\/image\/"}}]}},"_links":{"self":[{"href":"https:\/\/mylipfiller.com\/es\/wp-json\/wp\/v2\/product\/591","targetHints":{"allow":["GET"]}}],"collection":[{"href":"https:\/\/mylipfiller.com\/es\/wp-json\/wp\/v2\/product"}],"about":[{"href":"https:\/\/mylipfiller.com\/es\/wp-json\/wp\/v2\/types\/product"}],"wp:featuredmedia":[{"embeddable":true,"href":"https:\/\/mylipfiller.com\/es\/wp-json\/wp\/v2\/media\/549"}],"wp:attachment":[{"href":"https:\/\/mylipfiller.com\/es\/wp-json\/wp\/v2\/media?parent=591"}],"wp:term":[{"taxonomy":"product_brand","embeddable":true,"href":"https:\/\/mylipfiller.com\/es\/wp-json\/wp\/v2\/product_brand?post=591"},{"taxonomy":"product_cat","embeddable":true,"href":"https:\/\/mylipfiller.com\/es\/wp-json\/wp\/v2\/product_cat?post=591"},{"taxonomy":"product_tag","embeddable":true,"href":"https:\/\/mylipfiller.com\/es\/wp-json\/wp\/v2\/product_tag?post=591"}],"curies":[{"name":"gracias","href":"https:\/\/api.w.org\/{rel}","templated":true}]}}