{"id":592,"date":"2019-03-05T16:28:41","date_gmt":"2019-03-05T14:28:41","guid":{"rendered":"https:\/\/mylipfiller.com\/?post_type=product&#038;p=592"},"modified":"2024-07-03T17:33:00","modified_gmt":"2024-07-03T15:33:00","slug":"monalisa-ultra-type-1x1ml","status":"publish","type":"product","link":"https:\/\/mylipfiller.com\/es\/monalisa-ultra-type-1x1ml\/","title":{"rendered":"Tipo Monalisa Ultra (1x1ml)"},"content":{"rendered":"<p>Ning\u00fan otro relleno d\u00e9rmico en este rango de precios puede ofrecer la calidad de Monalisa Ultra Type. En lo que respecta al aumento de las caracter\u00edsticas faciales, este gel HA es de una calidad impecable y proporciona resultados de aspecto natural y un efecto esculpido de hasta medio a\u00f1o.<\/p>\n<p>El gel inyectable se basa en \u00c1cido Hialur\u00f3nico. Esta sustancia se puede encontrar en un estado natural en el cuerpo humano y se usa ampliamente en la industria de la belleza debido a sus poderosas propiedades de mejoramiento y rejuvenecimiento de la piel. El relleno es biocompatible y naturalmente ser\u00e1 disuelto por las enzimas del cuerpo humano sin ning\u00fan efecto o residuo peligroso.<\/p>\n<p>Los rellenos d\u00e9rmicos de la marca Monalisa se fabrican mediante un proceso de fabricaci\u00f3n especial y patentado, que incluye la purificaci\u00f3n del \u00e1cido hialur\u00f3nico sint\u00e9tico que se utiliza. Adem\u00e1s, esto permite un inyectable de HA seguro, sin rastros de BDDE.<\/p>\n<h3>Uso de Monalisa Ultra Type<\/h3>\n<p>Esta masilla HA tiene mayor espesor, con un tama\u00f1o de grano de 900 \u00b5m, por lo que es mejor inyectarla en \u00e1reas como:<\/p>\n<ul>\n<li>Las l\u00edneas de la mand\u00edbula<\/li>\n<li>Los p\u00f3mulos<\/li>\n<li>La nariz<\/li>\n<li>La barbilla<\/li>\n<\/ul>\n<p>Adem\u00e1s, el relleno para la piel puede ser una soluci\u00f3n eficaz para el relleno de pliegues cut\u00e1neos profundos en el \u00e1rea nasolabial, ocultando l\u00edneas severas en la frente y \u00e1reas glabelares y para la eliminaci\u00f3n de arrugas y depresiones cut\u00e1neas profundas.<\/p>\n<p>La aplicaci\u00f3n se facilita por el hecho de que el gel de \u00e1cido hialur\u00f3nico est\u00e1 precargado en una jeringa, que tambi\u00e9n viene con una aguja, lo que hace que el producto est\u00e9 listo para la inyecci\u00f3n instant\u00e1nea. La jeringa tiene un mango ergon\u00f3mico, por lo que el m\u00e9dico puede esculpir f\u00e1cilmente los rasgos faciales del paciente.<\/p>","protected":false},"excerpt":{"rendered":"<p>Monalisa Ultra Type un relleno d\u00e9rmico especialmente propuesto para esculpir los rasgos faciales. Este es un relleno de HA grueso con un tama\u00f1o de grano de 900 \u00b5m, que tiene la &quot;dureza&quot; y estabilidad necesarias para aumentar \u00e1reas como el ment\u00f3n, los p\u00f3mulos y la l\u00ednea de la mand\u00edbula durante un per\u00edodo extenso de hasta seis meses. El producto se puede utilizar para rellenar con \u00e9xito los pliegues profundos de la piel y eliminar arrugas y l\u00edneas graves.<\/p>","protected":false},"featured_media":550,"template":"","meta":{"_acf_changed":false},"product_brand":[],"product_cat":[172,34,25],"product_tag":[123,131,115,114,111,118,151,141,142,135,137,110,122,124,116],"class_list":{"0":"post-592","1":"product","2":"type-product","3":"status-publish","4":"has-post-thumbnail","6":"product_cat-genoss","7":"product_cat-hard","8":"product_cat-monalisa","9":"product_tag-asymmetry","10":"product_tag-cheekbone-contour","11":"product_tag-cheekbones","12":"product_tag-chin","13":"product_tag-face","14":"product_tag-high-density","15":"product_tag-hyaluronic-acid-ha-fillers","16":"product_tag-lifting","17":"product_tag-modeling","18":"product_tag-small-chin","19":"product_tag-south-korea","20":"product_tag-temple","21":"product_tag-up-to-18-months","22":"product_tag-volume","23":"product_tag-with-lidocaine","25":"first","26":"outofstock","27":"taxable","28":"shipping-taxable","29":"purchasable","30":"product-type-simple"},"acf":[],"yoast_head":"<!-- This site is optimized with the Yoast SEO plugin v27.4 - https:\/\/yoast.com\/product\/yoast-seo-wordpress\/ -->\n<title>Buy Monalisa Ultra Type (1x1ml) - Fillers from My Lip Filler<\/title>\n<meta name=\"description\" content=\"\u2765Buy Monalisa Ultra Type (1x1ml) \u23e9 My Lip Filler online store \u27a6 Quality assurance, reviews, ingredients, best prices!\" \/>\n<meta name=\"robots\" content=\"index, follow, max-snippet:-1, max-image-preview:large, max-video-preview:-1\" \/>\n<link rel=\"canonical\" href=\"https:\/\/mylipfiller.com\/es\/monalisa-ultra-type-1x1ml\/\" \/>\n<meta property=\"og:locale\" content=\"es_MX\" \/>\n<meta property=\"og:type\" content=\"article\" \/>\n<meta property=\"og:title\" content=\"Buy Monalisa Ultra Type (1x1ml) - Fillers from My Lip Filler\" \/>\n<meta property=\"og:description\" content=\"\u2765Buy Monalisa Ultra Type (1x1ml) \u23e9 My Lip Filler online store \u27a6 Quality assurance, reviews, ingredients, best prices!\" \/>\n<meta property=\"og:url\" content=\"https:\/\/mylipfiller.com\/es\/monalisa-ultra-type-1x1ml\/\" \/>\n<meta property=\"og:site_name\" content=\"My Lip Filler\" \/>\n<meta property=\"article:modified_time\" content=\"2024-07-03T15:33:00+00:00\" \/>\n<meta property=\"og:image\" content=\"https:\/\/cdn.mylipfiller.com\/wp-content\/uploads\/2019\/03\/Monalisa-Ultra.jpg\" \/>\n\t<meta property=\"og:image:width\" content=\"450\" \/>\n\t<meta property=\"og:image:height\" content=\"450\" \/>\n\t<meta property=\"og:image:type\" content=\"image\/jpeg\" \/>\n<meta name=\"twitter:card\" content=\"summary_large_image\" \/>\n<meta name=\"twitter:label1\" content=\"Tiempo de lectura\" \/>\n\t<meta name=\"twitter:data1\" content=\"2 minutos\" \/>\n<script type=\"application\/ld+json\" class=\"yoast-schema-graph\">{\"@context\":\"https:\\\/\\\/schema.org\",\"@graph\":[{\"@type\":\"WebPage\",\"@id\":\"https:\\\/\\\/mylipfiller.com\\\/monalisa-ultra-type-1x1ml\\\/\",\"url\":\"https:\\\/\\\/mylipfiller.com\\\/monalisa-ultra-type-1x1ml\\\/\",\"name\":\"Buy Monalisa Ultra Type (1x1ml) - Fillers from My Lip Filler\",\"isPartOf\":{\"@id\":\"https:\\\/\\\/mylipfiller.com\\\/#website\"},\"primaryImageOfPage\":{\"@id\":\"https:\\\/\\\/mylipfiller.com\\\/monalisa-ultra-type-1x1ml\\\/#primaryimage\"},\"image\":{\"@id\":\"https:\\\/\\\/mylipfiller.com\\\/monalisa-ultra-type-1x1ml\\\/#primaryimage\"},\"thumbnailUrl\":\"https:\\\/\\\/mylipfiller.com\\\/wp-content\\\/uploads\\\/2019\\\/03\\\/Monalisa-Ultra.jpg\",\"datePublished\":\"2019-03-05T14:28:41+00:00\",\"dateModified\":\"2024-07-03T15:33:00+00:00\",\"description\":\"\u2765Buy Monalisa Ultra Type (1x1ml) \u23e9 My Lip Filler online store \u27a6 Quality assurance, reviews, ingredients, best prices!\",\"breadcrumb\":{\"@id\":\"https:\\\/\\\/mylipfiller.com\\\/monalisa-ultra-type-1x1ml\\\/#breadcrumb\"},\"inLanguage\":\"es\",\"potentialAction\":[{\"@type\":\"ReadAction\",\"target\":[\"https:\\\/\\\/mylipfiller.com\\\/monalisa-ultra-type-1x1ml\\\/\"]}]},{\"@type\":\"ImageObject\",\"inLanguage\":\"es\",\"@id\":\"https:\\\/\\\/mylipfiller.com\\\/monalisa-ultra-type-1x1ml\\\/#primaryimage\",\"url\":\"https:\\\/\\\/mylipfiller.com\\\/wp-content\\\/uploads\\\/2019\\\/03\\\/Monalisa-Ultra.jpg\",\"contentUrl\":\"https:\\\/\\\/mylipfiller.com\\\/wp-content\\\/uploads\\\/2019\\\/03\\\/Monalisa-Ultra.jpg\",\"width\":450,\"height\":450,\"caption\":\"Monalisa Ultra\"},{\"@type\":\"BreadcrumbList\",\"@id\":\"https:\\\/\\\/mylipfiller.com\\\/monalisa-ultra-type-1x1ml\\\/#breadcrumb\",\"itemListElement\":[{\"@type\":\"ListItem\",\"position\":1,\"name\":\"Home\",\"item\":\"https:\\\/\\\/mylipfiller.com\\\/\"},{\"@type\":\"ListItem\",\"position\":2,\"name\":\"Shop\",\"item\":\"https:\\\/\\\/mylipfiller.com\\\/shop\\\/\"},{\"@type\":\"ListItem\",\"position\":3,\"name\":\"Monalisa Ultra Type (1x1ml)\"}]},{\"@type\":\"WebSite\",\"@id\":\"https:\\\/\\\/mylipfiller.com\\\/#website\",\"url\":\"https:\\\/\\\/mylipfiller.com\\\/\",\"name\":\"My Lip Filler\",\"description\":\"Hyaluronic Acid Lip and Dermal Fillers\",\"publisher\":{\"@id\":\"https:\\\/\\\/mylipfiller.com\\\/#organization\"},\"potentialAction\":[{\"@type\":\"SearchAction\",\"target\":{\"@type\":\"EntryPoint\",\"urlTemplate\":\"https:\\\/\\\/mylipfiller.com\\\/?s={search_term_string}\"},\"query-input\":{\"@type\":\"PropertyValueSpecification\",\"valueRequired\":true,\"valueName\":\"search_term_string\"}}],\"inLanguage\":\"es\"},{\"@type\":\"Organization\",\"@id\":\"https:\\\/\\\/mylipfiller.com\\\/#organization\",\"name\":\"My Lip Filler\",\"url\":\"https:\\\/\\\/mylipfiller.com\\\/\",\"logo\":{\"@type\":\"ImageObject\",\"inLanguage\":\"es\",\"@id\":\"https:\\\/\\\/mylipfiller.com\\\/#\\\/schema\\\/logo\\\/image\\\/\",\"url\":\"https:\\\/\\\/mylipfiller.com\\\/wp-content\\\/uploads\\\/2019\\\/02\\\/cropped-My-Lip-Filler-Logo.png\",\"contentUrl\":\"https:\\\/\\\/mylipfiller.com\\\/wp-content\\\/uploads\\\/2019\\\/02\\\/cropped-My-Lip-Filler-Logo.png\",\"width\":240,\"height\":88,\"caption\":\"My Lip Filler\"},\"image\":{\"@id\":\"https:\\\/\\\/mylipfiller.com\\\/#\\\/schema\\\/logo\\\/image\\\/\"}}]}<\/script>\n<!-- \/ Yoast SEO plugin. -->","yoast_head_json":{"title":"Comprar Monalisa Ultra Type (1x1ml) - Rellenos de My Lip Filler","description":"\u2765Compra Monalisa Ultra Type (1x1ml) \u23e9 Tienda online My Lip Filler \u27a6 Garant\u00eda de calidad, rese\u00f1as, ingredientes, \u00a1los mejores precios!","robots":{"index":"index","follow":"follow","max-snippet":"max-snippet:-1","max-image-preview":"max-image-preview:large","max-video-preview":"max-video-preview:-1"},"canonical":"https:\/\/mylipfiller.com\/es\/monalisa-ultra-type-1x1ml\/","og_locale":"es_MX","og_type":"article","og_title":"Buy Monalisa Ultra Type (1x1ml) - Fillers from My Lip Filler","og_description":"\u2765Buy Monalisa Ultra Type (1x1ml) \u23e9 My Lip Filler online store \u27a6 Quality assurance, reviews, ingredients, best prices!","og_url":"https:\/\/mylipfiller.com\/es\/monalisa-ultra-type-1x1ml\/","og_site_name":"My Lip Filler","article_modified_time":"2024-07-03T15:33:00+00:00","og_image":[{"width":450,"height":450,"url":"https:\/\/cdn.mylipfiller.com\/wp-content\/uploads\/2019\/03\/Monalisa-Ultra.jpg","type":"image\/jpeg"}],"twitter_card":"summary_large_image","twitter_misc":{"Tiempo de lectura":"2 minutos"},"schema":{"@context":"https:\/\/schema.org","@graph":[{"@type":"WebPage","@id":"https:\/\/mylipfiller.com\/monalisa-ultra-type-1x1ml\/","url":"https:\/\/mylipfiller.com\/monalisa-ultra-type-1x1ml\/","name":"Comprar Monalisa Ultra Type (1x1ml) - Rellenos de My Lip Filler","isPartOf":{"@id":"https:\/\/mylipfiller.com\/#website"},"primaryImageOfPage":{"@id":"https:\/\/mylipfiller.com\/monalisa-ultra-type-1x1ml\/#primaryimage"},"image":{"@id":"https:\/\/mylipfiller.com\/monalisa-ultra-type-1x1ml\/#primaryimage"},"thumbnailUrl":"https:\/\/cdn.mylipfiller.com\/wp-content\/uploads\/2019\/03\/Monalisa-Ultra.jpg","datePublished":"2019-03-05T14:28:41+00:00","dateModified":"2024-07-03T15:33:00+00:00","description":"\u2765Compra Monalisa Ultra Type (1x1ml) \u23e9 Tienda online My Lip Filler \u27a6 Garant\u00eda de calidad, rese\u00f1as, ingredientes, \u00a1los mejores precios!","breadcrumb":{"@id":"https:\/\/mylipfiller.com\/monalisa-ultra-type-1x1ml\/#breadcrumb"},"inLanguage":"es","potentialAction":[{"@type":"ReadAction","target":["https:\/\/mylipfiller.com\/monalisa-ultra-type-1x1ml\/"]}]},{"@type":"ImageObject","inLanguage":"es","@id":"https:\/\/mylipfiller.com\/monalisa-ultra-type-1x1ml\/#primaryimage","url":"https:\/\/cdn.mylipfiller.com\/wp-content\/uploads\/2019\/03\/Monalisa-Ultra.jpg","contentUrl":"https:\/\/cdn.mylipfiller.com\/wp-content\/uploads\/2019\/03\/Monalisa-Ultra.jpg","width":450,"height":450,"caption":"Monalisa Ultra"},{"@type":"BreadcrumbList","@id":"https:\/\/mylipfiller.com\/monalisa-ultra-type-1x1ml\/#breadcrumb","itemListElement":[{"@type":"ListItem","position":1,"name":"Home","item":"https:\/\/mylipfiller.com\/"},{"@type":"ListItem","position":2,"name":"Shop","item":"https:\/\/mylipfiller.com\/shop\/"},{"@type":"ListItem","position":3,"name":"Monalisa Ultra Type (1x1ml)"}]},{"@type":"WebSite","@id":"https:\/\/mylipfiller.com\/#website","url":"https:\/\/mylipfiller.com\/","name":"Mi relleno de labios","description":"Rellenos d\u00e9rmicos y de labios con \u00e1cido hialur\u00f3nico","publisher":{"@id":"https:\/\/mylipfiller.com\/#organization"},"potentialAction":[{"@type":"SearchAction","target":{"@type":"EntryPoint","urlTemplate":"https:\/\/mylipfiller.com\/?s={search_term_string}"},"query-input":{"@type":"PropertyValueSpecification","valueRequired":true,"valueName":"search_term_string"}}],"inLanguage":"es"},{"@type":"Organization","@id":"https:\/\/mylipfiller.com\/#organization","name":"Mi relleno de labios","url":"https:\/\/mylipfiller.com\/","logo":{"@type":"ImageObject","inLanguage":"es","@id":"https:\/\/mylipfiller.com\/#\/schema\/logo\/image\/","url":"https:\/\/cdn.mylipfiller.com\/wp-content\/uploads\/2019\/02\/cropped-My-Lip-Filler-Logo.png","contentUrl":"https:\/\/cdn.mylipfiller.com\/wp-content\/uploads\/2019\/02\/cropped-My-Lip-Filler-Logo.png","width":240,"height":88,"caption":"My Lip Filler"},"image":{"@id":"https:\/\/mylipfiller.com\/#\/schema\/logo\/image\/"}}]}},"_links":{"self":[{"href":"https:\/\/mylipfiller.com\/es\/wp-json\/wp\/v2\/product\/592","targetHints":{"allow":["GET"]}}],"collection":[{"href":"https:\/\/mylipfiller.com\/es\/wp-json\/wp\/v2\/product"}],"about":[{"href":"https:\/\/mylipfiller.com\/es\/wp-json\/wp\/v2\/types\/product"}],"wp:featuredmedia":[{"embeddable":true,"href":"https:\/\/mylipfiller.com\/es\/wp-json\/wp\/v2\/media\/550"}],"wp:attachment":[{"href":"https:\/\/mylipfiller.com\/es\/wp-json\/wp\/v2\/media?parent=592"}],"wp:term":[{"taxonomy":"product_brand","embeddable":true,"href":"https:\/\/mylipfiller.com\/es\/wp-json\/wp\/v2\/product_brand?post=592"},{"taxonomy":"product_cat","embeddable":true,"href":"https:\/\/mylipfiller.com\/es\/wp-json\/wp\/v2\/product_cat?post=592"},{"taxonomy":"product_tag","embeddable":true,"href":"https:\/\/mylipfiller.com\/es\/wp-json\/wp\/v2\/product_tag?post=592"}],"curies":[{"name":"gracias","href":"https:\/\/api.w.org\/{rel}","templated":true}]}}