{"id":593,"date":"2019-03-05T16:30:24","date_gmt":"2019-03-05T14:30:24","guid":{"rendered":"https:\/\/mylipfiller.com\/?post_type=product&#038;p=593"},"modified":"2024-07-03T17:32:59","modified_gmt":"2024-07-03T15:32:59","slug":"plasma-fresh-prp-kit","status":"publish","type":"product","link":"https:\/\/mylipfiller.com\/es\/plasma-fresh-prp-kit\/","title":{"rendered":"Kit de PRP Plasma Fresh"},"content":{"rendered":"<p>A diferencia de la mayor\u00eda de los kits, Plasma Fresh es una soluci\u00f3n de principio a fin que permite a los m\u00e9dicos realizar el procedimiento de tratamiento con PRP sin herramientas adicionales. El kit PRP est\u00e1 certificado como dispositivo m\u00e9dico de Clase II. Viene con una aguja 23G afilada como una navaja para la extracci\u00f3n del plasma y para su posterior reinyecci\u00f3n.<\/p>\n<p>La mayor\u00eda de los kits de PRP no incluyen todas las herramientas necesarias para realizar la terapia con plasma rico en plaquetas o tienen problemas con la pureza del plasma separado. Plasma Fresh separa el l\u00edquido usando gel tixotr\u00f3pico, que es muy eficaz en la tarea, dejando plasma rico en plaquetas altamente concentrado. El citrato de sodio act\u00faa como anticoagulante, evitando que la sangre se coagule.<\/p>\n<p>Una vez que se extrae el plasma, el tubo puede ser incluso con una centr\u00edfuga de laboratorio est\u00e1ndar para acelerar y ayudar al proceso de separaci\u00f3n. Est\u00e1 hecho de vidrio m\u00e9dico de alta calidad, por lo que es muy duradero y est\u00e1 hecho especialmente para adaptarse a centr\u00edfugas de tama\u00f1o est\u00e1ndar.<\/p>\n<h3>\u00bfC\u00f3mo ayuda el tratamiento con PRP al paciente?<\/h3>\n<p>Tanto en t\u00e9rminos m\u00e9dicos como cosm\u00e9ticos, la terapia PRP es un gran salto. D\u00e9cadas de investigaci\u00f3n han demostrado que el plasma rico en plaquetas tiene vastas propiedades curativas. Como procedimiento m\u00e9dico, la inyecci\u00f3n de PRP es una forma natural y segura de tratar r\u00e1pidamente los s\u00edntomas de inflamaci\u00f3n o dolor cr\u00f3nico en el \u00e1rea inyectada.<\/p>\n<p>La aplicaci\u00f3n cosm\u00e9tica de los kits de PRP es igualmente flexible. El plasma rico en plaquetas potenciar\u00e1 las propiedades rejuvenecedoras y autocurativas de la piel. Puede actuar como una terapia anti-edad muy potente que mejora la hidrataci\u00f3n de la piel, elimina las l\u00edneas de expresi\u00f3n y devuelve la suavidad y elasticidad. Otro efecto beneficioso comprobado de la terapia RPP es la reversi\u00f3n de los procesos de ca\u00edda del cabello.<\/p>","protected":false},"excerpt":{"rendered":"<p>Plasma Fresh es la nueva marca l\u00edder de kits de PRP para la extracci\u00f3n, purificaci\u00f3n y posterior reinyecci\u00f3n segura de plasma rico en plaquetas, un procedimiento conocido como terapia PRP. El kit permite a los m\u00e9dicos extraer plasma de la sangre de los pacientes y luego inyectarlo en un \u00e1rea espec\u00edfica con una alta concentraci\u00f3n de plaquetas. Esto permite el tratamiento de una multitud de afecciones, que incluyen inflamaci\u00f3n, dolor cr\u00f3nico, ca\u00edda del cabello, diversos problemas de la piel, adem\u00e1s de tener un efecto anti-edad.<\/p>","protected":false},"featured_media":8113,"template":"","meta":{"_acf_changed":false},"product_brand":[],"product_cat":[26,37],"product_tag":[111],"class_list":{"0":"post-593","1":"product","2":"type-product","3":"status-publish","4":"has-post-thumbnail","6":"product_cat-plasma-fresh","7":"product_cat-prp","8":"product_tag-face","10":"first","11":"outofstock","12":"taxable","13":"shipping-taxable","14":"purchasable","15":"product-type-simple"},"acf":[],"yoast_head":"<!-- This site is optimized with the Yoast SEO plugin v27.3 - https:\/\/yoast.com\/product\/yoast-seo-wordpress\/ -->\n<title>Buy Plasma Fresh PRP Kit - Fillers from My Lip Filler<\/title>\n<meta name=\"description\" content=\"\u2765Buy Plasma Fresh PRP Kit \u23e9 My Lip Filler online store \u27a6 Quality assurance, reviews, ingredients, best prices!\" \/>\n<meta name=\"robots\" content=\"index, follow, max-snippet:-1, max-image-preview:large, max-video-preview:-1\" \/>\n<link rel=\"canonical\" href=\"https:\/\/mylipfiller.com\/es\/plasma-fresh-prp-kit\/\" \/>\n<meta property=\"og:locale\" content=\"es_MX\" \/>\n<meta property=\"og:type\" content=\"article\" \/>\n<meta property=\"og:title\" content=\"Buy Plasma Fresh PRP Kit - Fillers from My Lip Filler\" \/>\n<meta property=\"og:description\" content=\"\u2765Buy Plasma Fresh PRP Kit \u23e9 My Lip Filler online store \u27a6 Quality assurance, reviews, ingredients, best prices!\" \/>\n<meta property=\"og:url\" content=\"https:\/\/mylipfiller.com\/es\/plasma-fresh-prp-kit\/\" \/>\n<meta property=\"og:site_name\" content=\"My Lip Filler\" \/>\n<meta property=\"article:modified_time\" content=\"2024-07-03T15:32:59+00:00\" \/>\n<meta property=\"og:image\" content=\"https:\/\/cdn.mylipfiller.com\/wp-content\/uploads\/2019\/03\/Plasma-Fresh.jpg\" \/>\n\t<meta property=\"og:image:width\" content=\"600\" \/>\n\t<meta property=\"og:image:height\" content=\"600\" \/>\n\t<meta property=\"og:image:type\" content=\"image\/jpeg\" \/>\n<meta name=\"twitter:card\" content=\"summary_large_image\" \/>\n<meta name=\"twitter:label1\" content=\"Tiempo de lectura\" \/>\n\t<meta name=\"twitter:data1\" content=\"2 minutos\" \/>\n<script type=\"application\/ld+json\" class=\"yoast-schema-graph\">{\"@context\":\"https:\\\/\\\/schema.org\",\"@graph\":[{\"@type\":\"WebPage\",\"@id\":\"https:\\\/\\\/mylipfiller.com\\\/plasma-fresh-prp-kit\\\/\",\"url\":\"https:\\\/\\\/mylipfiller.com\\\/plasma-fresh-prp-kit\\\/\",\"name\":\"Buy Plasma Fresh PRP Kit - Fillers from My Lip Filler\",\"isPartOf\":{\"@id\":\"https:\\\/\\\/mylipfiller.com\\\/#website\"},\"primaryImageOfPage\":{\"@id\":\"https:\\\/\\\/mylipfiller.com\\\/plasma-fresh-prp-kit\\\/#primaryimage\"},\"image\":{\"@id\":\"https:\\\/\\\/mylipfiller.com\\\/plasma-fresh-prp-kit\\\/#primaryimage\"},\"thumbnailUrl\":\"https:\\\/\\\/mylipfiller.com\\\/wp-content\\\/uploads\\\/2019\\\/03\\\/Plasma-Fresh.jpg\",\"datePublished\":\"2019-03-05T14:30:24+00:00\",\"dateModified\":\"2024-07-03T15:32:59+00:00\",\"description\":\"\u2765Buy Plasma Fresh PRP Kit \u23e9 My Lip Filler online store \u27a6 Quality assurance, reviews, ingredients, best prices!\",\"breadcrumb\":{\"@id\":\"https:\\\/\\\/mylipfiller.com\\\/plasma-fresh-prp-kit\\\/#breadcrumb\"},\"inLanguage\":\"es\",\"potentialAction\":[{\"@type\":\"ReadAction\",\"target\":[\"https:\\\/\\\/mylipfiller.com\\\/plasma-fresh-prp-kit\\\/\"]}]},{\"@type\":\"ImageObject\",\"inLanguage\":\"es\",\"@id\":\"https:\\\/\\\/mylipfiller.com\\\/plasma-fresh-prp-kit\\\/#primaryimage\",\"url\":\"https:\\\/\\\/mylipfiller.com\\\/wp-content\\\/uploads\\\/2019\\\/03\\\/Plasma-Fresh.jpg\",\"contentUrl\":\"https:\\\/\\\/mylipfiller.com\\\/wp-content\\\/uploads\\\/2019\\\/03\\\/Plasma-Fresh.jpg\",\"width\":600,\"height\":600,\"caption\":\"Plasma Fresh\"},{\"@type\":\"BreadcrumbList\",\"@id\":\"https:\\\/\\\/mylipfiller.com\\\/plasma-fresh-prp-kit\\\/#breadcrumb\",\"itemListElement\":[{\"@type\":\"ListItem\",\"position\":1,\"name\":\"Home\",\"item\":\"https:\\\/\\\/mylipfiller.com\\\/\"},{\"@type\":\"ListItem\",\"position\":2,\"name\":\"Shop\",\"item\":\"https:\\\/\\\/mylipfiller.com\\\/shop\\\/\"},{\"@type\":\"ListItem\",\"position\":3,\"name\":\"Plasma Fresh PRP Kit\"}]},{\"@type\":\"WebSite\",\"@id\":\"https:\\\/\\\/mylipfiller.com\\\/#website\",\"url\":\"https:\\\/\\\/mylipfiller.com\\\/\",\"name\":\"My Lip Filler\",\"description\":\"Hyaluronic Acid Lip and Dermal Fillers\",\"publisher\":{\"@id\":\"https:\\\/\\\/mylipfiller.com\\\/#organization\"},\"potentialAction\":[{\"@type\":\"SearchAction\",\"target\":{\"@type\":\"EntryPoint\",\"urlTemplate\":\"https:\\\/\\\/mylipfiller.com\\\/?s={search_term_string}\"},\"query-input\":{\"@type\":\"PropertyValueSpecification\",\"valueRequired\":true,\"valueName\":\"search_term_string\"}}],\"inLanguage\":\"es\"},{\"@type\":\"Organization\",\"@id\":\"https:\\\/\\\/mylipfiller.com\\\/#organization\",\"name\":\"My Lip Filler\",\"url\":\"https:\\\/\\\/mylipfiller.com\\\/\",\"logo\":{\"@type\":\"ImageObject\",\"inLanguage\":\"es\",\"@id\":\"https:\\\/\\\/mylipfiller.com\\\/#\\\/schema\\\/logo\\\/image\\\/\",\"url\":\"https:\\\/\\\/mylipfiller.com\\\/wp-content\\\/uploads\\\/2019\\\/02\\\/cropped-My-Lip-Filler-Logo.png\",\"contentUrl\":\"https:\\\/\\\/mylipfiller.com\\\/wp-content\\\/uploads\\\/2019\\\/02\\\/cropped-My-Lip-Filler-Logo.png\",\"width\":240,\"height\":88,\"caption\":\"My Lip Filler\"},\"image\":{\"@id\":\"https:\\\/\\\/mylipfiller.com\\\/#\\\/schema\\\/logo\\\/image\\\/\"}}]}<\/script>\n<!-- \/ Yoast SEO plugin. -->","yoast_head_json":{"title":"Comprar Kit Plasma Fresh PRP - Rellenos de My Lip Filler","description":"\u2765Compra Kit Plasma Fresh PRP \u23e9 Tienda online My Lip Filler \u27a6 Garant\u00eda de calidad, rese\u00f1as, ingredientes, \u00a1los mejores precios!","robots":{"index":"index","follow":"follow","max-snippet":"max-snippet:-1","max-image-preview":"max-image-preview:large","max-video-preview":"max-video-preview:-1"},"canonical":"https:\/\/mylipfiller.com\/es\/plasma-fresh-prp-kit\/","og_locale":"es_MX","og_type":"article","og_title":"Buy Plasma Fresh PRP Kit - Fillers from My Lip Filler","og_description":"\u2765Buy Plasma Fresh PRP Kit \u23e9 My Lip Filler online store \u27a6 Quality assurance, reviews, ingredients, best prices!","og_url":"https:\/\/mylipfiller.com\/es\/plasma-fresh-prp-kit\/","og_site_name":"My Lip Filler","article_modified_time":"2024-07-03T15:32:59+00:00","og_image":[{"width":600,"height":600,"url":"https:\/\/cdn.mylipfiller.com\/wp-content\/uploads\/2019\/03\/Plasma-Fresh.jpg","type":"image\/jpeg"}],"twitter_card":"summary_large_image","twitter_misc":{"Tiempo de lectura":"2 minutos"},"schema":{"@context":"https:\/\/schema.org","@graph":[{"@type":"WebPage","@id":"https:\/\/mylipfiller.com\/plasma-fresh-prp-kit\/","url":"https:\/\/mylipfiller.com\/plasma-fresh-prp-kit\/","name":"Comprar Kit Plasma Fresh PRP - Rellenos de My Lip Filler","isPartOf":{"@id":"https:\/\/mylipfiller.com\/#website"},"primaryImageOfPage":{"@id":"https:\/\/mylipfiller.com\/plasma-fresh-prp-kit\/#primaryimage"},"image":{"@id":"https:\/\/mylipfiller.com\/plasma-fresh-prp-kit\/#primaryimage"},"thumbnailUrl":"https:\/\/cdn.mylipfiller.com\/wp-content\/uploads\/2019\/03\/Plasma-Fresh.jpg","datePublished":"2019-03-05T14:30:24+00:00","dateModified":"2024-07-03T15:32:59+00:00","description":"\u2765Compra Kit Plasma Fresh PRP \u23e9 Tienda online My Lip Filler \u27a6 Garant\u00eda de calidad, rese\u00f1as, ingredientes, \u00a1los mejores precios!","breadcrumb":{"@id":"https:\/\/mylipfiller.com\/plasma-fresh-prp-kit\/#breadcrumb"},"inLanguage":"es","potentialAction":[{"@type":"ReadAction","target":["https:\/\/mylipfiller.com\/plasma-fresh-prp-kit\/"]}]},{"@type":"ImageObject","inLanguage":"es","@id":"https:\/\/mylipfiller.com\/plasma-fresh-prp-kit\/#primaryimage","url":"https:\/\/cdn.mylipfiller.com\/wp-content\/uploads\/2019\/03\/Plasma-Fresh.jpg","contentUrl":"https:\/\/cdn.mylipfiller.com\/wp-content\/uploads\/2019\/03\/Plasma-Fresh.jpg","width":600,"height":600,"caption":"Plasma Fresh"},{"@type":"BreadcrumbList","@id":"https:\/\/mylipfiller.com\/plasma-fresh-prp-kit\/#breadcrumb","itemListElement":[{"@type":"ListItem","position":1,"name":"Home","item":"https:\/\/mylipfiller.com\/"},{"@type":"ListItem","position":2,"name":"Shop","item":"https:\/\/mylipfiller.com\/shop\/"},{"@type":"ListItem","position":3,"name":"Plasma Fresh PRP Kit"}]},{"@type":"WebSite","@id":"https:\/\/mylipfiller.com\/#website","url":"https:\/\/mylipfiller.com\/","name":"Mi relleno de labios","description":"Rellenos d\u00e9rmicos y de labios con \u00e1cido hialur\u00f3nico","publisher":{"@id":"https:\/\/mylipfiller.com\/#organization"},"potentialAction":[{"@type":"SearchAction","target":{"@type":"EntryPoint","urlTemplate":"https:\/\/mylipfiller.com\/?s={search_term_string}"},"query-input":{"@type":"PropertyValueSpecification","valueRequired":true,"valueName":"search_term_string"}}],"inLanguage":"es"},{"@type":"Organization","@id":"https:\/\/mylipfiller.com\/#organization","name":"Mi relleno de labios","url":"https:\/\/mylipfiller.com\/","logo":{"@type":"ImageObject","inLanguage":"es","@id":"https:\/\/mylipfiller.com\/#\/schema\/logo\/image\/","url":"https:\/\/cdn.mylipfiller.com\/wp-content\/uploads\/2019\/02\/cropped-My-Lip-Filler-Logo.png","contentUrl":"https:\/\/cdn.mylipfiller.com\/wp-content\/uploads\/2019\/02\/cropped-My-Lip-Filler-Logo.png","width":240,"height":88,"caption":"My Lip Filler"},"image":{"@id":"https:\/\/mylipfiller.com\/#\/schema\/logo\/image\/"}}]}},"_links":{"self":[{"href":"https:\/\/mylipfiller.com\/es\/wp-json\/wp\/v2\/product\/593","targetHints":{"allow":["GET"]}}],"collection":[{"href":"https:\/\/mylipfiller.com\/es\/wp-json\/wp\/v2\/product"}],"about":[{"href":"https:\/\/mylipfiller.com\/es\/wp-json\/wp\/v2\/types\/product"}],"wp:featuredmedia":[{"embeddable":true,"href":"https:\/\/mylipfiller.com\/es\/wp-json\/wp\/v2\/media\/8113"}],"wp:attachment":[{"href":"https:\/\/mylipfiller.com\/es\/wp-json\/wp\/v2\/media?parent=593"}],"wp:term":[{"taxonomy":"product_brand","embeddable":true,"href":"https:\/\/mylipfiller.com\/es\/wp-json\/wp\/v2\/product_brand?post=593"},{"taxonomy":"product_cat","embeddable":true,"href":"https:\/\/mylipfiller.com\/es\/wp-json\/wp\/v2\/product_cat?post=593"},{"taxonomy":"product_tag","embeddable":true,"href":"https:\/\/mylipfiller.com\/es\/wp-json\/wp\/v2\/product_tag?post=593"}],"curies":[{"name":"gracias","href":"https:\/\/api.w.org\/{rel}","templated":true}]}}