{"id":594,"date":"2019-03-05T16:33:01","date_gmt":"2019-03-05T14:33:01","guid":{"rendered":"https:\/\/mylipfiller.com\/?post_type=product&#038;p=594"},"modified":"2025-05-13T09:50:31","modified_gmt":"2025-05-13T07:50:31","slug":"princess-volume-1-x-1ml","status":"publish","type":"product","link":"https:\/\/mylipfiller.com\/es\/princess-volume-1-x-1ml\/","title":{"rendered":"Volumen de princesa (1 x 1 ml)"},"content":{"rendered":"<p>Lo que distingue a Princess Volume es la alta calidad del producto, independientemente del precio algo &quot;econ\u00f3mico&quot; que tiene la calidad superior. La concentraci\u00f3n de \u00e1cido hialur\u00f3nico del relleno es de 23 mg por ml, que se encuentra en el extremo superior. Una vez que el relleno se inyecta en la piel (en las capas m\u00e1s profundas de la dermis), permanecer\u00e1 asentado durante los pr\u00f3ximos seis a nueve meses. Los resultados obtenidos se ver\u00e1n naturales. Este es un m\u00e9todo de aumento cosm\u00e9tico temporal por el que se recomienda que se realicen peri\u00f3dicamente procedimientos de inyecci\u00f3n adicionales para mantener y mejorar los resultados, ya que las enzimas corporales del paciente disolver\u00e1n naturalmente el relleno d\u00e9rmico con el tiempo.<\/p>\n<h3>Procedimiento de inyecci\u00f3n del Princess Volume<\/h3>\n<p>Es primordial que un m\u00e9dico calificado inyecte el relleno cut\u00e1neo. Adem\u00e1s de las preocupaciones de salud y seguridad, solo un especialista m\u00e9dico capacitado y debidamente capacitado puede usar rellenos gruesos como Princess Volume para aumentar adecuadamente los rasgos faciales de un paciente.<\/p>\n<p>Una sola sesi\u00f3n de inyecci\u00f3n durar\u00e1 de 20 a 30 minutos, despu\u00e9s de lo cual el paciente puede continuar inmediatamente con su horario normal. El efecto de la colocaci\u00f3n del relleno se ver\u00e1 en el acto. La durabilidad tambi\u00e9n depende de su estilo de vida, salud y metabolismo. Es recomendable consultar con su m\u00e9dico a la hora de realizar la posterior inyecci\u00f3n de relleno d\u00e9rmico para retener el resultado. Normalmente, una inyecci\u00f3n de Princess Volume dura de medio a\u00f1o a 9 meses.<\/p>\n<h3>\u00c1reas de aumento<\/h3>\n<p>Este es uno de los productos HA m\u00e1s vers\u00e1tiles del mercado y es adecuado para mejorar las l\u00edneas de todas las \u00e1reas siguientes:<\/p>\n<ul>\n<li>La barbilla<\/li>\n<li>Mejillas y p\u00f3mulos<\/li>\n<li>Mand\u00edbula<\/li>\n<li>Depresiones profundas de la piel.<\/li>\n<li>Pliegues nasolabiales severos y l\u00edneas de marioneta<\/li>\n<li>Rinoplastia<\/li>\n<li>Arrugas profundas<\/li>\n<\/ul>","protected":false},"excerpt":{"rendered":"<p>Princess Volume es el relleno de HA m\u00e1s espeso de la l\u00ednea de inyectables Princess. El producto es una soluci\u00f3n muy confiable para esculpir y aumentar los rasgos faciales. Un m\u00e9dico experto puede aumentar f\u00e1cilmente las l\u00edneas de la cara y dar forma a la l\u00ednea de la mand\u00edbula o el ment\u00f3n seg\u00fan los requisitos de su paciente. El relleno tambi\u00e9n se puede utilizar para mejorar el volumen de las mejillas, especialmente en la zona de los p\u00f3mulos o incluso como m\u00e9todo alternativo de rinoplastia.<\/p>","protected":false},"featured_media":553,"template":"","meta":{"_acf_changed":false},"product_brand":[],"product_cat":[89,171,34,27],"product_tag":[123,130,131,115,114,111,118,151,141,142,135,110,122,124],"class_list":{"0":"post-594","1":"product","2":"type-product","3":"status-publish","4":"has-post-thumbnail","6":"product_cat-big-holiday-sale","7":"product_cat-croma-pharma","8":"product_cat-hard","9":"product_cat-princess","10":"product_tag-asymmetry","11":"product_tag-cheek-volume","12":"product_tag-cheekbone-contour","13":"product_tag-cheekbones","14":"product_tag-chin","15":"product_tag-face","16":"product_tag-high-density","17":"product_tag-hyaluronic-acid-ha-fillers","18":"product_tag-lifting","19":"product_tag-modeling","20":"product_tag-small-chin","21":"product_tag-temple","22":"product_tag-up-to-18-months","23":"product_tag-volume","25":"first","26":"outofstock","27":"taxable","28":"shipping-taxable","29":"purchasable","30":"product-type-simple"},"acf":[],"yoast_head":"<!-- This site is optimized with the Yoast SEO plugin v27.4 - https:\/\/yoast.com\/product\/yoast-seo-wordpress\/ -->\n<title>Buy Princess Volume (1 x 1ml) - Fillers from My Lip Filler<\/title>\n<meta name=\"description\" content=\"\u2765Buy Princess Volume (1 x 1ml) \u23e9 My Lip Filler online store \u27a6 Quality assurance, reviews, ingredients, best prices!\" \/>\n<meta name=\"robots\" content=\"index, follow, max-snippet:-1, max-image-preview:large, max-video-preview:-1\" \/>\n<link rel=\"canonical\" href=\"https:\/\/mylipfiller.com\/es\/princess-volume-1-x-1ml\/\" \/>\n<meta property=\"og:locale\" content=\"es_MX\" \/>\n<meta property=\"og:type\" content=\"article\" \/>\n<meta property=\"og:title\" content=\"Buy Princess Volume (1 x 1ml) - Fillers from My Lip Filler\" \/>\n<meta property=\"og:description\" content=\"\u2765Buy Princess Volume (1 x 1ml) \u23e9 My Lip Filler online store \u27a6 Quality assurance, reviews, ingredients, best prices!\" \/>\n<meta property=\"og:url\" content=\"https:\/\/mylipfiller.com\/es\/princess-volume-1-x-1ml\/\" \/>\n<meta property=\"og:site_name\" content=\"My Lip Filler\" \/>\n<meta property=\"article:modified_time\" content=\"2025-05-13T07:50:31+00:00\" \/>\n<meta property=\"og:image\" content=\"https:\/\/cdn.mylipfiller.com\/wp-content\/uploads\/2019\/03\/Princess-Volume.jpg\" \/>\n\t<meta property=\"og:image:width\" content=\"600\" \/>\n\t<meta property=\"og:image:height\" content=\"600\" \/>\n\t<meta property=\"og:image:type\" content=\"image\/jpeg\" \/>\n<meta name=\"twitter:card\" content=\"summary_large_image\" \/>\n<meta name=\"twitter:label1\" content=\"Tiempo de lectura\" \/>\n\t<meta name=\"twitter:data1\" content=\"2 minutos\" \/>\n<script type=\"application\/ld+json\" class=\"yoast-schema-graph\">{\"@context\":\"https:\\\/\\\/schema.org\",\"@graph\":[{\"@type\":\"WebPage\",\"@id\":\"https:\\\/\\\/mylipfiller.com\\\/princess-volume-1-x-1ml\\\/\",\"url\":\"https:\\\/\\\/mylipfiller.com\\\/princess-volume-1-x-1ml\\\/\",\"name\":\"Buy Princess Volume (1 x 1ml) - Fillers from My Lip Filler\",\"isPartOf\":{\"@id\":\"https:\\\/\\\/mylipfiller.com\\\/#website\"},\"primaryImageOfPage\":{\"@id\":\"https:\\\/\\\/mylipfiller.com\\\/princess-volume-1-x-1ml\\\/#primaryimage\"},\"image\":{\"@id\":\"https:\\\/\\\/mylipfiller.com\\\/princess-volume-1-x-1ml\\\/#primaryimage\"},\"thumbnailUrl\":\"https:\\\/\\\/mylipfiller.com\\\/wp-content\\\/uploads\\\/2019\\\/03\\\/Princess-Volume.jpg\",\"datePublished\":\"2019-03-05T14:33:01+00:00\",\"dateModified\":\"2025-05-13T07:50:31+00:00\",\"description\":\"\u2765Buy Princess Volume (1 x 1ml) \u23e9 My Lip Filler online store \u27a6 Quality assurance, reviews, ingredients, best prices!\",\"breadcrumb\":{\"@id\":\"https:\\\/\\\/mylipfiller.com\\\/princess-volume-1-x-1ml\\\/#breadcrumb\"},\"inLanguage\":\"es\",\"potentialAction\":[{\"@type\":\"ReadAction\",\"target\":[\"https:\\\/\\\/mylipfiller.com\\\/princess-volume-1-x-1ml\\\/\"]}]},{\"@type\":\"ImageObject\",\"inLanguage\":\"es\",\"@id\":\"https:\\\/\\\/mylipfiller.com\\\/princess-volume-1-x-1ml\\\/#primaryimage\",\"url\":\"https:\\\/\\\/mylipfiller.com\\\/wp-content\\\/uploads\\\/2019\\\/03\\\/Princess-Volume.jpg\",\"contentUrl\":\"https:\\\/\\\/mylipfiller.com\\\/wp-content\\\/uploads\\\/2019\\\/03\\\/Princess-Volume.jpg\",\"width\":600,\"height\":600,\"caption\":\"Princess Volume\"},{\"@type\":\"BreadcrumbList\",\"@id\":\"https:\\\/\\\/mylipfiller.com\\\/princess-volume-1-x-1ml\\\/#breadcrumb\",\"itemListElement\":[{\"@type\":\"ListItem\",\"position\":1,\"name\":\"Home\",\"item\":\"https:\\\/\\\/mylipfiller.com\\\/\"},{\"@type\":\"ListItem\",\"position\":2,\"name\":\"Shop\",\"item\":\"https:\\\/\\\/mylipfiller.com\\\/shop\\\/\"},{\"@type\":\"ListItem\",\"position\":3,\"name\":\"Princess Volume (1 x 1ml)\"}]},{\"@type\":\"WebSite\",\"@id\":\"https:\\\/\\\/mylipfiller.com\\\/#website\",\"url\":\"https:\\\/\\\/mylipfiller.com\\\/\",\"name\":\"My Lip Filler\",\"description\":\"Hyaluronic Acid Lip and Dermal Fillers\",\"publisher\":{\"@id\":\"https:\\\/\\\/mylipfiller.com\\\/#organization\"},\"potentialAction\":[{\"@type\":\"SearchAction\",\"target\":{\"@type\":\"EntryPoint\",\"urlTemplate\":\"https:\\\/\\\/mylipfiller.com\\\/?s={search_term_string}\"},\"query-input\":{\"@type\":\"PropertyValueSpecification\",\"valueRequired\":true,\"valueName\":\"search_term_string\"}}],\"inLanguage\":\"es\"},{\"@type\":\"Organization\",\"@id\":\"https:\\\/\\\/mylipfiller.com\\\/#organization\",\"name\":\"My Lip Filler\",\"url\":\"https:\\\/\\\/mylipfiller.com\\\/\",\"logo\":{\"@type\":\"ImageObject\",\"inLanguage\":\"es\",\"@id\":\"https:\\\/\\\/mylipfiller.com\\\/#\\\/schema\\\/logo\\\/image\\\/\",\"url\":\"https:\\\/\\\/mylipfiller.com\\\/wp-content\\\/uploads\\\/2019\\\/02\\\/cropped-My-Lip-Filler-Logo.png\",\"contentUrl\":\"https:\\\/\\\/mylipfiller.com\\\/wp-content\\\/uploads\\\/2019\\\/02\\\/cropped-My-Lip-Filler-Logo.png\",\"width\":240,\"height\":88,\"caption\":\"My Lip Filler\"},\"image\":{\"@id\":\"https:\\\/\\\/mylipfiller.com\\\/#\\\/schema\\\/logo\\\/image\\\/\"}}]}<\/script>\n<!-- \/ Yoast SEO plugin. -->","yoast_head_json":{"title":"Comprar Princess Volume (1 x 1ml) - Rellenos de My Lip Filler","description":"\u2765Compra Princess Volume (1 x 1ml) \u23e9 Tienda online My Lip Filler \u27a6 Garant\u00eda de calidad, rese\u00f1as, ingredientes, \u00a1los mejores precios!","robots":{"index":"index","follow":"follow","max-snippet":"max-snippet:-1","max-image-preview":"max-image-preview:large","max-video-preview":"max-video-preview:-1"},"canonical":"https:\/\/mylipfiller.com\/es\/princess-volume-1-x-1ml\/","og_locale":"es_MX","og_type":"article","og_title":"Buy Princess Volume (1 x 1ml) - Fillers from My Lip Filler","og_description":"\u2765Buy Princess Volume (1 x 1ml) \u23e9 My Lip Filler online store \u27a6 Quality assurance, reviews, ingredients, best prices!","og_url":"https:\/\/mylipfiller.com\/es\/princess-volume-1-x-1ml\/","og_site_name":"My Lip Filler","article_modified_time":"2025-05-13T07:50:31+00:00","og_image":[{"width":600,"height":600,"url":"https:\/\/cdn.mylipfiller.com\/wp-content\/uploads\/2019\/03\/Princess-Volume.jpg","type":"image\/jpeg"}],"twitter_card":"summary_large_image","twitter_misc":{"Tiempo de lectura":"2 minutos"},"schema":{"@context":"https:\/\/schema.org","@graph":[{"@type":"WebPage","@id":"https:\/\/mylipfiller.com\/princess-volume-1-x-1ml\/","url":"https:\/\/mylipfiller.com\/princess-volume-1-x-1ml\/","name":"Comprar Princess Volume (1 x 1ml) - Rellenos de My Lip Filler","isPartOf":{"@id":"https:\/\/mylipfiller.com\/#website"},"primaryImageOfPage":{"@id":"https:\/\/mylipfiller.com\/princess-volume-1-x-1ml\/#primaryimage"},"image":{"@id":"https:\/\/mylipfiller.com\/princess-volume-1-x-1ml\/#primaryimage"},"thumbnailUrl":"https:\/\/cdn.mylipfiller.com\/wp-content\/uploads\/2019\/03\/Princess-Volume.jpg","datePublished":"2019-03-05T14:33:01+00:00","dateModified":"2025-05-13T07:50:31+00:00","description":"\u2765Compra Princess Volume (1 x 1ml) \u23e9 Tienda online My Lip Filler \u27a6 Garant\u00eda de calidad, rese\u00f1as, ingredientes, \u00a1los mejores precios!","breadcrumb":{"@id":"https:\/\/mylipfiller.com\/princess-volume-1-x-1ml\/#breadcrumb"},"inLanguage":"es","potentialAction":[{"@type":"ReadAction","target":["https:\/\/mylipfiller.com\/princess-volume-1-x-1ml\/"]}]},{"@type":"ImageObject","inLanguage":"es","@id":"https:\/\/mylipfiller.com\/princess-volume-1-x-1ml\/#primaryimage","url":"https:\/\/cdn.mylipfiller.com\/wp-content\/uploads\/2019\/03\/Princess-Volume.jpg","contentUrl":"https:\/\/cdn.mylipfiller.com\/wp-content\/uploads\/2019\/03\/Princess-Volume.jpg","width":600,"height":600,"caption":"Princess Volume"},{"@type":"BreadcrumbList","@id":"https:\/\/mylipfiller.com\/princess-volume-1-x-1ml\/#breadcrumb","itemListElement":[{"@type":"ListItem","position":1,"name":"Home","item":"https:\/\/mylipfiller.com\/"},{"@type":"ListItem","position":2,"name":"Shop","item":"https:\/\/mylipfiller.com\/shop\/"},{"@type":"ListItem","position":3,"name":"Princess Volume (1 x 1ml)"}]},{"@type":"WebSite","@id":"https:\/\/mylipfiller.com\/#website","url":"https:\/\/mylipfiller.com\/","name":"Mi relleno de labios","description":"Rellenos d\u00e9rmicos y de labios con \u00e1cido hialur\u00f3nico","publisher":{"@id":"https:\/\/mylipfiller.com\/#organization"},"potentialAction":[{"@type":"SearchAction","target":{"@type":"EntryPoint","urlTemplate":"https:\/\/mylipfiller.com\/?s={search_term_string}"},"query-input":{"@type":"PropertyValueSpecification","valueRequired":true,"valueName":"search_term_string"}}],"inLanguage":"es"},{"@type":"Organization","@id":"https:\/\/mylipfiller.com\/#organization","name":"Mi relleno de labios","url":"https:\/\/mylipfiller.com\/","logo":{"@type":"ImageObject","inLanguage":"es","@id":"https:\/\/mylipfiller.com\/#\/schema\/logo\/image\/","url":"https:\/\/cdn.mylipfiller.com\/wp-content\/uploads\/2019\/02\/cropped-My-Lip-Filler-Logo.png","contentUrl":"https:\/\/cdn.mylipfiller.com\/wp-content\/uploads\/2019\/02\/cropped-My-Lip-Filler-Logo.png","width":240,"height":88,"caption":"My Lip Filler"},"image":{"@id":"https:\/\/mylipfiller.com\/#\/schema\/logo\/image\/"}}]}},"_links":{"self":[{"href":"https:\/\/mylipfiller.com\/es\/wp-json\/wp\/v2\/product\/594","targetHints":{"allow":["GET"]}}],"collection":[{"href":"https:\/\/mylipfiller.com\/es\/wp-json\/wp\/v2\/product"}],"about":[{"href":"https:\/\/mylipfiller.com\/es\/wp-json\/wp\/v2\/types\/product"}],"wp:featuredmedia":[{"embeddable":true,"href":"https:\/\/mylipfiller.com\/es\/wp-json\/wp\/v2\/media\/553"}],"wp:attachment":[{"href":"https:\/\/mylipfiller.com\/es\/wp-json\/wp\/v2\/media?parent=594"}],"wp:term":[{"taxonomy":"product_brand","embeddable":true,"href":"https:\/\/mylipfiller.com\/es\/wp-json\/wp\/v2\/product_brand?post=594"},{"taxonomy":"product_cat","embeddable":true,"href":"https:\/\/mylipfiller.com\/es\/wp-json\/wp\/v2\/product_cat?post=594"},{"taxonomy":"product_tag","embeddable":true,"href":"https:\/\/mylipfiller.com\/es\/wp-json\/wp\/v2\/product_tag?post=594"}],"curies":[{"name":"gracias","href":"https:\/\/api.w.org\/{rel}","templated":true}]}}