{"id":595,"date":"2019-03-05T16:37:41","date_gmt":"2019-03-05T14:37:41","guid":{"rendered":"https:\/\/mylipfiller.com\/?post_type=product&#038;p=595"},"modified":"2024-07-03T17:32:59","modified_gmt":"2024-07-03T15:32:59","slug":"princess-filler-1-x-1ml","status":"publish","type":"product","link":"https:\/\/mylipfiller.com\/es\/princess-filler-1-x-1ml\/","title":{"rendered":"Relleno de princesa (1 x 1 ml)"},"content":{"rendered":"<p>Princess Filler es una soluci\u00f3n cosm\u00e9tica flexible que es f\u00e1cil de aplicar y no tan invasiva como la cirug\u00eda est\u00e9tica tradicional. Al ser una soluci\u00f3n cosm\u00e9tica no permanente, permite al paciente la libertad de reconsiderar los resultados deseados y con la ayuda de su m\u00e9dico controlar el resultado cosm\u00e9tico.<\/p>\n<p>El \u00e1cido hialur\u00f3nico monof\u00e1sico que se utiliz\u00f3 para hacer este gel es purificado y de la m\u00e1s alta calidad, de origen sint\u00e9tico. Sin embargo, es completamente biocompatible ya que el HA tambi\u00e9n se encuentra naturalmente en el cuerpo humano. Esto y el hecho de que la sustancia sea biodegradable por las enzimas, significa que no se esperan efectos secundarios adversos m\u00e1s all\u00e1 de una leve irritaci\u00f3n temporal y enrojecimiento. El \u00c1cido Hialur\u00f3nico ayuda a la piel a rejuvenecer y mejora la elasticidad y suavidad, mejorando el equilibrio h\u00eddrico natural.<\/p>\n<h3>\u00bfC\u00f3mo se usa Princess Filler?<\/h3>\n<p>Princess es un relleno d\u00e9rmico para la eliminaci\u00f3n de l\u00edneas y arrugas de medianas a muy profundas. Se puede utilizar para disimular las l\u00edneas glabelares que se forman entre las cejas, as\u00ed como las l\u00edneas profundas de la frente. El gel HA es muy eficaz a la hora de rellenar depresiones periorales, especialmente l\u00edneas de marioneta. Otro campo de aplicaci\u00f3n es restaurar el volumen natural de las mejillas del paciente.<\/p>\n<h3>Especificaciones del relleno<\/h3>\n<ul>\n<li>Viene en una jeringa precargada.<\/li>\n<li>Se incluye una aguja de 27 \u00bd G en el kit.<\/li>\n<li>Tiene una concentraci\u00f3n de 23 mg por ml de HA monof\u00e1sico purificado.<\/li>\n<li>Trata las arrugas y l\u00edneas profundas<\/li>\n<li>Mejora la hidrataci\u00f3n de la piel.<\/li>\n<li>Restaura el volumen<\/li>\n<\/ul>\n<p>El relleno d\u00e9rmico Princess siempre debe ser aplicado por un m\u00e9dico capacitado. No lo use si est\u00e1 embarazada, amamantando o es al\u00e9rgico a alguno de los ingredientes del gel.<\/p>","protected":false},"excerpt":{"rendered":"<p>Princess es una de las marcas m\u00e1s reconocidas en el mercado de los rellenos d\u00e9rmicos. Este gel inyectable se basa en \u00e1cido hialur\u00f3nico de alta calidad y es una soluci\u00f3n eficaz para los pacientes que buscan mejorar la condici\u00f3n de su piel, restaurar la suavidad y elasticidad, mientras oculta las l\u00edneas, arrugas y pliegues de la piel de moderados a profundos. Es uno de los rellenos m\u00e1s duraderos disponibles, con efectos que pueden durar hasta 9 meses, resultado directo de la tecnolog\u00eda especial SMART con la que se desarrollan y fabrican los productos.<\/p>","protected":false},"featured_media":552,"template":"","meta":{"_acf_changed":false},"product_brand":[],"product_cat":[171,33,27],"product_tag":[111,151,133,107,134,120],"class_list":{"0":"post-595","1":"product","2":"type-product","3":"status-publish","4":"has-post-thumbnail","6":"product_cat-croma-pharma","7":"product_cat-lip","8":"product_cat-princess","9":"product_tag-face","10":"product_tag-hyaluronic-acid-ha-fillers","11":"product_tag-marionette-lines","12":"product_tag-nasolabial-folds","13":"product_tag-small-lips","14":"product_tag-up-to-12-months","16":"first","17":"outofstock","18":"taxable","19":"shipping-taxable","20":"purchasable","21":"product-type-simple"},"acf":[],"yoast_head":"<!-- This site is optimized with the Yoast SEO plugin v27.3 - https:\/\/yoast.com\/product\/yoast-seo-wordpress\/ -->\n<title>Buy Princess Filler (1 x 1ml) - Fillers from My Lip Filler<\/title>\n<meta name=\"description\" content=\"\u2765Buy Princess Filler (1 x 1ml) \u23e9 My Lip Filler online store \u27a6 Quality assurance, reviews, ingredients, best prices!\" \/>\n<meta name=\"robots\" content=\"index, follow, max-snippet:-1, max-image-preview:large, max-video-preview:-1\" \/>\n<link rel=\"canonical\" href=\"https:\/\/mylipfiller.com\/es\/princess-filler-1-x-1ml\/\" \/>\n<meta property=\"og:locale\" content=\"es_MX\" \/>\n<meta property=\"og:type\" content=\"article\" \/>\n<meta property=\"og:title\" content=\"Buy Princess Filler (1 x 1ml) - Fillers from My Lip Filler\" \/>\n<meta property=\"og:description\" content=\"\u2765Buy Princess Filler (1 x 1ml) \u23e9 My Lip Filler online store \u27a6 Quality assurance, reviews, ingredients, best prices!\" \/>\n<meta property=\"og:url\" content=\"https:\/\/mylipfiller.com\/es\/princess-filler-1-x-1ml\/\" \/>\n<meta property=\"og:site_name\" content=\"My Lip Filler\" \/>\n<meta property=\"article:modified_time\" content=\"2024-07-03T15:32:59+00:00\" \/>\n<meta property=\"og:image\" content=\"https:\/\/cdn.mylipfiller.com\/wp-content\/uploads\/2019\/03\/Princess-Filler.jpg\" \/>\n\t<meta property=\"og:image:width\" content=\"433\" \/>\n\t<meta property=\"og:image:height\" content=\"433\" \/>\n\t<meta property=\"og:image:type\" content=\"image\/jpeg\" \/>\n<meta name=\"twitter:card\" content=\"summary_large_image\" \/>\n<meta name=\"twitter:label1\" content=\"Tiempo de lectura\" \/>\n\t<meta name=\"twitter:data1\" content=\"2 minutos\" \/>\n<script type=\"application\/ld+json\" class=\"yoast-schema-graph\">{\"@context\":\"https:\\\/\\\/schema.org\",\"@graph\":[{\"@type\":\"WebPage\",\"@id\":\"https:\\\/\\\/mylipfiller.com\\\/princess-filler-1-x-1ml\\\/\",\"url\":\"https:\\\/\\\/mylipfiller.com\\\/princess-filler-1-x-1ml\\\/\",\"name\":\"Buy Princess Filler (1 x 1ml) - Fillers from My Lip Filler\",\"isPartOf\":{\"@id\":\"https:\\\/\\\/mylipfiller.com\\\/#website\"},\"primaryImageOfPage\":{\"@id\":\"https:\\\/\\\/mylipfiller.com\\\/princess-filler-1-x-1ml\\\/#primaryimage\"},\"image\":{\"@id\":\"https:\\\/\\\/mylipfiller.com\\\/princess-filler-1-x-1ml\\\/#primaryimage\"},\"thumbnailUrl\":\"https:\\\/\\\/mylipfiller.com\\\/wp-content\\\/uploads\\\/2019\\\/03\\\/Princess-Filler.jpg\",\"datePublished\":\"2019-03-05T14:37:41+00:00\",\"dateModified\":\"2024-07-03T15:32:59+00:00\",\"description\":\"\u2765Buy Princess Filler (1 x 1ml) \u23e9 My Lip Filler online store \u27a6 Quality assurance, reviews, ingredients, best prices!\",\"breadcrumb\":{\"@id\":\"https:\\\/\\\/mylipfiller.com\\\/princess-filler-1-x-1ml\\\/#breadcrumb\"},\"inLanguage\":\"es\",\"potentialAction\":[{\"@type\":\"ReadAction\",\"target\":[\"https:\\\/\\\/mylipfiller.com\\\/princess-filler-1-x-1ml\\\/\"]}]},{\"@type\":\"ImageObject\",\"inLanguage\":\"es\",\"@id\":\"https:\\\/\\\/mylipfiller.com\\\/princess-filler-1-x-1ml\\\/#primaryimage\",\"url\":\"https:\\\/\\\/mylipfiller.com\\\/wp-content\\\/uploads\\\/2019\\\/03\\\/Princess-Filler.jpg\",\"contentUrl\":\"https:\\\/\\\/mylipfiller.com\\\/wp-content\\\/uploads\\\/2019\\\/03\\\/Princess-Filler.jpg\",\"width\":433,\"height\":433,\"caption\":\"Princess Filler\"},{\"@type\":\"BreadcrumbList\",\"@id\":\"https:\\\/\\\/mylipfiller.com\\\/princess-filler-1-x-1ml\\\/#breadcrumb\",\"itemListElement\":[{\"@type\":\"ListItem\",\"position\":1,\"name\":\"Home\",\"item\":\"https:\\\/\\\/mylipfiller.com\\\/\"},{\"@type\":\"ListItem\",\"position\":2,\"name\":\"Shop\",\"item\":\"https:\\\/\\\/mylipfiller.com\\\/shop\\\/\"},{\"@type\":\"ListItem\",\"position\":3,\"name\":\"Princess Filler (1 x 1ml)\"}]},{\"@type\":\"WebSite\",\"@id\":\"https:\\\/\\\/mylipfiller.com\\\/#website\",\"url\":\"https:\\\/\\\/mylipfiller.com\\\/\",\"name\":\"My Lip Filler\",\"description\":\"Hyaluronic Acid Lip and Dermal Fillers\",\"publisher\":{\"@id\":\"https:\\\/\\\/mylipfiller.com\\\/#organization\"},\"potentialAction\":[{\"@type\":\"SearchAction\",\"target\":{\"@type\":\"EntryPoint\",\"urlTemplate\":\"https:\\\/\\\/mylipfiller.com\\\/?s={search_term_string}\"},\"query-input\":{\"@type\":\"PropertyValueSpecification\",\"valueRequired\":true,\"valueName\":\"search_term_string\"}}],\"inLanguage\":\"es\"},{\"@type\":\"Organization\",\"@id\":\"https:\\\/\\\/mylipfiller.com\\\/#organization\",\"name\":\"My Lip Filler\",\"url\":\"https:\\\/\\\/mylipfiller.com\\\/\",\"logo\":{\"@type\":\"ImageObject\",\"inLanguage\":\"es\",\"@id\":\"https:\\\/\\\/mylipfiller.com\\\/#\\\/schema\\\/logo\\\/image\\\/\",\"url\":\"https:\\\/\\\/mylipfiller.com\\\/wp-content\\\/uploads\\\/2019\\\/02\\\/cropped-My-Lip-Filler-Logo.png\",\"contentUrl\":\"https:\\\/\\\/mylipfiller.com\\\/wp-content\\\/uploads\\\/2019\\\/02\\\/cropped-My-Lip-Filler-Logo.png\",\"width\":240,\"height\":88,\"caption\":\"My Lip Filler\"},\"image\":{\"@id\":\"https:\\\/\\\/mylipfiller.com\\\/#\\\/schema\\\/logo\\\/image\\\/\"}}]}<\/script>\n<!-- \/ Yoast SEO plugin. -->","yoast_head_json":{"title":"Comprar Princess Filler (1 x 1ml) - Rellenos de My Lip Filler","description":"\u2765Compra Princess Filler (1 x 1ml) \u23e9 Tienda online My Lip Filler \u27a6 Garant\u00eda de calidad, rese\u00f1as, ingredientes, \u00a1los mejores precios!","robots":{"index":"index","follow":"follow","max-snippet":"max-snippet:-1","max-image-preview":"max-image-preview:large","max-video-preview":"max-video-preview:-1"},"canonical":"https:\/\/mylipfiller.com\/es\/princess-filler-1-x-1ml\/","og_locale":"es_MX","og_type":"article","og_title":"Buy Princess Filler (1 x 1ml) - Fillers from My Lip Filler","og_description":"\u2765Buy Princess Filler (1 x 1ml) \u23e9 My Lip Filler online store \u27a6 Quality assurance, reviews, ingredients, best prices!","og_url":"https:\/\/mylipfiller.com\/es\/princess-filler-1-x-1ml\/","og_site_name":"My Lip Filler","article_modified_time":"2024-07-03T15:32:59+00:00","og_image":[{"width":433,"height":433,"url":"https:\/\/cdn.mylipfiller.com\/wp-content\/uploads\/2019\/03\/Princess-Filler.jpg","type":"image\/jpeg"}],"twitter_card":"summary_large_image","twitter_misc":{"Tiempo de lectura":"2 minutos"},"schema":{"@context":"https:\/\/schema.org","@graph":[{"@type":"WebPage","@id":"https:\/\/mylipfiller.com\/princess-filler-1-x-1ml\/","url":"https:\/\/mylipfiller.com\/princess-filler-1-x-1ml\/","name":"Comprar Princess Filler (1 x 1ml) - Rellenos de My Lip Filler","isPartOf":{"@id":"https:\/\/mylipfiller.com\/#website"},"primaryImageOfPage":{"@id":"https:\/\/mylipfiller.com\/princess-filler-1-x-1ml\/#primaryimage"},"image":{"@id":"https:\/\/mylipfiller.com\/princess-filler-1-x-1ml\/#primaryimage"},"thumbnailUrl":"https:\/\/cdn.mylipfiller.com\/wp-content\/uploads\/2019\/03\/Princess-Filler.jpg","datePublished":"2019-03-05T14:37:41+00:00","dateModified":"2024-07-03T15:32:59+00:00","description":"\u2765Compra Princess Filler (1 x 1ml) \u23e9 Tienda online My Lip Filler \u27a6 Garant\u00eda de calidad, rese\u00f1as, ingredientes, \u00a1los mejores precios!","breadcrumb":{"@id":"https:\/\/mylipfiller.com\/princess-filler-1-x-1ml\/#breadcrumb"},"inLanguage":"es","potentialAction":[{"@type":"ReadAction","target":["https:\/\/mylipfiller.com\/princess-filler-1-x-1ml\/"]}]},{"@type":"ImageObject","inLanguage":"es","@id":"https:\/\/mylipfiller.com\/princess-filler-1-x-1ml\/#primaryimage","url":"https:\/\/cdn.mylipfiller.com\/wp-content\/uploads\/2019\/03\/Princess-Filler.jpg","contentUrl":"https:\/\/cdn.mylipfiller.com\/wp-content\/uploads\/2019\/03\/Princess-Filler.jpg","width":433,"height":433,"caption":"Princess Filler"},{"@type":"BreadcrumbList","@id":"https:\/\/mylipfiller.com\/princess-filler-1-x-1ml\/#breadcrumb","itemListElement":[{"@type":"ListItem","position":1,"name":"Home","item":"https:\/\/mylipfiller.com\/"},{"@type":"ListItem","position":2,"name":"Shop","item":"https:\/\/mylipfiller.com\/shop\/"},{"@type":"ListItem","position":3,"name":"Princess Filler (1 x 1ml)"}]},{"@type":"WebSite","@id":"https:\/\/mylipfiller.com\/#website","url":"https:\/\/mylipfiller.com\/","name":"Mi relleno de labios","description":"Rellenos d\u00e9rmicos y de labios con \u00e1cido hialur\u00f3nico","publisher":{"@id":"https:\/\/mylipfiller.com\/#organization"},"potentialAction":[{"@type":"SearchAction","target":{"@type":"EntryPoint","urlTemplate":"https:\/\/mylipfiller.com\/?s={search_term_string}"},"query-input":{"@type":"PropertyValueSpecification","valueRequired":true,"valueName":"search_term_string"}}],"inLanguage":"es"},{"@type":"Organization","@id":"https:\/\/mylipfiller.com\/#organization","name":"Mi relleno de labios","url":"https:\/\/mylipfiller.com\/","logo":{"@type":"ImageObject","inLanguage":"es","@id":"https:\/\/mylipfiller.com\/#\/schema\/logo\/image\/","url":"https:\/\/cdn.mylipfiller.com\/wp-content\/uploads\/2019\/02\/cropped-My-Lip-Filler-Logo.png","contentUrl":"https:\/\/cdn.mylipfiller.com\/wp-content\/uploads\/2019\/02\/cropped-My-Lip-Filler-Logo.png","width":240,"height":88,"caption":"My Lip Filler"},"image":{"@id":"https:\/\/mylipfiller.com\/#\/schema\/logo\/image\/"}}]}},"_links":{"self":[{"href":"https:\/\/mylipfiller.com\/es\/wp-json\/wp\/v2\/product\/595","targetHints":{"allow":["GET"]}}],"collection":[{"href":"https:\/\/mylipfiller.com\/es\/wp-json\/wp\/v2\/product"}],"about":[{"href":"https:\/\/mylipfiller.com\/es\/wp-json\/wp\/v2\/types\/product"}],"wp:featuredmedia":[{"embeddable":true,"href":"https:\/\/mylipfiller.com\/es\/wp-json\/wp\/v2\/media\/552"}],"wp:attachment":[{"href":"https:\/\/mylipfiller.com\/es\/wp-json\/wp\/v2\/media?parent=595"}],"wp:term":[{"taxonomy":"product_brand","embeddable":true,"href":"https:\/\/mylipfiller.com\/es\/wp-json\/wp\/v2\/product_brand?post=595"},{"taxonomy":"product_cat","embeddable":true,"href":"https:\/\/mylipfiller.com\/es\/wp-json\/wp\/v2\/product_cat?post=595"},{"taxonomy":"product_tag","embeddable":true,"href":"https:\/\/mylipfiller.com\/es\/wp-json\/wp\/v2\/product_tag?post=595"}],"curies":[{"name":"gracias","href":"https:\/\/api.w.org\/{rel}","templated":true}]}}