{"id":597,"date":"2019-03-05T16:41:27","date_gmt":"2019-03-05T14:41:27","guid":{"rendered":"https:\/\/mylipfiller.com\/?post_type=product&#038;p=597"},"modified":"2024-07-03T17:32:59","modified_gmt":"2024-07-03T15:32:59","slug":"regenovue-aqua-shine-plus-2-5-ml-x-4-ea","status":"publish","type":"product","link":"https:\/\/mylipfiller.com\/es\/regenovue-aqua-shine-plus-2-5-ml-x-4-ea\/","title":{"rendered":"Regenovue Aqua Shine Plus (3 x 3 ml)"},"content":{"rendered":"<p>Lo que hace que Regenovue Aqua Shine Plus sea un producto preferido es su efecto saludable en el \u00e1rea de la piel del paciente. M\u00e1s all\u00e1 del simple relleno y eliminaci\u00f3n de arrugas, este producto de mesoterapia cerrar\u00e1 los poros y mejorar\u00e1 los niveles de hidrataci\u00f3n de la piel, ayudando a la limpieza natural y haci\u00e9ndolo muy recomendado para pacientes con piel grasa, secreci\u00f3n excesiva de sebo o personas que padecen acn\u00e9. Del mismo modo, el reequilibrio positivo de la hidrataci\u00f3n de la piel puede ser de gran ayuda para las personas con piel seca y \u00e1spera, afectada por la edad, el medio ambiente o el estilo de vida.<\/p>\n<p>Como relleno, el producto puede resolver con \u00e9xito problemas con l\u00edneas finas y arrugas como patas de gallo o l\u00edneas nasolabiales poco profundas. Las \u00e1reas de la cara donde se puede inyectar incluyen:<\/p>\n<ul>\n<li>Barbilla<\/li>\n<li>Frente<\/li>\n<li>L\u00edneas periorales<\/li>\n<li>Cerca de los ojos (patas de gallo)<\/li>\n<li>L\u00edneas glabelares m\u00e1s finas<\/li>\n<\/ul>\n<p>Para funcionar como mesoterapia y como relleno, el gel inyectable de Aqua Shine Plus utiliza HA con estructura reticulada. Esto facilita la inyecci\u00f3n del producto, al tiempo que permite que el \u00e1cido hialur\u00f3nico afecte mejor la hidrataci\u00f3n de la piel durante un per\u00edodo de tiempo prolongado.<\/p>\n<h3>\u00bfEs seguro este producto y qui\u00e9n puede usarlo?<\/h3>\n<p>Al estar hecho de HA sint\u00e9tico de alta calidad, este gel inyectable es 100% seguro y biocompatible. M\u00e1s all\u00e1 de las personas al\u00e9rgicas a uno de sus ingredientes o las mujeres embarazadas o en per\u00edodo de lactancia, cualquier persona mayor de 18 a\u00f1os puede usarlo. Sin embargo, est\u00e1 dirigido principalmente a pacientes de 40 a\u00f1os o m\u00e1s, que realmente sentir\u00e1n su efecto positivo.<\/p>","protected":false},"excerpt":{"rendered":"<p>No muchos productos pueden ofrecer al paciente los beneficios de las inyecciones de relleno d\u00e9rmico con los efectos duraderos de la mesoterapia. Regenovue Aqua Shine Plus combina las propiedades de eliminaci\u00f3n de arrugas de los rellenos cut\u00e1neos con los poderes de hidrataci\u00f3n y rejuvenecimiento de la piel de los productos meso. Se trata de una soluci\u00f3n anti-envejecimiento completa, que tiene un efecto duradero y potencialmente puede modificar por completo el aspecto del paciente. Hecho de \u00e1cido hialur\u00f3nico puro y de alta calidad, es seguro y completamente biocompatible.<\/p>","protected":false},"featured_media":554,"template":"","meta":{"_acf_changed":false},"product_brand":[],"product_cat":[18,174,28],"product_tag":[138,111,147,145,143,137],"class_list":{"0":"post-597","1":"product","2":"type-product","3":"status-publish","4":"has-post-thumbnail","6":"product_cat-mesotherapy","7":"product_cat-neogenesis","8":"product_cat-regenovue","9":"product_tag-anti-aging","10":"product_tag-face","11":"product_tag-moisturizing","12":"product_tag-nourishing","13":"product_tag-rejuvenating","14":"product_tag-south-korea","16":"first","17":"outofstock","18":"taxable","19":"shipping-taxable","20":"purchasable","21":"product-type-simple"},"acf":[],"yoast_head":"<!-- This site is optimized with the Yoast SEO plugin v27.3 - https:\/\/yoast.com\/product\/yoast-seo-wordpress\/ -->\n<title>Buy Regenovue Aqua Shine Plus (3 x 3ml) - Fillers from My Lip Filler<\/title>\n<meta name=\"description\" content=\"\u2765Buy Regenovue Aqua Shine Plus (3 x 3ml) \u23e9 My Lip Filler online store \u27a6 Quality assurance, reviews, ingredients, best prices!\" \/>\n<meta name=\"robots\" content=\"index, follow, max-snippet:-1, max-image-preview:large, max-video-preview:-1\" \/>\n<link rel=\"canonical\" href=\"https:\/\/mylipfiller.com\/es\/regenovue-aqua-shine-plus-2-5-ml-x-4-ea\/\" \/>\n<meta property=\"og:locale\" content=\"es_MX\" \/>\n<meta property=\"og:type\" content=\"article\" \/>\n<meta property=\"og:title\" content=\"Buy Regenovue Aqua Shine Plus (3 x 3ml) - Fillers from My Lip Filler\" \/>\n<meta property=\"og:description\" content=\"\u2765Buy Regenovue Aqua Shine Plus (3 x 3ml) \u23e9 My Lip Filler online store \u27a6 Quality assurance, reviews, ingredients, best prices!\" \/>\n<meta property=\"og:url\" content=\"https:\/\/mylipfiller.com\/es\/regenovue-aqua-shine-plus-2-5-ml-x-4-ea\/\" \/>\n<meta property=\"og:site_name\" content=\"My Lip Filler\" \/>\n<meta property=\"article:modified_time\" content=\"2024-07-03T15:32:59+00:00\" \/>\n<meta property=\"og:image\" content=\"https:\/\/cdn.mylipfiller.com\/wp-content\/uploads\/2019\/03\/Regenovue-Aqua-Shine-Plus.jpg\" \/>\n\t<meta property=\"og:image:width\" content=\"600\" \/>\n\t<meta property=\"og:image:height\" content=\"600\" \/>\n\t<meta property=\"og:image:type\" content=\"image\/jpeg\" \/>\n<meta name=\"twitter:card\" content=\"summary_large_image\" \/>\n<meta name=\"twitter:label1\" content=\"Tiempo de lectura\" \/>\n\t<meta name=\"twitter:data1\" content=\"2 minutos\" \/>\n<script type=\"application\/ld+json\" class=\"yoast-schema-graph\">{\"@context\":\"https:\\\/\\\/schema.org\",\"@graph\":[{\"@type\":\"WebPage\",\"@id\":\"https:\\\/\\\/mylipfiller.com\\\/regenovue-aqua-shine-plus-2-5-ml-x-4-ea\\\/\",\"url\":\"https:\\\/\\\/mylipfiller.com\\\/regenovue-aqua-shine-plus-2-5-ml-x-4-ea\\\/\",\"name\":\"Buy Regenovue Aqua Shine Plus (3 x 3ml) - Fillers from My Lip Filler\",\"isPartOf\":{\"@id\":\"https:\\\/\\\/mylipfiller.com\\\/#website\"},\"primaryImageOfPage\":{\"@id\":\"https:\\\/\\\/mylipfiller.com\\\/regenovue-aqua-shine-plus-2-5-ml-x-4-ea\\\/#primaryimage\"},\"image\":{\"@id\":\"https:\\\/\\\/mylipfiller.com\\\/regenovue-aqua-shine-plus-2-5-ml-x-4-ea\\\/#primaryimage\"},\"thumbnailUrl\":\"https:\\\/\\\/mylipfiller.com\\\/wp-content\\\/uploads\\\/2019\\\/03\\\/Regenovue-Aqua-Shine-Plus.jpg\",\"datePublished\":\"2019-03-05T14:41:27+00:00\",\"dateModified\":\"2024-07-03T15:32:59+00:00\",\"description\":\"\u2765Buy Regenovue Aqua Shine Plus (3 x 3ml) \u23e9 My Lip Filler online store \u27a6 Quality assurance, reviews, ingredients, best prices!\",\"breadcrumb\":{\"@id\":\"https:\\\/\\\/mylipfiller.com\\\/regenovue-aqua-shine-plus-2-5-ml-x-4-ea\\\/#breadcrumb\"},\"inLanguage\":\"es\",\"potentialAction\":[{\"@type\":\"ReadAction\",\"target\":[\"https:\\\/\\\/mylipfiller.com\\\/regenovue-aqua-shine-plus-2-5-ml-x-4-ea\\\/\"]}]},{\"@type\":\"ImageObject\",\"inLanguage\":\"es\",\"@id\":\"https:\\\/\\\/mylipfiller.com\\\/regenovue-aqua-shine-plus-2-5-ml-x-4-ea\\\/#primaryimage\",\"url\":\"https:\\\/\\\/mylipfiller.com\\\/wp-content\\\/uploads\\\/2019\\\/03\\\/Regenovue-Aqua-Shine-Plus.jpg\",\"contentUrl\":\"https:\\\/\\\/mylipfiller.com\\\/wp-content\\\/uploads\\\/2019\\\/03\\\/Regenovue-Aqua-Shine-Plus.jpg\",\"width\":600,\"height\":600,\"caption\":\"Regenovue Aqua Shine Plus\"},{\"@type\":\"BreadcrumbList\",\"@id\":\"https:\\\/\\\/mylipfiller.com\\\/regenovue-aqua-shine-plus-2-5-ml-x-4-ea\\\/#breadcrumb\",\"itemListElement\":[{\"@type\":\"ListItem\",\"position\":1,\"name\":\"Home\",\"item\":\"https:\\\/\\\/mylipfiller.com\\\/\"},{\"@type\":\"ListItem\",\"position\":2,\"name\":\"Shop\",\"item\":\"https:\\\/\\\/mylipfiller.com\\\/shop\\\/\"},{\"@type\":\"ListItem\",\"position\":3,\"name\":\"Regenovue Aqua Shine Plus (3 x 3ml)\"}]},{\"@type\":\"WebSite\",\"@id\":\"https:\\\/\\\/mylipfiller.com\\\/#website\",\"url\":\"https:\\\/\\\/mylipfiller.com\\\/\",\"name\":\"My Lip Filler\",\"description\":\"Hyaluronic Acid Lip and Dermal Fillers\",\"publisher\":{\"@id\":\"https:\\\/\\\/mylipfiller.com\\\/#organization\"},\"potentialAction\":[{\"@type\":\"SearchAction\",\"target\":{\"@type\":\"EntryPoint\",\"urlTemplate\":\"https:\\\/\\\/mylipfiller.com\\\/?s={search_term_string}\"},\"query-input\":{\"@type\":\"PropertyValueSpecification\",\"valueRequired\":true,\"valueName\":\"search_term_string\"}}],\"inLanguage\":\"es\"},{\"@type\":\"Organization\",\"@id\":\"https:\\\/\\\/mylipfiller.com\\\/#organization\",\"name\":\"My Lip Filler\",\"url\":\"https:\\\/\\\/mylipfiller.com\\\/\",\"logo\":{\"@type\":\"ImageObject\",\"inLanguage\":\"es\",\"@id\":\"https:\\\/\\\/mylipfiller.com\\\/#\\\/schema\\\/logo\\\/image\\\/\",\"url\":\"https:\\\/\\\/mylipfiller.com\\\/wp-content\\\/uploads\\\/2019\\\/02\\\/cropped-My-Lip-Filler-Logo.png\",\"contentUrl\":\"https:\\\/\\\/mylipfiller.com\\\/wp-content\\\/uploads\\\/2019\\\/02\\\/cropped-My-Lip-Filler-Logo.png\",\"width\":240,\"height\":88,\"caption\":\"My Lip Filler\"},\"image\":{\"@id\":\"https:\\\/\\\/mylipfiller.com\\\/#\\\/schema\\\/logo\\\/image\\\/\"}}]}<\/script>\n<!-- \/ Yoast SEO plugin. -->","yoast_head_json":{"title":"Compre Regenovue Aqua Shine Plus (3 x 3ml) - Rellenos de My Lip Filler","description":"\u2765Compra Regenovue Aqua Shine Plus (3 x 3ml) \u23e9 Tienda online My Lip Filler \u27a6 Garant\u00eda de calidad, rese\u00f1as, ingredientes, \u00a1los mejores precios!","robots":{"index":"index","follow":"follow","max-snippet":"max-snippet:-1","max-image-preview":"max-image-preview:large","max-video-preview":"max-video-preview:-1"},"canonical":"https:\/\/mylipfiller.com\/es\/regenovue-aqua-shine-plus-2-5-ml-x-4-ea\/","og_locale":"es_MX","og_type":"article","og_title":"Buy Regenovue Aqua Shine Plus (3 x 3ml) - Fillers from My Lip Filler","og_description":"\u2765Buy Regenovue Aqua Shine Plus (3 x 3ml) \u23e9 My Lip Filler online store \u27a6 Quality assurance, reviews, ingredients, best prices!","og_url":"https:\/\/mylipfiller.com\/es\/regenovue-aqua-shine-plus-2-5-ml-x-4-ea\/","og_site_name":"My Lip Filler","article_modified_time":"2024-07-03T15:32:59+00:00","og_image":[{"width":600,"height":600,"url":"https:\/\/cdn.mylipfiller.com\/wp-content\/uploads\/2019\/03\/Regenovue-Aqua-Shine-Plus.jpg","type":"image\/jpeg"}],"twitter_card":"summary_large_image","twitter_misc":{"Tiempo de lectura":"2 minutos"},"schema":{"@context":"https:\/\/schema.org","@graph":[{"@type":"WebPage","@id":"https:\/\/mylipfiller.com\/regenovue-aqua-shine-plus-2-5-ml-x-4-ea\/","url":"https:\/\/mylipfiller.com\/regenovue-aqua-shine-plus-2-5-ml-x-4-ea\/","name":"Compre Regenovue Aqua Shine Plus (3 x 3ml) - Rellenos de My Lip Filler","isPartOf":{"@id":"https:\/\/mylipfiller.com\/#website"},"primaryImageOfPage":{"@id":"https:\/\/mylipfiller.com\/regenovue-aqua-shine-plus-2-5-ml-x-4-ea\/#primaryimage"},"image":{"@id":"https:\/\/mylipfiller.com\/regenovue-aqua-shine-plus-2-5-ml-x-4-ea\/#primaryimage"},"thumbnailUrl":"https:\/\/cdn.mylipfiller.com\/wp-content\/uploads\/2019\/03\/Regenovue-Aqua-Shine-Plus.jpg","datePublished":"2019-03-05T14:41:27+00:00","dateModified":"2024-07-03T15:32:59+00:00","description":"\u2765Compra Regenovue Aqua Shine Plus (3 x 3ml) \u23e9 Tienda online My Lip Filler \u27a6 Garant\u00eda de calidad, rese\u00f1as, ingredientes, \u00a1los mejores precios!","breadcrumb":{"@id":"https:\/\/mylipfiller.com\/regenovue-aqua-shine-plus-2-5-ml-x-4-ea\/#breadcrumb"},"inLanguage":"es","potentialAction":[{"@type":"ReadAction","target":["https:\/\/mylipfiller.com\/regenovue-aqua-shine-plus-2-5-ml-x-4-ea\/"]}]},{"@type":"ImageObject","inLanguage":"es","@id":"https:\/\/mylipfiller.com\/regenovue-aqua-shine-plus-2-5-ml-x-4-ea\/#primaryimage","url":"https:\/\/cdn.mylipfiller.com\/wp-content\/uploads\/2019\/03\/Regenovue-Aqua-Shine-Plus.jpg","contentUrl":"https:\/\/cdn.mylipfiller.com\/wp-content\/uploads\/2019\/03\/Regenovue-Aqua-Shine-Plus.jpg","width":600,"height":600,"caption":"Regenovue Aqua Shine Plus"},{"@type":"BreadcrumbList","@id":"https:\/\/mylipfiller.com\/regenovue-aqua-shine-plus-2-5-ml-x-4-ea\/#breadcrumb","itemListElement":[{"@type":"ListItem","position":1,"name":"Home","item":"https:\/\/mylipfiller.com\/"},{"@type":"ListItem","position":2,"name":"Shop","item":"https:\/\/mylipfiller.com\/shop\/"},{"@type":"ListItem","position":3,"name":"Regenovue Aqua Shine Plus (3 x 3ml)"}]},{"@type":"WebSite","@id":"https:\/\/mylipfiller.com\/#website","url":"https:\/\/mylipfiller.com\/","name":"Mi relleno de labios","description":"Rellenos d\u00e9rmicos y de labios con \u00e1cido hialur\u00f3nico","publisher":{"@id":"https:\/\/mylipfiller.com\/#organization"},"potentialAction":[{"@type":"SearchAction","target":{"@type":"EntryPoint","urlTemplate":"https:\/\/mylipfiller.com\/?s={search_term_string}"},"query-input":{"@type":"PropertyValueSpecification","valueRequired":true,"valueName":"search_term_string"}}],"inLanguage":"es"},{"@type":"Organization","@id":"https:\/\/mylipfiller.com\/#organization","name":"Mi relleno de labios","url":"https:\/\/mylipfiller.com\/","logo":{"@type":"ImageObject","inLanguage":"es","@id":"https:\/\/mylipfiller.com\/#\/schema\/logo\/image\/","url":"https:\/\/cdn.mylipfiller.com\/wp-content\/uploads\/2019\/02\/cropped-My-Lip-Filler-Logo.png","contentUrl":"https:\/\/cdn.mylipfiller.com\/wp-content\/uploads\/2019\/02\/cropped-My-Lip-Filler-Logo.png","width":240,"height":88,"caption":"My Lip Filler"},"image":{"@id":"https:\/\/mylipfiller.com\/#\/schema\/logo\/image\/"}}]}},"_links":{"self":[{"href":"https:\/\/mylipfiller.com\/es\/wp-json\/wp\/v2\/product\/597","targetHints":{"allow":["GET"]}}],"collection":[{"href":"https:\/\/mylipfiller.com\/es\/wp-json\/wp\/v2\/product"}],"about":[{"href":"https:\/\/mylipfiller.com\/es\/wp-json\/wp\/v2\/types\/product"}],"wp:featuredmedia":[{"embeddable":true,"href":"https:\/\/mylipfiller.com\/es\/wp-json\/wp\/v2\/media\/554"}],"wp:attachment":[{"href":"https:\/\/mylipfiller.com\/es\/wp-json\/wp\/v2\/media?parent=597"}],"wp:term":[{"taxonomy":"product_brand","embeddable":true,"href":"https:\/\/mylipfiller.com\/es\/wp-json\/wp\/v2\/product_brand?post=597"},{"taxonomy":"product_cat","embeddable":true,"href":"https:\/\/mylipfiller.com\/es\/wp-json\/wp\/v2\/product_cat?post=597"},{"taxonomy":"product_tag","embeddable":true,"href":"https:\/\/mylipfiller.com\/es\/wp-json\/wp\/v2\/product_tag?post=597"}],"curies":[{"name":"gracias","href":"https:\/\/api.w.org\/{rel}","templated":true}]}}