{"id":598,"date":"2019-03-05T16:42:43","date_gmt":"2019-03-05T14:42:43","guid":{"rendered":"https:\/\/mylipfiller.com\/?post_type=product&#038;p=598"},"modified":"2024-07-03T17:32:59","modified_gmt":"2024-07-03T15:32:59","slug":"regenovue-aqua-shine-2-5-ml-x-4-ea","status":"publish","type":"product","link":"https:\/\/mylipfiller.com\/es\/regenovue-aqua-shine-2-5-ml-x-4-ea\/","title":{"rendered":"Regenovue Aqua Shine (3 x 3 ml)"},"content":{"rendered":"<p>Regenovue Aqua Shine es una soluci\u00f3n cosm\u00e9tica dual que ofrece lo mejor de ambos mundos: es un gel HA inyectable que funciona como relleno y tambi\u00e9n tiene un efecto mesoterap\u00e9utico en la piel. El \u00e1cido hialur\u00f3nico en el que se basa el gel tiene una estructura no reticulada. Esto hace que la soluci\u00f3n inyectable sea mucho m\u00e1s f\u00e1cil de insertar en los tejidos blandos de la cara del paciente y trata de manera m\u00e1s eficaz las arrugas y las l\u00edneas de la piel. En general, combina el efecto de rellenar las depresiones superficiales de la piel con mejorar la hidrataci\u00f3n y potenciar las propiedades naturales de autocuraci\u00f3n y rejuvenecimiento.<\/p>\n<p>Cuando se inyecta en un \u00e1rea como el ment\u00f3n, el \u00e1rea glabelar entre las cejas o en el \u00e1rea nasolabial, se lograr\u00e1 un efecto duradero al mantener la piel bien hidratada, suave, el\u00e1stica y sin arrugas visibles u otras depresiones cut\u00e1neas.<\/p>\n<p>Regeunesse Aqua Shine tiene una larga lista de efectos beneficiosos sobre la piel:<\/p>\n<ul>\n<li>Oculta eficazmente las arrugas superficiales.<\/li>\n<li>Elimina las l\u00edneas finas<\/li>\n<li>Restaura la elasticidad y la suavidad<\/li>\n<li>Mejora el color y el tono de la piel.<\/li>\n<li>Tiene un notable efecto tensor de los poros.<\/li>\n<\/ul>\n<p>\u00bfQu\u00e9 tan seguro es Regenovue Aqua Shine?<\/p>\n<p>Este producto de mesoterapia est\u00e1 hecho de \u00e1cido hialur\u00f3nico sint\u00e9tico y purificado, que es totalmente biocompatible. Sin embargo, la terapia con este producto cosm\u00e9tico solo debe realizarse bajo la supervisi\u00f3n y el consejo de un m\u00e9dico autorizado, que tambi\u00e9n debe realizar las sesiones de inyecci\u00f3n.<\/p>","protected":false},"excerpt":{"rendered":"<p>Mientras que la l\u00ednea Regenovue es m\u00e1s conocida por el relleno de \u00e1cido hialur\u00f3nico, Aqua Shine es un producto un poco diferente, pero con propiedades anti-edad igual de potentes. Se trata de una soluci\u00f3n de mesoterapia, una vez m\u00e1s basada en HA, que est\u00e1 espec\u00edficamente destinada a restablecer el equilibrio h\u00eddrico de la piel, eliminando arrugas y l\u00edneas de expresi\u00f3n al hidratar la piel seca y \u00e1spera del paciente. La soluci\u00f3n meso est\u00e1 fabricada con tecnolog\u00edas innovadoras y tiene una alta calidad y efecto garantizados.<\/p>","protected":false},"featured_media":555,"template":"","meta":{"_acf_changed":false},"product_brand":[],"product_cat":[18,174,28],"product_tag":[138,111,147,145,143,137],"class_list":{"0":"post-598","1":"product","2":"type-product","3":"status-publish","4":"has-post-thumbnail","6":"product_cat-mesotherapy","7":"product_cat-neogenesis","8":"product_cat-regenovue","9":"product_tag-anti-aging","10":"product_tag-face","11":"product_tag-moisturizing","12":"product_tag-nourishing","13":"product_tag-rejuvenating","14":"product_tag-south-korea","16":"first","17":"outofstock","18":"taxable","19":"shipping-taxable","20":"purchasable","21":"product-type-simple"},"acf":[],"yoast_head":"<!-- This site is optimized with the Yoast SEO plugin v27.3 - https:\/\/yoast.com\/product\/yoast-seo-wordpress\/ -->\n<title>Buy Regenovue Aqua Shine (3 x 3ml) - Fillers from My Lip Filler<\/title>\n<meta name=\"description\" content=\"\u2765Buy Regenovue Aqua Shine (3 x 3ml) \u23e9 My Lip Filler online store \u27a6 Quality assurance, reviews, ingredients, best prices!\" \/>\n<meta name=\"robots\" content=\"index, follow, max-snippet:-1, max-image-preview:large, max-video-preview:-1\" \/>\n<link rel=\"canonical\" href=\"https:\/\/mylipfiller.com\/es\/regenovue-aqua-shine-2-5-ml-x-4-ea\/\" \/>\n<meta property=\"og:locale\" content=\"es_MX\" \/>\n<meta property=\"og:type\" content=\"article\" \/>\n<meta property=\"og:title\" content=\"Buy Regenovue Aqua Shine (3 x 3ml) - Fillers from My Lip Filler\" \/>\n<meta property=\"og:description\" content=\"\u2765Buy Regenovue Aqua Shine (3 x 3ml) \u23e9 My Lip Filler online store \u27a6 Quality assurance, reviews, ingredients, best prices!\" \/>\n<meta property=\"og:url\" content=\"https:\/\/mylipfiller.com\/es\/regenovue-aqua-shine-2-5-ml-x-4-ea\/\" \/>\n<meta property=\"og:site_name\" content=\"My Lip Filler\" \/>\n<meta property=\"article:modified_time\" content=\"2024-07-03T15:32:59+00:00\" \/>\n<meta property=\"og:image\" content=\"https:\/\/cdn.mylipfiller.com\/wp-content\/uploads\/2019\/03\/Regenovue-Aqua-Shine.jpg\" \/>\n\t<meta property=\"og:image:width\" content=\"600\" \/>\n\t<meta property=\"og:image:height\" content=\"600\" \/>\n\t<meta property=\"og:image:type\" content=\"image\/jpeg\" \/>\n<meta name=\"twitter:card\" content=\"summary_large_image\" \/>\n<meta name=\"twitter:label1\" content=\"Tiempo de lectura\" \/>\n\t<meta name=\"twitter:data1\" content=\"2 minutos\" \/>\n<script type=\"application\/ld+json\" class=\"yoast-schema-graph\">{\"@context\":\"https:\\\/\\\/schema.org\",\"@graph\":[{\"@type\":\"WebPage\",\"@id\":\"https:\\\/\\\/mylipfiller.com\\\/regenovue-aqua-shine-2-5-ml-x-4-ea\\\/\",\"url\":\"https:\\\/\\\/mylipfiller.com\\\/regenovue-aqua-shine-2-5-ml-x-4-ea\\\/\",\"name\":\"Buy Regenovue Aqua Shine (3 x 3ml) - Fillers from My Lip Filler\",\"isPartOf\":{\"@id\":\"https:\\\/\\\/mylipfiller.com\\\/#website\"},\"primaryImageOfPage\":{\"@id\":\"https:\\\/\\\/mylipfiller.com\\\/regenovue-aqua-shine-2-5-ml-x-4-ea\\\/#primaryimage\"},\"image\":{\"@id\":\"https:\\\/\\\/mylipfiller.com\\\/regenovue-aqua-shine-2-5-ml-x-4-ea\\\/#primaryimage\"},\"thumbnailUrl\":\"https:\\\/\\\/mylipfiller.com\\\/wp-content\\\/uploads\\\/2019\\\/03\\\/Regenovue-Aqua-Shine.jpg\",\"datePublished\":\"2019-03-05T14:42:43+00:00\",\"dateModified\":\"2024-07-03T15:32:59+00:00\",\"description\":\"\u2765Buy Regenovue Aqua Shine (3 x 3ml) \u23e9 My Lip Filler online store \u27a6 Quality assurance, reviews, ingredients, best prices!\",\"breadcrumb\":{\"@id\":\"https:\\\/\\\/mylipfiller.com\\\/regenovue-aqua-shine-2-5-ml-x-4-ea\\\/#breadcrumb\"},\"inLanguage\":\"es\",\"potentialAction\":[{\"@type\":\"ReadAction\",\"target\":[\"https:\\\/\\\/mylipfiller.com\\\/regenovue-aqua-shine-2-5-ml-x-4-ea\\\/\"]}]},{\"@type\":\"ImageObject\",\"inLanguage\":\"es\",\"@id\":\"https:\\\/\\\/mylipfiller.com\\\/regenovue-aqua-shine-2-5-ml-x-4-ea\\\/#primaryimage\",\"url\":\"https:\\\/\\\/mylipfiller.com\\\/wp-content\\\/uploads\\\/2019\\\/03\\\/Regenovue-Aqua-Shine.jpg\",\"contentUrl\":\"https:\\\/\\\/mylipfiller.com\\\/wp-content\\\/uploads\\\/2019\\\/03\\\/Regenovue-Aqua-Shine.jpg\",\"width\":600,\"height\":600,\"caption\":\"Regenovue Aqua Shine\"},{\"@type\":\"BreadcrumbList\",\"@id\":\"https:\\\/\\\/mylipfiller.com\\\/regenovue-aqua-shine-2-5-ml-x-4-ea\\\/#breadcrumb\",\"itemListElement\":[{\"@type\":\"ListItem\",\"position\":1,\"name\":\"Home\",\"item\":\"https:\\\/\\\/mylipfiller.com\\\/\"},{\"@type\":\"ListItem\",\"position\":2,\"name\":\"Shop\",\"item\":\"https:\\\/\\\/mylipfiller.com\\\/shop\\\/\"},{\"@type\":\"ListItem\",\"position\":3,\"name\":\"Regenovue Aqua Shine (3 x 3ml)\"}]},{\"@type\":\"WebSite\",\"@id\":\"https:\\\/\\\/mylipfiller.com\\\/#website\",\"url\":\"https:\\\/\\\/mylipfiller.com\\\/\",\"name\":\"My Lip Filler\",\"description\":\"Hyaluronic Acid Lip and Dermal Fillers\",\"publisher\":{\"@id\":\"https:\\\/\\\/mylipfiller.com\\\/#organization\"},\"potentialAction\":[{\"@type\":\"SearchAction\",\"target\":{\"@type\":\"EntryPoint\",\"urlTemplate\":\"https:\\\/\\\/mylipfiller.com\\\/?s={search_term_string}\"},\"query-input\":{\"@type\":\"PropertyValueSpecification\",\"valueRequired\":true,\"valueName\":\"search_term_string\"}}],\"inLanguage\":\"es\"},{\"@type\":\"Organization\",\"@id\":\"https:\\\/\\\/mylipfiller.com\\\/#organization\",\"name\":\"My Lip Filler\",\"url\":\"https:\\\/\\\/mylipfiller.com\\\/\",\"logo\":{\"@type\":\"ImageObject\",\"inLanguage\":\"es\",\"@id\":\"https:\\\/\\\/mylipfiller.com\\\/#\\\/schema\\\/logo\\\/image\\\/\",\"url\":\"https:\\\/\\\/mylipfiller.com\\\/wp-content\\\/uploads\\\/2019\\\/02\\\/cropped-My-Lip-Filler-Logo.png\",\"contentUrl\":\"https:\\\/\\\/mylipfiller.com\\\/wp-content\\\/uploads\\\/2019\\\/02\\\/cropped-My-Lip-Filler-Logo.png\",\"width\":240,\"height\":88,\"caption\":\"My Lip Filler\"},\"image\":{\"@id\":\"https:\\\/\\\/mylipfiller.com\\\/#\\\/schema\\\/logo\\\/image\\\/\"}}]}<\/script>\n<!-- \/ Yoast SEO plugin. -->","yoast_head_json":{"title":"Comprar Regenovue Aqua Shine (3 x 3ml) - Rellenos de My Lip Filler","description":"\u2765Compra Regenovue Aqua Shine (3 x 3ml) \u23e9 Tienda online My Lip Filler \u27a6 Garant\u00eda de calidad, rese\u00f1as, ingredientes, \u00a1los mejores precios!","robots":{"index":"index","follow":"follow","max-snippet":"max-snippet:-1","max-image-preview":"max-image-preview:large","max-video-preview":"max-video-preview:-1"},"canonical":"https:\/\/mylipfiller.com\/es\/regenovue-aqua-shine-2-5-ml-x-4-ea\/","og_locale":"es_MX","og_type":"article","og_title":"Buy Regenovue Aqua Shine (3 x 3ml) - Fillers from My Lip Filler","og_description":"\u2765Buy Regenovue Aqua Shine (3 x 3ml) \u23e9 My Lip Filler online store \u27a6 Quality assurance, reviews, ingredients, best prices!","og_url":"https:\/\/mylipfiller.com\/es\/regenovue-aqua-shine-2-5-ml-x-4-ea\/","og_site_name":"My Lip Filler","article_modified_time":"2024-07-03T15:32:59+00:00","og_image":[{"width":600,"height":600,"url":"https:\/\/cdn.mylipfiller.com\/wp-content\/uploads\/2019\/03\/Regenovue-Aqua-Shine.jpg","type":"image\/jpeg"}],"twitter_card":"summary_large_image","twitter_misc":{"Tiempo de lectura":"2 minutos"},"schema":{"@context":"https:\/\/schema.org","@graph":[{"@type":"WebPage","@id":"https:\/\/mylipfiller.com\/regenovue-aqua-shine-2-5-ml-x-4-ea\/","url":"https:\/\/mylipfiller.com\/regenovue-aqua-shine-2-5-ml-x-4-ea\/","name":"Comprar Regenovue Aqua Shine (3 x 3ml) - Rellenos de My Lip Filler","isPartOf":{"@id":"https:\/\/mylipfiller.com\/#website"},"primaryImageOfPage":{"@id":"https:\/\/mylipfiller.com\/regenovue-aqua-shine-2-5-ml-x-4-ea\/#primaryimage"},"image":{"@id":"https:\/\/mylipfiller.com\/regenovue-aqua-shine-2-5-ml-x-4-ea\/#primaryimage"},"thumbnailUrl":"https:\/\/cdn.mylipfiller.com\/wp-content\/uploads\/2019\/03\/Regenovue-Aqua-Shine.jpg","datePublished":"2019-03-05T14:42:43+00:00","dateModified":"2024-07-03T15:32:59+00:00","description":"\u2765Compra Regenovue Aqua Shine (3 x 3ml) \u23e9 Tienda online My Lip Filler \u27a6 Garant\u00eda de calidad, rese\u00f1as, ingredientes, \u00a1los mejores precios!","breadcrumb":{"@id":"https:\/\/mylipfiller.com\/regenovue-aqua-shine-2-5-ml-x-4-ea\/#breadcrumb"},"inLanguage":"es","potentialAction":[{"@type":"ReadAction","target":["https:\/\/mylipfiller.com\/regenovue-aqua-shine-2-5-ml-x-4-ea\/"]}]},{"@type":"ImageObject","inLanguage":"es","@id":"https:\/\/mylipfiller.com\/regenovue-aqua-shine-2-5-ml-x-4-ea\/#primaryimage","url":"https:\/\/cdn.mylipfiller.com\/wp-content\/uploads\/2019\/03\/Regenovue-Aqua-Shine.jpg","contentUrl":"https:\/\/cdn.mylipfiller.com\/wp-content\/uploads\/2019\/03\/Regenovue-Aqua-Shine.jpg","width":600,"height":600,"caption":"Regenovue Aqua Shine"},{"@type":"BreadcrumbList","@id":"https:\/\/mylipfiller.com\/regenovue-aqua-shine-2-5-ml-x-4-ea\/#breadcrumb","itemListElement":[{"@type":"ListItem","position":1,"name":"Home","item":"https:\/\/mylipfiller.com\/"},{"@type":"ListItem","position":2,"name":"Shop","item":"https:\/\/mylipfiller.com\/shop\/"},{"@type":"ListItem","position":3,"name":"Regenovue Aqua Shine (3 x 3ml)"}]},{"@type":"WebSite","@id":"https:\/\/mylipfiller.com\/#website","url":"https:\/\/mylipfiller.com\/","name":"Mi relleno de labios","description":"Rellenos d\u00e9rmicos y de labios con \u00e1cido hialur\u00f3nico","publisher":{"@id":"https:\/\/mylipfiller.com\/#organization"},"potentialAction":[{"@type":"SearchAction","target":{"@type":"EntryPoint","urlTemplate":"https:\/\/mylipfiller.com\/?s={search_term_string}"},"query-input":{"@type":"PropertyValueSpecification","valueRequired":true,"valueName":"search_term_string"}}],"inLanguage":"es"},{"@type":"Organization","@id":"https:\/\/mylipfiller.com\/#organization","name":"Mi relleno de labios","url":"https:\/\/mylipfiller.com\/","logo":{"@type":"ImageObject","inLanguage":"es","@id":"https:\/\/mylipfiller.com\/#\/schema\/logo\/image\/","url":"https:\/\/cdn.mylipfiller.com\/wp-content\/uploads\/2019\/02\/cropped-My-Lip-Filler-Logo.png","contentUrl":"https:\/\/cdn.mylipfiller.com\/wp-content\/uploads\/2019\/02\/cropped-My-Lip-Filler-Logo.png","width":240,"height":88,"caption":"My Lip Filler"},"image":{"@id":"https:\/\/mylipfiller.com\/#\/schema\/logo\/image\/"}}]}},"_links":{"self":[{"href":"https:\/\/mylipfiller.com\/es\/wp-json\/wp\/v2\/product\/598","targetHints":{"allow":["GET"]}}],"collection":[{"href":"https:\/\/mylipfiller.com\/es\/wp-json\/wp\/v2\/product"}],"about":[{"href":"https:\/\/mylipfiller.com\/es\/wp-json\/wp\/v2\/types\/product"}],"wp:featuredmedia":[{"embeddable":true,"href":"https:\/\/mylipfiller.com\/es\/wp-json\/wp\/v2\/media\/555"}],"wp:attachment":[{"href":"https:\/\/mylipfiller.com\/es\/wp-json\/wp\/v2\/media?parent=598"}],"wp:term":[{"taxonomy":"product_brand","embeddable":true,"href":"https:\/\/mylipfiller.com\/es\/wp-json\/wp\/v2\/product_brand?post=598"},{"taxonomy":"product_cat","embeddable":true,"href":"https:\/\/mylipfiller.com\/es\/wp-json\/wp\/v2\/product_cat?post=598"},{"taxonomy":"product_tag","embeddable":true,"href":"https:\/\/mylipfiller.com\/es\/wp-json\/wp\/v2\/product_tag?post=598"}],"curies":[{"name":"gracias","href":"https:\/\/api.w.org\/{rel}","templated":true}]}}