{"id":599,"date":"2019-03-05T16:43:54","date_gmt":"2019-03-05T14:43:54","guid":{"rendered":"https:\/\/mylipfiller.com\/?post_type=product&#038;p=599"},"modified":"2024-07-03T17:32:59","modified_gmt":"2024-07-03T15:32:59","slug":"regenovue-deep-plus-with-lidocaine-1-x-1-1ml","status":"publish","type":"product","link":"https:\/\/mylipfiller.com\/es\/regenovue-deep-plus-with-lidocaine-1-x-1-1ml\/","title":{"rendered":"Regenovue Deep Plus con lidoca\u00edna (1 x 1,1 ml)"},"content":{"rendered":"<p>Regenovue Deep Plus es la contraparte que contiene lidoca\u00edna del relleno d\u00e9rmico profundo de Regenovue. En sus propiedades y aplicaci\u00f3n, ambos productos son casi id\u00e9nticos: relleno suave para el aumento de labios y la eliminaci\u00f3n de l\u00edneas, arrugas y depresiones moderadas de la piel. O puede ser muy \u00fatil para rellenar las l\u00edneas glabelares entre las cejas o para ocultar las l\u00edneas de marioneta no demasiado severas a ambos lados de la boca.<\/p>\n<p>Por supuesto, el enfoque principal, como con la mayor\u00eda de los rellenos de \u00e1cido hialur\u00f3nico, que llevan el nombre &quot;Deep&quot; son los labios. Con una fluidez excelente y un tama\u00f1o de grano lo suficientemente peque\u00f1o, Regenovue Deep Plus realzar\u00e1 de forma notable e instant\u00e1nea los labios del paciente, durante un per\u00edodo de hasta 18 meses. M\u00e1s volumen, mejores proporciones de labios y resultados de aspecto natural sin que el relleno se mueva despu\u00e9s de la inyecci\u00f3n.<\/p>\n<p>La \u00fanica diferencia real entre Deep Plus y la base Regenovue Deep filler es la lidoca\u00edna contenida en el primero. Un 0.1ml de lidoca\u00edna, no solo garantiza una incomodidad m\u00ednima para el paciente, sino que tambi\u00e9n hace que el uso de anestesia adicional y m\u00e1s fuerte sea redundante. Una vez inyectado, el paciente no sentir\u00e1 ning\u00fan s\u00edntoma adverso grave. Limitados solo al \u00e1rea de inyecci\u00f3n, pueden incluir:<\/p>\n<ul>\n<li>Enrojecimiento<\/li>\n<li>Hinchaz\u00f3n<\/li>\n<li>Irritaci\u00f3n<\/li>\n<li>Sensibilidad extra<\/li>\n<li>Dolor leve<\/li>\n<\/ul>\n<p>Estos efectos secundarios normalmente pasar\u00e1n de un par de horas a uno o dos d\u00edas. Cuando se inyecta, el gel proporcionar\u00e1 resultados instant\u00e1neos y naturales. Dado que se trata de una soluci\u00f3n no permanente, es necesaria la posterior inyecci\u00f3n de relleno para mantener la forma y el volumen de los labios o para mantener las arrugas rellenas. Normalmente, una sola inyecci\u00f3n de Regenovue Deep Plus durar\u00e1 de un a\u00f1o a 18 meses, pero depende de factores como el estilo de vida, el medio ambiente y la salud general de los pacientes.<\/p>","protected":false},"excerpt":{"rendered":"<p>El realce de labios puede ser indoloro. Con Regenovue Deep Plus, los pacientes obtienen labios hermosos y carnosos en una sola sesi\u00f3n de inyecci\u00f3n, sin molestias innecesarias. Este es el relleno d\u00e9rmico ideal para contornear los labios y aumentar su volumen y forma. El relleno HA tambi\u00e9n es lo suficientemente suave como para ser apropiado para la eliminaci\u00f3n de arrugas y depresiones cut\u00e1neas de moderadas a medias. Regenovue Deep Plus puede tratar las l\u00edneas glabelares y de marioneta de finas a medias.<\/p>","protected":false},"featured_media":556,"template":"","meta":{"_acf_changed":false},"product_brand":[],"product_cat":[33,174,28],"product_tag":[111,151,133,107,134,137,120,116],"class_list":{"0":"post-599","1":"product","2":"type-product","3":"status-publish","4":"has-post-thumbnail","6":"product_cat-lip","7":"product_cat-neogenesis","8":"product_cat-regenovue","9":"product_tag-face","10":"product_tag-hyaluronic-acid-ha-fillers","11":"product_tag-marionette-lines","12":"product_tag-nasolabial-folds","13":"product_tag-small-lips","14":"product_tag-south-korea","15":"product_tag-up-to-12-months","16":"product_tag-with-lidocaine","18":"first","19":"outofstock","20":"taxable","21":"shipping-taxable","22":"purchasable","23":"product-type-simple"},"acf":[],"yoast_head":"<!-- This site is optimized with the Yoast SEO plugin v27.4 - https:\/\/yoast.com\/product\/yoast-seo-wordpress\/ -->\n<title>Buy Regenovue Deep Plus with Lidocaine (1 x 1.1ml) - Fillers from My Lip Filler<\/title>\n<meta name=\"description\" content=\"\u2765Buy Regenovue Deep Plus with Lidocaine (1 x 1.1ml) \u23e9 My Lip Filler online store \u27a6 Quality assurance, reviews, ingredients, best prices!\" \/>\n<meta name=\"robots\" content=\"index, follow, max-snippet:-1, max-image-preview:large, max-video-preview:-1\" \/>\n<link rel=\"canonical\" href=\"https:\/\/mylipfiller.com\/es\/regenovue-deep-plus-with-lidocaine-1-x-1-1ml\/\" \/>\n<meta property=\"og:locale\" content=\"es_MX\" \/>\n<meta property=\"og:type\" content=\"article\" \/>\n<meta property=\"og:title\" content=\"Buy Regenovue Deep Plus with Lidocaine (1 x 1.1ml) - Fillers from My Lip Filler\" \/>\n<meta property=\"og:description\" content=\"\u2765Buy Regenovue Deep Plus with Lidocaine (1 x 1.1ml) \u23e9 My Lip Filler online store \u27a6 Quality assurance, reviews, ingredients, best prices!\" \/>\n<meta property=\"og:url\" content=\"https:\/\/mylipfiller.com\/es\/regenovue-deep-plus-with-lidocaine-1-x-1-1ml\/\" \/>\n<meta property=\"og:site_name\" content=\"My Lip Filler\" \/>\n<meta property=\"article:modified_time\" content=\"2024-07-03T15:32:59+00:00\" \/>\n<meta property=\"og:image\" content=\"https:\/\/cdn.mylipfiller.com\/wp-content\/uploads\/2019\/03\/Regenovue-Deep-Plus.jpg\" \/>\n\t<meta property=\"og:image:width\" content=\"600\" \/>\n\t<meta property=\"og:image:height\" content=\"600\" \/>\n\t<meta property=\"og:image:type\" content=\"image\/jpeg\" \/>\n<meta name=\"twitter:card\" content=\"summary_large_image\" \/>\n<meta name=\"twitter:label1\" content=\"Tiempo de lectura\" \/>\n\t<meta name=\"twitter:data1\" content=\"2 minutos\" \/>\n<script type=\"application\/ld+json\" class=\"yoast-schema-graph\">{\"@context\":\"https:\\\/\\\/schema.org\",\"@graph\":[{\"@type\":\"WebPage\",\"@id\":\"https:\\\/\\\/mylipfiller.com\\\/regenovue-deep-plus-with-lidocaine-1-x-1-1ml\\\/\",\"url\":\"https:\\\/\\\/mylipfiller.com\\\/regenovue-deep-plus-with-lidocaine-1-x-1-1ml\\\/\",\"name\":\"Buy Regenovue Deep Plus with Lidocaine (1 x 1.1ml) - Fillers from My Lip Filler\",\"isPartOf\":{\"@id\":\"https:\\\/\\\/mylipfiller.com\\\/#website\"},\"primaryImageOfPage\":{\"@id\":\"https:\\\/\\\/mylipfiller.com\\\/regenovue-deep-plus-with-lidocaine-1-x-1-1ml\\\/#primaryimage\"},\"image\":{\"@id\":\"https:\\\/\\\/mylipfiller.com\\\/regenovue-deep-plus-with-lidocaine-1-x-1-1ml\\\/#primaryimage\"},\"thumbnailUrl\":\"https:\\\/\\\/mylipfiller.com\\\/wp-content\\\/uploads\\\/2019\\\/03\\\/Regenovue-Deep-Plus.jpg\",\"datePublished\":\"2019-03-05T14:43:54+00:00\",\"dateModified\":\"2024-07-03T15:32:59+00:00\",\"description\":\"\u2765Buy Regenovue Deep Plus with Lidocaine (1 x 1.1ml) \u23e9 My Lip Filler online store \u27a6 Quality assurance, reviews, ingredients, best prices!\",\"breadcrumb\":{\"@id\":\"https:\\\/\\\/mylipfiller.com\\\/regenovue-deep-plus-with-lidocaine-1-x-1-1ml\\\/#breadcrumb\"},\"inLanguage\":\"es\",\"potentialAction\":[{\"@type\":\"ReadAction\",\"target\":[\"https:\\\/\\\/mylipfiller.com\\\/regenovue-deep-plus-with-lidocaine-1-x-1-1ml\\\/\"]}]},{\"@type\":\"ImageObject\",\"inLanguage\":\"es\",\"@id\":\"https:\\\/\\\/mylipfiller.com\\\/regenovue-deep-plus-with-lidocaine-1-x-1-1ml\\\/#primaryimage\",\"url\":\"https:\\\/\\\/mylipfiller.com\\\/wp-content\\\/uploads\\\/2019\\\/03\\\/Regenovue-Deep-Plus.jpg\",\"contentUrl\":\"https:\\\/\\\/mylipfiller.com\\\/wp-content\\\/uploads\\\/2019\\\/03\\\/Regenovue-Deep-Plus.jpg\",\"width\":600,\"height\":600,\"caption\":\"Regenovue Deep Plus\"},{\"@type\":\"BreadcrumbList\",\"@id\":\"https:\\\/\\\/mylipfiller.com\\\/regenovue-deep-plus-with-lidocaine-1-x-1-1ml\\\/#breadcrumb\",\"itemListElement\":[{\"@type\":\"ListItem\",\"position\":1,\"name\":\"Home\",\"item\":\"https:\\\/\\\/mylipfiller.com\\\/\"},{\"@type\":\"ListItem\",\"position\":2,\"name\":\"Shop\",\"item\":\"https:\\\/\\\/mylipfiller.com\\\/shop\\\/\"},{\"@type\":\"ListItem\",\"position\":3,\"name\":\"Regenovue Deep Plus with Lidocaine (1 x 1.1ml)\"}]},{\"@type\":\"WebSite\",\"@id\":\"https:\\\/\\\/mylipfiller.com\\\/#website\",\"url\":\"https:\\\/\\\/mylipfiller.com\\\/\",\"name\":\"My Lip Filler\",\"description\":\"Hyaluronic Acid Lip and Dermal Fillers\",\"publisher\":{\"@id\":\"https:\\\/\\\/mylipfiller.com\\\/#organization\"},\"potentialAction\":[{\"@type\":\"SearchAction\",\"target\":{\"@type\":\"EntryPoint\",\"urlTemplate\":\"https:\\\/\\\/mylipfiller.com\\\/?s={search_term_string}\"},\"query-input\":{\"@type\":\"PropertyValueSpecification\",\"valueRequired\":true,\"valueName\":\"search_term_string\"}}],\"inLanguage\":\"es\"},{\"@type\":\"Organization\",\"@id\":\"https:\\\/\\\/mylipfiller.com\\\/#organization\",\"name\":\"My Lip Filler\",\"url\":\"https:\\\/\\\/mylipfiller.com\\\/\",\"logo\":{\"@type\":\"ImageObject\",\"inLanguage\":\"es\",\"@id\":\"https:\\\/\\\/mylipfiller.com\\\/#\\\/schema\\\/logo\\\/image\\\/\",\"url\":\"https:\\\/\\\/mylipfiller.com\\\/wp-content\\\/uploads\\\/2019\\\/02\\\/cropped-My-Lip-Filler-Logo.png\",\"contentUrl\":\"https:\\\/\\\/mylipfiller.com\\\/wp-content\\\/uploads\\\/2019\\\/02\\\/cropped-My-Lip-Filler-Logo.png\",\"width\":240,\"height\":88,\"caption\":\"My Lip Filler\"},\"image\":{\"@id\":\"https:\\\/\\\/mylipfiller.com\\\/#\\\/schema\\\/logo\\\/image\\\/\"}}]}<\/script>\n<!-- \/ Yoast SEO plugin. -->","yoast_head_json":{"title":"Compre Regenovue Deep Plus con lidoca\u00edna (1 x 1,1 ml) - Rellenos de My Lip Filler","description":"\u2765Compra Regenovue Deep Plus con Lidoca\u00edna (1 x 1,1 ml) \u23e9 Tienda online My Lip Filler \u27a6 Garant\u00eda de calidad, rese\u00f1as, ingredientes, \u00a1los mejores precios!","robots":{"index":"index","follow":"follow","max-snippet":"max-snippet:-1","max-image-preview":"max-image-preview:large","max-video-preview":"max-video-preview:-1"},"canonical":"https:\/\/mylipfiller.com\/es\/regenovue-deep-plus-with-lidocaine-1-x-1-1ml\/","og_locale":"es_MX","og_type":"article","og_title":"Buy Regenovue Deep Plus with Lidocaine (1 x 1.1ml) - Fillers from My Lip Filler","og_description":"\u2765Buy Regenovue Deep Plus with Lidocaine (1 x 1.1ml) \u23e9 My Lip Filler online store \u27a6 Quality assurance, reviews, ingredients, best prices!","og_url":"https:\/\/mylipfiller.com\/es\/regenovue-deep-plus-with-lidocaine-1-x-1-1ml\/","og_site_name":"My Lip Filler","article_modified_time":"2024-07-03T15:32:59+00:00","og_image":[{"width":600,"height":600,"url":"https:\/\/cdn.mylipfiller.com\/wp-content\/uploads\/2019\/03\/Regenovue-Deep-Plus.jpg","type":"image\/jpeg"}],"twitter_card":"summary_large_image","twitter_misc":{"Tiempo de lectura":"2 minutos"},"schema":{"@context":"https:\/\/schema.org","@graph":[{"@type":"WebPage","@id":"https:\/\/mylipfiller.com\/regenovue-deep-plus-with-lidocaine-1-x-1-1ml\/","url":"https:\/\/mylipfiller.com\/regenovue-deep-plus-with-lidocaine-1-x-1-1ml\/","name":"Compre Regenovue Deep Plus con lidoca\u00edna (1 x 1,1 ml) - Rellenos de My Lip Filler","isPartOf":{"@id":"https:\/\/mylipfiller.com\/#website"},"primaryImageOfPage":{"@id":"https:\/\/mylipfiller.com\/regenovue-deep-plus-with-lidocaine-1-x-1-1ml\/#primaryimage"},"image":{"@id":"https:\/\/mylipfiller.com\/regenovue-deep-plus-with-lidocaine-1-x-1-1ml\/#primaryimage"},"thumbnailUrl":"https:\/\/cdn.mylipfiller.com\/wp-content\/uploads\/2019\/03\/Regenovue-Deep-Plus.jpg","datePublished":"2019-03-05T14:43:54+00:00","dateModified":"2024-07-03T15:32:59+00:00","description":"\u2765Compra Regenovue Deep Plus con Lidoca\u00edna (1 x 1,1 ml) \u23e9 Tienda online My Lip Filler \u27a6 Garant\u00eda de calidad, rese\u00f1as, ingredientes, \u00a1los mejores precios!","breadcrumb":{"@id":"https:\/\/mylipfiller.com\/regenovue-deep-plus-with-lidocaine-1-x-1-1ml\/#breadcrumb"},"inLanguage":"es","potentialAction":[{"@type":"ReadAction","target":["https:\/\/mylipfiller.com\/regenovue-deep-plus-with-lidocaine-1-x-1-1ml\/"]}]},{"@type":"ImageObject","inLanguage":"es","@id":"https:\/\/mylipfiller.com\/regenovue-deep-plus-with-lidocaine-1-x-1-1ml\/#primaryimage","url":"https:\/\/cdn.mylipfiller.com\/wp-content\/uploads\/2019\/03\/Regenovue-Deep-Plus.jpg","contentUrl":"https:\/\/cdn.mylipfiller.com\/wp-content\/uploads\/2019\/03\/Regenovue-Deep-Plus.jpg","width":600,"height":600,"caption":"Regenovue Deep Plus"},{"@type":"BreadcrumbList","@id":"https:\/\/mylipfiller.com\/regenovue-deep-plus-with-lidocaine-1-x-1-1ml\/#breadcrumb","itemListElement":[{"@type":"ListItem","position":1,"name":"Home","item":"https:\/\/mylipfiller.com\/"},{"@type":"ListItem","position":2,"name":"Shop","item":"https:\/\/mylipfiller.com\/shop\/"},{"@type":"ListItem","position":3,"name":"Regenovue Deep Plus with Lidocaine (1 x 1.1ml)"}]},{"@type":"WebSite","@id":"https:\/\/mylipfiller.com\/#website","url":"https:\/\/mylipfiller.com\/","name":"Mi relleno de labios","description":"Rellenos d\u00e9rmicos y de labios con \u00e1cido hialur\u00f3nico","publisher":{"@id":"https:\/\/mylipfiller.com\/#organization"},"potentialAction":[{"@type":"SearchAction","target":{"@type":"EntryPoint","urlTemplate":"https:\/\/mylipfiller.com\/?s={search_term_string}"},"query-input":{"@type":"PropertyValueSpecification","valueRequired":true,"valueName":"search_term_string"}}],"inLanguage":"es"},{"@type":"Organization","@id":"https:\/\/mylipfiller.com\/#organization","name":"Mi relleno de labios","url":"https:\/\/mylipfiller.com\/","logo":{"@type":"ImageObject","inLanguage":"es","@id":"https:\/\/mylipfiller.com\/#\/schema\/logo\/image\/","url":"https:\/\/cdn.mylipfiller.com\/wp-content\/uploads\/2019\/02\/cropped-My-Lip-Filler-Logo.png","contentUrl":"https:\/\/cdn.mylipfiller.com\/wp-content\/uploads\/2019\/02\/cropped-My-Lip-Filler-Logo.png","width":240,"height":88,"caption":"My Lip Filler"},"image":{"@id":"https:\/\/mylipfiller.com\/#\/schema\/logo\/image\/"}}]}},"_links":{"self":[{"href":"https:\/\/mylipfiller.com\/es\/wp-json\/wp\/v2\/product\/599","targetHints":{"allow":["GET"]}}],"collection":[{"href":"https:\/\/mylipfiller.com\/es\/wp-json\/wp\/v2\/product"}],"about":[{"href":"https:\/\/mylipfiller.com\/es\/wp-json\/wp\/v2\/types\/product"}],"wp:featuredmedia":[{"embeddable":true,"href":"https:\/\/mylipfiller.com\/es\/wp-json\/wp\/v2\/media\/556"}],"wp:attachment":[{"href":"https:\/\/mylipfiller.com\/es\/wp-json\/wp\/v2\/media?parent=599"}],"wp:term":[{"taxonomy":"product_brand","embeddable":true,"href":"https:\/\/mylipfiller.com\/es\/wp-json\/wp\/v2\/product_brand?post=599"},{"taxonomy":"product_cat","embeddable":true,"href":"https:\/\/mylipfiller.com\/es\/wp-json\/wp\/v2\/product_cat?post=599"},{"taxonomy":"product_tag","embeddable":true,"href":"https:\/\/mylipfiller.com\/es\/wp-json\/wp\/v2\/product_tag?post=599"}],"curies":[{"name":"gracias","href":"https:\/\/api.w.org\/{rel}","templated":true}]}}