{"id":600,"date":"2019-03-05T16:44:47","date_gmt":"2019-03-05T14:44:47","guid":{"rendered":"https:\/\/mylipfiller.com\/?post_type=product&#038;p=600"},"modified":"2024-07-03T17:32:59","modified_gmt":"2024-07-03T15:32:59","slug":"regenovue-deep-1-x-1ml","status":"publish","type":"product","link":"https:\/\/mylipfiller.com\/es\/regenovue-deep-1-x-1ml\/","title":{"rendered":"Regenovue Deep (1 x 1 ml)"},"content":{"rendered":"<p>Regenovue Deep es un relleno de \u00e1cido hialur\u00f3nico con un tama\u00f1o de grano relativamente peque\u00f1o. Esto hace que el gel inyectable de HA sea m\u00e1s &quot;suave&quot; y con mejor viscoelasticidad. Estas son dos propiedades principales que debe tener un gel inyectable para que sea eficaz como relleno de labios. Los labios y los m\u00fasculos que los rodean se contraen y se mueven mucho en todas direcciones. Por lo tanto, el relleno de labios utilizado debe ser estable, no desplazarse ni fluir, ya que el m\u00e9dico lo ha colocado en los tejidos blandos. Elegir Regenovue Deep significa que obtienes todo eso, y algo m\u00e1s. Este relleno ofrece:<\/p>\n<ul>\n<li>Resultados naturales<\/li>\n<li>Volumen mejorado<\/li>\n<li>Efecto duradero<\/li>\n<li>Tacto suave<\/li>\n<li>Excelente estabilidad del gel.<\/li>\n<\/ul>\n<p>Adem\u00e1s, Regenovue Deep es un excelente relleno para la eliminaci\u00f3n de arrugas de tama\u00f1o medio a superficial. Su estructura suave pero estable es justo lo que se necesita para ocultar de forma natural las arrugas y l\u00edneas de hasta una profundidad media. Las \u00e1reas que a menudo se inyectan con el relleno d\u00e9rmico profundo de Regenovue son las l\u00edneas glabelares que se forman entre las cejas, l\u00edneas moderadas de la frente y l\u00edneas superficiales de marioneta durante todo el mes.<\/p>\n<h3>Calidad de la masilla profunda Regenovue<\/h3>\n<p>Este es uno de los mejores rellenos de labios del mercado. Deep es biocompatible con el cuerpo humano y una vez inyectado ser\u00e1 disuelto lentamente por las enzimas, sin causar efectos adversos notables. El ingrediente principal del gel inyectable es el \u00e1cido hialur\u00f3nico. Es de origen sint\u00e9tico, pero tambi\u00e9n se puede encontrar de forma natural en el cuerpo humano. Tiene numerosos efectos rejuvenecedores positivos sobre la piel, incluida una mejor hidrataci\u00f3n y una mejor elasticidad y suavidad.<\/p>","protected":false},"excerpt":{"rendered":"<p>Los rellenos de labios son el procedimiento de aumento cosm\u00e9tico m\u00e1s com\u00fan en la \u00faltima d\u00e9cada. Los rellenos de labios como Regenovue Deep han permitido a los pacientes mejorar el volumen y la forma de sus labios y lograr proporciones perfectas. Sin embargo, este relleno d\u00e9rmico va m\u00e1s all\u00e1, proporcionando una eliminaci\u00f3n instant\u00e1nea y duradera de las arrugas moderadas y ocultando las molestas l\u00edneas glabelares o marionetas con una profundidad de poco profunda a intermedia.<\/p>","protected":false},"featured_media":557,"template":"","meta":{"_acf_changed":false},"product_brand":[],"product_cat":[33,174,28],"product_tag":[111,151,133,107,134,137,120],"class_list":{"0":"post-600","1":"product","2":"type-product","3":"status-publish","4":"has-post-thumbnail","6":"product_cat-lip","7":"product_cat-neogenesis","8":"product_cat-regenovue","9":"product_tag-face","10":"product_tag-hyaluronic-acid-ha-fillers","11":"product_tag-marionette-lines","12":"product_tag-nasolabial-folds","13":"product_tag-small-lips","14":"product_tag-south-korea","15":"product_tag-up-to-12-months","17":"first","18":"outofstock","19":"taxable","20":"shipping-taxable","21":"purchasable","22":"product-type-simple"},"acf":[],"yoast_head":"<!-- This site is optimized with the Yoast SEO plugin v27.2 - https:\/\/yoast.com\/product\/yoast-seo-wordpress\/ -->\n<title>Buy Regenovue Deep (1 x 1ml) - Fillers from My Lip Filler<\/title>\n<meta name=\"description\" content=\"\u2765Buy Regenovue Deep (1 x 1ml) \u23e9 My Lip Filler online store \u27a6 Quality assurance, reviews, ingredients, best prices!\" \/>\n<meta name=\"robots\" content=\"index, follow, max-snippet:-1, max-image-preview:large, max-video-preview:-1\" \/>\n<link rel=\"canonical\" href=\"https:\/\/mylipfiller.com\/es\/regenovue-deep-1-x-1ml\/\" \/>\n<meta property=\"og:locale\" content=\"es_MX\" \/>\n<meta property=\"og:type\" content=\"article\" \/>\n<meta property=\"og:title\" content=\"Buy Regenovue Deep (1 x 1ml) - Fillers from My Lip Filler\" \/>\n<meta property=\"og:description\" content=\"\u2765Buy Regenovue Deep (1 x 1ml) \u23e9 My Lip Filler online store \u27a6 Quality assurance, reviews, ingredients, best prices!\" \/>\n<meta property=\"og:url\" content=\"https:\/\/mylipfiller.com\/es\/regenovue-deep-1-x-1ml\/\" \/>\n<meta property=\"og:site_name\" content=\"My Lip Filler\" \/>\n<meta property=\"article:modified_time\" content=\"2024-07-03T15:32:59+00:00\" \/>\n<meta property=\"og:image\" content=\"https:\/\/cdn.mylipfiller.com\/wp-content\/uploads\/2019\/03\/Regenovue-Deep.jpg\" \/>\n\t<meta property=\"og:image:width\" content=\"600\" \/>\n\t<meta property=\"og:image:height\" content=\"600\" \/>\n\t<meta property=\"og:image:type\" content=\"image\/jpeg\" \/>\n<meta name=\"twitter:card\" content=\"summary_large_image\" \/>\n<meta name=\"twitter:label1\" content=\"Tiempo de lectura\" \/>\n\t<meta name=\"twitter:data1\" content=\"2 minutos\" \/>\n<script type=\"application\/ld+json\" class=\"yoast-schema-graph\">{\"@context\":\"https:\/\/schema.org\",\"@graph\":[{\"@type\":\"WebPage\",\"@id\":\"https:\/\/mylipfiller.com\/regenovue-deep-1-x-1ml\/\",\"url\":\"https:\/\/mylipfiller.com\/regenovue-deep-1-x-1ml\/\",\"name\":\"Buy Regenovue Deep (1 x 1ml) - Fillers from My Lip Filler\",\"isPartOf\":{\"@id\":\"https:\/\/mylipfiller.com\/#website\"},\"primaryImageOfPage\":{\"@id\":\"https:\/\/mylipfiller.com\/regenovue-deep-1-x-1ml\/#primaryimage\"},\"image\":{\"@id\":\"https:\/\/mylipfiller.com\/regenovue-deep-1-x-1ml\/#primaryimage\"},\"thumbnailUrl\":\"https:\/\/cdn.mylipfiller.com\/wp-content\/uploads\/2019\/03\/Regenovue-Deep.jpg\",\"datePublished\":\"2019-03-05T14:44:47+00:00\",\"dateModified\":\"2024-07-03T15:32:59+00:00\",\"description\":\"\u2765Buy Regenovue Deep (1 x 1ml) \u23e9 My Lip Filler online store \u27a6 Quality assurance, reviews, ingredients, best prices!\",\"breadcrumb\":{\"@id\":\"https:\/\/mylipfiller.com\/regenovue-deep-1-x-1ml\/#breadcrumb\"},\"inLanguage\":\"es\",\"potentialAction\":[{\"@type\":\"ReadAction\",\"target\":[\"https:\/\/mylipfiller.com\/regenovue-deep-1-x-1ml\/\"]}]},{\"@type\":\"ImageObject\",\"inLanguage\":\"es\",\"@id\":\"https:\/\/mylipfiller.com\/regenovue-deep-1-x-1ml\/#primaryimage\",\"url\":\"https:\/\/cdn.mylipfiller.com\/wp-content\/uploads\/2019\/03\/Regenovue-Deep.jpg\",\"contentUrl\":\"https:\/\/cdn.mylipfiller.com\/wp-content\/uploads\/2019\/03\/Regenovue-Deep.jpg\",\"width\":600,\"height\":600,\"caption\":\"Regenovue Deep\"},{\"@type\":\"BreadcrumbList\",\"@id\":\"https:\/\/mylipfiller.com\/regenovue-deep-1-x-1ml\/#breadcrumb\",\"itemListElement\":[{\"@type\":\"ListItem\",\"position\":1,\"name\":\"Home\",\"item\":\"https:\/\/mylipfiller.com\/\"},{\"@type\":\"ListItem\",\"position\":2,\"name\":\"Shop\",\"item\":\"https:\/\/mylipfiller.com\/shop\/\"},{\"@type\":\"ListItem\",\"position\":3,\"name\":\"Regenovue Deep (1 x 1ml)\"}]},{\"@type\":\"WebSite\",\"@id\":\"https:\/\/mylipfiller.com\/#website\",\"url\":\"https:\/\/mylipfiller.com\/\",\"name\":\"My Lip Filler\",\"description\":\"Hyaluronic Acid Lip and Dermal Fillers\",\"publisher\":{\"@id\":\"https:\/\/mylipfiller.com\/#organization\"},\"potentialAction\":[{\"@type\":\"SearchAction\",\"target\":{\"@type\":\"EntryPoint\",\"urlTemplate\":\"https:\/\/mylipfiller.com\/?s={search_term_string}\"},\"query-input\":{\"@type\":\"PropertyValueSpecification\",\"valueRequired\":true,\"valueName\":\"search_term_string\"}}],\"inLanguage\":\"es\"},{\"@type\":\"Organization\",\"@id\":\"https:\/\/mylipfiller.com\/#organization\",\"name\":\"My Lip Filler\",\"url\":\"https:\/\/mylipfiller.com\/\",\"logo\":{\"@type\":\"ImageObject\",\"inLanguage\":\"es\",\"@id\":\"https:\/\/mylipfiller.com\/#\/schema\/logo\/image\/\",\"url\":\"https:\/\/cdn.mylipfiller.com\/wp-content\/uploads\/2019\/02\/cropped-My-Lip-Filler-Logo.png\",\"contentUrl\":\"https:\/\/cdn.mylipfiller.com\/wp-content\/uploads\/2019\/02\/cropped-My-Lip-Filler-Logo.png\",\"width\":240,\"height\":88,\"caption\":\"My Lip Filler\"},\"image\":{\"@id\":\"https:\/\/mylipfiller.com\/#\/schema\/logo\/image\/\"}}]}<\/script>\n<!-- \/ Yoast SEO plugin. -->","yoast_head_json":{"title":"Comprar Regenovue Deep (1 x 1ml) - Rellenos de My Lip Filler","description":"\u2765Compra Regenovue Deep (1 x 1ml) \u23e9 Tienda online My Lip Filler \u27a6 Garant\u00eda de calidad, rese\u00f1as, ingredientes, \u00a1los mejores precios!","robots":{"index":"index","follow":"follow","max-snippet":"max-snippet:-1","max-image-preview":"max-image-preview:large","max-video-preview":"max-video-preview:-1"},"canonical":"https:\/\/mylipfiller.com\/es\/regenovue-deep-1-x-1ml\/","og_locale":"es_MX","og_type":"article","og_title":"Buy Regenovue Deep (1 x 1ml) - Fillers from My Lip Filler","og_description":"\u2765Buy Regenovue Deep (1 x 1ml) \u23e9 My Lip Filler online store \u27a6 Quality assurance, reviews, ingredients, best prices!","og_url":"https:\/\/mylipfiller.com\/es\/regenovue-deep-1-x-1ml\/","og_site_name":"My Lip Filler","article_modified_time":"2024-07-03T15:32:59+00:00","og_image":[{"width":600,"height":600,"url":"https:\/\/cdn.mylipfiller.com\/wp-content\/uploads\/2019\/03\/Regenovue-Deep.jpg","type":"image\/jpeg"}],"twitter_card":"summary_large_image","twitter_misc":{"Tiempo de lectura":"2 minutos"},"schema":{"@context":"https:\/\/schema.org","@graph":[{"@type":"WebPage","@id":"https:\/\/mylipfiller.com\/regenovue-deep-1-x-1ml\/","url":"https:\/\/mylipfiller.com\/regenovue-deep-1-x-1ml\/","name":"Comprar Regenovue Deep (1 x 1ml) - Rellenos de My Lip Filler","isPartOf":{"@id":"https:\/\/mylipfiller.com\/#website"},"primaryImageOfPage":{"@id":"https:\/\/mylipfiller.com\/regenovue-deep-1-x-1ml\/#primaryimage"},"image":{"@id":"https:\/\/mylipfiller.com\/regenovue-deep-1-x-1ml\/#primaryimage"},"thumbnailUrl":"https:\/\/cdn.mylipfiller.com\/wp-content\/uploads\/2019\/03\/Regenovue-Deep.jpg","datePublished":"2019-03-05T14:44:47+00:00","dateModified":"2024-07-03T15:32:59+00:00","description":"\u2765Compra Regenovue Deep (1 x 1ml) \u23e9 Tienda online My Lip Filler \u27a6 Garant\u00eda de calidad, rese\u00f1as, ingredientes, \u00a1los mejores precios!","breadcrumb":{"@id":"https:\/\/mylipfiller.com\/regenovue-deep-1-x-1ml\/#breadcrumb"},"inLanguage":"es","potentialAction":[{"@type":"ReadAction","target":["https:\/\/mylipfiller.com\/regenovue-deep-1-x-1ml\/"]}]},{"@type":"ImageObject","inLanguage":"es","@id":"https:\/\/mylipfiller.com\/regenovue-deep-1-x-1ml\/#primaryimage","url":"https:\/\/cdn.mylipfiller.com\/wp-content\/uploads\/2019\/03\/Regenovue-Deep.jpg","contentUrl":"https:\/\/cdn.mylipfiller.com\/wp-content\/uploads\/2019\/03\/Regenovue-Deep.jpg","width":600,"height":600,"caption":"Regenovue Deep"},{"@type":"BreadcrumbList","@id":"https:\/\/mylipfiller.com\/regenovue-deep-1-x-1ml\/#breadcrumb","itemListElement":[{"@type":"ListItem","position":1,"name":"Home","item":"https:\/\/mylipfiller.com\/"},{"@type":"ListItem","position":2,"name":"Shop","item":"https:\/\/mylipfiller.com\/shop\/"},{"@type":"ListItem","position":3,"name":"Regenovue Deep (1 x 1ml)"}]},{"@type":"WebSite","@id":"https:\/\/mylipfiller.com\/#website","url":"https:\/\/mylipfiller.com\/","name":"Mi relleno de labios","description":"Rellenos d\u00e9rmicos y de labios con \u00e1cido hialur\u00f3nico","publisher":{"@id":"https:\/\/mylipfiller.com\/#organization"},"potentialAction":[{"@type":"SearchAction","target":{"@type":"EntryPoint","urlTemplate":"https:\/\/mylipfiller.com\/?s={search_term_string}"},"query-input":{"@type":"PropertyValueSpecification","valueRequired":true,"valueName":"search_term_string"}}],"inLanguage":"es"},{"@type":"Organization","@id":"https:\/\/mylipfiller.com\/#organization","name":"Mi relleno de labios","url":"https:\/\/mylipfiller.com\/","logo":{"@type":"ImageObject","inLanguage":"es","@id":"https:\/\/mylipfiller.com\/#\/schema\/logo\/image\/","url":"https:\/\/cdn.mylipfiller.com\/wp-content\/uploads\/2019\/02\/cropped-My-Lip-Filler-Logo.png","contentUrl":"https:\/\/cdn.mylipfiller.com\/wp-content\/uploads\/2019\/02\/cropped-My-Lip-Filler-Logo.png","width":240,"height":88,"caption":"My Lip Filler"},"image":{"@id":"https:\/\/mylipfiller.com\/#\/schema\/logo\/image\/"}}]}},"_links":{"self":[{"href":"https:\/\/mylipfiller.com\/es\/wp-json\/wp\/v2\/product\/600","targetHints":{"allow":["GET"]}}],"collection":[{"href":"https:\/\/mylipfiller.com\/es\/wp-json\/wp\/v2\/product"}],"about":[{"href":"https:\/\/mylipfiller.com\/es\/wp-json\/wp\/v2\/types\/product"}],"wp:featuredmedia":[{"embeddable":true,"href":"https:\/\/mylipfiller.com\/es\/wp-json\/wp\/v2\/media\/557"}],"wp:attachment":[{"href":"https:\/\/mylipfiller.com\/es\/wp-json\/wp\/v2\/media?parent=600"}],"wp:term":[{"taxonomy":"product_brand","embeddable":true,"href":"https:\/\/mylipfiller.com\/es\/wp-json\/wp\/v2\/product_brand?post=600"},{"taxonomy":"product_cat","embeddable":true,"href":"https:\/\/mylipfiller.com\/es\/wp-json\/wp\/v2\/product_cat?post=600"},{"taxonomy":"product_tag","embeddable":true,"href":"https:\/\/mylipfiller.com\/es\/wp-json\/wp\/v2\/product_tag?post=600"}],"curies":[{"name":"gracias","href":"https:\/\/api.w.org\/{rel}","templated":true}]}}