{"id":602,"date":"2019-03-05T16:46:38","date_gmt":"2019-03-05T14:46:38","guid":{"rendered":"https:\/\/mylipfiller.com\/?post_type=product&#038;p=602"},"modified":"2024-07-03T17:32:59","modified_gmt":"2024-07-03T15:32:59","slug":"regenovue-fine-1-x-1ml","status":"publish","type":"product","link":"https:\/\/mylipfiller.com\/es\/regenovue-fine-1-x-1ml\/","title":{"rendered":"Regenovue fina (1 x 1 ml)"},"content":{"rendered":"<p>El poderoso efecto anti-edad de Regenovue Fine se debe todo al \u00c1cido Hialur\u00f3nico, que es el ingrediente principal de este gel cosm\u00e9tico inyectable. Se puede encontrar de forma natural en el interior de plantas, animales y seres humanos y existen numerosos efectos beneficiosos que tiene sobre la piel. En la industria cosm\u00e9tica, el HA usado es sint\u00e9tico, de origen no animal, pero a\u00fan completamente seguro y biocompatible. Tiene propiedades \u00fanicas de retenci\u00f3n de agua y los productos basados en \u00e1cido hialur\u00f3nico mejoran el equilibrio natural de hidrataci\u00f3n de la piel. Mejora la elasticidad y suaviza la piel.<\/p>\n<p>Regenovue Fine toma todas las propiedades naturales de mejora de la piel de HA y las utiliza al m\u00e1ximo en la eliminaci\u00f3n de arrugas. Este potente relleno d\u00e9rmico es una soluci\u00f3n muy eficaz para:<\/p>\n<ul>\n<li>Eliminar l\u00edneas glabelares<\/li>\n<li>Tratar las patas de gallo<\/li>\n<li>Eliminar las l\u00edneas finas alrededor de la boca.<\/li>\n<li>Relleno de l\u00edneas de marionetas poco profundas<\/li>\n<li>Labios contorneados<\/li>\n<\/ul>\n<p>Una de las principales ventajas del producto cosm\u00e9tico es su rentabilidad. Por un lado, Regenovue Fine es un relleno de piel de primera calidad con un precio econ\u00f3mico, que ofrece la calidad de los rellenos de nivel superior a una fracci\u00f3n del precio. Por otro lado, las inyecciones de relleno d\u00e9rmico, en general, son mucho m\u00e1s rentables que la cirug\u00eda pl\u00e1stica y ofrecen una forma menos dolorosa y m\u00e1s flexible de tratar las arrugas.<\/p>\n<h3>Eliminaci\u00f3n de arrugas con relleno fino Regenovue<\/h3>\n<p>Los resultados de la eliminaci\u00f3n de arrugas y l\u00edneas con este relleno HA son bastante r\u00e1pidos. Una sola sesi\u00f3n durar\u00e1 entre veinte y treinta minutos. Una vez terminado, el paciente podr\u00e1 ver los cambios positivos de inmediato. Dependiendo del n\u00famero de \u00e1reas que se tratar\u00e1n, pueden ser necesarias varias inyecciones en el transcurso de varios procedimientos. Es necesaria la inyecci\u00f3n peri\u00f3dica de un nuevo gel de relleno de HA para mantener los resultados y la forma conseguidos.<\/p>","protected":false},"excerpt":{"rendered":"<p>Regenovue Fine es un filtro d\u00e9rmico de \u00e1cido hialur\u00f3nico especialmente dise\u00f1ado para la eliminaci\u00f3n de arrugas superficiales y el relleno de l\u00edneas finas en las \u00e1reas nasolabiales y glabela. Un producto biocompatible, proporcionar\u00e1 a los pacientes hasta 18 meses de experiencia sin arrugas. Regenovue Fine da un aspecto natural y devuelve el volumen a la piel potenciando la apariencia del paciente, utilizando al m\u00e1ximo el poder del HA altamente concentrado.<\/p>","protected":false},"featured_media":559,"template":"","meta":{"_acf_changed":false},"product_brand":[],"product_cat":[174,28,32],"product_tag":[144,125,111,126,112,128,151,117,146,137,119,148,127],"class_list":{"0":"post-602","1":"product","2":"type-product","3":"status-publish","4":"has-post-thumbnail","6":"product_cat-neogenesis","7":"product_cat-regenovue","8":"product_cat-soft","9":"product_tag-anti-wrinkle","10":"product_tag-crows-feet","11":"product_tag-face","12":"product_tag-fine-lines","13":"product_tag-forehead","14":"product_tag-forehead-wrinkles","15":"product_tag-hyaluronic-acid-ha-fillers","16":"product_tag-low-density","17":"product_tag-smoothing","18":"product_tag-south-korea","19":"product_tag-up-to-9-months","20":"product_tag-upper-dermis","21":"product_tag-wrinkles-around-the-eyes","23":"first","24":"outofstock","25":"taxable","26":"shipping-taxable","27":"purchasable","28":"product-type-simple"},"acf":[],"yoast_head":"<!-- This site is optimized with the Yoast SEO plugin v27.4 - https:\/\/yoast.com\/product\/yoast-seo-wordpress\/ -->\n<title>Buy Regenovue Fine (1 x 1ml) - Fillers from My Lip Filler<\/title>\n<meta name=\"description\" content=\"\u2765Buy Regenovue Fine (1 x 1ml) \u23e9 My Lip Filler online store \u27a6 Quality assurance, reviews, ingredients, best prices!\" \/>\n<meta name=\"robots\" content=\"index, follow, max-snippet:-1, max-image-preview:large, max-video-preview:-1\" \/>\n<link rel=\"canonical\" href=\"https:\/\/mylipfiller.com\/es\/regenovue-fine-1-x-1ml\/\" \/>\n<meta property=\"og:locale\" content=\"es_MX\" \/>\n<meta property=\"og:type\" content=\"article\" \/>\n<meta property=\"og:title\" content=\"Buy Regenovue Fine (1 x 1ml) - Fillers from My Lip Filler\" \/>\n<meta property=\"og:description\" content=\"\u2765Buy Regenovue Fine (1 x 1ml) \u23e9 My Lip Filler online store \u27a6 Quality assurance, reviews, ingredients, best prices!\" \/>\n<meta property=\"og:url\" content=\"https:\/\/mylipfiller.com\/es\/regenovue-fine-1-x-1ml\/\" \/>\n<meta property=\"og:site_name\" content=\"My Lip Filler\" \/>\n<meta property=\"article:modified_time\" content=\"2024-07-03T15:32:59+00:00\" \/>\n<meta property=\"og:image\" content=\"https:\/\/cdn.mylipfiller.com\/wp-content\/uploads\/2019\/03\/Regenovue-Fine.jpg\" \/>\n\t<meta property=\"og:image:width\" content=\"600\" \/>\n\t<meta property=\"og:image:height\" content=\"600\" \/>\n\t<meta property=\"og:image:type\" content=\"image\/jpeg\" \/>\n<meta name=\"twitter:card\" content=\"summary_large_image\" \/>\n<meta name=\"twitter:label1\" content=\"Tiempo de lectura\" \/>\n\t<meta name=\"twitter:data1\" content=\"2 minutos\" \/>\n<script type=\"application\/ld+json\" class=\"yoast-schema-graph\">{\"@context\":\"https:\\\/\\\/schema.org\",\"@graph\":[{\"@type\":\"WebPage\",\"@id\":\"https:\\\/\\\/mylipfiller.com\\\/regenovue-fine-1-x-1ml\\\/\",\"url\":\"https:\\\/\\\/mylipfiller.com\\\/regenovue-fine-1-x-1ml\\\/\",\"name\":\"Buy Regenovue Fine (1 x 1ml) - Fillers from My Lip Filler\",\"isPartOf\":{\"@id\":\"https:\\\/\\\/mylipfiller.com\\\/#website\"},\"primaryImageOfPage\":{\"@id\":\"https:\\\/\\\/mylipfiller.com\\\/regenovue-fine-1-x-1ml\\\/#primaryimage\"},\"image\":{\"@id\":\"https:\\\/\\\/mylipfiller.com\\\/regenovue-fine-1-x-1ml\\\/#primaryimage\"},\"thumbnailUrl\":\"https:\\\/\\\/mylipfiller.com\\\/wp-content\\\/uploads\\\/2019\\\/03\\\/Regenovue-Fine.jpg\",\"datePublished\":\"2019-03-05T14:46:38+00:00\",\"dateModified\":\"2024-07-03T15:32:59+00:00\",\"description\":\"\u2765Buy Regenovue Fine (1 x 1ml) \u23e9 My Lip Filler online store \u27a6 Quality assurance, reviews, ingredients, best prices!\",\"breadcrumb\":{\"@id\":\"https:\\\/\\\/mylipfiller.com\\\/regenovue-fine-1-x-1ml\\\/#breadcrumb\"},\"inLanguage\":\"es\",\"potentialAction\":[{\"@type\":\"ReadAction\",\"target\":[\"https:\\\/\\\/mylipfiller.com\\\/regenovue-fine-1-x-1ml\\\/\"]}]},{\"@type\":\"ImageObject\",\"inLanguage\":\"es\",\"@id\":\"https:\\\/\\\/mylipfiller.com\\\/regenovue-fine-1-x-1ml\\\/#primaryimage\",\"url\":\"https:\\\/\\\/mylipfiller.com\\\/wp-content\\\/uploads\\\/2019\\\/03\\\/Regenovue-Fine.jpg\",\"contentUrl\":\"https:\\\/\\\/mylipfiller.com\\\/wp-content\\\/uploads\\\/2019\\\/03\\\/Regenovue-Fine.jpg\",\"width\":600,\"height\":600,\"caption\":\"Regenovue Fine\"},{\"@type\":\"BreadcrumbList\",\"@id\":\"https:\\\/\\\/mylipfiller.com\\\/regenovue-fine-1-x-1ml\\\/#breadcrumb\",\"itemListElement\":[{\"@type\":\"ListItem\",\"position\":1,\"name\":\"Home\",\"item\":\"https:\\\/\\\/mylipfiller.com\\\/\"},{\"@type\":\"ListItem\",\"position\":2,\"name\":\"Shop\",\"item\":\"https:\\\/\\\/mylipfiller.com\\\/shop\\\/\"},{\"@type\":\"ListItem\",\"position\":3,\"name\":\"Regenovue Fine (1 x 1ml)\"}]},{\"@type\":\"WebSite\",\"@id\":\"https:\\\/\\\/mylipfiller.com\\\/#website\",\"url\":\"https:\\\/\\\/mylipfiller.com\\\/\",\"name\":\"My Lip Filler\",\"description\":\"Hyaluronic Acid Lip and Dermal Fillers\",\"publisher\":{\"@id\":\"https:\\\/\\\/mylipfiller.com\\\/#organization\"},\"potentialAction\":[{\"@type\":\"SearchAction\",\"target\":{\"@type\":\"EntryPoint\",\"urlTemplate\":\"https:\\\/\\\/mylipfiller.com\\\/?s={search_term_string}\"},\"query-input\":{\"@type\":\"PropertyValueSpecification\",\"valueRequired\":true,\"valueName\":\"search_term_string\"}}],\"inLanguage\":\"es\"},{\"@type\":\"Organization\",\"@id\":\"https:\\\/\\\/mylipfiller.com\\\/#organization\",\"name\":\"My Lip Filler\",\"url\":\"https:\\\/\\\/mylipfiller.com\\\/\",\"logo\":{\"@type\":\"ImageObject\",\"inLanguage\":\"es\",\"@id\":\"https:\\\/\\\/mylipfiller.com\\\/#\\\/schema\\\/logo\\\/image\\\/\",\"url\":\"https:\\\/\\\/mylipfiller.com\\\/wp-content\\\/uploads\\\/2019\\\/02\\\/cropped-My-Lip-Filler-Logo.png\",\"contentUrl\":\"https:\\\/\\\/mylipfiller.com\\\/wp-content\\\/uploads\\\/2019\\\/02\\\/cropped-My-Lip-Filler-Logo.png\",\"width\":240,\"height\":88,\"caption\":\"My Lip Filler\"},\"image\":{\"@id\":\"https:\\\/\\\/mylipfiller.com\\\/#\\\/schema\\\/logo\\\/image\\\/\"}}]}<\/script>\n<!-- \/ Yoast SEO plugin. -->","yoast_head_json":{"title":"Comprar Regenovue Fine (1 x 1ml) - Rellenos de My Lip Filler","description":"\u2765Compra Regenovue Fine (1 x 1ml) \u23e9 Tienda online My Lip Filler \u27a6 Garant\u00eda de calidad, rese\u00f1as, ingredientes, \u00a1los mejores precios!","robots":{"index":"index","follow":"follow","max-snippet":"max-snippet:-1","max-image-preview":"max-image-preview:large","max-video-preview":"max-video-preview:-1"},"canonical":"https:\/\/mylipfiller.com\/es\/regenovue-fine-1-x-1ml\/","og_locale":"es_MX","og_type":"article","og_title":"Buy Regenovue Fine (1 x 1ml) - Fillers from My Lip Filler","og_description":"\u2765Buy Regenovue Fine (1 x 1ml) \u23e9 My Lip Filler online store \u27a6 Quality assurance, reviews, ingredients, best prices!","og_url":"https:\/\/mylipfiller.com\/es\/regenovue-fine-1-x-1ml\/","og_site_name":"My Lip Filler","article_modified_time":"2024-07-03T15:32:59+00:00","og_image":[{"width":600,"height":600,"url":"https:\/\/cdn.mylipfiller.com\/wp-content\/uploads\/2019\/03\/Regenovue-Fine.jpg","type":"image\/jpeg"}],"twitter_card":"summary_large_image","twitter_misc":{"Tiempo de lectura":"2 minutos"},"schema":{"@context":"https:\/\/schema.org","@graph":[{"@type":"WebPage","@id":"https:\/\/mylipfiller.com\/regenovue-fine-1-x-1ml\/","url":"https:\/\/mylipfiller.com\/regenovue-fine-1-x-1ml\/","name":"Comprar Regenovue Fine (1 x 1ml) - Rellenos de My Lip Filler","isPartOf":{"@id":"https:\/\/mylipfiller.com\/#website"},"primaryImageOfPage":{"@id":"https:\/\/mylipfiller.com\/regenovue-fine-1-x-1ml\/#primaryimage"},"image":{"@id":"https:\/\/mylipfiller.com\/regenovue-fine-1-x-1ml\/#primaryimage"},"thumbnailUrl":"https:\/\/cdn.mylipfiller.com\/wp-content\/uploads\/2019\/03\/Regenovue-Fine.jpg","datePublished":"2019-03-05T14:46:38+00:00","dateModified":"2024-07-03T15:32:59+00:00","description":"\u2765Compra Regenovue Fine (1 x 1ml) \u23e9 Tienda online My Lip Filler \u27a6 Garant\u00eda de calidad, rese\u00f1as, ingredientes, \u00a1los mejores precios!","breadcrumb":{"@id":"https:\/\/mylipfiller.com\/regenovue-fine-1-x-1ml\/#breadcrumb"},"inLanguage":"es","potentialAction":[{"@type":"ReadAction","target":["https:\/\/mylipfiller.com\/regenovue-fine-1-x-1ml\/"]}]},{"@type":"ImageObject","inLanguage":"es","@id":"https:\/\/mylipfiller.com\/regenovue-fine-1-x-1ml\/#primaryimage","url":"https:\/\/cdn.mylipfiller.com\/wp-content\/uploads\/2019\/03\/Regenovue-Fine.jpg","contentUrl":"https:\/\/cdn.mylipfiller.com\/wp-content\/uploads\/2019\/03\/Regenovue-Fine.jpg","width":600,"height":600,"caption":"Regenovue Fine"},{"@type":"BreadcrumbList","@id":"https:\/\/mylipfiller.com\/regenovue-fine-1-x-1ml\/#breadcrumb","itemListElement":[{"@type":"ListItem","position":1,"name":"Home","item":"https:\/\/mylipfiller.com\/"},{"@type":"ListItem","position":2,"name":"Shop","item":"https:\/\/mylipfiller.com\/shop\/"},{"@type":"ListItem","position":3,"name":"Regenovue Fine (1 x 1ml)"}]},{"@type":"WebSite","@id":"https:\/\/mylipfiller.com\/#website","url":"https:\/\/mylipfiller.com\/","name":"Mi relleno de labios","description":"Rellenos d\u00e9rmicos y de labios con \u00e1cido hialur\u00f3nico","publisher":{"@id":"https:\/\/mylipfiller.com\/#organization"},"potentialAction":[{"@type":"SearchAction","target":{"@type":"EntryPoint","urlTemplate":"https:\/\/mylipfiller.com\/?s={search_term_string}"},"query-input":{"@type":"PropertyValueSpecification","valueRequired":true,"valueName":"search_term_string"}}],"inLanguage":"es"},{"@type":"Organization","@id":"https:\/\/mylipfiller.com\/#organization","name":"Mi relleno de labios","url":"https:\/\/mylipfiller.com\/","logo":{"@type":"ImageObject","inLanguage":"es","@id":"https:\/\/mylipfiller.com\/#\/schema\/logo\/image\/","url":"https:\/\/cdn.mylipfiller.com\/wp-content\/uploads\/2019\/02\/cropped-My-Lip-Filler-Logo.png","contentUrl":"https:\/\/cdn.mylipfiller.com\/wp-content\/uploads\/2019\/02\/cropped-My-Lip-Filler-Logo.png","width":240,"height":88,"caption":"My Lip Filler"},"image":{"@id":"https:\/\/mylipfiller.com\/#\/schema\/logo\/image\/"}}]}},"_links":{"self":[{"href":"https:\/\/mylipfiller.com\/es\/wp-json\/wp\/v2\/product\/602","targetHints":{"allow":["GET"]}}],"collection":[{"href":"https:\/\/mylipfiller.com\/es\/wp-json\/wp\/v2\/product"}],"about":[{"href":"https:\/\/mylipfiller.com\/es\/wp-json\/wp\/v2\/types\/product"}],"wp:featuredmedia":[{"embeddable":true,"href":"https:\/\/mylipfiller.com\/es\/wp-json\/wp\/v2\/media\/559"}],"wp:attachment":[{"href":"https:\/\/mylipfiller.com\/es\/wp-json\/wp\/v2\/media?parent=602"}],"wp:term":[{"taxonomy":"product_brand","embeddable":true,"href":"https:\/\/mylipfiller.com\/es\/wp-json\/wp\/v2\/product_brand?post=602"},{"taxonomy":"product_cat","embeddable":true,"href":"https:\/\/mylipfiller.com\/es\/wp-json\/wp\/v2\/product_cat?post=602"},{"taxonomy":"product_tag","embeddable":true,"href":"https:\/\/mylipfiller.com\/es\/wp-json\/wp\/v2\/product_tag?post=602"}],"curies":[{"name":"gracias","href":"https:\/\/api.w.org\/{rel}","templated":true}]}}