{"id":603,"date":"2019-03-05T16:47:43","date_gmt":"2019-03-05T14:47:43","guid":{"rendered":"https:\/\/mylipfiller.com\/?post_type=product&#038;p=603"},"modified":"2024-07-03T17:32:58","modified_gmt":"2024-07-03T15:32:58","slug":"regenovue-sub-q-plus-1-x-1-1ml","status":"publish","type":"product","link":"https:\/\/mylipfiller.com\/es\/regenovue-sub-q-plus-1-x-1-1ml\/","title":{"rendered":"Regenovue Sub-Q Plus (1 x 1,1 ml)"},"content":{"rendered":"<p>Como el resto de los rellenos Plus de la l\u00ednea Regenovue, Sub-Q contiene lidoca\u00edna, que no solo hace que la inyecci\u00f3n de gel HA sea indolora, sino que no requiere que el m\u00e9dico use ning\u00fan anest\u00e9sico adicional. De hecho, el relleno viene listo para la inyecci\u00f3n, ya que est\u00e1 precargado en una jeringa y la caja contiene una aguja de 30G.<\/p>\n<h3>Ventajas de Regenovue Sub-Q Plus<\/h3>\n<p>Este es el relleno para esculpir elegido por muchos m\u00e9dicos porque:<\/p>\n<ul>\n<li>El precio es muy accesible<\/li>\n<li>Los resultados son duraderos<\/li>\n<li>La estructura de relleno es muy estable.<\/li>\n<li>Puede inyectarse en la cara y en las manos.<\/li>\n<li>Ofrece una alternativa r\u00e1pida y segura a la cirug\u00eda est\u00e9tica.<\/li>\n<\/ul>\n<p>En cierto sentido, este relleno d\u00e9rmico es una soluci\u00f3n natural y una alternativa a la cirug\u00eda pl\u00e1stica. Mientras que la cirug\u00eda requiere una inversi\u00f3n financiera significativa, el tiempo de inactividad y los resultados son permanentes, Regenovue Sub-Q toma \u00e1cido hialur\u00f3nico completamente biocompatible (de origen natural, si se obtiene sint\u00e9ticamente para el producto) y ofrece una alternativa f\u00e1cil. Los rellenos cut\u00e1neos son una forma m\u00e1s flexible de tratamiento anti-edad, no requieren tiempo de inactividad y son m\u00e1s asequibles.<\/p>\n<p>Este relleno es m\u00e1s grueso que el promedio, con un tama\u00f1o de grano m\u00e1s grande. El objetivo principal de esta soluci\u00f3n cosm\u00e9tica es permitir a los m\u00e9dicos esculpir los rasgos faciales de los pacientes. Puede usarse para aumentar la l\u00ednea de la mand\u00edbula y mejorar la forma del ment\u00f3n. El relleno se puede utilizar para rinoplastia, tanto solo como en combinaci\u00f3n con cirug\u00eda. Adem\u00e1s, cuando se trata de tratar depresiones cut\u00e1neas profundas a severas, l\u00edneas muy pronunciadas en la frente, l\u00edneas de marioneta severas, Regenovue Sub-Q Plus ofrece una soluci\u00f3n.<\/p>","protected":false},"excerpt":{"rendered":"<p>Regenovue Sub-Q Plus es un relleno d\u00e9rmico avanzado que utiliza gel de \u00e1cido hialur\u00f3nico para dar forma y contorno a los rasgos faciales. Aumente diferentes partes de la cara como los p\u00f3mulos, el ment\u00f3n y la nariz, utilizando este relleno de HA espeso y estable. El producto contiene 0,1 ml de lidoca\u00edna para eliminar cualquier dolor de la experiencia de la inyecci\u00f3n. Resultados duraderos y naturales de la l\u00ednea facial y aumento de caracter\u00edsticas con el relleno Regenovue Sub-Q Plus.<\/p>","protected":false},"featured_media":560,"template":"","meta":{"_acf_changed":false},"product_brand":[],"product_cat":[34,174,28],"product_tag":[123,130,131,115,114,111,118,151,141,142,135,137,110,122,124,116],"class_list":{"0":"post-603","1":"product","2":"type-product","3":"status-publish","4":"has-post-thumbnail","6":"product_cat-hard","7":"product_cat-neogenesis","8":"product_cat-regenovue","9":"product_tag-asymmetry","10":"product_tag-cheek-volume","11":"product_tag-cheekbone-contour","12":"product_tag-cheekbones","13":"product_tag-chin","14":"product_tag-face","15":"product_tag-high-density","16":"product_tag-hyaluronic-acid-ha-fillers","17":"product_tag-lifting","18":"product_tag-modeling","19":"product_tag-small-chin","20":"product_tag-south-korea","21":"product_tag-temple","22":"product_tag-up-to-18-months","23":"product_tag-volume","24":"product_tag-with-lidocaine","26":"first","27":"outofstock","28":"taxable","29":"shipping-taxable","30":"purchasable","31":"product-type-simple"},"acf":[],"yoast_head":"<!-- This site is optimized with the Yoast SEO plugin v27.4 - https:\/\/yoast.com\/product\/yoast-seo-wordpress\/ -->\n<title>Buy Regenovue Sub-Q Plus (1 x 1.1ml) - Fillers from My Lip Filler<\/title>\n<meta name=\"description\" content=\"\u2765Buy Regenovue Sub-Q Plus (1 x 1.1ml) \u23e9 My Lip Filler online store \u27a6 Quality assurance, reviews, ingredients, best prices!\" \/>\n<meta name=\"robots\" content=\"index, follow, max-snippet:-1, max-image-preview:large, max-video-preview:-1\" \/>\n<link rel=\"canonical\" href=\"https:\/\/mylipfiller.com\/es\/regenovue-sub-q-plus-1-x-1-1ml\/\" \/>\n<meta property=\"og:locale\" content=\"es_MX\" \/>\n<meta property=\"og:type\" content=\"article\" \/>\n<meta property=\"og:title\" content=\"Buy Regenovue Sub-Q Plus (1 x 1.1ml) - Fillers from My Lip Filler\" \/>\n<meta property=\"og:description\" content=\"\u2765Buy Regenovue Sub-Q Plus (1 x 1.1ml) \u23e9 My Lip Filler online store \u27a6 Quality assurance, reviews, ingredients, best prices!\" \/>\n<meta property=\"og:url\" content=\"https:\/\/mylipfiller.com\/es\/regenovue-sub-q-plus-1-x-1-1ml\/\" \/>\n<meta property=\"og:site_name\" content=\"My Lip Filler\" \/>\n<meta property=\"article:modified_time\" content=\"2024-07-03T15:32:58+00:00\" \/>\n<meta property=\"og:image\" content=\"https:\/\/cdn.mylipfiller.com\/wp-content\/uploads\/2019\/03\/Regenovue-Sub-Q-Plus.jpg\" \/>\n\t<meta property=\"og:image:width\" content=\"600\" \/>\n\t<meta property=\"og:image:height\" content=\"600\" \/>\n\t<meta property=\"og:image:type\" content=\"image\/jpeg\" \/>\n<meta name=\"twitter:card\" content=\"summary_large_image\" \/>\n<meta name=\"twitter:label1\" content=\"Tiempo de lectura\" \/>\n\t<meta name=\"twitter:data1\" content=\"2 minutos\" \/>\n<script type=\"application\/ld+json\" class=\"yoast-schema-graph\">{\"@context\":\"https:\\\/\\\/schema.org\",\"@graph\":[{\"@type\":\"WebPage\",\"@id\":\"https:\\\/\\\/mylipfiller.com\\\/regenovue-sub-q-plus-1-x-1-1ml\\\/\",\"url\":\"https:\\\/\\\/mylipfiller.com\\\/regenovue-sub-q-plus-1-x-1-1ml\\\/\",\"name\":\"Buy Regenovue Sub-Q Plus (1 x 1.1ml) - Fillers from My Lip Filler\",\"isPartOf\":{\"@id\":\"https:\\\/\\\/mylipfiller.com\\\/#website\"},\"primaryImageOfPage\":{\"@id\":\"https:\\\/\\\/mylipfiller.com\\\/regenovue-sub-q-plus-1-x-1-1ml\\\/#primaryimage\"},\"image\":{\"@id\":\"https:\\\/\\\/mylipfiller.com\\\/regenovue-sub-q-plus-1-x-1-1ml\\\/#primaryimage\"},\"thumbnailUrl\":\"https:\\\/\\\/mylipfiller.com\\\/wp-content\\\/uploads\\\/2019\\\/03\\\/Regenovue-Sub-Q-Plus.jpg\",\"datePublished\":\"2019-03-05T14:47:43+00:00\",\"dateModified\":\"2024-07-03T15:32:58+00:00\",\"description\":\"\u2765Buy Regenovue Sub-Q Plus (1 x 1.1ml) \u23e9 My Lip Filler online store \u27a6 Quality assurance, reviews, ingredients, best prices!\",\"breadcrumb\":{\"@id\":\"https:\\\/\\\/mylipfiller.com\\\/regenovue-sub-q-plus-1-x-1-1ml\\\/#breadcrumb\"},\"inLanguage\":\"es\",\"potentialAction\":[{\"@type\":\"ReadAction\",\"target\":[\"https:\\\/\\\/mylipfiller.com\\\/regenovue-sub-q-plus-1-x-1-1ml\\\/\"]}]},{\"@type\":\"ImageObject\",\"inLanguage\":\"es\",\"@id\":\"https:\\\/\\\/mylipfiller.com\\\/regenovue-sub-q-plus-1-x-1-1ml\\\/#primaryimage\",\"url\":\"https:\\\/\\\/mylipfiller.com\\\/wp-content\\\/uploads\\\/2019\\\/03\\\/Regenovue-Sub-Q-Plus.jpg\",\"contentUrl\":\"https:\\\/\\\/mylipfiller.com\\\/wp-content\\\/uploads\\\/2019\\\/03\\\/Regenovue-Sub-Q-Plus.jpg\",\"width\":600,\"height\":600,\"caption\":\"Regenovue Sub-Q Plus\"},{\"@type\":\"BreadcrumbList\",\"@id\":\"https:\\\/\\\/mylipfiller.com\\\/regenovue-sub-q-plus-1-x-1-1ml\\\/#breadcrumb\",\"itemListElement\":[{\"@type\":\"ListItem\",\"position\":1,\"name\":\"Home\",\"item\":\"https:\\\/\\\/mylipfiller.com\\\/\"},{\"@type\":\"ListItem\",\"position\":2,\"name\":\"Shop\",\"item\":\"https:\\\/\\\/mylipfiller.com\\\/shop\\\/\"},{\"@type\":\"ListItem\",\"position\":3,\"name\":\"Regenovue Sub-Q Plus (1 x 1.1ml)\"}]},{\"@type\":\"WebSite\",\"@id\":\"https:\\\/\\\/mylipfiller.com\\\/#website\",\"url\":\"https:\\\/\\\/mylipfiller.com\\\/\",\"name\":\"My Lip Filler\",\"description\":\"Hyaluronic Acid Lip and Dermal Fillers\",\"publisher\":{\"@id\":\"https:\\\/\\\/mylipfiller.com\\\/#organization\"},\"potentialAction\":[{\"@type\":\"SearchAction\",\"target\":{\"@type\":\"EntryPoint\",\"urlTemplate\":\"https:\\\/\\\/mylipfiller.com\\\/?s={search_term_string}\"},\"query-input\":{\"@type\":\"PropertyValueSpecification\",\"valueRequired\":true,\"valueName\":\"search_term_string\"}}],\"inLanguage\":\"es\"},{\"@type\":\"Organization\",\"@id\":\"https:\\\/\\\/mylipfiller.com\\\/#organization\",\"name\":\"My Lip Filler\",\"url\":\"https:\\\/\\\/mylipfiller.com\\\/\",\"logo\":{\"@type\":\"ImageObject\",\"inLanguage\":\"es\",\"@id\":\"https:\\\/\\\/mylipfiller.com\\\/#\\\/schema\\\/logo\\\/image\\\/\",\"url\":\"https:\\\/\\\/mylipfiller.com\\\/wp-content\\\/uploads\\\/2019\\\/02\\\/cropped-My-Lip-Filler-Logo.png\",\"contentUrl\":\"https:\\\/\\\/mylipfiller.com\\\/wp-content\\\/uploads\\\/2019\\\/02\\\/cropped-My-Lip-Filler-Logo.png\",\"width\":240,\"height\":88,\"caption\":\"My Lip Filler\"},\"image\":{\"@id\":\"https:\\\/\\\/mylipfiller.com\\\/#\\\/schema\\\/logo\\\/image\\\/\"}}]}<\/script>\n<!-- \/ Yoast SEO plugin. -->","yoast_head_json":{"title":"Compre Regenovue Sub-Q Plus (1 x 1,1 ml) - Rellenos de My Lip Filler","description":"\u2765Compre Regenovue Sub-Q Plus (1 x 1,1 ml) \u23e9 Tienda online My Lip Filler \u27a6 Garant\u00eda de calidad, rese\u00f1as, ingredientes, \u00a1los mejores precios!","robots":{"index":"index","follow":"follow","max-snippet":"max-snippet:-1","max-image-preview":"max-image-preview:large","max-video-preview":"max-video-preview:-1"},"canonical":"https:\/\/mylipfiller.com\/es\/regenovue-sub-q-plus-1-x-1-1ml\/","og_locale":"es_MX","og_type":"article","og_title":"Buy Regenovue Sub-Q Plus (1 x 1.1ml) - Fillers from My Lip Filler","og_description":"\u2765Buy Regenovue Sub-Q Plus (1 x 1.1ml) \u23e9 My Lip Filler online store \u27a6 Quality assurance, reviews, ingredients, best prices!","og_url":"https:\/\/mylipfiller.com\/es\/regenovue-sub-q-plus-1-x-1-1ml\/","og_site_name":"My Lip Filler","article_modified_time":"2024-07-03T15:32:58+00:00","og_image":[{"width":600,"height":600,"url":"https:\/\/cdn.mylipfiller.com\/wp-content\/uploads\/2019\/03\/Regenovue-Sub-Q-Plus.jpg","type":"image\/jpeg"}],"twitter_card":"summary_large_image","twitter_misc":{"Tiempo de lectura":"2 minutos"},"schema":{"@context":"https:\/\/schema.org","@graph":[{"@type":"WebPage","@id":"https:\/\/mylipfiller.com\/regenovue-sub-q-plus-1-x-1-1ml\/","url":"https:\/\/mylipfiller.com\/regenovue-sub-q-plus-1-x-1-1ml\/","name":"Compre Regenovue Sub-Q Plus (1 x 1,1 ml) - Rellenos de My Lip Filler","isPartOf":{"@id":"https:\/\/mylipfiller.com\/#website"},"primaryImageOfPage":{"@id":"https:\/\/mylipfiller.com\/regenovue-sub-q-plus-1-x-1-1ml\/#primaryimage"},"image":{"@id":"https:\/\/mylipfiller.com\/regenovue-sub-q-plus-1-x-1-1ml\/#primaryimage"},"thumbnailUrl":"https:\/\/cdn.mylipfiller.com\/wp-content\/uploads\/2019\/03\/Regenovue-Sub-Q-Plus.jpg","datePublished":"2019-03-05T14:47:43+00:00","dateModified":"2024-07-03T15:32:58+00:00","description":"\u2765Compre Regenovue Sub-Q Plus (1 x 1,1 ml) \u23e9 Tienda online My Lip Filler \u27a6 Garant\u00eda de calidad, rese\u00f1as, ingredientes, \u00a1los mejores precios!","breadcrumb":{"@id":"https:\/\/mylipfiller.com\/regenovue-sub-q-plus-1-x-1-1ml\/#breadcrumb"},"inLanguage":"es","potentialAction":[{"@type":"ReadAction","target":["https:\/\/mylipfiller.com\/regenovue-sub-q-plus-1-x-1-1ml\/"]}]},{"@type":"ImageObject","inLanguage":"es","@id":"https:\/\/mylipfiller.com\/regenovue-sub-q-plus-1-x-1-1ml\/#primaryimage","url":"https:\/\/cdn.mylipfiller.com\/wp-content\/uploads\/2019\/03\/Regenovue-Sub-Q-Plus.jpg","contentUrl":"https:\/\/cdn.mylipfiller.com\/wp-content\/uploads\/2019\/03\/Regenovue-Sub-Q-Plus.jpg","width":600,"height":600,"caption":"Regenovue Sub-Q Plus"},{"@type":"BreadcrumbList","@id":"https:\/\/mylipfiller.com\/regenovue-sub-q-plus-1-x-1-1ml\/#breadcrumb","itemListElement":[{"@type":"ListItem","position":1,"name":"Home","item":"https:\/\/mylipfiller.com\/"},{"@type":"ListItem","position":2,"name":"Shop","item":"https:\/\/mylipfiller.com\/shop\/"},{"@type":"ListItem","position":3,"name":"Regenovue Sub-Q Plus (1 x 1.1ml)"}]},{"@type":"WebSite","@id":"https:\/\/mylipfiller.com\/#website","url":"https:\/\/mylipfiller.com\/","name":"Mi relleno de labios","description":"Rellenos d\u00e9rmicos y de labios con \u00e1cido hialur\u00f3nico","publisher":{"@id":"https:\/\/mylipfiller.com\/#organization"},"potentialAction":[{"@type":"SearchAction","target":{"@type":"EntryPoint","urlTemplate":"https:\/\/mylipfiller.com\/?s={search_term_string}"},"query-input":{"@type":"PropertyValueSpecification","valueRequired":true,"valueName":"search_term_string"}}],"inLanguage":"es"},{"@type":"Organization","@id":"https:\/\/mylipfiller.com\/#organization","name":"Mi relleno de labios","url":"https:\/\/mylipfiller.com\/","logo":{"@type":"ImageObject","inLanguage":"es","@id":"https:\/\/mylipfiller.com\/#\/schema\/logo\/image\/","url":"https:\/\/cdn.mylipfiller.com\/wp-content\/uploads\/2019\/02\/cropped-My-Lip-Filler-Logo.png","contentUrl":"https:\/\/cdn.mylipfiller.com\/wp-content\/uploads\/2019\/02\/cropped-My-Lip-Filler-Logo.png","width":240,"height":88,"caption":"My Lip Filler"},"image":{"@id":"https:\/\/mylipfiller.com\/#\/schema\/logo\/image\/"}}]}},"_links":{"self":[{"href":"https:\/\/mylipfiller.com\/es\/wp-json\/wp\/v2\/product\/603","targetHints":{"allow":["GET"]}}],"collection":[{"href":"https:\/\/mylipfiller.com\/es\/wp-json\/wp\/v2\/product"}],"about":[{"href":"https:\/\/mylipfiller.com\/es\/wp-json\/wp\/v2\/types\/product"}],"wp:featuredmedia":[{"embeddable":true,"href":"https:\/\/mylipfiller.com\/es\/wp-json\/wp\/v2\/media\/560"}],"wp:attachment":[{"href":"https:\/\/mylipfiller.com\/es\/wp-json\/wp\/v2\/media?parent=603"}],"wp:term":[{"taxonomy":"product_brand","embeddable":true,"href":"https:\/\/mylipfiller.com\/es\/wp-json\/wp\/v2\/product_brand?post=603"},{"taxonomy":"product_cat","embeddable":true,"href":"https:\/\/mylipfiller.com\/es\/wp-json\/wp\/v2\/product_cat?post=603"},{"taxonomy":"product_tag","embeddable":true,"href":"https:\/\/mylipfiller.com\/es\/wp-json\/wp\/v2\/product_tag?post=603"}],"curies":[{"name":"gracias","href":"https:\/\/api.w.org\/{rel}","templated":true}]}}