{"id":604,"date":"2019-03-05T16:48:40","date_gmt":"2019-03-05T14:48:40","guid":{"rendered":"https:\/\/mylipfiller.com\/?post_type=product&#038;p=604"},"modified":"2024-07-03T17:32:58","modified_gmt":"2024-07-03T15:32:58","slug":"regenovue-sub-q-1-x-1ml","status":"publish","type":"product","link":"https:\/\/mylipfiller.com\/es\/regenovue-sub-q-1-x-1ml\/","title":{"rendered":"Regenovue Sub-Q (1 x 1 ml)"},"content":{"rendered":"<p>Regenovue Sub-Q utiliza \u00e1cido hialur\u00f3nico reticulado como base para el gel inyectable. Esta estructura qu\u00edmica hace que el relleno sea m\u00e1s estable y no se desplazar\u00e1 una vez inyectado en las capas profundas de la piel. Esto es primordial cuando se usa un producto HA para aumentar caracter\u00edsticas como la l\u00ednea de la mand\u00edbula.<\/p>\n<h3>Regenovue Sub-Q: \u00bfuna alternativa a la cirug\u00eda pl\u00e1stica?<\/h3>\n<p>La cirug\u00eda est\u00e9tica ha sido, tradicionalmente, la forma m\u00e1s poderosa de tratamiento anti-edad. Sin embargo, tiene muchos aspectos negativos: notablemente caro, requiere tiempo de inactividad y los resultados son semipermanentes; si algo sale mal, las correcciones son dif\u00edciles o imposibles. El contorno de la cara con el relleno Regenovue Sub-Q, por otro lado, es m\u00e1s flexible, menos doloroso y mucho m\u00e1s r\u00e1pido. La incomodidad y el dolor son mucho menores, un solo procedimiento dura 30 minutos y el paciente tiene la libertad de cambiar de opini\u00f3n. Es muy simple agregar relleno o esperar a que se disuelva en varios meses, sin resultados permanentes.<\/p>\n<h3>\u00bfCu\u00e1les son las \u00e1reas que se pueden inyectar?<\/h3>\n<p>Los rellenos gruesos son un poco m\u00e1s espec\u00edficos en su uso. No son apropiados para algo delicado como las patas de gallo. Sin embargo, su &quot;dureza&quot; los hace de muy buenos a moderados aumentos del ment\u00f3n y la l\u00ednea de la mand\u00edbula, una alternativa m\u00e1s r\u00e1pida y segura a la colocaci\u00f3n de un implante. Alternativamente, el relleno d\u00e9rmico se puede inyectar en \u00e1reas con l\u00edneas o arrugas severas. Las l\u00edneas glabelares profundas o los peores casos de l\u00edneas de marioneta son los mejores ejemplos de c\u00f3mo se puede utilizar Regenovue Sub-Q para ocultar los signos del estr\u00e9s y el envejecimiento.<\/p>","protected":false},"excerpt":{"rendered":"<p>Los m\u00e9dicos pueden lograr resultados duraderos cuando utilizan el relleno Regenovue Sub-Q. Un gel de \u00e1cido hialur\u00f3nico espeso con un gran tama\u00f1o de grano, es &quot;duro&quot; y lo suficientemente estable como para realzar las caracter\u00edsticas de la cara de un paciente. Con este relleno es posible realzar eficazmente la forma del ment\u00f3n y la l\u00ednea de la mand\u00edbula, restaurar el volumen en las mejillas y aumentar el \u00e1rea de los p\u00f3mulos. El uso se extiende a la eliminaci\u00f3n de arrugas severas, l\u00edneas profundas y pliegues en la piel. El relleno se puede inyectar tanto en la cara como en las manos.<\/p>","protected":false},"featured_media":561,"template":"","meta":{"_acf_changed":false},"product_brand":[],"product_cat":[34,174,28],"product_tag":[123,130,131,115,114,111,118,151,141,142,135,137,110,122,124],"class_list":{"0":"post-604","1":"product","2":"type-product","3":"status-publish","4":"has-post-thumbnail","6":"product_cat-hard","7":"product_cat-neogenesis","8":"product_cat-regenovue","9":"product_tag-asymmetry","10":"product_tag-cheek-volume","11":"product_tag-cheekbone-contour","12":"product_tag-cheekbones","13":"product_tag-chin","14":"product_tag-face","15":"product_tag-high-density","16":"product_tag-hyaluronic-acid-ha-fillers","17":"product_tag-lifting","18":"product_tag-modeling","19":"product_tag-small-chin","20":"product_tag-south-korea","21":"product_tag-temple","22":"product_tag-up-to-18-months","23":"product_tag-volume","25":"first","26":"outofstock","27":"taxable","28":"shipping-taxable","29":"purchasable","30":"product-type-simple"},"acf":[],"yoast_head":"<!-- This site is optimized with the Yoast SEO plugin v27.4 - https:\/\/yoast.com\/product\/yoast-seo-wordpress\/ -->\n<title>Buy Regenovue Sub-Q (1 x 1ml) - Fillers from My Lip Filler<\/title>\n<meta name=\"description\" content=\"\u2765Buy Regenovue Sub-Q (1 x 1ml) \u23e9 My Lip Filler online store \u27a6 Quality assurance, reviews, ingredients, best prices!\" \/>\n<meta name=\"robots\" content=\"index, follow, max-snippet:-1, max-image-preview:large, max-video-preview:-1\" \/>\n<link rel=\"canonical\" href=\"https:\/\/mylipfiller.com\/es\/regenovue-sub-q-1-x-1ml\/\" \/>\n<meta property=\"og:locale\" content=\"es_MX\" \/>\n<meta property=\"og:type\" content=\"article\" \/>\n<meta property=\"og:title\" content=\"Buy Regenovue Sub-Q (1 x 1ml) - Fillers from My Lip Filler\" \/>\n<meta property=\"og:description\" content=\"\u2765Buy Regenovue Sub-Q (1 x 1ml) \u23e9 My Lip Filler online store \u27a6 Quality assurance, reviews, ingredients, best prices!\" \/>\n<meta property=\"og:url\" content=\"https:\/\/mylipfiller.com\/es\/regenovue-sub-q-1-x-1ml\/\" \/>\n<meta property=\"og:site_name\" content=\"My Lip Filler\" \/>\n<meta property=\"article:modified_time\" content=\"2024-07-03T15:32:58+00:00\" \/>\n<meta property=\"og:image\" content=\"https:\/\/cdn.mylipfiller.com\/wp-content\/uploads\/2019\/03\/Regenovue-Sub-Q.jpg\" \/>\n\t<meta property=\"og:image:width\" content=\"600\" \/>\n\t<meta property=\"og:image:height\" content=\"600\" \/>\n\t<meta property=\"og:image:type\" content=\"image\/jpeg\" \/>\n<meta name=\"twitter:card\" content=\"summary_large_image\" \/>\n<meta name=\"twitter:label1\" content=\"Tiempo de lectura\" \/>\n\t<meta name=\"twitter:data1\" content=\"2 minutos\" \/>\n<script type=\"application\/ld+json\" class=\"yoast-schema-graph\">{\"@context\":\"https:\\\/\\\/schema.org\",\"@graph\":[{\"@type\":\"WebPage\",\"@id\":\"https:\\\/\\\/mylipfiller.com\\\/regenovue-sub-q-1-x-1ml\\\/\",\"url\":\"https:\\\/\\\/mylipfiller.com\\\/regenovue-sub-q-1-x-1ml\\\/\",\"name\":\"Buy Regenovue Sub-Q (1 x 1ml) - Fillers from My Lip Filler\",\"isPartOf\":{\"@id\":\"https:\\\/\\\/mylipfiller.com\\\/#website\"},\"primaryImageOfPage\":{\"@id\":\"https:\\\/\\\/mylipfiller.com\\\/regenovue-sub-q-1-x-1ml\\\/#primaryimage\"},\"image\":{\"@id\":\"https:\\\/\\\/mylipfiller.com\\\/regenovue-sub-q-1-x-1ml\\\/#primaryimage\"},\"thumbnailUrl\":\"https:\\\/\\\/mylipfiller.com\\\/wp-content\\\/uploads\\\/2019\\\/03\\\/Regenovue-Sub-Q.jpg\",\"datePublished\":\"2019-03-05T14:48:40+00:00\",\"dateModified\":\"2024-07-03T15:32:58+00:00\",\"description\":\"\u2765Buy Regenovue Sub-Q (1 x 1ml) \u23e9 My Lip Filler online store \u27a6 Quality assurance, reviews, ingredients, best prices!\",\"breadcrumb\":{\"@id\":\"https:\\\/\\\/mylipfiller.com\\\/regenovue-sub-q-1-x-1ml\\\/#breadcrumb\"},\"inLanguage\":\"es\",\"potentialAction\":[{\"@type\":\"ReadAction\",\"target\":[\"https:\\\/\\\/mylipfiller.com\\\/regenovue-sub-q-1-x-1ml\\\/\"]}]},{\"@type\":\"ImageObject\",\"inLanguage\":\"es\",\"@id\":\"https:\\\/\\\/mylipfiller.com\\\/regenovue-sub-q-1-x-1ml\\\/#primaryimage\",\"url\":\"https:\\\/\\\/mylipfiller.com\\\/wp-content\\\/uploads\\\/2019\\\/03\\\/Regenovue-Sub-Q.jpg\",\"contentUrl\":\"https:\\\/\\\/mylipfiller.com\\\/wp-content\\\/uploads\\\/2019\\\/03\\\/Regenovue-Sub-Q.jpg\",\"width\":600,\"height\":600,\"caption\":\"Regenovue Sub-Q\"},{\"@type\":\"BreadcrumbList\",\"@id\":\"https:\\\/\\\/mylipfiller.com\\\/regenovue-sub-q-1-x-1ml\\\/#breadcrumb\",\"itemListElement\":[{\"@type\":\"ListItem\",\"position\":1,\"name\":\"Home\",\"item\":\"https:\\\/\\\/mylipfiller.com\\\/\"},{\"@type\":\"ListItem\",\"position\":2,\"name\":\"Shop\",\"item\":\"https:\\\/\\\/mylipfiller.com\\\/shop\\\/\"},{\"@type\":\"ListItem\",\"position\":3,\"name\":\"Regenovue Sub-Q (1 x 1ml)\"}]},{\"@type\":\"WebSite\",\"@id\":\"https:\\\/\\\/mylipfiller.com\\\/#website\",\"url\":\"https:\\\/\\\/mylipfiller.com\\\/\",\"name\":\"My Lip Filler\",\"description\":\"Hyaluronic Acid Lip and Dermal Fillers\",\"publisher\":{\"@id\":\"https:\\\/\\\/mylipfiller.com\\\/#organization\"},\"potentialAction\":[{\"@type\":\"SearchAction\",\"target\":{\"@type\":\"EntryPoint\",\"urlTemplate\":\"https:\\\/\\\/mylipfiller.com\\\/?s={search_term_string}\"},\"query-input\":{\"@type\":\"PropertyValueSpecification\",\"valueRequired\":true,\"valueName\":\"search_term_string\"}}],\"inLanguage\":\"es\"},{\"@type\":\"Organization\",\"@id\":\"https:\\\/\\\/mylipfiller.com\\\/#organization\",\"name\":\"My Lip Filler\",\"url\":\"https:\\\/\\\/mylipfiller.com\\\/\",\"logo\":{\"@type\":\"ImageObject\",\"inLanguage\":\"es\",\"@id\":\"https:\\\/\\\/mylipfiller.com\\\/#\\\/schema\\\/logo\\\/image\\\/\",\"url\":\"https:\\\/\\\/mylipfiller.com\\\/wp-content\\\/uploads\\\/2019\\\/02\\\/cropped-My-Lip-Filler-Logo.png\",\"contentUrl\":\"https:\\\/\\\/mylipfiller.com\\\/wp-content\\\/uploads\\\/2019\\\/02\\\/cropped-My-Lip-Filler-Logo.png\",\"width\":240,\"height\":88,\"caption\":\"My Lip Filler\"},\"image\":{\"@id\":\"https:\\\/\\\/mylipfiller.com\\\/#\\\/schema\\\/logo\\\/image\\\/\"}}]}<\/script>\n<!-- \/ Yoast SEO plugin. -->","yoast_head_json":{"title":"Comprar Regenovue Sub-Q (1 x 1ml) - Rellenos de My Lip Filler","description":"\u2765Compra Regenovue Sub-Q (1 x 1ml) \u23e9 Tienda online My Lip Filler \u27a6 Garant\u00eda de calidad, rese\u00f1as, ingredientes, \u00a1los mejores precios!","robots":{"index":"index","follow":"follow","max-snippet":"max-snippet:-1","max-image-preview":"max-image-preview:large","max-video-preview":"max-video-preview:-1"},"canonical":"https:\/\/mylipfiller.com\/es\/regenovue-sub-q-1-x-1ml\/","og_locale":"es_MX","og_type":"article","og_title":"Buy Regenovue Sub-Q (1 x 1ml) - Fillers from My Lip Filler","og_description":"\u2765Buy Regenovue Sub-Q (1 x 1ml) \u23e9 My Lip Filler online store \u27a6 Quality assurance, reviews, ingredients, best prices!","og_url":"https:\/\/mylipfiller.com\/es\/regenovue-sub-q-1-x-1ml\/","og_site_name":"My Lip Filler","article_modified_time":"2024-07-03T15:32:58+00:00","og_image":[{"width":600,"height":600,"url":"https:\/\/cdn.mylipfiller.com\/wp-content\/uploads\/2019\/03\/Regenovue-Sub-Q.jpg","type":"image\/jpeg"}],"twitter_card":"summary_large_image","twitter_misc":{"Tiempo de lectura":"2 minutos"},"schema":{"@context":"https:\/\/schema.org","@graph":[{"@type":"WebPage","@id":"https:\/\/mylipfiller.com\/regenovue-sub-q-1-x-1ml\/","url":"https:\/\/mylipfiller.com\/regenovue-sub-q-1-x-1ml\/","name":"Comprar Regenovue Sub-Q (1 x 1ml) - Rellenos de My Lip Filler","isPartOf":{"@id":"https:\/\/mylipfiller.com\/#website"},"primaryImageOfPage":{"@id":"https:\/\/mylipfiller.com\/regenovue-sub-q-1-x-1ml\/#primaryimage"},"image":{"@id":"https:\/\/mylipfiller.com\/regenovue-sub-q-1-x-1ml\/#primaryimage"},"thumbnailUrl":"https:\/\/cdn.mylipfiller.com\/wp-content\/uploads\/2019\/03\/Regenovue-Sub-Q.jpg","datePublished":"2019-03-05T14:48:40+00:00","dateModified":"2024-07-03T15:32:58+00:00","description":"\u2765Compra Regenovue Sub-Q (1 x 1ml) \u23e9 Tienda online My Lip Filler \u27a6 Garant\u00eda de calidad, rese\u00f1as, ingredientes, \u00a1los mejores precios!","breadcrumb":{"@id":"https:\/\/mylipfiller.com\/regenovue-sub-q-1-x-1ml\/#breadcrumb"},"inLanguage":"es","potentialAction":[{"@type":"ReadAction","target":["https:\/\/mylipfiller.com\/regenovue-sub-q-1-x-1ml\/"]}]},{"@type":"ImageObject","inLanguage":"es","@id":"https:\/\/mylipfiller.com\/regenovue-sub-q-1-x-1ml\/#primaryimage","url":"https:\/\/cdn.mylipfiller.com\/wp-content\/uploads\/2019\/03\/Regenovue-Sub-Q.jpg","contentUrl":"https:\/\/cdn.mylipfiller.com\/wp-content\/uploads\/2019\/03\/Regenovue-Sub-Q.jpg","width":600,"height":600,"caption":"Regenovue Sub-Q"},{"@type":"BreadcrumbList","@id":"https:\/\/mylipfiller.com\/regenovue-sub-q-1-x-1ml\/#breadcrumb","itemListElement":[{"@type":"ListItem","position":1,"name":"Home","item":"https:\/\/mylipfiller.com\/"},{"@type":"ListItem","position":2,"name":"Shop","item":"https:\/\/mylipfiller.com\/shop\/"},{"@type":"ListItem","position":3,"name":"Regenovue Sub-Q (1 x 1ml)"}]},{"@type":"WebSite","@id":"https:\/\/mylipfiller.com\/#website","url":"https:\/\/mylipfiller.com\/","name":"Mi relleno de labios","description":"Rellenos d\u00e9rmicos y de labios con \u00e1cido hialur\u00f3nico","publisher":{"@id":"https:\/\/mylipfiller.com\/#organization"},"potentialAction":[{"@type":"SearchAction","target":{"@type":"EntryPoint","urlTemplate":"https:\/\/mylipfiller.com\/?s={search_term_string}"},"query-input":{"@type":"PropertyValueSpecification","valueRequired":true,"valueName":"search_term_string"}}],"inLanguage":"es"},{"@type":"Organization","@id":"https:\/\/mylipfiller.com\/#organization","name":"Mi relleno de labios","url":"https:\/\/mylipfiller.com\/","logo":{"@type":"ImageObject","inLanguage":"es","@id":"https:\/\/mylipfiller.com\/#\/schema\/logo\/image\/","url":"https:\/\/cdn.mylipfiller.com\/wp-content\/uploads\/2019\/02\/cropped-My-Lip-Filler-Logo.png","contentUrl":"https:\/\/cdn.mylipfiller.com\/wp-content\/uploads\/2019\/02\/cropped-My-Lip-Filler-Logo.png","width":240,"height":88,"caption":"My Lip Filler"},"image":{"@id":"https:\/\/mylipfiller.com\/#\/schema\/logo\/image\/"}}]}},"_links":{"self":[{"href":"https:\/\/mylipfiller.com\/es\/wp-json\/wp\/v2\/product\/604","targetHints":{"allow":["GET"]}}],"collection":[{"href":"https:\/\/mylipfiller.com\/es\/wp-json\/wp\/v2\/product"}],"about":[{"href":"https:\/\/mylipfiller.com\/es\/wp-json\/wp\/v2\/types\/product"}],"wp:featuredmedia":[{"embeddable":true,"href":"https:\/\/mylipfiller.com\/es\/wp-json\/wp\/v2\/media\/561"}],"wp:attachment":[{"href":"https:\/\/mylipfiller.com\/es\/wp-json\/wp\/v2\/media?parent=604"}],"wp:term":[{"taxonomy":"product_brand","embeddable":true,"href":"https:\/\/mylipfiller.com\/es\/wp-json\/wp\/v2\/product_brand?post=604"},{"taxonomy":"product_cat","embeddable":true,"href":"https:\/\/mylipfiller.com\/es\/wp-json\/wp\/v2\/product_cat?post=604"},{"taxonomy":"product_tag","embeddable":true,"href":"https:\/\/mylipfiller.com\/es\/wp-json\/wp\/v2\/product_tag?post=604"}],"curies":[{"name":"gracias","href":"https:\/\/api.w.org\/{rel}","templated":true}]}}