{"id":605,"date":"2019-03-05T16:55:29","date_gmt":"2019-03-05T14:55:29","guid":{"rendered":"https:\/\/mylipfiller.com\/?post_type=product&#038;p=605"},"modified":"2024-11-12T18:01:32","modified_gmt":"2024-11-12T16:01:32","slug":"rejeunesse-deep-1-x-1-1ml","status":"publish","type":"product","link":"https:\/\/mylipfiller.com\/es\/rejeunesse-deep-1-x-1-1ml\/","title":{"rendered":"Rejeunesse Deep (1 x 1,1 ml)"},"content":{"rendered":"<p>Beautiful lips are something every woman dreams of. With Rejeunesse Deep filler any patient is just a 20-minute procedure away from making this a reality. A high-quality filler gel made from cross-linked Hyaluronic Acid, it gives the lip a natural volume once injected. The product has very good viscoelasticity, best suited for fillers injected into areas with lots of movement and muscle contraction (such as the lips).<\/p>\n<p>However, this offer from the Rejeunesse brand is more versatile. The filler is soft enough to also be very effective in treating moderate wrinkles, fill our shallow to mid-depth skin depressions or to hide problems like medium sized glabella or marionette lines.<\/p>\n<p>As a lip enhancement solution, Rejeunesse Deep filler can be readily used by all patients, excluding pregnant, breastfeeding or allergic, above the age of 18. As an anti-age product is is equally effective, but patients over 35 will benefit the most, when it comes to wrinkle and fold removal.<\/p>\n<h3>Rejeunesse Deep \u2013 base facts?<\/h3>\n<ul>\n<li>Hyaluronic Acid filler<\/li>\n<li>Comes in a syringe (1.1ml)<\/li>\n<li>Comes with a needle<\/li>\n<li>For lip enhancement<\/li>\n<li>For removal of moderate wrinkles<\/li>\n<\/ul>\n<p>The filler should only be injected by a trained doctor. Normal duration is up to a year, but depends on the patient\u2019s overall health condition, lifestyle, diet and metabolism, as well as environmental factors.<\/p>\n<hr \/>\n<h2><strong>Frequently Asked Questions\u00a0<\/strong><\/h2>\n<p><strong>How long does Rejeunesse lip Filler last?<\/strong><\/p>\n<p>The results can last between 6 to 12 months, depending on individual factors like skin type, lifestyle, and the area treated. The filler gradually dissolves, and touch-up treatments can be done to maintain results.<\/p>\n<p><strong>How soon can I see the results?<\/strong><\/p>\n<p>The results are generally visible immediately after treatment. However, final results appear after any initial swelling subsides, which typically takes a few days.<\/p>\n<p><strong>How should I prepare for a Rejeunesse Filler treatment?<\/strong><\/p>\n<p>It is generally advised to avoid blood-thinning medications, alcohol, and supplements like vitamin E, which can increase the risk of bruising. Your provider may give additional guidance to ensure the best results and minimize any side effects.<\/p>\n<p><strong>What is the recovery time after the treatment?<\/strong><\/p>\n<p>Recovery time is minimal, and most people can return to regular activities immediately. Mild redness, swelling, or bruising at the injection site may occur but usually subsides within a few days.<\/p>\n<p><strong>Are there age restrictions for using Rejeunesse Filler?<\/strong><\/p>\n<p>It is generally recommended for adults aged 18 and over who want to enhance facial features, address volume loss, or reduce wrinkles. However, a consultation with a healthcare professional is necessary to ensure it\u2019s appropriate based on individual goals and skin health.<\/p>\n<p><strong>How often can I get Rejeunesse lip Filler treatments?<\/strong><\/p>\n<p>Most people find that one treatment lasts 6 to 12 months, but touch-ups can be done as needed. For optimal results, it\u2019s best to wait until the filler has nearly or fully dissolved before undergoing additional treatments.<\/p>\n<p><strong>Can I get Rejeunesse Filler if I\u2019m pregnant or breastfeeding?<\/strong><\/p>\n<p>It\u2019s generally advised to avoid any dermal filler treatments, including Rejeunesse, while pregnant or breastfeeding. Always consult with a healthcare provider for guidance on treatments during these times.<br \/>\n<script type=\"application\/ld+json\">\n{\n  \"@context\": \"https:\/\/schema.org\",\n  \"@type\": \"FAQPage\",\n  \"mainEntity\": [\n    {\n      \"@type\": \"Question\",\n      \"name\": \"How long does Rejeunesse lip Filler last?\",\n      \"acceptedAnswer\": {\n        \"@type\": \"Answer\",\n        \"text\": \"The results can last between 6 to 12 months, depending on individual factors like skin type, lifestyle, and the area treated. The filler gradually dissolves, and touch-up treatments can be done to maintain results.\"\n      }\n    },\n    {\n      \"@type\": \"Question\",\n      \"name\": \"How soon can I see the results?\",\n      \"acceptedAnswer\": {\n        \"@type\": \"Answer\",\n        \"text\": \"The results are generally visible immediately after treatment. However, final results appear after any initial swelling subsides, which typically takes a few days.\"\n      }\n    },\n    {\n      \"@type\": \"Question\",\n      \"name\": \"How should I prepare for a Rejeunesse Filler treatment?\",\n      \"acceptedAnswer\": {\n        \"@type\": \"Answer\",\n        \"text\": \"It is generally advised to avoid blood-thinning medications, alcohol, and supplements like vitamin E, which can increase the risk of bruising. Your provider may give additional guidance to ensure the best results and minimize any side effects.\"\n      }\n    },\n    {\n      \"@type\": \"Question\",\n      \"name\": \"What is the recovery time after the treatment?\",\n      \"acceptedAnswer\": {\n        \"@type\": \"Answer\",\n        \"text\": \"Recovery time is minimal, and most people can return to regular activities immediately. Mild redness, swelling, or bruising at the injection site may occur but usually subsides within a few days.\"\n      }\n    },\n    {\n      \"@type\": \"Question\",\n      \"name\": \"Are there age restrictions for using Rejeunesse Filler?\",\n      \"acceptedAnswer\": {\n        \"@type\": \"Answer\",\n        \"text\": \"It is generally recommended for adults aged 18 and over who want to enhance facial features, address volume loss, or reduce wrinkles. However, a consultation with a healthcare professional is necessary to ensure it\u2019s appropriate based on individual goals and skin health.\"\n      }\n    },\n    {\n      \"@type\": \"Question\",\n      \"name\": \"How often can I get Rejeunesse lip Filler treatments?\",\n      \"acceptedAnswer\": {\n        \"@type\": \"Answer\",\n        \"text\": \"Most people find that one treatment lasts 6 to 12 months, but touch-ups can be done as needed. For optimal results, it\u2019s best to wait until the filler has nearly or fully dissolved before undergoing additional treatments.\"\n      }\n    },\n    {\n      \"@type\": \"Question\",\n      \"name\": \"Can I get Rejeunesse Filler if I\u2019m pregnant or breastfeeding?\",\n      \"acceptedAnswer\": {\n        \"@type\": \"Answer\",\n        \"text\": \"It\u2019s generally advised to avoid any dermal filler treatments, including Rejeunesse, while pregnant or breastfeeding. Always consult with a healthcare provider for guidance on treatments during these times.\"\n      }\n    }\n  ]\n}\n<\/script><\/p>\n","protected":false},"excerpt":{"rendered":"<p>Deep es uno de los rellenos de labios m\u00e1s eficaces. Este gel inyectable de alta calidad a base de HA es una de las mejores opciones para mejorar el volumen de los labios y la forma de las l\u00edneas de los labios. El inyectable tiene un efecto m\u00e1s prolongado que el promedio, de 8 a 12 meses, despu\u00e9s de una sola sesi\u00f3n. Contiene 1,1 ml de lidoca\u00edna para minimizar las molestias y es igualmente eficaz para tratar arrugas o pliegues de tama\u00f1o y profundidad moderados a medios. Los rellenos Rejeunesse Deep dan como resultado un aspecto natural pero mejorado, con una apariencia rejuvenecida y juvenil del rostro del paciente.<\/p>","protected":false},"featured_media":562,"template":"","meta":{"_acf_changed":false},"product_brand":[],"product_cat":[89,178,33,29],"product_tag":[90,111,151,133,107,134,137,120,116],"class_list":{"0":"post-605","1":"product","2":"type-product","3":"status-publish","4":"has-post-thumbnail","6":"product_cat-big-holiday-sale","7":"product_cat-forest-hills-lab","8":"product_cat-lip","9":"product_cat-rejeunesse","10":"product_tag-90","11":"product_tag-face","12":"product_tag-hyaluronic-acid-ha-fillers","13":"product_tag-marionette-lines","14":"product_tag-nasolabial-folds","15":"product_tag-small-lips","16":"product_tag-south-korea","17":"product_tag-up-to-12-months","18":"product_tag-with-lidocaine","20":"first","21":"instock","22":"sale","23":"taxable","24":"shipping-taxable","25":"purchasable","26":"product-type-simple"},"acf":[],"yoast_head":"<!-- This site is optimized with the Yoast SEO plugin v27.3 - https:\/\/yoast.com\/product\/yoast-seo-wordpress\/ -->\n<title>Rejeunesse Filler - Buy Rejeunesse Deep &amp; Lip Filler Now at My Lip Filler<\/title>\n<meta name=\"description\" content=\"Shop Rejeunesse Filler, including Rejeunesse Deep and Lip Filler. Get high-quality results with our Rejeunesse Deep Filler. Act now at My Lip Filler\" \/>\n<meta name=\"robots\" content=\"index, follow, max-snippet:-1, max-image-preview:large, max-video-preview:-1\" \/>\n<link rel=\"canonical\" href=\"https:\/\/mylipfiller.com\/es\/rejeunesse-deep-1-x-1-1ml\/\" \/>\n<meta property=\"og:locale\" content=\"es_MX\" \/>\n<meta property=\"og:type\" content=\"article\" \/>\n<meta property=\"og:title\" content=\"Rejeunesse Filler - Buy Rejeunesse Deep &amp; Lip Filler Now at My Lip Filler\" \/>\n<meta property=\"og:description\" content=\"Shop Rejeunesse Filler, including Rejeunesse Deep and Lip Filler. Get high-quality results with our Rejeunesse Deep Filler. Act now at My Lip Filler\" \/>\n<meta property=\"og:url\" content=\"https:\/\/mylipfiller.com\/es\/rejeunesse-deep-1-x-1-1ml\/\" \/>\n<meta property=\"og:site_name\" content=\"My Lip Filler\" \/>\n<meta property=\"article:modified_time\" content=\"2024-11-12T16:01:32+00:00\" \/>\n<meta property=\"og:image\" content=\"https:\/\/cdn.mylipfiller.com\/wp-content\/uploads\/2019\/03\/Rejeunesse-Deep.jpg\" \/>\n\t<meta property=\"og:image:width\" content=\"600\" \/>\n\t<meta property=\"og:image:height\" content=\"600\" \/>\n\t<meta property=\"og:image:type\" content=\"image\/jpeg\" \/>\n<meta name=\"twitter:card\" content=\"summary_large_image\" \/>\n<meta name=\"twitter:label1\" content=\"Tiempo de lectura\" \/>\n\t<meta name=\"twitter:data1\" content=\"3 minutos\" \/>\n<script type=\"application\/ld+json\" class=\"yoast-schema-graph\">{\"@context\":\"https:\\\/\\\/schema.org\",\"@graph\":[{\"@type\":\"WebPage\",\"@id\":\"https:\\\/\\\/mylipfiller.com\\\/rejeunesse-deep-1-x-1-1ml\\\/\",\"url\":\"https:\\\/\\\/mylipfiller.com\\\/rejeunesse-deep-1-x-1-1ml\\\/\",\"name\":\"Rejeunesse Filler - Buy Rejeunesse Deep & Lip Filler Now at My Lip Filler\",\"isPartOf\":{\"@id\":\"https:\\\/\\\/mylipfiller.com\\\/#website\"},\"primaryImageOfPage\":{\"@id\":\"https:\\\/\\\/mylipfiller.com\\\/rejeunesse-deep-1-x-1-1ml\\\/#primaryimage\"},\"image\":{\"@id\":\"https:\\\/\\\/mylipfiller.com\\\/rejeunesse-deep-1-x-1-1ml\\\/#primaryimage\"},\"thumbnailUrl\":\"https:\\\/\\\/mylipfiller.com\\\/wp-content\\\/uploads\\\/2019\\\/03\\\/Rejeunesse-Deep.jpg\",\"datePublished\":\"2019-03-05T14:55:29+00:00\",\"dateModified\":\"2024-11-12T16:01:32+00:00\",\"description\":\"Shop Rejeunesse Filler, including Rejeunesse Deep and Lip Filler. Get high-quality results with our Rejeunesse Deep Filler. Act now at My Lip Filler\",\"breadcrumb\":{\"@id\":\"https:\\\/\\\/mylipfiller.com\\\/rejeunesse-deep-1-x-1-1ml\\\/#breadcrumb\"},\"inLanguage\":\"es\",\"potentialAction\":[{\"@type\":\"ReadAction\",\"target\":[\"https:\\\/\\\/mylipfiller.com\\\/rejeunesse-deep-1-x-1-1ml\\\/\"]}]},{\"@type\":\"ImageObject\",\"inLanguage\":\"es\",\"@id\":\"https:\\\/\\\/mylipfiller.com\\\/rejeunesse-deep-1-x-1-1ml\\\/#primaryimage\",\"url\":\"https:\\\/\\\/mylipfiller.com\\\/wp-content\\\/uploads\\\/2019\\\/03\\\/Rejeunesse-Deep.jpg\",\"contentUrl\":\"https:\\\/\\\/mylipfiller.com\\\/wp-content\\\/uploads\\\/2019\\\/03\\\/Rejeunesse-Deep.jpg\",\"width\":600,\"height\":600,\"caption\":\"Rejeunesse Deep\"},{\"@type\":\"BreadcrumbList\",\"@id\":\"https:\\\/\\\/mylipfiller.com\\\/rejeunesse-deep-1-x-1-1ml\\\/#breadcrumb\",\"itemListElement\":[{\"@type\":\"ListItem\",\"position\":1,\"name\":\"Home\",\"item\":\"https:\\\/\\\/mylipfiller.com\\\/\"},{\"@type\":\"ListItem\",\"position\":2,\"name\":\"Shop\",\"item\":\"https:\\\/\\\/mylipfiller.com\\\/shop\\\/\"},{\"@type\":\"ListItem\",\"position\":3,\"name\":\"Rejeunesse Deep (1 x 1.1ml)\"}]},{\"@type\":\"WebSite\",\"@id\":\"https:\\\/\\\/mylipfiller.com\\\/#website\",\"url\":\"https:\\\/\\\/mylipfiller.com\\\/\",\"name\":\"My Lip Filler\",\"description\":\"Hyaluronic Acid Lip and Dermal Fillers\",\"publisher\":{\"@id\":\"https:\\\/\\\/mylipfiller.com\\\/#organization\"},\"potentialAction\":[{\"@type\":\"SearchAction\",\"target\":{\"@type\":\"EntryPoint\",\"urlTemplate\":\"https:\\\/\\\/mylipfiller.com\\\/?s={search_term_string}\"},\"query-input\":{\"@type\":\"PropertyValueSpecification\",\"valueRequired\":true,\"valueName\":\"search_term_string\"}}],\"inLanguage\":\"es\"},{\"@type\":\"Organization\",\"@id\":\"https:\\\/\\\/mylipfiller.com\\\/#organization\",\"name\":\"My Lip Filler\",\"url\":\"https:\\\/\\\/mylipfiller.com\\\/\",\"logo\":{\"@type\":\"ImageObject\",\"inLanguage\":\"es\",\"@id\":\"https:\\\/\\\/mylipfiller.com\\\/#\\\/schema\\\/logo\\\/image\\\/\",\"url\":\"https:\\\/\\\/mylipfiller.com\\\/wp-content\\\/uploads\\\/2019\\\/02\\\/cropped-My-Lip-Filler-Logo.png\",\"contentUrl\":\"https:\\\/\\\/mylipfiller.com\\\/wp-content\\\/uploads\\\/2019\\\/02\\\/cropped-My-Lip-Filler-Logo.png\",\"width\":240,\"height\":88,\"caption\":\"My Lip Filler\"},\"image\":{\"@id\":\"https:\\\/\\\/mylipfiller.com\\\/#\\\/schema\\\/logo\\\/image\\\/\"}}]}<\/script>\n<!-- \/ Yoast SEO plugin. -->","yoast_head_json":{"title":"Relleno Rejeunesse - Compre Rejeunesse Deep y relleno de labios ahora en My Lip Filler","description":"Compre el relleno Rejeunesse, incluido el Rejeunesse Deep y el relleno de labios. Obtenga resultados de alta calidad con nuestra llenadora Rejeunesse Deep. Act\u00faa ahora en My Lip Filler","robots":{"index":"index","follow":"follow","max-snippet":"max-snippet:-1","max-image-preview":"max-image-preview:large","max-video-preview":"max-video-preview:-1"},"canonical":"https:\/\/mylipfiller.com\/es\/rejeunesse-deep-1-x-1-1ml\/","og_locale":"es_MX","og_type":"article","og_title":"Rejeunesse Filler - Buy Rejeunesse Deep & Lip Filler Now at My Lip Filler","og_description":"Shop Rejeunesse Filler, including Rejeunesse Deep and Lip Filler. Get high-quality results with our Rejeunesse Deep Filler. Act now at My Lip Filler","og_url":"https:\/\/mylipfiller.com\/es\/rejeunesse-deep-1-x-1-1ml\/","og_site_name":"My Lip Filler","article_modified_time":"2024-11-12T16:01:32+00:00","og_image":[{"width":600,"height":600,"url":"https:\/\/cdn.mylipfiller.com\/wp-content\/uploads\/2019\/03\/Rejeunesse-Deep.jpg","type":"image\/jpeg"}],"twitter_card":"summary_large_image","twitter_misc":{"Tiempo de lectura":"3 minutos"},"schema":{"@context":"https:\/\/schema.org","@graph":[{"@type":"WebPage","@id":"https:\/\/mylipfiller.com\/rejeunesse-deep-1-x-1-1ml\/","url":"https:\/\/mylipfiller.com\/rejeunesse-deep-1-x-1-1ml\/","name":"Relleno Rejeunesse - Compre Rejeunesse Deep y relleno de labios ahora en My Lip Filler","isPartOf":{"@id":"https:\/\/mylipfiller.com\/#website"},"primaryImageOfPage":{"@id":"https:\/\/mylipfiller.com\/rejeunesse-deep-1-x-1-1ml\/#primaryimage"},"image":{"@id":"https:\/\/mylipfiller.com\/rejeunesse-deep-1-x-1-1ml\/#primaryimage"},"thumbnailUrl":"https:\/\/cdn.mylipfiller.com\/wp-content\/uploads\/2019\/03\/Rejeunesse-Deep.jpg","datePublished":"2019-03-05T14:55:29+00:00","dateModified":"2024-11-12T16:01:32+00:00","description":"Compre el relleno Rejeunesse, incluido el Rejeunesse Deep y el relleno de labios. Obtenga resultados de alta calidad con nuestra llenadora Rejeunesse Deep. Act\u00faa ahora en My Lip Filler","breadcrumb":{"@id":"https:\/\/mylipfiller.com\/rejeunesse-deep-1-x-1-1ml\/#breadcrumb"},"inLanguage":"es","potentialAction":[{"@type":"ReadAction","target":["https:\/\/mylipfiller.com\/rejeunesse-deep-1-x-1-1ml\/"]}]},{"@type":"ImageObject","inLanguage":"es","@id":"https:\/\/mylipfiller.com\/rejeunesse-deep-1-x-1-1ml\/#primaryimage","url":"https:\/\/cdn.mylipfiller.com\/wp-content\/uploads\/2019\/03\/Rejeunesse-Deep.jpg","contentUrl":"https:\/\/cdn.mylipfiller.com\/wp-content\/uploads\/2019\/03\/Rejeunesse-Deep.jpg","width":600,"height":600,"caption":"Rejeunesse Deep"},{"@type":"BreadcrumbList","@id":"https:\/\/mylipfiller.com\/rejeunesse-deep-1-x-1-1ml\/#breadcrumb","itemListElement":[{"@type":"ListItem","position":1,"name":"Home","item":"https:\/\/mylipfiller.com\/"},{"@type":"ListItem","position":2,"name":"Shop","item":"https:\/\/mylipfiller.com\/shop\/"},{"@type":"ListItem","position":3,"name":"Rejeunesse Deep (1 x 1.1ml)"}]},{"@type":"WebSite","@id":"https:\/\/mylipfiller.com\/#website","url":"https:\/\/mylipfiller.com\/","name":"Mi relleno de labios","description":"Rellenos d\u00e9rmicos y de labios con \u00e1cido hialur\u00f3nico","publisher":{"@id":"https:\/\/mylipfiller.com\/#organization"},"potentialAction":[{"@type":"SearchAction","target":{"@type":"EntryPoint","urlTemplate":"https:\/\/mylipfiller.com\/?s={search_term_string}"},"query-input":{"@type":"PropertyValueSpecification","valueRequired":true,"valueName":"search_term_string"}}],"inLanguage":"es"},{"@type":"Organization","@id":"https:\/\/mylipfiller.com\/#organization","name":"Mi relleno de labios","url":"https:\/\/mylipfiller.com\/","logo":{"@type":"ImageObject","inLanguage":"es","@id":"https:\/\/mylipfiller.com\/#\/schema\/logo\/image\/","url":"https:\/\/cdn.mylipfiller.com\/wp-content\/uploads\/2019\/02\/cropped-My-Lip-Filler-Logo.png","contentUrl":"https:\/\/cdn.mylipfiller.com\/wp-content\/uploads\/2019\/02\/cropped-My-Lip-Filler-Logo.png","width":240,"height":88,"caption":"My Lip Filler"},"image":{"@id":"https:\/\/mylipfiller.com\/#\/schema\/logo\/image\/"}}]}},"_links":{"self":[{"href":"https:\/\/mylipfiller.com\/es\/wp-json\/wp\/v2\/product\/605","targetHints":{"allow":["GET"]}}],"collection":[{"href":"https:\/\/mylipfiller.com\/es\/wp-json\/wp\/v2\/product"}],"about":[{"href":"https:\/\/mylipfiller.com\/es\/wp-json\/wp\/v2\/types\/product"}],"wp:featuredmedia":[{"embeddable":true,"href":"https:\/\/mylipfiller.com\/es\/wp-json\/wp\/v2\/media\/562"}],"wp:attachment":[{"href":"https:\/\/mylipfiller.com\/es\/wp-json\/wp\/v2\/media?parent=605"}],"wp:term":[{"taxonomy":"product_brand","embeddable":true,"href":"https:\/\/mylipfiller.com\/es\/wp-json\/wp\/v2\/product_brand?post=605"},{"taxonomy":"product_cat","embeddable":true,"href":"https:\/\/mylipfiller.com\/es\/wp-json\/wp\/v2\/product_cat?post=605"},{"taxonomy":"product_tag","embeddable":true,"href":"https:\/\/mylipfiller.com\/es\/wp-json\/wp\/v2\/product_tag?post=605"}],"curies":[{"name":"gracias","href":"https:\/\/api.w.org\/{rel}","templated":true}]}}