{"id":606,"date":"2019-03-05T16:56:34","date_gmt":"2019-03-05T14:56:34","guid":{"rendered":"https:\/\/mylipfiller.com\/?post_type=product&#038;p=606"},"modified":"2024-07-23T11:31:54","modified_gmt":"2024-07-23T09:31:54","slug":"rejeunesse-fine-1-x-1-1ml","status":"publish","type":"product","link":"https:\/\/mylipfiller.com\/es\/rejeunesse-fine-1-x-1-1ml\/","title":{"rendered":"Rejeunesse Fine (1 x 1,1 ml)"},"content":{"rendered":"<p>Los rellenos d\u00e9rmicos son la alternativa nueva y preferida a la cirug\u00eda pl\u00e1stica. Si bien eliminar las arrugas con cirug\u00eda es doloroso, requiere tiempo de inactividad y produce resultados de apariencia menos natural, obtener una inyecci\u00f3n de relleno para tratar algo como las patas de gallo es un procedimiento que toma menos de media hora.<\/p>\n<p>Cuando utiliza un relleno de calidad como Rejeunesse Fine, sabe exactamente lo que obtiene por su dinero. El gel no solo se produce a partir de \u00e1cido hialur\u00f3nico puro y completamente biocompatible de la m\u00e1s alta calidad (origen no animal), sino que el relleno tambi\u00e9n contiene lidoca\u00edna 0.3%. Sin dolor, sin molestias y efectos secundarios limitados a una peque\u00f1a hinchaz\u00f3n e irritaci\u00f3n en el \u00e1rea de la inyecci\u00f3n, que puede esperar pasar en un par de d\u00edas como m\u00e1ximo. Todos los componentes del producto cosm\u00e9tico est\u00e1n limpios si solo hay un residuo m\u00ednimo de productos qu\u00edmicos BDDE.<\/p>\n<h3>\u00bfQui\u00e9n puede beneficiarse m\u00e1s de Rejeunesse Fine?<\/h3>\n<p>Cualquier persona que tenga 18 a\u00f1os o m\u00e1s, que no sea al\u00e9rgica a uno de los ingredientes y no est\u00e9 embarazada o amamantando, puede usar el relleno Rejeunesse Fine. Cuanto mayor sea la edad del paciente, m\u00e1s pronunciados ser\u00e1n los resultados del gel HA una vez inyectado, siendo los pacientes de 40 a\u00f1os o m\u00e1s el grupo objetivo principal. Con \u00e9l pueden lidiar con:<\/p>\n<ul>\n<li>Patas de gallo<\/li>\n<li>L\u00edneas de glabela<\/li>\n<li>L\u00edneas de marionetas<\/li>\n<li>Contornea sus labios<\/li>\n<\/ul>\n<p>Dependiendo del n\u00famero de \u00e1reas tratadas, un solo procedimiento podr\u00eda ser suficiente para lograr la plena satisfacci\u00f3n. Cuando se inyecta el relleno de la piel, las enzimas corporales lo disolver\u00e1n con el tiempo, por lo que en un momento determinado se necesitar\u00e1 una inyecci\u00f3n de per\u00edodo adicional para mantener el volumen y la suavidad de la piel logrados.<\/p>","protected":false},"excerpt":{"rendered":"<p>Rejeunesse Fine toma todos los beneficios del \u00e1cido hialur\u00f3nico y los lleva a tu piel. A base de HA purificado, este relleno puede rejuvenecer eficazmente la piel, mejorar la hidrataci\u00f3n y tratar directamente las l\u00edneas y arrugas superficiales, como patas de gallo o l\u00edneas nasolabiales delicadas, l\u00edneas glabelares, etc. Con un efecto duradero de hasta un a\u00f1o y un precio asequible , esta es una excelente opci\u00f3n tanto para los pacientes como para los m\u00e9dicos que buscan un relleno suave de calidad.<\/p>","protected":false},"featured_media":563,"template":"","meta":{"_acf_changed":false},"product_brand":[],"product_cat":[178,29,32],"product_tag":[144,125,111,126,112,128,151,117,146,137,119,148,116,127],"class_list":{"0":"post-606","1":"product","2":"type-product","3":"status-publish","4":"has-post-thumbnail","6":"product_cat-forest-hills-lab","7":"product_cat-rejeunesse","8":"product_cat-soft","9":"product_tag-anti-wrinkle","10":"product_tag-crows-feet","11":"product_tag-face","12":"product_tag-fine-lines","13":"product_tag-forehead","14":"product_tag-forehead-wrinkles","15":"product_tag-hyaluronic-acid-ha-fillers","16":"product_tag-low-density","17":"product_tag-smoothing","18":"product_tag-south-korea","19":"product_tag-up-to-9-months","20":"product_tag-upper-dermis","21":"product_tag-with-lidocaine","22":"product_tag-wrinkles-around-the-eyes","24":"first","25":"outofstock","26":"taxable","27":"shipping-taxable","28":"purchasable","29":"product-type-simple"},"acf":[],"yoast_head":"<!-- This site is optimized with the Yoast SEO plugin v27.4 - https:\/\/yoast.com\/product\/yoast-seo-wordpress\/ -->\n<title>Buy Rejeunesse Fine (1 x 1.1ml) - Fillers from My Lip Filler<\/title>\n<meta name=\"description\" content=\"\u2765Buy Rejeunesse Fine (1 x 1.1ml) \u23e9 My Lip Filler online store \u27a6 Quality assurance, reviews, ingredients, best prices!\" \/>\n<meta name=\"robots\" content=\"index, follow, max-snippet:-1, max-image-preview:large, max-video-preview:-1\" \/>\n<link rel=\"canonical\" href=\"https:\/\/mylipfiller.com\/es\/rejeunesse-fine-1-x-1-1ml\/\" \/>\n<meta property=\"og:locale\" content=\"es_MX\" \/>\n<meta property=\"og:type\" content=\"article\" \/>\n<meta property=\"og:title\" content=\"Buy Rejeunesse Fine (1 x 1.1ml) - Fillers from My Lip Filler\" \/>\n<meta property=\"og:description\" content=\"\u2765Buy Rejeunesse Fine (1 x 1.1ml) \u23e9 My Lip Filler online store \u27a6 Quality assurance, reviews, ingredients, best prices!\" \/>\n<meta property=\"og:url\" content=\"https:\/\/mylipfiller.com\/es\/rejeunesse-fine-1-x-1-1ml\/\" \/>\n<meta property=\"og:site_name\" content=\"My Lip Filler\" \/>\n<meta property=\"article:modified_time\" content=\"2024-07-23T09:31:54+00:00\" \/>\n<meta property=\"og:image\" content=\"https:\/\/cdn.mylipfiller.com\/wp-content\/uploads\/2019\/03\/Rejeunesse-Fine.jpg\" \/>\n\t<meta property=\"og:image:width\" content=\"600\" \/>\n\t<meta property=\"og:image:height\" content=\"600\" \/>\n\t<meta property=\"og:image:type\" content=\"image\/jpeg\" \/>\n<meta name=\"twitter:card\" content=\"summary_large_image\" \/>\n<meta name=\"twitter:label1\" content=\"Tiempo de lectura\" \/>\n\t<meta name=\"twitter:data1\" content=\"2 minutos\" \/>\n<script type=\"application\/ld+json\" class=\"yoast-schema-graph\">{\"@context\":\"https:\\\/\\\/schema.org\",\"@graph\":[{\"@type\":\"WebPage\",\"@id\":\"https:\\\/\\\/mylipfiller.com\\\/rejeunesse-fine-1-x-1-1ml\\\/\",\"url\":\"https:\\\/\\\/mylipfiller.com\\\/rejeunesse-fine-1-x-1-1ml\\\/\",\"name\":\"Buy Rejeunesse Fine (1 x 1.1ml) - Fillers from My Lip Filler\",\"isPartOf\":{\"@id\":\"https:\\\/\\\/mylipfiller.com\\\/#website\"},\"primaryImageOfPage\":{\"@id\":\"https:\\\/\\\/mylipfiller.com\\\/rejeunesse-fine-1-x-1-1ml\\\/#primaryimage\"},\"image\":{\"@id\":\"https:\\\/\\\/mylipfiller.com\\\/rejeunesse-fine-1-x-1-1ml\\\/#primaryimage\"},\"thumbnailUrl\":\"https:\\\/\\\/mylipfiller.com\\\/wp-content\\\/uploads\\\/2019\\\/03\\\/Rejeunesse-Fine.jpg\",\"datePublished\":\"2019-03-05T14:56:34+00:00\",\"dateModified\":\"2024-07-23T09:31:54+00:00\",\"description\":\"\u2765Buy Rejeunesse Fine (1 x 1.1ml) \u23e9 My Lip Filler online store \u27a6 Quality assurance, reviews, ingredients, best prices!\",\"breadcrumb\":{\"@id\":\"https:\\\/\\\/mylipfiller.com\\\/rejeunesse-fine-1-x-1-1ml\\\/#breadcrumb\"},\"inLanguage\":\"es\",\"potentialAction\":[{\"@type\":\"ReadAction\",\"target\":[\"https:\\\/\\\/mylipfiller.com\\\/rejeunesse-fine-1-x-1-1ml\\\/\"]}]},{\"@type\":\"ImageObject\",\"inLanguage\":\"es\",\"@id\":\"https:\\\/\\\/mylipfiller.com\\\/rejeunesse-fine-1-x-1-1ml\\\/#primaryimage\",\"url\":\"https:\\\/\\\/mylipfiller.com\\\/wp-content\\\/uploads\\\/2019\\\/03\\\/Rejeunesse-Fine.jpg\",\"contentUrl\":\"https:\\\/\\\/mylipfiller.com\\\/wp-content\\\/uploads\\\/2019\\\/03\\\/Rejeunesse-Fine.jpg\",\"width\":600,\"height\":600,\"caption\":\"Rejeunesse Fine\"},{\"@type\":\"BreadcrumbList\",\"@id\":\"https:\\\/\\\/mylipfiller.com\\\/rejeunesse-fine-1-x-1-1ml\\\/#breadcrumb\",\"itemListElement\":[{\"@type\":\"ListItem\",\"position\":1,\"name\":\"Home\",\"item\":\"https:\\\/\\\/mylipfiller.com\\\/\"},{\"@type\":\"ListItem\",\"position\":2,\"name\":\"Shop\",\"item\":\"https:\\\/\\\/mylipfiller.com\\\/shop\\\/\"},{\"@type\":\"ListItem\",\"position\":3,\"name\":\"Rejeunesse Fine (1 x 1.1ml)\"}]},{\"@type\":\"WebSite\",\"@id\":\"https:\\\/\\\/mylipfiller.com\\\/#website\",\"url\":\"https:\\\/\\\/mylipfiller.com\\\/\",\"name\":\"My Lip Filler\",\"description\":\"Hyaluronic Acid Lip and Dermal Fillers\",\"publisher\":{\"@id\":\"https:\\\/\\\/mylipfiller.com\\\/#organization\"},\"potentialAction\":[{\"@type\":\"SearchAction\",\"target\":{\"@type\":\"EntryPoint\",\"urlTemplate\":\"https:\\\/\\\/mylipfiller.com\\\/?s={search_term_string}\"},\"query-input\":{\"@type\":\"PropertyValueSpecification\",\"valueRequired\":true,\"valueName\":\"search_term_string\"}}],\"inLanguage\":\"es\"},{\"@type\":\"Organization\",\"@id\":\"https:\\\/\\\/mylipfiller.com\\\/#organization\",\"name\":\"My Lip Filler\",\"url\":\"https:\\\/\\\/mylipfiller.com\\\/\",\"logo\":{\"@type\":\"ImageObject\",\"inLanguage\":\"es\",\"@id\":\"https:\\\/\\\/mylipfiller.com\\\/#\\\/schema\\\/logo\\\/image\\\/\",\"url\":\"https:\\\/\\\/mylipfiller.com\\\/wp-content\\\/uploads\\\/2019\\\/02\\\/cropped-My-Lip-Filler-Logo.png\",\"contentUrl\":\"https:\\\/\\\/mylipfiller.com\\\/wp-content\\\/uploads\\\/2019\\\/02\\\/cropped-My-Lip-Filler-Logo.png\",\"width\":240,\"height\":88,\"caption\":\"My Lip Filler\"},\"image\":{\"@id\":\"https:\\\/\\\/mylipfiller.com\\\/#\\\/schema\\\/logo\\\/image\\\/\"}}]}<\/script>\n<!-- \/ Yoast SEO plugin. -->","yoast_head_json":{"title":"Compre Rejeunesse Fine (1 x 1,1 ml) - Rellenos de My Lip Filler","description":"\u2765Compre Rejeunesse Fine (1 x 1,1 ml) \u23e9 Tienda online My Lip Filler \u27a6 Garant\u00eda de calidad, rese\u00f1as, ingredientes, \u00a1los mejores precios!","robots":{"index":"index","follow":"follow","max-snippet":"max-snippet:-1","max-image-preview":"max-image-preview:large","max-video-preview":"max-video-preview:-1"},"canonical":"https:\/\/mylipfiller.com\/es\/rejeunesse-fine-1-x-1-1ml\/","og_locale":"es_MX","og_type":"article","og_title":"Buy Rejeunesse Fine (1 x 1.1ml) - Fillers from My Lip Filler","og_description":"\u2765Buy Rejeunesse Fine (1 x 1.1ml) \u23e9 My Lip Filler online store \u27a6 Quality assurance, reviews, ingredients, best prices!","og_url":"https:\/\/mylipfiller.com\/es\/rejeunesse-fine-1-x-1-1ml\/","og_site_name":"My Lip Filler","article_modified_time":"2024-07-23T09:31:54+00:00","og_image":[{"width":600,"height":600,"url":"https:\/\/cdn.mylipfiller.com\/wp-content\/uploads\/2019\/03\/Rejeunesse-Fine.jpg","type":"image\/jpeg"}],"twitter_card":"summary_large_image","twitter_misc":{"Tiempo de lectura":"2 minutos"},"schema":{"@context":"https:\/\/schema.org","@graph":[{"@type":"WebPage","@id":"https:\/\/mylipfiller.com\/rejeunesse-fine-1-x-1-1ml\/","url":"https:\/\/mylipfiller.com\/rejeunesse-fine-1-x-1-1ml\/","name":"Compre Rejeunesse Fine (1 x 1,1 ml) - Rellenos de My Lip Filler","isPartOf":{"@id":"https:\/\/mylipfiller.com\/#website"},"primaryImageOfPage":{"@id":"https:\/\/mylipfiller.com\/rejeunesse-fine-1-x-1-1ml\/#primaryimage"},"image":{"@id":"https:\/\/mylipfiller.com\/rejeunesse-fine-1-x-1-1ml\/#primaryimage"},"thumbnailUrl":"https:\/\/cdn.mylipfiller.com\/wp-content\/uploads\/2019\/03\/Rejeunesse-Fine.jpg","datePublished":"2019-03-05T14:56:34+00:00","dateModified":"2024-07-23T09:31:54+00:00","description":"\u2765Compre Rejeunesse Fine (1 x 1,1 ml) \u23e9 Tienda online My Lip Filler \u27a6 Garant\u00eda de calidad, rese\u00f1as, ingredientes, \u00a1los mejores precios!","breadcrumb":{"@id":"https:\/\/mylipfiller.com\/rejeunesse-fine-1-x-1-1ml\/#breadcrumb"},"inLanguage":"es","potentialAction":[{"@type":"ReadAction","target":["https:\/\/mylipfiller.com\/rejeunesse-fine-1-x-1-1ml\/"]}]},{"@type":"ImageObject","inLanguage":"es","@id":"https:\/\/mylipfiller.com\/rejeunesse-fine-1-x-1-1ml\/#primaryimage","url":"https:\/\/cdn.mylipfiller.com\/wp-content\/uploads\/2019\/03\/Rejeunesse-Fine.jpg","contentUrl":"https:\/\/cdn.mylipfiller.com\/wp-content\/uploads\/2019\/03\/Rejeunesse-Fine.jpg","width":600,"height":600,"caption":"Rejeunesse Fine"},{"@type":"BreadcrumbList","@id":"https:\/\/mylipfiller.com\/rejeunesse-fine-1-x-1-1ml\/#breadcrumb","itemListElement":[{"@type":"ListItem","position":1,"name":"Home","item":"https:\/\/mylipfiller.com\/"},{"@type":"ListItem","position":2,"name":"Shop","item":"https:\/\/mylipfiller.com\/shop\/"},{"@type":"ListItem","position":3,"name":"Rejeunesse Fine (1 x 1.1ml)"}]},{"@type":"WebSite","@id":"https:\/\/mylipfiller.com\/#website","url":"https:\/\/mylipfiller.com\/","name":"Mi relleno de labios","description":"Rellenos d\u00e9rmicos y de labios con \u00e1cido hialur\u00f3nico","publisher":{"@id":"https:\/\/mylipfiller.com\/#organization"},"potentialAction":[{"@type":"SearchAction","target":{"@type":"EntryPoint","urlTemplate":"https:\/\/mylipfiller.com\/?s={search_term_string}"},"query-input":{"@type":"PropertyValueSpecification","valueRequired":true,"valueName":"search_term_string"}}],"inLanguage":"es"},{"@type":"Organization","@id":"https:\/\/mylipfiller.com\/#organization","name":"Mi relleno de labios","url":"https:\/\/mylipfiller.com\/","logo":{"@type":"ImageObject","inLanguage":"es","@id":"https:\/\/mylipfiller.com\/#\/schema\/logo\/image\/","url":"https:\/\/cdn.mylipfiller.com\/wp-content\/uploads\/2019\/02\/cropped-My-Lip-Filler-Logo.png","contentUrl":"https:\/\/cdn.mylipfiller.com\/wp-content\/uploads\/2019\/02\/cropped-My-Lip-Filler-Logo.png","width":240,"height":88,"caption":"My Lip Filler"},"image":{"@id":"https:\/\/mylipfiller.com\/#\/schema\/logo\/image\/"}}]}},"_links":{"self":[{"href":"https:\/\/mylipfiller.com\/es\/wp-json\/wp\/v2\/product\/606","targetHints":{"allow":["GET"]}}],"collection":[{"href":"https:\/\/mylipfiller.com\/es\/wp-json\/wp\/v2\/product"}],"about":[{"href":"https:\/\/mylipfiller.com\/es\/wp-json\/wp\/v2\/types\/product"}],"wp:featuredmedia":[{"embeddable":true,"href":"https:\/\/mylipfiller.com\/es\/wp-json\/wp\/v2\/media\/563"}],"wp:attachment":[{"href":"https:\/\/mylipfiller.com\/es\/wp-json\/wp\/v2\/media?parent=606"}],"wp:term":[{"taxonomy":"product_brand","embeddable":true,"href":"https:\/\/mylipfiller.com\/es\/wp-json\/wp\/v2\/product_brand?post=606"},{"taxonomy":"product_cat","embeddable":true,"href":"https:\/\/mylipfiller.com\/es\/wp-json\/wp\/v2\/product_cat?post=606"},{"taxonomy":"product_tag","embeddable":true,"href":"https:\/\/mylipfiller.com\/es\/wp-json\/wp\/v2\/product_tag?post=606"}],"curies":[{"name":"gracias","href":"https:\/\/api.w.org\/{rel}","templated":true}]}}