{"id":607,"date":"2019-03-05T16:58:40","date_gmt":"2019-03-05T14:58:40","guid":{"rendered":"https:\/\/mylipfiller.com\/?post_type=product&#038;p=607"},"modified":"2024-09-12T08:48:21","modified_gmt":"2024-09-12T06:48:21","slug":"rejeunesse-shape-1-x-1-1ml","status":"publish","type":"product","link":"https:\/\/mylipfiller.com\/es\/rejeunesse-shape-1-x-1-1ml\/","title":{"rendered":"Forma Rejeunesse (1 x 1,1 ml)"},"content":{"rendered":"<p>Para solucionar los problemas del envejecimiento cut\u00e1neo, Rejeunesse Shape se basa en las propiedades naturales del \u00e1cido hialur\u00f3nico. Se produce de forma natural en la sustancia del cuerpo humano, que tambi\u00e9n puede crearse sint\u00e9ticamente y utilizarse para fabricar productos cosm\u00e9ticos de alta calidad, incluidos los rellenos para la piel. Para asegurar que el efecto sea muy pronunciado, el gel inyectable tiene una alta concentraci\u00f3n de HA de 24 mg \/ ml.<\/p>\n<p>La principal ventaja de los productos HA es su biocompatibilidad. Los rellenos en particular, si son puros como Rejeunesse Shape, no ser\u00e1n rechazados por el cuerpo y no tendr\u00e1n efectos secundarios adversos. Las enzimas del cuerpo del paciente las disolver\u00e1n lentamente con el tiempo. Por lo tanto, esta forma de aumento de la belleza no es permanente, lo que significa que tambi\u00e9n es m\u00e1s flexible.<\/p>\n<p>Solo los m\u00e9dicos capacitados pueden inyectar rellenos d\u00e9rmicos y solo en pacientes adultos. Cualquier paciente mayor de 18 a\u00f1os puede beneficiarse al m\u00e1ximo de las propiedades de contorno de Rejeunesse Shape, mientras que los pacientes mayores de 45 a\u00f1os tambi\u00e9n pueden lidiar con pliegues profundos y arrugas severas, usando su ayuda. El procedimiento solo durar\u00e1 30 minutos, despu\u00e9s de lo cual podr\u00e1n continuar con su horario diario normal.<\/p>\n<p>Dado que el relleno d\u00e9rmico es biocompatible y biodegradable, la lista de efectos secundarios es breve y solo incluye molestias leves, como:<\/p>\n<ul>\n<li>Irritaci\u00f3n<\/li>\n<li>Hinchaz\u00f3n leve<\/li>\n<li>Sensibilidad<\/li>\n<li>Sensibilidad aumentada<\/li>\n<li>Dolor leve<\/li>\n<\/ul>\n<p>Todos est\u00e1n limitados al punto de inyecci\u00f3n y los tejidos circundantes inmediatos. Normalmente, los efectos secundarios pasan en un par de horas a uno o dos d\u00edas.<\/p>","protected":false},"excerpt":{"rendered":"<p>Cuando los m\u00e9dicos buscan el relleno d\u00e9rmico adecuado para contornear los rasgos faciales de sus pacientes, no pueden comprometer la calidad. Rejeunesse Shape es un gel de relleno grueso y duradero para el aumento de tales \u00e1reas, anteriormente solo el dominio de la cirug\u00eda pl\u00e1stica, como la nariz, el ment\u00f3n o la l\u00ednea de la mand\u00edbula. Un relleno de HA muy estable permanecer\u00e1 firmemente colocado una vez inyectado y el paciente puede obtener un resultado experto de hasta 12 meses.<\/p>","protected":false},"featured_media":564,"template":"","meta":{"_acf_changed":false},"product_brand":[],"product_cat":[89,178,34,29],"product_tag":[90,123,130,131,115,114,111,118,151,141,142,135,137,110,122,124,116],"class_list":{"0":"post-607","1":"product","2":"type-product","3":"status-publish","4":"has-post-thumbnail","6":"product_cat-big-holiday-sale","7":"product_cat-forest-hills-lab","8":"product_cat-hard","9":"product_cat-rejeunesse","10":"product_tag-90","11":"product_tag-asymmetry","12":"product_tag-cheek-volume","13":"product_tag-cheekbone-contour","14":"product_tag-cheekbones","15":"product_tag-chin","16":"product_tag-face","17":"product_tag-high-density","18":"product_tag-hyaluronic-acid-ha-fillers","19":"product_tag-lifting","20":"product_tag-modeling","21":"product_tag-small-chin","22":"product_tag-south-korea","23":"product_tag-temple","24":"product_tag-up-to-18-months","25":"product_tag-volume","26":"product_tag-with-lidocaine","28":"first","29":"instock","30":"sale","31":"taxable","32":"shipping-taxable","33":"purchasable","34":"product-type-simple"},"acf":[],"yoast_head":"<!-- This site is optimized with the Yoast SEO plugin v27.2 - https:\/\/yoast.com\/product\/yoast-seo-wordpress\/ -->\n<title>Buy Rejeunesse Shape (1 x 1.1ml) - Fillers from My Lip Filler<\/title>\n<meta name=\"description\" content=\"\u2765Buy Rejeunesse Shape (1 x 1.1ml) \u23e9 My Lip Filler online store \u27a6 Quality assurance, reviews, ingredients, best prices!\" \/>\n<meta name=\"robots\" content=\"index, follow, max-snippet:-1, max-image-preview:large, max-video-preview:-1\" \/>\n<link rel=\"canonical\" href=\"https:\/\/mylipfiller.com\/es\/rejeunesse-shape-1-x-1-1ml\/\" \/>\n<meta property=\"og:locale\" content=\"es_MX\" \/>\n<meta property=\"og:type\" content=\"article\" \/>\n<meta property=\"og:title\" content=\"Buy Rejeunesse Shape (1 x 1.1ml) - Fillers from My Lip Filler\" \/>\n<meta property=\"og:description\" content=\"\u2765Buy Rejeunesse Shape (1 x 1.1ml) \u23e9 My Lip Filler online store \u27a6 Quality assurance, reviews, ingredients, best prices!\" \/>\n<meta property=\"og:url\" content=\"https:\/\/mylipfiller.com\/es\/rejeunesse-shape-1-x-1-1ml\/\" \/>\n<meta property=\"og:site_name\" content=\"My Lip Filler\" \/>\n<meta property=\"article:modified_time\" content=\"2024-09-12T06:48:21+00:00\" \/>\n<meta property=\"og:image\" content=\"https:\/\/cdn.mylipfiller.com\/wp-content\/uploads\/2019\/03\/Rejeunesse-Shape.jpg\" \/>\n\t<meta property=\"og:image:width\" content=\"600\" \/>\n\t<meta property=\"og:image:height\" content=\"600\" \/>\n\t<meta property=\"og:image:type\" content=\"image\/jpeg\" \/>\n<meta name=\"twitter:card\" content=\"summary_large_image\" \/>\n<meta name=\"twitter:label1\" content=\"Tiempo de lectura\" \/>\n\t<meta name=\"twitter:data1\" content=\"2 minutos\" \/>\n<script type=\"application\/ld+json\" class=\"yoast-schema-graph\">{\"@context\":\"https:\/\/schema.org\",\"@graph\":[{\"@type\":\"WebPage\",\"@id\":\"https:\/\/mylipfiller.com\/rejeunesse-shape-1-x-1-1ml\/\",\"url\":\"https:\/\/mylipfiller.com\/rejeunesse-shape-1-x-1-1ml\/\",\"name\":\"Buy Rejeunesse Shape (1 x 1.1ml) - Fillers from My Lip Filler\",\"isPartOf\":{\"@id\":\"https:\/\/mylipfiller.com\/#website\"},\"primaryImageOfPage\":{\"@id\":\"https:\/\/mylipfiller.com\/rejeunesse-shape-1-x-1-1ml\/#primaryimage\"},\"image\":{\"@id\":\"https:\/\/mylipfiller.com\/rejeunesse-shape-1-x-1-1ml\/#primaryimage\"},\"thumbnailUrl\":\"https:\/\/cdn.mylipfiller.com\/wp-content\/uploads\/2019\/03\/Rejeunesse-Shape.jpg\",\"datePublished\":\"2019-03-05T14:58:40+00:00\",\"dateModified\":\"2024-09-12T06:48:21+00:00\",\"description\":\"\u2765Buy Rejeunesse Shape (1 x 1.1ml) \u23e9 My Lip Filler online store \u27a6 Quality assurance, reviews, ingredients, best prices!\",\"breadcrumb\":{\"@id\":\"https:\/\/mylipfiller.com\/rejeunesse-shape-1-x-1-1ml\/#breadcrumb\"},\"inLanguage\":\"es\",\"potentialAction\":[{\"@type\":\"ReadAction\",\"target\":[\"https:\/\/mylipfiller.com\/rejeunesse-shape-1-x-1-1ml\/\"]}]},{\"@type\":\"ImageObject\",\"inLanguage\":\"es\",\"@id\":\"https:\/\/mylipfiller.com\/rejeunesse-shape-1-x-1-1ml\/#primaryimage\",\"url\":\"https:\/\/cdn.mylipfiller.com\/wp-content\/uploads\/2019\/03\/Rejeunesse-Shape.jpg\",\"contentUrl\":\"https:\/\/cdn.mylipfiller.com\/wp-content\/uploads\/2019\/03\/Rejeunesse-Shape.jpg\",\"width\":600,\"height\":600,\"caption\":\"Rejeunesse Shape\"},{\"@type\":\"BreadcrumbList\",\"@id\":\"https:\/\/mylipfiller.com\/rejeunesse-shape-1-x-1-1ml\/#breadcrumb\",\"itemListElement\":[{\"@type\":\"ListItem\",\"position\":1,\"name\":\"Home\",\"item\":\"https:\/\/mylipfiller.com\/\"},{\"@type\":\"ListItem\",\"position\":2,\"name\":\"Shop\",\"item\":\"https:\/\/mylipfiller.com\/shop\/\"},{\"@type\":\"ListItem\",\"position\":3,\"name\":\"Rejeunesse Shape (1 x 1.1ml)\"}]},{\"@type\":\"WebSite\",\"@id\":\"https:\/\/mylipfiller.com\/#website\",\"url\":\"https:\/\/mylipfiller.com\/\",\"name\":\"My Lip Filler\",\"description\":\"Hyaluronic Acid Lip and Dermal Fillers\",\"publisher\":{\"@id\":\"https:\/\/mylipfiller.com\/#organization\"},\"potentialAction\":[{\"@type\":\"SearchAction\",\"target\":{\"@type\":\"EntryPoint\",\"urlTemplate\":\"https:\/\/mylipfiller.com\/?s={search_term_string}\"},\"query-input\":{\"@type\":\"PropertyValueSpecification\",\"valueRequired\":true,\"valueName\":\"search_term_string\"}}],\"inLanguage\":\"es\"},{\"@type\":\"Organization\",\"@id\":\"https:\/\/mylipfiller.com\/#organization\",\"name\":\"My Lip Filler\",\"url\":\"https:\/\/mylipfiller.com\/\",\"logo\":{\"@type\":\"ImageObject\",\"inLanguage\":\"es\",\"@id\":\"https:\/\/mylipfiller.com\/#\/schema\/logo\/image\/\",\"url\":\"https:\/\/cdn.mylipfiller.com\/wp-content\/uploads\/2019\/02\/cropped-My-Lip-Filler-Logo.png\",\"contentUrl\":\"https:\/\/cdn.mylipfiller.com\/wp-content\/uploads\/2019\/02\/cropped-My-Lip-Filler-Logo.png\",\"width\":240,\"height\":88,\"caption\":\"My Lip Filler\"},\"image\":{\"@id\":\"https:\/\/mylipfiller.com\/#\/schema\/logo\/image\/\"}}]}<\/script>\n<!-- \/ Yoast SEO plugin. -->","yoast_head_json":{"title":"Compre Rejeunesse Shape (1 x 1,1 ml) - Rellenos de My Lip Filler","description":"\u2765Compre Rejeunesse Shape (1 x 1,1 ml) \u23e9 Tienda online My Lip Filler \u27a6 Garant\u00eda de calidad, rese\u00f1as, ingredientes, \u00a1los mejores precios!","robots":{"index":"index","follow":"follow","max-snippet":"max-snippet:-1","max-image-preview":"max-image-preview:large","max-video-preview":"max-video-preview:-1"},"canonical":"https:\/\/mylipfiller.com\/es\/rejeunesse-shape-1-x-1-1ml\/","og_locale":"es_MX","og_type":"article","og_title":"Buy Rejeunesse Shape (1 x 1.1ml) - Fillers from My Lip Filler","og_description":"\u2765Buy Rejeunesse Shape (1 x 1.1ml) \u23e9 My Lip Filler online store \u27a6 Quality assurance, reviews, ingredients, best prices!","og_url":"https:\/\/mylipfiller.com\/es\/rejeunesse-shape-1-x-1-1ml\/","og_site_name":"My Lip Filler","article_modified_time":"2024-09-12T06:48:21+00:00","og_image":[{"width":600,"height":600,"url":"https:\/\/cdn.mylipfiller.com\/wp-content\/uploads\/2019\/03\/Rejeunesse-Shape.jpg","type":"image\/jpeg"}],"twitter_card":"summary_large_image","twitter_misc":{"Tiempo de lectura":"2 minutos"},"schema":{"@context":"https:\/\/schema.org","@graph":[{"@type":"WebPage","@id":"https:\/\/mylipfiller.com\/rejeunesse-shape-1-x-1-1ml\/","url":"https:\/\/mylipfiller.com\/rejeunesse-shape-1-x-1-1ml\/","name":"Compre Rejeunesse Shape (1 x 1,1 ml) - Rellenos de My Lip Filler","isPartOf":{"@id":"https:\/\/mylipfiller.com\/#website"},"primaryImageOfPage":{"@id":"https:\/\/mylipfiller.com\/rejeunesse-shape-1-x-1-1ml\/#primaryimage"},"image":{"@id":"https:\/\/mylipfiller.com\/rejeunesse-shape-1-x-1-1ml\/#primaryimage"},"thumbnailUrl":"https:\/\/cdn.mylipfiller.com\/wp-content\/uploads\/2019\/03\/Rejeunesse-Shape.jpg","datePublished":"2019-03-05T14:58:40+00:00","dateModified":"2024-09-12T06:48:21+00:00","description":"\u2765Compre Rejeunesse Shape (1 x 1,1 ml) \u23e9 Tienda online My Lip Filler \u27a6 Garant\u00eda de calidad, rese\u00f1as, ingredientes, \u00a1los mejores precios!","breadcrumb":{"@id":"https:\/\/mylipfiller.com\/rejeunesse-shape-1-x-1-1ml\/#breadcrumb"},"inLanguage":"es","potentialAction":[{"@type":"ReadAction","target":["https:\/\/mylipfiller.com\/rejeunesse-shape-1-x-1-1ml\/"]}]},{"@type":"ImageObject","inLanguage":"es","@id":"https:\/\/mylipfiller.com\/rejeunesse-shape-1-x-1-1ml\/#primaryimage","url":"https:\/\/cdn.mylipfiller.com\/wp-content\/uploads\/2019\/03\/Rejeunesse-Shape.jpg","contentUrl":"https:\/\/cdn.mylipfiller.com\/wp-content\/uploads\/2019\/03\/Rejeunesse-Shape.jpg","width":600,"height":600,"caption":"Rejeunesse Shape"},{"@type":"BreadcrumbList","@id":"https:\/\/mylipfiller.com\/rejeunesse-shape-1-x-1-1ml\/#breadcrumb","itemListElement":[{"@type":"ListItem","position":1,"name":"Home","item":"https:\/\/mylipfiller.com\/"},{"@type":"ListItem","position":2,"name":"Shop","item":"https:\/\/mylipfiller.com\/shop\/"},{"@type":"ListItem","position":3,"name":"Rejeunesse Shape (1 x 1.1ml)"}]},{"@type":"WebSite","@id":"https:\/\/mylipfiller.com\/#website","url":"https:\/\/mylipfiller.com\/","name":"Mi relleno de labios","description":"Rellenos d\u00e9rmicos y de labios con \u00e1cido hialur\u00f3nico","publisher":{"@id":"https:\/\/mylipfiller.com\/#organization"},"potentialAction":[{"@type":"SearchAction","target":{"@type":"EntryPoint","urlTemplate":"https:\/\/mylipfiller.com\/?s={search_term_string}"},"query-input":{"@type":"PropertyValueSpecification","valueRequired":true,"valueName":"search_term_string"}}],"inLanguage":"es"},{"@type":"Organization","@id":"https:\/\/mylipfiller.com\/#organization","name":"Mi relleno de labios","url":"https:\/\/mylipfiller.com\/","logo":{"@type":"ImageObject","inLanguage":"es","@id":"https:\/\/mylipfiller.com\/#\/schema\/logo\/image\/","url":"https:\/\/cdn.mylipfiller.com\/wp-content\/uploads\/2019\/02\/cropped-My-Lip-Filler-Logo.png","contentUrl":"https:\/\/cdn.mylipfiller.com\/wp-content\/uploads\/2019\/02\/cropped-My-Lip-Filler-Logo.png","width":240,"height":88,"caption":"My Lip Filler"},"image":{"@id":"https:\/\/mylipfiller.com\/#\/schema\/logo\/image\/"}}]}},"_links":{"self":[{"href":"https:\/\/mylipfiller.com\/es\/wp-json\/wp\/v2\/product\/607","targetHints":{"allow":["GET"]}}],"collection":[{"href":"https:\/\/mylipfiller.com\/es\/wp-json\/wp\/v2\/product"}],"about":[{"href":"https:\/\/mylipfiller.com\/es\/wp-json\/wp\/v2\/types\/product"}],"wp:featuredmedia":[{"embeddable":true,"href":"https:\/\/mylipfiller.com\/es\/wp-json\/wp\/v2\/media\/564"}],"wp:attachment":[{"href":"https:\/\/mylipfiller.com\/es\/wp-json\/wp\/v2\/media?parent=607"}],"wp:term":[{"taxonomy":"product_brand","embeddable":true,"href":"https:\/\/mylipfiller.com\/es\/wp-json\/wp\/v2\/product_brand?post=607"},{"taxonomy":"product_cat","embeddable":true,"href":"https:\/\/mylipfiller.com\/es\/wp-json\/wp\/v2\/product_cat?post=607"},{"taxonomy":"product_tag","embeddable":true,"href":"https:\/\/mylipfiller.com\/es\/wp-json\/wp\/v2\/product_tag?post=607"}],"curies":[{"name":"gracias","href":"https:\/\/api.w.org\/{rel}","templated":true}]}}