{"id":608,"date":"2019-03-05T17:01:09","date_gmt":"2019-03-05T15:01:09","guid":{"rendered":"https:\/\/mylipfiller.com\/?post_type=product&#038;p=608"},"modified":"2024-07-03T17:32:58","modified_gmt":"2024-07-03T15:32:58","slug":"rejeunesse-sparkle-3-x-2-5ml","status":"publish","type":"product","link":"https:\/\/mylipfiller.com\/es\/rejeunesse-sparkle-3-x-2-5ml\/","title":{"rendered":"Rejeunesse Sparkle (3 x 2,5 ml)"},"content":{"rendered":"<p>El uso del relleno Rejeunesse Sparkle no es una sola sesi\u00f3n: un procedimiento de inyecci\u00f3n \u00fanica. La caja viene con 3 jeringas m\u00e1s grandes y promedio de soluci\u00f3n de mesoterapia, que se deben usar durante el transcurso de un tratamiento meso adecuado combinado con la eliminaci\u00f3n de arrugas con relleno d\u00e9rmico tradicional. La concentraci\u00f3n de HA se reduce intencionalmente a 20 mg por ml.<\/p>\n<p>El relleno d\u00e9rmico se puede utilizar para tratar problemas tales como l\u00edneas periorales superficiales y glabela y tambi\u00e9n patas de gallo. Para potenciar el efecto del tratamiento, el gel tambi\u00e9n hidratar\u00e1 las zonas donde se inyecta, convirti\u00e9ndolo en la soluci\u00f3n de relleno recomendada para pacientes con piel facial seca o da\u00f1ada. Mejorar el nivel de hidrataci\u00f3n de la piel tendr\u00e1 efecto con el tiempo, siendo una prevenci\u00f3n de las arrugas y una especie de terapia anti-edad de larga duraci\u00f3n.<\/p>\n<h3>\u00bfQu\u00e9 diferencia a Rejeunesse Sparkle de otros rellenos?<\/h3>\n<p>La selecci\u00f3n de inyectables para el tratamiento de arrugas superficiales es extensa. Sin embargo, solo unos pocos productos ofrecen el doble efecto de Sparkle y ninguno a este precio. Se recomienda la soluci\u00f3n HA porque:<\/p>\n<ul>\n<li>Est\u00e1 hecho de \u00e1cido hialur\u00f3nico de la m\u00e1s alta calidad.<\/li>\n<li>Ofrece una soluci\u00f3n inmediata a las l\u00edneas finas y arrugas.<\/li>\n<li>Incluye tres jeringas de 2,5 ml para una terapia de piel completa<\/li>\n<li>Tambi\u00e9n es una soluci\u00f3n de mesoterapia.<\/li>\n<\/ul>\n<p>Una vez que se realiza el proceso de tratamiento (siempre realizado por un m\u00e9dico autorizado), un paciente puede esperar una piel sana y fuerte, con menos o incluso ninguna, arrugas durante un per\u00edodo de 8 a 12 meses. Esta duraci\u00f3n del relleno se ve afectada por la edad, el estado de la piel, el medio ambiente, el estilo de vida, etc.<\/p>","protected":false},"excerpt":{"rendered":"<p>Rejeunesse Sparke es un relleno d\u00e9rmico especial, que act\u00faa como una soluci\u00f3n h\u00edbrida de gel inyectable para la piel y productos de mesoterapia. Aprovechando al m\u00e1ximo el \u00c1cido Hialur\u00f3nico y lo que puede hacer por la piel del paciente, este relleno eliminar\u00e1 eficazmente las l\u00edneas y arrugas finas y superficiales de la piel y al mismo tiempo mejorar\u00e1 los niveles de hidrataci\u00f3n, ofreciendo una prevenci\u00f3n a largo plazo contra la aparici\u00f3n de nuevas arrugas. Se garantiza que el resultado final ser\u00e1 de aspecto natural y duradero (hasta medio a\u00f1o).<\/p>","protected":false},"featured_media":565,"template":"","meta":{"_acf_changed":false},"product_brand":[],"product_cat":[178,29,32],"product_tag":[144,111,126,151,117,146,137,119,148,127],"class_list":{"0":"post-608","1":"product","2":"type-product","3":"status-publish","4":"has-post-thumbnail","6":"product_cat-forest-hills-lab","7":"product_cat-rejeunesse","8":"product_cat-soft","9":"product_tag-anti-wrinkle","10":"product_tag-face","11":"product_tag-fine-lines","12":"product_tag-hyaluronic-acid-ha-fillers","13":"product_tag-low-density","14":"product_tag-smoothing","15":"product_tag-south-korea","16":"product_tag-up-to-9-months","17":"product_tag-upper-dermis","18":"product_tag-wrinkles-around-the-eyes","20":"first","21":"outofstock","22":"taxable","23":"shipping-taxable","24":"product-type-simple"},"acf":[],"yoast_head":"<!-- This site is optimized with the Yoast SEO plugin v27.2 - https:\/\/yoast.com\/product\/yoast-seo-wordpress\/ -->\n<title>Buy Rejeunesse Sparkle (3 x 2.5ml) - Fillers from My Lip Filler<\/title>\n<meta name=\"description\" content=\"\u2765Buy Rejeunesse Sparkle (3 x 2.5ml) \u23e9 My Lip Filler online store \u27a6 Quality assurance, reviews, ingredients, best prices!\" \/>\n<meta name=\"robots\" content=\"index, follow, max-snippet:-1, max-image-preview:large, max-video-preview:-1\" \/>\n<link rel=\"canonical\" href=\"https:\/\/mylipfiller.com\/es\/rejeunesse-sparkle-3-x-2-5ml\/\" \/>\n<meta property=\"og:locale\" content=\"es_MX\" \/>\n<meta property=\"og:type\" content=\"article\" \/>\n<meta property=\"og:title\" content=\"Buy Rejeunesse Sparkle (3 x 2.5ml) - Fillers from My Lip Filler\" \/>\n<meta property=\"og:description\" content=\"\u2765Buy Rejeunesse Sparkle (3 x 2.5ml) \u23e9 My Lip Filler online store \u27a6 Quality assurance, reviews, ingredients, best prices!\" \/>\n<meta property=\"og:url\" content=\"https:\/\/mylipfiller.com\/es\/rejeunesse-sparkle-3-x-2-5ml\/\" \/>\n<meta property=\"og:site_name\" content=\"My Lip Filler\" \/>\n<meta property=\"article:modified_time\" content=\"2024-07-03T15:32:58+00:00\" \/>\n<meta property=\"og:image\" content=\"https:\/\/cdn.mylipfiller.com\/wp-content\/uploads\/2019\/03\/Rejeunesse-Sparkle.jpg\" \/>\n\t<meta property=\"og:image:width\" content=\"500\" \/>\n\t<meta property=\"og:image:height\" content=\"500\" \/>\n\t<meta property=\"og:image:type\" content=\"image\/jpeg\" \/>\n<meta name=\"twitter:card\" content=\"summary_large_image\" \/>\n<meta name=\"twitter:label1\" content=\"Tiempo de lectura\" \/>\n\t<meta name=\"twitter:data1\" content=\"2 minutos\" \/>\n<script type=\"application\/ld+json\" class=\"yoast-schema-graph\">{\"@context\":\"https:\/\/schema.org\",\"@graph\":[{\"@type\":\"WebPage\",\"@id\":\"https:\/\/mylipfiller.com\/rejeunesse-sparkle-3-x-2-5ml\/\",\"url\":\"https:\/\/mylipfiller.com\/rejeunesse-sparkle-3-x-2-5ml\/\",\"name\":\"Buy Rejeunesse Sparkle (3 x 2.5ml) - Fillers from My Lip Filler\",\"isPartOf\":{\"@id\":\"https:\/\/mylipfiller.com\/#website\"},\"primaryImageOfPage\":{\"@id\":\"https:\/\/mylipfiller.com\/rejeunesse-sparkle-3-x-2-5ml\/#primaryimage\"},\"image\":{\"@id\":\"https:\/\/mylipfiller.com\/rejeunesse-sparkle-3-x-2-5ml\/#primaryimage\"},\"thumbnailUrl\":\"https:\/\/cdn.mylipfiller.com\/wp-content\/uploads\/2019\/03\/Rejeunesse-Sparkle.jpg\",\"datePublished\":\"2019-03-05T15:01:09+00:00\",\"dateModified\":\"2024-07-03T15:32:58+00:00\",\"description\":\"\u2765Buy Rejeunesse Sparkle (3 x 2.5ml) \u23e9 My Lip Filler online store \u27a6 Quality assurance, reviews, ingredients, best prices!\",\"breadcrumb\":{\"@id\":\"https:\/\/mylipfiller.com\/rejeunesse-sparkle-3-x-2-5ml\/#breadcrumb\"},\"inLanguage\":\"es\",\"potentialAction\":[{\"@type\":\"ReadAction\",\"target\":[\"https:\/\/mylipfiller.com\/rejeunesse-sparkle-3-x-2-5ml\/\"]}]},{\"@type\":\"ImageObject\",\"inLanguage\":\"es\",\"@id\":\"https:\/\/mylipfiller.com\/rejeunesse-sparkle-3-x-2-5ml\/#primaryimage\",\"url\":\"https:\/\/cdn.mylipfiller.com\/wp-content\/uploads\/2019\/03\/Rejeunesse-Sparkle.jpg\",\"contentUrl\":\"https:\/\/cdn.mylipfiller.com\/wp-content\/uploads\/2019\/03\/Rejeunesse-Sparkle.jpg\",\"width\":500,\"height\":500,\"caption\":\"Rejeunesse Sparkle\"},{\"@type\":\"BreadcrumbList\",\"@id\":\"https:\/\/mylipfiller.com\/rejeunesse-sparkle-3-x-2-5ml\/#breadcrumb\",\"itemListElement\":[{\"@type\":\"ListItem\",\"position\":1,\"name\":\"Home\",\"item\":\"https:\/\/mylipfiller.com\/\"},{\"@type\":\"ListItem\",\"position\":2,\"name\":\"Shop\",\"item\":\"https:\/\/mylipfiller.com\/shop\/\"},{\"@type\":\"ListItem\",\"position\":3,\"name\":\"Rejeunesse Sparkle (3 x 2.5ml)\"}]},{\"@type\":\"WebSite\",\"@id\":\"https:\/\/mylipfiller.com\/#website\",\"url\":\"https:\/\/mylipfiller.com\/\",\"name\":\"My Lip Filler\",\"description\":\"Hyaluronic Acid Lip and Dermal Fillers\",\"publisher\":{\"@id\":\"https:\/\/mylipfiller.com\/#organization\"},\"potentialAction\":[{\"@type\":\"SearchAction\",\"target\":{\"@type\":\"EntryPoint\",\"urlTemplate\":\"https:\/\/mylipfiller.com\/?s={search_term_string}\"},\"query-input\":{\"@type\":\"PropertyValueSpecification\",\"valueRequired\":true,\"valueName\":\"search_term_string\"}}],\"inLanguage\":\"es\"},{\"@type\":\"Organization\",\"@id\":\"https:\/\/mylipfiller.com\/#organization\",\"name\":\"My Lip Filler\",\"url\":\"https:\/\/mylipfiller.com\/\",\"logo\":{\"@type\":\"ImageObject\",\"inLanguage\":\"es\",\"@id\":\"https:\/\/mylipfiller.com\/#\/schema\/logo\/image\/\",\"url\":\"https:\/\/cdn.mylipfiller.com\/wp-content\/uploads\/2019\/02\/cropped-My-Lip-Filler-Logo.png\",\"contentUrl\":\"https:\/\/cdn.mylipfiller.com\/wp-content\/uploads\/2019\/02\/cropped-My-Lip-Filler-Logo.png\",\"width\":240,\"height\":88,\"caption\":\"My Lip Filler\"},\"image\":{\"@id\":\"https:\/\/mylipfiller.com\/#\/schema\/logo\/image\/\"}}]}<\/script>\n<!-- \/ Yoast SEO plugin. -->","yoast_head_json":{"title":"Compre Rejeunesse Sparkle (3 x 2,5 ml) - Rellenos de My Lip Filler","description":"\u2765Compre Rejeunesse Sparkle (3 x 2,5 ml) \u23e9 Tienda online My Lip Filler \u27a6 Garant\u00eda de calidad, rese\u00f1as, ingredientes, \u00a1los mejores precios!","robots":{"index":"index","follow":"follow","max-snippet":"max-snippet:-1","max-image-preview":"max-image-preview:large","max-video-preview":"max-video-preview:-1"},"canonical":"https:\/\/mylipfiller.com\/es\/rejeunesse-sparkle-3-x-2-5ml\/","og_locale":"es_MX","og_type":"article","og_title":"Buy Rejeunesse Sparkle (3 x 2.5ml) - Fillers from My Lip Filler","og_description":"\u2765Buy Rejeunesse Sparkle (3 x 2.5ml) \u23e9 My Lip Filler online store \u27a6 Quality assurance, reviews, ingredients, best prices!","og_url":"https:\/\/mylipfiller.com\/es\/rejeunesse-sparkle-3-x-2-5ml\/","og_site_name":"My Lip Filler","article_modified_time":"2024-07-03T15:32:58+00:00","og_image":[{"width":500,"height":500,"url":"https:\/\/cdn.mylipfiller.com\/wp-content\/uploads\/2019\/03\/Rejeunesse-Sparkle.jpg","type":"image\/jpeg"}],"twitter_card":"summary_large_image","twitter_misc":{"Tiempo de lectura":"2 minutos"},"schema":{"@context":"https:\/\/schema.org","@graph":[{"@type":"WebPage","@id":"https:\/\/mylipfiller.com\/rejeunesse-sparkle-3-x-2-5ml\/","url":"https:\/\/mylipfiller.com\/rejeunesse-sparkle-3-x-2-5ml\/","name":"Compre Rejeunesse Sparkle (3 x 2,5 ml) - Rellenos de My Lip Filler","isPartOf":{"@id":"https:\/\/mylipfiller.com\/#website"},"primaryImageOfPage":{"@id":"https:\/\/mylipfiller.com\/rejeunesse-sparkle-3-x-2-5ml\/#primaryimage"},"image":{"@id":"https:\/\/mylipfiller.com\/rejeunesse-sparkle-3-x-2-5ml\/#primaryimage"},"thumbnailUrl":"https:\/\/cdn.mylipfiller.com\/wp-content\/uploads\/2019\/03\/Rejeunesse-Sparkle.jpg","datePublished":"2019-03-05T15:01:09+00:00","dateModified":"2024-07-03T15:32:58+00:00","description":"\u2765Compre Rejeunesse Sparkle (3 x 2,5 ml) \u23e9 Tienda online My Lip Filler \u27a6 Garant\u00eda de calidad, rese\u00f1as, ingredientes, \u00a1los mejores precios!","breadcrumb":{"@id":"https:\/\/mylipfiller.com\/rejeunesse-sparkle-3-x-2-5ml\/#breadcrumb"},"inLanguage":"es","potentialAction":[{"@type":"ReadAction","target":["https:\/\/mylipfiller.com\/rejeunesse-sparkle-3-x-2-5ml\/"]}]},{"@type":"ImageObject","inLanguage":"es","@id":"https:\/\/mylipfiller.com\/rejeunesse-sparkle-3-x-2-5ml\/#primaryimage","url":"https:\/\/cdn.mylipfiller.com\/wp-content\/uploads\/2019\/03\/Rejeunesse-Sparkle.jpg","contentUrl":"https:\/\/cdn.mylipfiller.com\/wp-content\/uploads\/2019\/03\/Rejeunesse-Sparkle.jpg","width":500,"height":500,"caption":"Rejeunesse Sparkle"},{"@type":"BreadcrumbList","@id":"https:\/\/mylipfiller.com\/rejeunesse-sparkle-3-x-2-5ml\/#breadcrumb","itemListElement":[{"@type":"ListItem","position":1,"name":"Home","item":"https:\/\/mylipfiller.com\/"},{"@type":"ListItem","position":2,"name":"Shop","item":"https:\/\/mylipfiller.com\/shop\/"},{"@type":"ListItem","position":3,"name":"Rejeunesse Sparkle (3 x 2.5ml)"}]},{"@type":"WebSite","@id":"https:\/\/mylipfiller.com\/#website","url":"https:\/\/mylipfiller.com\/","name":"Mi relleno de labios","description":"Rellenos d\u00e9rmicos y de labios con \u00e1cido hialur\u00f3nico","publisher":{"@id":"https:\/\/mylipfiller.com\/#organization"},"potentialAction":[{"@type":"SearchAction","target":{"@type":"EntryPoint","urlTemplate":"https:\/\/mylipfiller.com\/?s={search_term_string}"},"query-input":{"@type":"PropertyValueSpecification","valueRequired":true,"valueName":"search_term_string"}}],"inLanguage":"es"},{"@type":"Organization","@id":"https:\/\/mylipfiller.com\/#organization","name":"Mi relleno de labios","url":"https:\/\/mylipfiller.com\/","logo":{"@type":"ImageObject","inLanguage":"es","@id":"https:\/\/mylipfiller.com\/#\/schema\/logo\/image\/","url":"https:\/\/cdn.mylipfiller.com\/wp-content\/uploads\/2019\/02\/cropped-My-Lip-Filler-Logo.png","contentUrl":"https:\/\/cdn.mylipfiller.com\/wp-content\/uploads\/2019\/02\/cropped-My-Lip-Filler-Logo.png","width":240,"height":88,"caption":"My Lip Filler"},"image":{"@id":"https:\/\/mylipfiller.com\/#\/schema\/logo\/image\/"}}]}},"_links":{"self":[{"href":"https:\/\/mylipfiller.com\/es\/wp-json\/wp\/v2\/product\/608","targetHints":{"allow":["GET"]}}],"collection":[{"href":"https:\/\/mylipfiller.com\/es\/wp-json\/wp\/v2\/product"}],"about":[{"href":"https:\/\/mylipfiller.com\/es\/wp-json\/wp\/v2\/types\/product"}],"wp:featuredmedia":[{"embeddable":true,"href":"https:\/\/mylipfiller.com\/es\/wp-json\/wp\/v2\/media\/565"}],"wp:attachment":[{"href":"https:\/\/mylipfiller.com\/es\/wp-json\/wp\/v2\/media?parent=608"}],"wp:term":[{"taxonomy":"product_brand","embeddable":true,"href":"https:\/\/mylipfiller.com\/es\/wp-json\/wp\/v2\/product_brand?post=608"},{"taxonomy":"product_cat","embeddable":true,"href":"https:\/\/mylipfiller.com\/es\/wp-json\/wp\/v2\/product_cat?post=608"},{"taxonomy":"product_tag","embeddable":true,"href":"https:\/\/mylipfiller.com\/es\/wp-json\/wp\/v2\/product_tag?post=608"}],"curies":[{"name":"gracias","href":"https:\/\/api.w.org\/{rel}","templated":true}]}}