{"id":609,"date":"2019-03-05T17:02:36","date_gmt":"2019-03-05T15:02:36","guid":{"rendered":"https:\/\/mylipfiller.com\/?post_type=product&#038;p=609"},"modified":"2026-03-11T15:10:58","modified_gmt":"2026-03-11T13:10:58","slug":"revolax-deep-1-x-1-1ml","status":"publish","type":"product","link":"https:\/\/mylipfiller.com\/es\/revolax-deep-1-x-1-1ml\/","title":{"rendered":"Revolax profundo (1 x 1,1 ml)"},"content":{"rendered":"<p>Revolax Deep es uno de los rellenos de labios preferidos en el mercado debido a una combinaci\u00f3n de alta calidad, ausencia de efectos adversos y durabilidad. Los rellenos regulares retienen su volumen de 6 a 9 meses, pero la estructura monof\u00e1sica m\u00e1s estable del gel Revolax ralentiza la disoluci\u00f3n natural por enzimas de 12 a 18 meses. Muchos pacientes estar\u00e1n contentos con los resultados despu\u00e9s de un solo procedimiento de inyecci\u00f3n de relleno.<\/p>\n<p>Al ser un relleno monof\u00e1sico, es m\u00e1s estable en su estructura. El gel no se mueve ni fluye, incluso cuando se coloca en \u00e1reas con mucho movimiento y contracci\u00f3n muscular, como los labios. Una vez inyectado en los tejidos blandos, Revolax Deep permanecer\u00e1 firmemente asentado, pero su viscoelasticidad a\u00fan conservar\u00e1 el aspecto natural del rostro del paciente.<\/p>\n<p>Este relleno se basa en \u00c1cido Hialur\u00f3nico purificado, con una concentraci\u00f3n en el gel de 24 mg por ml. Es biocompatible y completamente seguro, con efectos rejuvenecedores cut\u00e1neos probados y potentes.<\/p>\n<h3>Aplicaci\u00f3n de relleno profundo Revolax<\/h3>\n<p>El uso principal de Revolax Deep es un relleno de labios. De hecho, aunque es una marca relativamente nueva, en comparaci\u00f3n con otras alternativas, el gel HA es un \u00e9xito total en el mercado de los rellenos de labios. Sin embargo, su uso se extiende a:<\/p>\n<ul>\n<li>Aumento de mand\u00edbula y ment\u00f3n<\/li>\n<li>Relleno de nariz<\/li>\n<li>Para la eliminaci\u00f3n de pliegues nasolabiales y de marioneta<\/li>\n<li>Restauraci\u00f3n del volumen de las mejillas<\/li>\n<\/ul>\n<p>Si bien el producto es completamente biodegradable, no debe ser utilizado por pacientes al\u00e9rgicos a sus ingredientes (especialmente a la lidoca\u00edna). Tambi\u00e9n se desaconseja su uso a las madres que amamantan y a las mujeres embarazadas.<\/p>","protected":false},"excerpt":{"rendered":"<p>Revolax Deep es, sin duda, uno de los mejores y m\u00e1s efectivos rellenos de labios del mercado. Es un producto de referencia para los pacientes que desean realzar sus labios con volumen extra o dar forma a su forma. Una sola inyecci\u00f3n de Revolax Deep filler dar\u00e1 como resultado labios m\u00e1s hermosos y llenos. El relleno tiene la &quot;suavidad&quot; y la viscoelasticidad necesarias para garantizar que los labios del paciente se vean completamente naturales despu\u00e9s del procedimiento. Adem\u00e1s, el relleno se puede utilizar para rellenar depresiones y pliegues cut\u00e1neos poco profundos a moderados.<\/p>","protected":false},"featured_media":566,"template":"","meta":{"_acf_changed":false},"product_brand":[],"product_cat":[159,33,30],"product_tag":[90,111,151,133,107,134,137,120,116],"class_list":{"0":"post-609","1":"product","2":"type-product","3":"status-publish","4":"has-post-thumbnail","6":"product_cat-across","7":"product_cat-lip","8":"product_cat-revolax","9":"product_tag-90","10":"product_tag-face","11":"product_tag-hyaluronic-acid-ha-fillers","12":"product_tag-marionette-lines","13":"product_tag-nasolabial-folds","14":"product_tag-small-lips","15":"product_tag-south-korea","16":"product_tag-up-to-12-months","17":"product_tag-with-lidocaine","19":"first","20":"instock","21":"sale","22":"taxable","23":"shipping-taxable","24":"purchasable","25":"product-type-simple"},"acf":[],"yoast_head":"<!-- This site is optimized with the Yoast SEO plugin v27.3 - https:\/\/yoast.com\/product\/yoast-seo-wordpress\/ -->\n<title>Revolax Deep Filler - Buy Best Revolax Lip Fillerand deep for lips at best Prices at My Lip Filler<\/title>\n<meta name=\"description\" content=\"Shop Revolax Deep Filler, Revolax Lip Filler, and Revolax Deep with Lidocaine. Get the best Revolax Deep price and results. Buy now at My Lip Filler\" \/>\n<meta name=\"robots\" content=\"index, follow, max-snippet:-1, max-image-preview:large, max-video-preview:-1\" \/>\n<link rel=\"canonical\" href=\"https:\/\/mylipfiller.com\/es\/revolax-deep-1-x-1-1ml\/\" \/>\n<meta property=\"og:locale\" content=\"es_MX\" \/>\n<meta property=\"og:type\" content=\"article\" \/>\n<meta property=\"og:title\" content=\"Revolax Deep Filler - Buy Best Revolax Lip Fillerand deep for lips at best Prices at My Lip Filler\" \/>\n<meta property=\"og:description\" content=\"Shop Revolax Deep Filler, Revolax Lip Filler, and Revolax Deep with Lidocaine. Get the best Revolax Deep price and results. Buy now at My Lip Filler\" \/>\n<meta property=\"og:url\" content=\"https:\/\/mylipfiller.com\/es\/revolax-deep-1-x-1-1ml\/\" \/>\n<meta property=\"og:site_name\" content=\"My Lip Filler\" \/>\n<meta property=\"article:modified_time\" content=\"2026-03-11T13:10:58+00:00\" \/>\n<meta property=\"og:image\" content=\"https:\/\/cdn.mylipfiller.com\/wp-content\/uploads\/2019\/03\/Revolax-Deep.jpg\" \/>\n\t<meta property=\"og:image:width\" content=\"600\" \/>\n\t<meta property=\"og:image:height\" content=\"600\" \/>\n\t<meta property=\"og:image:type\" content=\"image\/jpeg\" \/>\n<meta name=\"twitter:card\" content=\"summary_large_image\" \/>\n<meta name=\"twitter:label1\" content=\"Tiempo de lectura\" \/>\n\t<meta name=\"twitter:data1\" content=\"2 minutos\" \/>\n<script type=\"application\/ld+json\" class=\"yoast-schema-graph\">{\"@context\":\"https:\\\/\\\/schema.org\",\"@graph\":[{\"@type\":\"WebPage\",\"@id\":\"https:\\\/\\\/mylipfiller.com\\\/revolax-deep-1-x-1-1ml\\\/\",\"url\":\"https:\\\/\\\/mylipfiller.com\\\/revolax-deep-1-x-1-1ml\\\/\",\"name\":\"Revolax Deep Filler - Buy Best Revolax Lip Fillerand deep for lips at best Prices at My Lip Filler\",\"isPartOf\":{\"@id\":\"https:\\\/\\\/mylipfiller.com\\\/#website\"},\"primaryImageOfPage\":{\"@id\":\"https:\\\/\\\/mylipfiller.com\\\/revolax-deep-1-x-1-1ml\\\/#primaryimage\"},\"image\":{\"@id\":\"https:\\\/\\\/mylipfiller.com\\\/revolax-deep-1-x-1-1ml\\\/#primaryimage\"},\"thumbnailUrl\":\"https:\\\/\\\/mylipfiller.com\\\/wp-content\\\/uploads\\\/2019\\\/03\\\/Revolax-Deep.jpg\",\"datePublished\":\"2019-03-05T15:02:36+00:00\",\"dateModified\":\"2026-03-11T13:10:58+00:00\",\"description\":\"Shop Revolax Deep Filler, Revolax Lip Filler, and Revolax Deep with Lidocaine. Get the best Revolax Deep price and results. Buy now at My Lip Filler\",\"breadcrumb\":{\"@id\":\"https:\\\/\\\/mylipfiller.com\\\/revolax-deep-1-x-1-1ml\\\/#breadcrumb\"},\"inLanguage\":\"es\",\"potentialAction\":[{\"@type\":\"ReadAction\",\"target\":[\"https:\\\/\\\/mylipfiller.com\\\/revolax-deep-1-x-1-1ml\\\/\"]}]},{\"@type\":\"ImageObject\",\"inLanguage\":\"es\",\"@id\":\"https:\\\/\\\/mylipfiller.com\\\/revolax-deep-1-x-1-1ml\\\/#primaryimage\",\"url\":\"https:\\\/\\\/mylipfiller.com\\\/wp-content\\\/uploads\\\/2019\\\/03\\\/Revolax-Deep.jpg\",\"contentUrl\":\"https:\\\/\\\/mylipfiller.com\\\/wp-content\\\/uploads\\\/2019\\\/03\\\/Revolax-Deep.jpg\",\"width\":600,\"height\":600,\"caption\":\"Revolax Deep\"},{\"@type\":\"BreadcrumbList\",\"@id\":\"https:\\\/\\\/mylipfiller.com\\\/revolax-deep-1-x-1-1ml\\\/#breadcrumb\",\"itemListElement\":[{\"@type\":\"ListItem\",\"position\":1,\"name\":\"Home\",\"item\":\"https:\\\/\\\/mylipfiller.com\\\/\"},{\"@type\":\"ListItem\",\"position\":2,\"name\":\"Shop\",\"item\":\"https:\\\/\\\/mylipfiller.com\\\/shop\\\/\"},{\"@type\":\"ListItem\",\"position\":3,\"name\":\"Revolax Deep (1 x 1.1ml)\"}]},{\"@type\":\"WebSite\",\"@id\":\"https:\\\/\\\/mylipfiller.com\\\/#website\",\"url\":\"https:\\\/\\\/mylipfiller.com\\\/\",\"name\":\"My Lip Filler\",\"description\":\"Hyaluronic Acid Lip and Dermal Fillers\",\"publisher\":{\"@id\":\"https:\\\/\\\/mylipfiller.com\\\/#organization\"},\"potentialAction\":[{\"@type\":\"SearchAction\",\"target\":{\"@type\":\"EntryPoint\",\"urlTemplate\":\"https:\\\/\\\/mylipfiller.com\\\/?s={search_term_string}\"},\"query-input\":{\"@type\":\"PropertyValueSpecification\",\"valueRequired\":true,\"valueName\":\"search_term_string\"}}],\"inLanguage\":\"es\"},{\"@type\":\"Organization\",\"@id\":\"https:\\\/\\\/mylipfiller.com\\\/#organization\",\"name\":\"My Lip Filler\",\"url\":\"https:\\\/\\\/mylipfiller.com\\\/\",\"logo\":{\"@type\":\"ImageObject\",\"inLanguage\":\"es\",\"@id\":\"https:\\\/\\\/mylipfiller.com\\\/#\\\/schema\\\/logo\\\/image\\\/\",\"url\":\"https:\\\/\\\/mylipfiller.com\\\/wp-content\\\/uploads\\\/2019\\\/02\\\/cropped-My-Lip-Filler-Logo.png\",\"contentUrl\":\"https:\\\/\\\/mylipfiller.com\\\/wp-content\\\/uploads\\\/2019\\\/02\\\/cropped-My-Lip-Filler-Logo.png\",\"width\":240,\"height\":88,\"caption\":\"My Lip Filler\"},\"image\":{\"@id\":\"https:\\\/\\\/mylipfiller.com\\\/#\\\/schema\\\/logo\\\/image\\\/\"}}]}<\/script>\n<!-- \/ Yoast SEO plugin. -->","yoast_head_json":{"title":"Relleno de labios Revolax Deep: compre el mejor relleno de labios Revolax y profundo para labios al mejor precio en My Lip Filler","description":"Compre relleno Revolax Deep, relleno de labios Revolax y Revolax Deep con lidoca\u00edna. Obtenga el mejor precio y resultados de Revolax Deep. Compra ahora en My Lip Filler","robots":{"index":"index","follow":"follow","max-snippet":"max-snippet:-1","max-image-preview":"max-image-preview:large","max-video-preview":"max-video-preview:-1"},"canonical":"https:\/\/mylipfiller.com\/es\/revolax-deep-1-x-1-1ml\/","og_locale":"es_MX","og_type":"article","og_title":"Revolax Deep Filler - Buy Best Revolax Lip Fillerand deep for lips at best Prices at My Lip Filler","og_description":"Shop Revolax Deep Filler, Revolax Lip Filler, and Revolax Deep with Lidocaine. Get the best Revolax Deep price and results. Buy now at My Lip Filler","og_url":"https:\/\/mylipfiller.com\/es\/revolax-deep-1-x-1-1ml\/","og_site_name":"My Lip Filler","article_modified_time":"2026-03-11T13:10:58+00:00","og_image":[{"width":600,"height":600,"url":"https:\/\/cdn.mylipfiller.com\/wp-content\/uploads\/2019\/03\/Revolax-Deep.jpg","type":"image\/jpeg"}],"twitter_card":"summary_large_image","twitter_misc":{"Tiempo de lectura":"2 minutos"},"schema":{"@context":"https:\/\/schema.org","@graph":[{"@type":"WebPage","@id":"https:\/\/mylipfiller.com\/revolax-deep-1-x-1-1ml\/","url":"https:\/\/mylipfiller.com\/revolax-deep-1-x-1-1ml\/","name":"Relleno de labios Revolax Deep: compre el mejor relleno de labios Revolax y profundo para labios al mejor precio en My Lip Filler","isPartOf":{"@id":"https:\/\/mylipfiller.com\/#website"},"primaryImageOfPage":{"@id":"https:\/\/mylipfiller.com\/revolax-deep-1-x-1-1ml\/#primaryimage"},"image":{"@id":"https:\/\/mylipfiller.com\/revolax-deep-1-x-1-1ml\/#primaryimage"},"thumbnailUrl":"https:\/\/cdn.mylipfiller.com\/wp-content\/uploads\/2019\/03\/Revolax-Deep.jpg","datePublished":"2019-03-05T15:02:36+00:00","dateModified":"2026-03-11T13:10:58+00:00","description":"Compre relleno Revolax Deep, relleno de labios Revolax y Revolax Deep con lidoca\u00edna. Obtenga el mejor precio y resultados de Revolax Deep. Compra ahora en My Lip Filler","breadcrumb":{"@id":"https:\/\/mylipfiller.com\/revolax-deep-1-x-1-1ml\/#breadcrumb"},"inLanguage":"es","potentialAction":[{"@type":"ReadAction","target":["https:\/\/mylipfiller.com\/revolax-deep-1-x-1-1ml\/"]}]},{"@type":"ImageObject","inLanguage":"es","@id":"https:\/\/mylipfiller.com\/revolax-deep-1-x-1-1ml\/#primaryimage","url":"https:\/\/cdn.mylipfiller.com\/wp-content\/uploads\/2019\/03\/Revolax-Deep.jpg","contentUrl":"https:\/\/cdn.mylipfiller.com\/wp-content\/uploads\/2019\/03\/Revolax-Deep.jpg","width":600,"height":600,"caption":"Revolax Deep"},{"@type":"BreadcrumbList","@id":"https:\/\/mylipfiller.com\/revolax-deep-1-x-1-1ml\/#breadcrumb","itemListElement":[{"@type":"ListItem","position":1,"name":"Home","item":"https:\/\/mylipfiller.com\/"},{"@type":"ListItem","position":2,"name":"Shop","item":"https:\/\/mylipfiller.com\/shop\/"},{"@type":"ListItem","position":3,"name":"Revolax Deep (1 x 1.1ml)"}]},{"@type":"WebSite","@id":"https:\/\/mylipfiller.com\/#website","url":"https:\/\/mylipfiller.com\/","name":"Mi relleno de labios","description":"Rellenos d\u00e9rmicos y de labios con \u00e1cido hialur\u00f3nico","publisher":{"@id":"https:\/\/mylipfiller.com\/#organization"},"potentialAction":[{"@type":"SearchAction","target":{"@type":"EntryPoint","urlTemplate":"https:\/\/mylipfiller.com\/?s={search_term_string}"},"query-input":{"@type":"PropertyValueSpecification","valueRequired":true,"valueName":"search_term_string"}}],"inLanguage":"es"},{"@type":"Organization","@id":"https:\/\/mylipfiller.com\/#organization","name":"Mi relleno de labios","url":"https:\/\/mylipfiller.com\/","logo":{"@type":"ImageObject","inLanguage":"es","@id":"https:\/\/mylipfiller.com\/#\/schema\/logo\/image\/","url":"https:\/\/cdn.mylipfiller.com\/wp-content\/uploads\/2019\/02\/cropped-My-Lip-Filler-Logo.png","contentUrl":"https:\/\/cdn.mylipfiller.com\/wp-content\/uploads\/2019\/02\/cropped-My-Lip-Filler-Logo.png","width":240,"height":88,"caption":"My Lip Filler"},"image":{"@id":"https:\/\/mylipfiller.com\/#\/schema\/logo\/image\/"}}]}},"_links":{"self":[{"href":"https:\/\/mylipfiller.com\/es\/wp-json\/wp\/v2\/product\/609","targetHints":{"allow":["GET"]}}],"collection":[{"href":"https:\/\/mylipfiller.com\/es\/wp-json\/wp\/v2\/product"}],"about":[{"href":"https:\/\/mylipfiller.com\/es\/wp-json\/wp\/v2\/types\/product"}],"wp:featuredmedia":[{"embeddable":true,"href":"https:\/\/mylipfiller.com\/es\/wp-json\/wp\/v2\/media\/566"}],"wp:attachment":[{"href":"https:\/\/mylipfiller.com\/es\/wp-json\/wp\/v2\/media?parent=609"}],"wp:term":[{"taxonomy":"product_brand","embeddable":true,"href":"https:\/\/mylipfiller.com\/es\/wp-json\/wp\/v2\/product_brand?post=609"},{"taxonomy":"product_cat","embeddable":true,"href":"https:\/\/mylipfiller.com\/es\/wp-json\/wp\/v2\/product_cat?post=609"},{"taxonomy":"product_tag","embeddable":true,"href":"https:\/\/mylipfiller.com\/es\/wp-json\/wp\/v2\/product_tag?post=609"}],"curies":[{"name":"gracias","href":"https:\/\/api.w.org\/{rel}","templated":true}]}}