{"id":610,"date":"2019-03-05T17:03:37","date_gmt":"2019-03-05T15:03:37","guid":{"rendered":"https:\/\/mylipfiller.com\/?post_type=product&#038;p=610"},"modified":"2026-03-11T15:11:10","modified_gmt":"2026-03-11T13:11:10","slug":"revolax-fine-1-x-1-1ml","status":"publish","type":"product","link":"https:\/\/mylipfiller.com\/es\/revolax-fine-1-x-1-1ml\/","title":{"rendered":"Revolax fino (1 x 1,1 ml)"},"content":{"rendered":"<p>Las correcciones con Revolax Fine, cuando las aplica un m\u00e9dico experto, son muy f\u00e1ciles y r\u00e1pidas de notar. Un procedimiento corto de unos 20 minutos, puede ayudar al paciente a deshacerse de problemas molestos como Crows Feel, l\u00edneas de marioneta o l\u00edneas de la frente. Este relleno de piel es lo suficientemente suave para tratar las arrugas y l\u00edneas m\u00e1s delicadas del rostro, sin que parezca artificial. Por el contrario, el gel de \u00e1cido hialur\u00f3nico del relleno permanece bien asentado en las \u00e1reas de inyecci\u00f3n, sin \u201cfluir\u201d.<\/p>\n<p>El secreto es la estructura monof\u00e1sica de toda la l\u00ednea Revolax. El gel HA es m\u00e1s estable y duradero, en comparaci\u00f3n con otras marcas, y tiene una viscoelasticidad mucho mejor. Por lo tanto, una vez inyectado en los tejidos blandos, no habr\u00e1 cambio, adem\u00e1s de que las enzimas lo disolver\u00e1n a un ritmo notablemente m\u00e1s lento. Mientras que un relleno cut\u00e1neo normal solo dura de medio a\u00f1o a 9 meses, Revolax Fine ser\u00e1 eficaz desde al menos un a\u00f1o hasta un a\u00f1o y medio.<\/p>\n<h3>Uso de Revolax Fine<\/h3>\n<p>Este es el relleno m\u00e1s suave de la l\u00ednea Revolax. Su uso principal es para procedimientos delicados y eliminaci\u00f3n de l\u00edneas finas y arrugas, que est\u00e1n m\u00e1s all\u00e1 de las capacidades de los rellenos m\u00e1s gruesos o la cirug\u00eda pl\u00e1stica tradicional. Las inyecciones del relleno se recomiendan en:<\/p>\n<ul>\n<li>Labios<\/li>\n<li>Las mejillas<\/li>\n<li>L\u00f3bulos de las orejas<\/li>\n<li>\u00c1rea nasolabial<\/li>\n<li>\u00c1rea glabelar<\/li>\n<li>Barbilla<\/li>\n<li>Cerca de los ojos<\/li>\n<\/ul>\n<p>Consulte a su m\u00e9dico antes de recibir una inyecci\u00f3n de relleno, pero en general, no se conocen efectos secundarios adversos del relleno Revolax Fine. Los productos de \u00e1cido hialur\u00f3nico de calidad son biocompatibles. M\u00e1s all\u00e1 de una leve irritaci\u00f3n y enrojecimiento \/ malestar en el \u00e1rea inyectada, durante un per\u00edodo corto, no se esperan efectos secundarios.<\/p>","protected":false},"excerpt":{"rendered":"<p>La eliminaci\u00f3n eficaz de arrugas superficiales o l\u00edneas finas solo se puede lograr con un relleno d\u00e9rmico de muy alta calidad, que tambi\u00e9n tiene la estabilidad y viscoelasticidad necesarias para proporcionar resultados de apariencia natural. Revolax Fine es un excelente ejemplo de un relleno de alta calidad que tiene todas las caracter\u00edsticas necesarias para rejuvenecer por completo y mejorar el aspecto de los pacientes, dando una apariencia joven y hermosa.<\/p>","protected":false},"featured_media":567,"template":"","meta":{"_acf_changed":false},"product_brand":[],"product_cat":[159,89,30,32],"product_tag":[90,144,125,111,126,112,128,151,117,146,137,119,148,116,127],"class_list":{"0":"post-610","1":"product","2":"type-product","3":"status-publish","4":"has-post-thumbnail","6":"product_cat-across","7":"product_cat-big-holiday-sale","8":"product_cat-revolax","9":"product_cat-soft","10":"product_tag-90","11":"product_tag-anti-wrinkle","12":"product_tag-crows-feet","13":"product_tag-face","14":"product_tag-fine-lines","15":"product_tag-forehead","16":"product_tag-forehead-wrinkles","17":"product_tag-hyaluronic-acid-ha-fillers","18":"product_tag-low-density","19":"product_tag-smoothing","20":"product_tag-south-korea","21":"product_tag-up-to-9-months","22":"product_tag-upper-dermis","23":"product_tag-with-lidocaine","24":"product_tag-wrinkles-around-the-eyes","26":"first","27":"instock","28":"sale","29":"taxable","30":"shipping-taxable","31":"purchasable","32":"product-type-simple"},"acf":[],"yoast_head":"<!-- This site is optimized with the Yoast SEO plugin v27.3 - https:\/\/yoast.com\/product\/yoast-seo-wordpress\/ -->\n<title>Revolax Fine - Shop Revolax Fine Filler for Lips at My Lip Filler<\/title>\n<meta name=\"description\" content=\"Buy Revolax Fine Filler for stunning results. Perfect for lips and more. Get your Revolax Fine for lips today at My Lip Filler and enhance your look\" \/>\n<meta name=\"robots\" content=\"index, follow, max-snippet:-1, max-image-preview:large, max-video-preview:-1\" \/>\n<link rel=\"canonical\" href=\"https:\/\/mylipfiller.com\/es\/revolax-fine-1-x-1-1ml\/\" \/>\n<meta property=\"og:locale\" content=\"es_MX\" \/>\n<meta property=\"og:type\" content=\"article\" \/>\n<meta property=\"og:title\" content=\"Revolax Fine - Shop Revolax Fine Filler for Lips at My Lip Filler\" \/>\n<meta property=\"og:description\" content=\"Buy Revolax Fine Filler for stunning results. Perfect for lips and more. Get your Revolax Fine for lips today at My Lip Filler and enhance your look\" \/>\n<meta property=\"og:url\" content=\"https:\/\/mylipfiller.com\/es\/revolax-fine-1-x-1-1ml\/\" \/>\n<meta property=\"og:site_name\" content=\"My Lip Filler\" \/>\n<meta property=\"article:modified_time\" content=\"2026-03-11T13:11:10+00:00\" \/>\n<meta property=\"og:image\" content=\"https:\/\/cdn.mylipfiller.com\/wp-content\/uploads\/2019\/03\/Revolax-Fine.jpg\" \/>\n\t<meta property=\"og:image:width\" content=\"600\" \/>\n\t<meta property=\"og:image:height\" content=\"600\" \/>\n\t<meta property=\"og:image:type\" content=\"image\/jpeg\" \/>\n<meta name=\"twitter:card\" content=\"summary_large_image\" \/>\n<meta name=\"twitter:label1\" content=\"Tiempo de lectura\" \/>\n\t<meta name=\"twitter:data1\" content=\"2 minutos\" \/>\n<script type=\"application\/ld+json\" class=\"yoast-schema-graph\">{\"@context\":\"https:\\\/\\\/schema.org\",\"@graph\":[{\"@type\":\"WebPage\",\"@id\":\"https:\\\/\\\/mylipfiller.com\\\/revolax-fine-1-x-1-1ml\\\/\",\"url\":\"https:\\\/\\\/mylipfiller.com\\\/revolax-fine-1-x-1-1ml\\\/\",\"name\":\"Revolax Fine - Shop Revolax Fine Filler for Lips at My Lip Filler\",\"isPartOf\":{\"@id\":\"https:\\\/\\\/mylipfiller.com\\\/#website\"},\"primaryImageOfPage\":{\"@id\":\"https:\\\/\\\/mylipfiller.com\\\/revolax-fine-1-x-1-1ml\\\/#primaryimage\"},\"image\":{\"@id\":\"https:\\\/\\\/mylipfiller.com\\\/revolax-fine-1-x-1-1ml\\\/#primaryimage\"},\"thumbnailUrl\":\"https:\\\/\\\/mylipfiller.com\\\/wp-content\\\/uploads\\\/2019\\\/03\\\/Revolax-Fine.jpg\",\"datePublished\":\"2019-03-05T15:03:37+00:00\",\"dateModified\":\"2026-03-11T13:11:10+00:00\",\"description\":\"Buy Revolax Fine Filler for stunning results. Perfect for lips and more. Get your Revolax Fine for lips today at My Lip Filler and enhance your look\",\"breadcrumb\":{\"@id\":\"https:\\\/\\\/mylipfiller.com\\\/revolax-fine-1-x-1-1ml\\\/#breadcrumb\"},\"inLanguage\":\"es\",\"potentialAction\":[{\"@type\":\"ReadAction\",\"target\":[\"https:\\\/\\\/mylipfiller.com\\\/revolax-fine-1-x-1-1ml\\\/\"]}]},{\"@type\":\"ImageObject\",\"inLanguage\":\"es\",\"@id\":\"https:\\\/\\\/mylipfiller.com\\\/revolax-fine-1-x-1-1ml\\\/#primaryimage\",\"url\":\"https:\\\/\\\/mylipfiller.com\\\/wp-content\\\/uploads\\\/2019\\\/03\\\/Revolax-Fine.jpg\",\"contentUrl\":\"https:\\\/\\\/mylipfiller.com\\\/wp-content\\\/uploads\\\/2019\\\/03\\\/Revolax-Fine.jpg\",\"width\":600,\"height\":600,\"caption\":\"Revolax Fine\"},{\"@type\":\"BreadcrumbList\",\"@id\":\"https:\\\/\\\/mylipfiller.com\\\/revolax-fine-1-x-1-1ml\\\/#breadcrumb\",\"itemListElement\":[{\"@type\":\"ListItem\",\"position\":1,\"name\":\"Home\",\"item\":\"https:\\\/\\\/mylipfiller.com\\\/\"},{\"@type\":\"ListItem\",\"position\":2,\"name\":\"Shop\",\"item\":\"https:\\\/\\\/mylipfiller.com\\\/shop\\\/\"},{\"@type\":\"ListItem\",\"position\":3,\"name\":\"Revolax Fine (1 x 1.1ml)\"}]},{\"@type\":\"WebSite\",\"@id\":\"https:\\\/\\\/mylipfiller.com\\\/#website\",\"url\":\"https:\\\/\\\/mylipfiller.com\\\/\",\"name\":\"My Lip Filler\",\"description\":\"Hyaluronic Acid Lip and Dermal Fillers\",\"publisher\":{\"@id\":\"https:\\\/\\\/mylipfiller.com\\\/#organization\"},\"potentialAction\":[{\"@type\":\"SearchAction\",\"target\":{\"@type\":\"EntryPoint\",\"urlTemplate\":\"https:\\\/\\\/mylipfiller.com\\\/?s={search_term_string}\"},\"query-input\":{\"@type\":\"PropertyValueSpecification\",\"valueRequired\":true,\"valueName\":\"search_term_string\"}}],\"inLanguage\":\"es\"},{\"@type\":\"Organization\",\"@id\":\"https:\\\/\\\/mylipfiller.com\\\/#organization\",\"name\":\"My Lip Filler\",\"url\":\"https:\\\/\\\/mylipfiller.com\\\/\",\"logo\":{\"@type\":\"ImageObject\",\"inLanguage\":\"es\",\"@id\":\"https:\\\/\\\/mylipfiller.com\\\/#\\\/schema\\\/logo\\\/image\\\/\",\"url\":\"https:\\\/\\\/mylipfiller.com\\\/wp-content\\\/uploads\\\/2019\\\/02\\\/cropped-My-Lip-Filler-Logo.png\",\"contentUrl\":\"https:\\\/\\\/mylipfiller.com\\\/wp-content\\\/uploads\\\/2019\\\/02\\\/cropped-My-Lip-Filler-Logo.png\",\"width\":240,\"height\":88,\"caption\":\"My Lip Filler\"},\"image\":{\"@id\":\"https:\\\/\\\/mylipfiller.com\\\/#\\\/schema\\\/logo\\\/image\\\/\"}}]}<\/script>\n<!-- \/ Yoast SEO plugin. -->","yoast_head_json":{"title":"Revolax Fine - Compre relleno para labios Revolax Fine en My Lip Filler","description":"Compre masilla Revolax Fine para obtener resultados sorprendentes. Perfecto para labios y m\u00e1s. Consigue hoy tu Revolax Fine para labios en My Lip Filler y mejora tu apariencia","robots":{"index":"index","follow":"follow","max-snippet":"max-snippet:-1","max-image-preview":"max-image-preview:large","max-video-preview":"max-video-preview:-1"},"canonical":"https:\/\/mylipfiller.com\/es\/revolax-fine-1-x-1-1ml\/","og_locale":"es_MX","og_type":"article","og_title":"Revolax Fine - Shop Revolax Fine Filler for Lips at My Lip Filler","og_description":"Buy Revolax Fine Filler for stunning results. Perfect for lips and more. Get your Revolax Fine for lips today at My Lip Filler and enhance your look","og_url":"https:\/\/mylipfiller.com\/es\/revolax-fine-1-x-1-1ml\/","og_site_name":"My Lip Filler","article_modified_time":"2026-03-11T13:11:10+00:00","og_image":[{"width":600,"height":600,"url":"https:\/\/cdn.mylipfiller.com\/wp-content\/uploads\/2019\/03\/Revolax-Fine.jpg","type":"image\/jpeg"}],"twitter_card":"summary_large_image","twitter_misc":{"Tiempo de lectura":"2 minutos"},"schema":{"@context":"https:\/\/schema.org","@graph":[{"@type":"WebPage","@id":"https:\/\/mylipfiller.com\/revolax-fine-1-x-1-1ml\/","url":"https:\/\/mylipfiller.com\/revolax-fine-1-x-1-1ml\/","name":"Revolax Fine - Compre relleno para labios Revolax Fine en My Lip Filler","isPartOf":{"@id":"https:\/\/mylipfiller.com\/#website"},"primaryImageOfPage":{"@id":"https:\/\/mylipfiller.com\/revolax-fine-1-x-1-1ml\/#primaryimage"},"image":{"@id":"https:\/\/mylipfiller.com\/revolax-fine-1-x-1-1ml\/#primaryimage"},"thumbnailUrl":"https:\/\/cdn.mylipfiller.com\/wp-content\/uploads\/2019\/03\/Revolax-Fine.jpg","datePublished":"2019-03-05T15:03:37+00:00","dateModified":"2026-03-11T13:11:10+00:00","description":"Compre masilla Revolax Fine para obtener resultados sorprendentes. Perfecto para labios y m\u00e1s. Consigue hoy tu Revolax Fine para labios en My Lip Filler y mejora tu apariencia","breadcrumb":{"@id":"https:\/\/mylipfiller.com\/revolax-fine-1-x-1-1ml\/#breadcrumb"},"inLanguage":"es","potentialAction":[{"@type":"ReadAction","target":["https:\/\/mylipfiller.com\/revolax-fine-1-x-1-1ml\/"]}]},{"@type":"ImageObject","inLanguage":"es","@id":"https:\/\/mylipfiller.com\/revolax-fine-1-x-1-1ml\/#primaryimage","url":"https:\/\/cdn.mylipfiller.com\/wp-content\/uploads\/2019\/03\/Revolax-Fine.jpg","contentUrl":"https:\/\/cdn.mylipfiller.com\/wp-content\/uploads\/2019\/03\/Revolax-Fine.jpg","width":600,"height":600,"caption":"Revolax Fine"},{"@type":"BreadcrumbList","@id":"https:\/\/mylipfiller.com\/revolax-fine-1-x-1-1ml\/#breadcrumb","itemListElement":[{"@type":"ListItem","position":1,"name":"Home","item":"https:\/\/mylipfiller.com\/"},{"@type":"ListItem","position":2,"name":"Shop","item":"https:\/\/mylipfiller.com\/shop\/"},{"@type":"ListItem","position":3,"name":"Revolax Fine (1 x 1.1ml)"}]},{"@type":"WebSite","@id":"https:\/\/mylipfiller.com\/#website","url":"https:\/\/mylipfiller.com\/","name":"Mi relleno de labios","description":"Rellenos d\u00e9rmicos y de labios con \u00e1cido hialur\u00f3nico","publisher":{"@id":"https:\/\/mylipfiller.com\/#organization"},"potentialAction":[{"@type":"SearchAction","target":{"@type":"EntryPoint","urlTemplate":"https:\/\/mylipfiller.com\/?s={search_term_string}"},"query-input":{"@type":"PropertyValueSpecification","valueRequired":true,"valueName":"search_term_string"}}],"inLanguage":"es"},{"@type":"Organization","@id":"https:\/\/mylipfiller.com\/#organization","name":"Mi relleno de labios","url":"https:\/\/mylipfiller.com\/","logo":{"@type":"ImageObject","inLanguage":"es","@id":"https:\/\/mylipfiller.com\/#\/schema\/logo\/image\/","url":"https:\/\/cdn.mylipfiller.com\/wp-content\/uploads\/2019\/02\/cropped-My-Lip-Filler-Logo.png","contentUrl":"https:\/\/cdn.mylipfiller.com\/wp-content\/uploads\/2019\/02\/cropped-My-Lip-Filler-Logo.png","width":240,"height":88,"caption":"My Lip Filler"},"image":{"@id":"https:\/\/mylipfiller.com\/#\/schema\/logo\/image\/"}}]}},"_links":{"self":[{"href":"https:\/\/mylipfiller.com\/es\/wp-json\/wp\/v2\/product\/610","targetHints":{"allow":["GET"]}}],"collection":[{"href":"https:\/\/mylipfiller.com\/es\/wp-json\/wp\/v2\/product"}],"about":[{"href":"https:\/\/mylipfiller.com\/es\/wp-json\/wp\/v2\/types\/product"}],"wp:featuredmedia":[{"embeddable":true,"href":"https:\/\/mylipfiller.com\/es\/wp-json\/wp\/v2\/media\/567"}],"wp:attachment":[{"href":"https:\/\/mylipfiller.com\/es\/wp-json\/wp\/v2\/media?parent=610"}],"wp:term":[{"taxonomy":"product_brand","embeddable":true,"href":"https:\/\/mylipfiller.com\/es\/wp-json\/wp\/v2\/product_brand?post=610"},{"taxonomy":"product_cat","embeddable":true,"href":"https:\/\/mylipfiller.com\/es\/wp-json\/wp\/v2\/product_cat?post=610"},{"taxonomy":"product_tag","embeddable":true,"href":"https:\/\/mylipfiller.com\/es\/wp-json\/wp\/v2\/product_tag?post=610"}],"curies":[{"name":"gracias","href":"https:\/\/api.w.org\/{rel}","templated":true}]}}