{"id":611,"date":"2019-03-05T17:06:06","date_gmt":"2019-03-05T15:06:06","guid":{"rendered":"https:\/\/mylipfiller.com\/?post_type=product&#038;p=611"},"modified":"2026-04-02T15:06:31","modified_gmt":"2026-04-02T13:06:31","slug":"revolax-sub-q-1-x-1-1ml","status":"publish","type":"product","link":"https:\/\/mylipfiller.com\/es\/revolax-sub-q-1-x-1-1ml\/","title":{"rendered":"Revolax SUB-Q (1 x 1,1 ml)"},"content":{"rendered":"<p>Revolax Sub-Q ofrece una experiencia suave y sin dolor al aumentar los rasgos faciales del paciente. El gel contiene 0,1 ml de lidoca\u00edna, lo que significa que no existe ninguna molestia inmediata, t\u00edpica de un procedimiento de inyecci\u00f3n de relleno d\u00e9rmico.<\/p>\n<p>El producto Revolax est\u00e1 hecho de \u00e1cido hialur\u00f3nico purificado y su gel es de estructura monof\u00e1sica, una ventaja en comparaci\u00f3n con la mayor\u00eda de las marcas de relleno, ya que su estructura es m\u00e1s duradera para las enzimas del cuerpo y, por lo tanto, sus efectos son m\u00e1s duraderos. Revolax Sub-Q con lidoca\u00edna durar\u00e1 6 meses m\u00e1s, en promedio, en comparaci\u00f3n con la mayor\u00eda de las otras marcas de rellenos para esculpir.<\/p>\n<p>El relleno tiene una concentraci\u00f3n muy alta de \u00e1cido hialur\u00f3nico: 24 mg \/ ml. Teniendo en cuenta lo poderosos que son sus efectos en la piel, no es de extra\u00f1ar que este sea un excelente producto anti-edad. Al usar HA sint\u00e9tico, la sustancia en s\u00ed es natural para el cuerpo humano, con la capacidad de retener muchas veces su propio peso de agua, es completamente segura y biodegradable.<\/p>\n<h3>\u00bfEn qu\u00e9 \u00e1reas se inyecta mejor Revolax Sub Q?<\/h3>\n<p>El enfoque principal de los rellenos gruesos es realzar la forma de los diversos rasgos faciales del paciente. Revolax Sub-Q con lidoca\u00edna no es una excepci\u00f3n y puede ayudar a los m\u00e9dicos a mejorar el:<\/p>\n<ul>\n<li>Mand\u00edbula<\/li>\n<li>Volumen de las mejillas<\/li>\n<li>P\u00f3mulos<\/li>\n<li>Barbilla<\/li>\n<li>Nariz (rinoplastia)<\/li>\n<\/ul>\n<p>Si bien la cirug\u00eda es inc\u00f3moda, prolongada y hasta cierto punto permanente, el relleno Revolax Sub-Q brinda la flexibilidad de una soluci\u00f3n temporal. Un paciente siempre puede cambiar de opini\u00f3n sobre la cantidad de relleno que desea, y el producto se disuelve de manera segura con el tiempo. El mantenimiento de los resultados se realiza con m\u00e1s inyecciones de relleno Sub-Q HA durante un per\u00edodo de tiempo.<\/p>","protected":false},"excerpt":{"rendered":"<p>Revolax Sub-Q es un relleno d\u00e9rmico de primera calidad que se utiliza para esculpir rasgos faciales y aumentar la forma de zonas espec\u00edficas de la cara, incluida la l\u00ednea de la mand\u00edbula, la nariz y el ment\u00f3n. Un relleno monof\u00e1sico grueso y estable, este gel inyectable puede mejorar naturalmente el aspecto del paciente sin ning\u00fan tiempo de inactividad innecesario o molestias, que son t\u00edpicos de la cirug\u00eda pl\u00e1stica. Adem\u00e1s, los efectos son duraderos y una inyecci\u00f3n, Revolax Sub Q puede durar hasta un a\u00f1o y medio.<\/p>","protected":false},"featured_media":568,"template":"","meta":{"_acf_changed":false},"product_brand":[],"product_cat":[159,89,34,30],"product_tag":[90,123,130,131,115,114,111,118,151,141,142,135,137,110,122,124,116],"class_list":{"0":"post-611","1":"product","2":"type-product","3":"status-publish","4":"has-post-thumbnail","6":"product_cat-across","7":"product_cat-big-holiday-sale","8":"product_cat-hard","9":"product_cat-revolax","10":"product_tag-90","11":"product_tag-asymmetry","12":"product_tag-cheek-volume","13":"product_tag-cheekbone-contour","14":"product_tag-cheekbones","15":"product_tag-chin","16":"product_tag-face","17":"product_tag-high-density","18":"product_tag-hyaluronic-acid-ha-fillers","19":"product_tag-lifting","20":"product_tag-modeling","21":"product_tag-small-chin","22":"product_tag-south-korea","23":"product_tag-temple","24":"product_tag-up-to-18-months","25":"product_tag-volume","26":"product_tag-with-lidocaine","28":"first","29":"instock","30":"sale","31":"taxable","32":"shipping-taxable","33":"purchasable","34":"product-type-simple"},"acf":[],"yoast_head":"<!-- This site is optimized with the Yoast SEO plugin v27.3 - https:\/\/yoast.com\/product\/yoast-seo-wordpress\/ -->\n<title>Revolax Sub Q - Buy Now for Best Results at My Lip Filler<\/title>\n<meta name=\"description\" content=\"Buy Revolax Sub Q for exceptional results. Discover premium quality and effectiveness. Shop now at My Lip Filler and enhance your look today.\" \/>\n<meta name=\"robots\" content=\"index, follow, max-snippet:-1, max-image-preview:large, max-video-preview:-1\" \/>\n<link rel=\"canonical\" href=\"https:\/\/mylipfiller.com\/es\/revolax-sub-q-1-x-1-1ml\/\" \/>\n<meta property=\"og:locale\" content=\"es_MX\" \/>\n<meta property=\"og:type\" content=\"article\" \/>\n<meta property=\"og:title\" content=\"Revolax Sub Q - Buy Now for Best Results at My Lip Filler\" \/>\n<meta property=\"og:description\" content=\"Buy Revolax Sub Q for exceptional results. Discover premium quality and effectiveness. Shop now at My Lip Filler and enhance your look today.\" \/>\n<meta property=\"og:url\" content=\"https:\/\/mylipfiller.com\/es\/revolax-sub-q-1-x-1-1ml\/\" \/>\n<meta property=\"og:site_name\" content=\"My Lip Filler\" \/>\n<meta property=\"article:modified_time\" content=\"2026-04-02T13:06:31+00:00\" \/>\n<meta property=\"og:image\" content=\"https:\/\/cdn.mylipfiller.com\/wp-content\/uploads\/2019\/03\/Revolax-Sub-Q.jpg\" \/>\n\t<meta property=\"og:image:width\" content=\"600\" \/>\n\t<meta property=\"og:image:height\" content=\"600\" \/>\n\t<meta property=\"og:image:type\" content=\"image\/jpeg\" \/>\n<meta name=\"twitter:card\" content=\"summary_large_image\" \/>\n<meta name=\"twitter:label1\" content=\"Tiempo de lectura\" \/>\n\t<meta name=\"twitter:data1\" content=\"2 minutos\" \/>\n<script type=\"application\/ld+json\" class=\"yoast-schema-graph\">{\"@context\":\"https:\\\/\\\/schema.org\",\"@graph\":[{\"@type\":\"WebPage\",\"@id\":\"https:\\\/\\\/mylipfiller.com\\\/revolax-sub-q-1-x-1-1ml\\\/\",\"url\":\"https:\\\/\\\/mylipfiller.com\\\/revolax-sub-q-1-x-1-1ml\\\/\",\"name\":\"Revolax Sub Q - Buy Now for Best Results at My Lip Filler\",\"isPartOf\":{\"@id\":\"https:\\\/\\\/mylipfiller.com\\\/#website\"},\"primaryImageOfPage\":{\"@id\":\"https:\\\/\\\/mylipfiller.com\\\/revolax-sub-q-1-x-1-1ml\\\/#primaryimage\"},\"image\":{\"@id\":\"https:\\\/\\\/mylipfiller.com\\\/revolax-sub-q-1-x-1-1ml\\\/#primaryimage\"},\"thumbnailUrl\":\"https:\\\/\\\/mylipfiller.com\\\/wp-content\\\/uploads\\\/2019\\\/03\\\/Revolax-Sub-Q.jpg\",\"datePublished\":\"2019-03-05T15:06:06+00:00\",\"dateModified\":\"2026-04-02T13:06:31+00:00\",\"description\":\"Buy Revolax Sub Q for exceptional results. Discover premium quality and effectiveness. Shop now at My Lip Filler and enhance your look today.\",\"breadcrumb\":{\"@id\":\"https:\\\/\\\/mylipfiller.com\\\/revolax-sub-q-1-x-1-1ml\\\/#breadcrumb\"},\"inLanguage\":\"es\",\"potentialAction\":[{\"@type\":\"ReadAction\",\"target\":[\"https:\\\/\\\/mylipfiller.com\\\/revolax-sub-q-1-x-1-1ml\\\/\"]}]},{\"@type\":\"ImageObject\",\"inLanguage\":\"es\",\"@id\":\"https:\\\/\\\/mylipfiller.com\\\/revolax-sub-q-1-x-1-1ml\\\/#primaryimage\",\"url\":\"https:\\\/\\\/mylipfiller.com\\\/wp-content\\\/uploads\\\/2019\\\/03\\\/Revolax-Sub-Q.jpg\",\"contentUrl\":\"https:\\\/\\\/mylipfiller.com\\\/wp-content\\\/uploads\\\/2019\\\/03\\\/Revolax-Sub-Q.jpg\",\"width\":600,\"height\":600,\"caption\":\"Revolax Sub-Q\"},{\"@type\":\"BreadcrumbList\",\"@id\":\"https:\\\/\\\/mylipfiller.com\\\/revolax-sub-q-1-x-1-1ml\\\/#breadcrumb\",\"itemListElement\":[{\"@type\":\"ListItem\",\"position\":1,\"name\":\"Home\",\"item\":\"https:\\\/\\\/mylipfiller.com\\\/\"},{\"@type\":\"ListItem\",\"position\":2,\"name\":\"Shop\",\"item\":\"https:\\\/\\\/mylipfiller.com\\\/shop\\\/\"},{\"@type\":\"ListItem\",\"position\":3,\"name\":\"Revolax SUB-Q (1 x 1.1ml)\"}]},{\"@type\":\"WebSite\",\"@id\":\"https:\\\/\\\/mylipfiller.com\\\/#website\",\"url\":\"https:\\\/\\\/mylipfiller.com\\\/\",\"name\":\"My Lip Filler\",\"description\":\"Hyaluronic Acid Lip and Dermal Fillers\",\"publisher\":{\"@id\":\"https:\\\/\\\/mylipfiller.com\\\/#organization\"},\"potentialAction\":[{\"@type\":\"SearchAction\",\"target\":{\"@type\":\"EntryPoint\",\"urlTemplate\":\"https:\\\/\\\/mylipfiller.com\\\/?s={search_term_string}\"},\"query-input\":{\"@type\":\"PropertyValueSpecification\",\"valueRequired\":true,\"valueName\":\"search_term_string\"}}],\"inLanguage\":\"es\"},{\"@type\":\"Organization\",\"@id\":\"https:\\\/\\\/mylipfiller.com\\\/#organization\",\"name\":\"My Lip Filler\",\"url\":\"https:\\\/\\\/mylipfiller.com\\\/\",\"logo\":{\"@type\":\"ImageObject\",\"inLanguage\":\"es\",\"@id\":\"https:\\\/\\\/mylipfiller.com\\\/#\\\/schema\\\/logo\\\/image\\\/\",\"url\":\"https:\\\/\\\/mylipfiller.com\\\/wp-content\\\/uploads\\\/2019\\\/02\\\/cropped-My-Lip-Filler-Logo.png\",\"contentUrl\":\"https:\\\/\\\/mylipfiller.com\\\/wp-content\\\/uploads\\\/2019\\\/02\\\/cropped-My-Lip-Filler-Logo.png\",\"width\":240,\"height\":88,\"caption\":\"My Lip Filler\"},\"image\":{\"@id\":\"https:\\\/\\\/mylipfiller.com\\\/#\\\/schema\\\/logo\\\/image\\\/\"}}]}<\/script>\n<!-- \/ Yoast SEO plugin. -->","yoast_head_json":{"title":"Revolax Sub Q: compre ahora para obtener mejores resultados en My Lip Filler","description":"Compre Revolax Sub Q para obtener resultados excepcionales. Descubra la m\u00e1xima calidad y eficacia. Compra ahora en My Lip Filler y mejora tu apariencia hoy.","robots":{"index":"index","follow":"follow","max-snippet":"max-snippet:-1","max-image-preview":"max-image-preview:large","max-video-preview":"max-video-preview:-1"},"canonical":"https:\/\/mylipfiller.com\/es\/revolax-sub-q-1-x-1-1ml\/","og_locale":"es_MX","og_type":"article","og_title":"Revolax Sub Q - Buy Now for Best Results at My Lip Filler","og_description":"Buy Revolax Sub Q for exceptional results. Discover premium quality and effectiveness. Shop now at My Lip Filler and enhance your look today.","og_url":"https:\/\/mylipfiller.com\/es\/revolax-sub-q-1-x-1-1ml\/","og_site_name":"My Lip Filler","article_modified_time":"2026-04-02T13:06:31+00:00","og_image":[{"width":600,"height":600,"url":"https:\/\/cdn.mylipfiller.com\/wp-content\/uploads\/2019\/03\/Revolax-Sub-Q.jpg","type":"image\/jpeg"}],"twitter_card":"summary_large_image","twitter_misc":{"Tiempo de lectura":"2 minutos"},"schema":{"@context":"https:\/\/schema.org","@graph":[{"@type":"WebPage","@id":"https:\/\/mylipfiller.com\/revolax-sub-q-1-x-1-1ml\/","url":"https:\/\/mylipfiller.com\/revolax-sub-q-1-x-1-1ml\/","name":"Revolax Sub Q: compre ahora para obtener mejores resultados en My Lip Filler","isPartOf":{"@id":"https:\/\/mylipfiller.com\/#website"},"primaryImageOfPage":{"@id":"https:\/\/mylipfiller.com\/revolax-sub-q-1-x-1-1ml\/#primaryimage"},"image":{"@id":"https:\/\/mylipfiller.com\/revolax-sub-q-1-x-1-1ml\/#primaryimage"},"thumbnailUrl":"https:\/\/cdn.mylipfiller.com\/wp-content\/uploads\/2019\/03\/Revolax-Sub-Q.jpg","datePublished":"2019-03-05T15:06:06+00:00","dateModified":"2026-04-02T13:06:31+00:00","description":"Compre Revolax Sub Q para obtener resultados excepcionales. Descubra la m\u00e1xima calidad y eficacia. Compra ahora en My Lip Filler y mejora tu apariencia hoy.","breadcrumb":{"@id":"https:\/\/mylipfiller.com\/revolax-sub-q-1-x-1-1ml\/#breadcrumb"},"inLanguage":"es","potentialAction":[{"@type":"ReadAction","target":["https:\/\/mylipfiller.com\/revolax-sub-q-1-x-1-1ml\/"]}]},{"@type":"ImageObject","inLanguage":"es","@id":"https:\/\/mylipfiller.com\/revolax-sub-q-1-x-1-1ml\/#primaryimage","url":"https:\/\/cdn.mylipfiller.com\/wp-content\/uploads\/2019\/03\/Revolax-Sub-Q.jpg","contentUrl":"https:\/\/cdn.mylipfiller.com\/wp-content\/uploads\/2019\/03\/Revolax-Sub-Q.jpg","width":600,"height":600,"caption":"Revolax Sub-Q"},{"@type":"BreadcrumbList","@id":"https:\/\/mylipfiller.com\/revolax-sub-q-1-x-1-1ml\/#breadcrumb","itemListElement":[{"@type":"ListItem","position":1,"name":"Home","item":"https:\/\/mylipfiller.com\/"},{"@type":"ListItem","position":2,"name":"Shop","item":"https:\/\/mylipfiller.com\/shop\/"},{"@type":"ListItem","position":3,"name":"Revolax SUB-Q (1 x 1.1ml)"}]},{"@type":"WebSite","@id":"https:\/\/mylipfiller.com\/#website","url":"https:\/\/mylipfiller.com\/","name":"Mi relleno de labios","description":"Rellenos d\u00e9rmicos y de labios con \u00e1cido hialur\u00f3nico","publisher":{"@id":"https:\/\/mylipfiller.com\/#organization"},"potentialAction":[{"@type":"SearchAction","target":{"@type":"EntryPoint","urlTemplate":"https:\/\/mylipfiller.com\/?s={search_term_string}"},"query-input":{"@type":"PropertyValueSpecification","valueRequired":true,"valueName":"search_term_string"}}],"inLanguage":"es"},{"@type":"Organization","@id":"https:\/\/mylipfiller.com\/#organization","name":"Mi relleno de labios","url":"https:\/\/mylipfiller.com\/","logo":{"@type":"ImageObject","inLanguage":"es","@id":"https:\/\/mylipfiller.com\/#\/schema\/logo\/image\/","url":"https:\/\/cdn.mylipfiller.com\/wp-content\/uploads\/2019\/02\/cropped-My-Lip-Filler-Logo.png","contentUrl":"https:\/\/cdn.mylipfiller.com\/wp-content\/uploads\/2019\/02\/cropped-My-Lip-Filler-Logo.png","width":240,"height":88,"caption":"My Lip Filler"},"image":{"@id":"https:\/\/mylipfiller.com\/#\/schema\/logo\/image\/"}}]}},"_links":{"self":[{"href":"https:\/\/mylipfiller.com\/es\/wp-json\/wp\/v2\/product\/611","targetHints":{"allow":["GET"]}}],"collection":[{"href":"https:\/\/mylipfiller.com\/es\/wp-json\/wp\/v2\/product"}],"about":[{"href":"https:\/\/mylipfiller.com\/es\/wp-json\/wp\/v2\/types\/product"}],"wp:featuredmedia":[{"embeddable":true,"href":"https:\/\/mylipfiller.com\/es\/wp-json\/wp\/v2\/media\/568"}],"wp:attachment":[{"href":"https:\/\/mylipfiller.com\/es\/wp-json\/wp\/v2\/media?parent=611"}],"wp:term":[{"taxonomy":"product_brand","embeddable":true,"href":"https:\/\/mylipfiller.com\/es\/wp-json\/wp\/v2\/product_brand?post=611"},{"taxonomy":"product_cat","embeddable":true,"href":"https:\/\/mylipfiller.com\/es\/wp-json\/wp\/v2\/product_cat?post=611"},{"taxonomy":"product_tag","embeddable":true,"href":"https:\/\/mylipfiller.com\/es\/wp-json\/wp\/v2\/product_tag?post=611"}],"curies":[{"name":"gracias","href":"https:\/\/api.w.org\/{rel}","templated":true}]}}