{"id":612,"date":"2019-03-05T17:21:08","date_gmt":"2019-03-05T15:21:08","guid":{"rendered":"https:\/\/mylipfiller.com\/?post_type=product&#038;p=612"},"modified":"2024-07-03T17:32:58","modified_gmt":"2024-07-03T15:32:58","slug":"zishel-rose-forte-1-x-1ml","status":"publish","type":"product","link":"https:\/\/mylipfiller.com\/es\/zishel-rose-forte-1-x-1ml\/","title":{"rendered":"Zishel Rose Forte (1 x 1 ml)"},"content":{"rendered":"<h3>Caracter\u00edsticas del Zishel Rose Forte<\/h3>\n<p>Este es un relleno inyectable a base de \u00c1cido Hialur\u00f3nico. El gel del relleno tiene una excelente biocompatibilidad, pero el HA es de origen no animal. Muy pocos rellenos de truco en el mercado pueden ofrecer un tama\u00f1o de grano grande como el de 1100 \u00b5m de Zishel Rose, lo que lo coloca en un lugar \u00fanico como una de las alternativas m\u00e1s confiables a la cirug\u00eda est\u00e9tica para procedimientos como la rinoplastia, donde un relleno grueso es imprescindible. .<\/p>\n<p>Es vital que el relleno sea aplicado por un m\u00e9dico capacitado y debidamente capacitado, ya que los mejores resultados solo se pueden lograr si el relleno cut\u00e1neo se coloca correctamente. Una vez inyectado, permanecer\u00e1 en el lugar durante aproximadamente 4 meses, sin desplazamientos no deseados a \u00e1reas vecinas. Se recomienda a los pacientes que visiten a su m\u00e9dico para recibir inyecciones adicionales en un per\u00edodo de 3 a 4 meses, ya que con el tiempo, las enzimas corporales disolver\u00e1n el gel de HA.<\/p>\n<h3>Datos de relleno<\/h3>\n<ul>\n<li>Gel inyectable de \u00e1cido hialur\u00f3nico<\/li>\n<li>Viene precargado en una jeringa.<\/li>\n<li>Dispositivo m\u00e9dico de clase II<\/li>\n<li>Contiene lidoca\u00edna<\/li>\n<li>Gran tama\u00f1o de grano de 1100 \u00b5m<\/li>\n<\/ul>\n<p>Los pacientes que opten por el relleno Zishel Forte estar\u00e1n felices con el resultado. El gel es muy estable en su estructura, los resultados se pueden ver inmediatamente despu\u00e9s de la inyecci\u00f3n y el procedimiento en s\u00ed es muy indoloro, ya que el relleno tiene lidoca\u00edna. En 20 a 30 minutos, un paciente puede lograr una mejora notable en la forma de sus p\u00f3mulos o la l\u00ednea de la mand\u00edbula, as\u00ed como tambi\u00e9n rellenar y ocultar sus pliegues y l\u00edneas de piel profundas.<\/p>","protected":false},"excerpt":{"rendered":"<p>Zishel Rose es la nueva marca de rellenos d\u00e9rmicos que est\u00e1 revolucionando el mundo de las mejoras cosm\u00e9ticas. Su variaci\u00f3n Forte es un relleno grueso de 1100 \u00b5m, especialmente dise\u00f1ado para moldear los rasgos faciales del paciente de una manera deseable. Es un producto recomendado para esculpir el ment\u00f3n y la l\u00ednea de la mand\u00edbula o para el aumento de la nariz. Adem\u00e1s, el relleno d\u00e9rmico se puede inyectar para ocultar los pliegues profundos de la piel en el \u00e1rea nasolabial y ocultar las arrugas y l\u00edneas de marioneta graves.<\/p>","protected":false},"featured_media":569,"template":"","meta":{"_acf_changed":false},"product_brand":[],"product_cat":[34,31,184],"product_tag":[123,130,131,115,114,111,118,151,141,142,135,110,122,124,116],"class_list":{"0":"post-612","1":"product","2":"type-product","3":"status-publish","4":"has-post-thumbnail","6":"product_cat-hard","7":"product_cat-zishel","8":"product_cat-zishel-group","9":"product_tag-asymmetry","10":"product_tag-cheek-volume","11":"product_tag-cheekbone-contour","12":"product_tag-cheekbones","13":"product_tag-chin","14":"product_tag-face","15":"product_tag-high-density","16":"product_tag-hyaluronic-acid-ha-fillers","17":"product_tag-lifting","18":"product_tag-modeling","19":"product_tag-small-chin","20":"product_tag-temple","21":"product_tag-up-to-18-months","22":"product_tag-volume","23":"product_tag-with-lidocaine","25":"first","26":"outofstock","27":"taxable","28":"shipping-taxable","29":"purchasable","30":"product-type-simple"},"acf":[],"yoast_head":"<!-- This site is optimized with the Yoast SEO plugin v27.2 - https:\/\/yoast.com\/product\/yoast-seo-wordpress\/ -->\n<title>Buy Zishel Rose Forte (1 x 1ml) - Fillers from My Lip Filler<\/title>\n<meta name=\"description\" content=\"\u2765Buy Zishel Rose Forte (1 x 1ml) \u23e9 My Lip Filler online store \u27a6 Quality assurance, reviews, ingredients, best prices!\" \/>\n<meta name=\"robots\" content=\"index, follow, max-snippet:-1, max-image-preview:large, max-video-preview:-1\" \/>\n<link rel=\"canonical\" href=\"https:\/\/mylipfiller.com\/es\/zishel-rose-forte-1-x-1ml\/\" \/>\n<meta property=\"og:locale\" content=\"es_MX\" \/>\n<meta property=\"og:type\" content=\"article\" \/>\n<meta property=\"og:title\" content=\"Buy Zishel Rose Forte (1 x 1ml) - Fillers from My Lip Filler\" \/>\n<meta property=\"og:description\" content=\"\u2765Buy Zishel Rose Forte (1 x 1ml) \u23e9 My Lip Filler online store \u27a6 Quality assurance, reviews, ingredients, best prices!\" \/>\n<meta property=\"og:url\" content=\"https:\/\/mylipfiller.com\/es\/zishel-rose-forte-1-x-1ml\/\" \/>\n<meta property=\"og:site_name\" content=\"My Lip Filler\" \/>\n<meta property=\"article:modified_time\" content=\"2024-07-03T15:32:58+00:00\" \/>\n<meta property=\"og:image\" content=\"https:\/\/cdn.mylipfiller.com\/wp-content\/uploads\/2019\/03\/Zishel-Rose-Forte.jpg\" \/>\n\t<meta property=\"og:image:width\" content=\"600\" \/>\n\t<meta property=\"og:image:height\" content=\"600\" \/>\n\t<meta property=\"og:image:type\" content=\"image\/jpeg\" \/>\n<meta name=\"twitter:card\" content=\"summary_large_image\" \/>\n<meta name=\"twitter:label1\" content=\"Tiempo de lectura\" \/>\n\t<meta name=\"twitter:data1\" content=\"2 minutos\" \/>\n<script type=\"application\/ld+json\" class=\"yoast-schema-graph\">{\"@context\":\"https:\/\/schema.org\",\"@graph\":[{\"@type\":\"WebPage\",\"@id\":\"https:\/\/mylipfiller.com\/zishel-rose-forte-1-x-1ml\/\",\"url\":\"https:\/\/mylipfiller.com\/zishel-rose-forte-1-x-1ml\/\",\"name\":\"Buy Zishel Rose Forte (1 x 1ml) - Fillers from My Lip Filler\",\"isPartOf\":{\"@id\":\"https:\/\/mylipfiller.com\/#website\"},\"primaryImageOfPage\":{\"@id\":\"https:\/\/mylipfiller.com\/zishel-rose-forte-1-x-1ml\/#primaryimage\"},\"image\":{\"@id\":\"https:\/\/mylipfiller.com\/zishel-rose-forte-1-x-1ml\/#primaryimage\"},\"thumbnailUrl\":\"https:\/\/cdn.mylipfiller.com\/wp-content\/uploads\/2019\/03\/Zishel-Rose-Forte.jpg\",\"datePublished\":\"2019-03-05T15:21:08+00:00\",\"dateModified\":\"2024-07-03T15:32:58+00:00\",\"description\":\"\u2765Buy Zishel Rose Forte (1 x 1ml) \u23e9 My Lip Filler online store \u27a6 Quality assurance, reviews, ingredients, best prices!\",\"breadcrumb\":{\"@id\":\"https:\/\/mylipfiller.com\/zishel-rose-forte-1-x-1ml\/#breadcrumb\"},\"inLanguage\":\"es\",\"potentialAction\":[{\"@type\":\"ReadAction\",\"target\":[\"https:\/\/mylipfiller.com\/zishel-rose-forte-1-x-1ml\/\"]}]},{\"@type\":\"ImageObject\",\"inLanguage\":\"es\",\"@id\":\"https:\/\/mylipfiller.com\/zishel-rose-forte-1-x-1ml\/#primaryimage\",\"url\":\"https:\/\/cdn.mylipfiller.com\/wp-content\/uploads\/2019\/03\/Zishel-Rose-Forte.jpg\",\"contentUrl\":\"https:\/\/cdn.mylipfiller.com\/wp-content\/uploads\/2019\/03\/Zishel-Rose-Forte.jpg\",\"width\":600,\"height\":600,\"caption\":\"Zishel Rose Forte\"},{\"@type\":\"BreadcrumbList\",\"@id\":\"https:\/\/mylipfiller.com\/zishel-rose-forte-1-x-1ml\/#breadcrumb\",\"itemListElement\":[{\"@type\":\"ListItem\",\"position\":1,\"name\":\"Home\",\"item\":\"https:\/\/mylipfiller.com\/\"},{\"@type\":\"ListItem\",\"position\":2,\"name\":\"Shop\",\"item\":\"https:\/\/mylipfiller.com\/shop\/\"},{\"@type\":\"ListItem\",\"position\":3,\"name\":\"Zishel Rose Forte (1 x 1ml)\"}]},{\"@type\":\"WebSite\",\"@id\":\"https:\/\/mylipfiller.com\/#website\",\"url\":\"https:\/\/mylipfiller.com\/\",\"name\":\"My Lip Filler\",\"description\":\"Hyaluronic Acid Lip and Dermal Fillers\",\"publisher\":{\"@id\":\"https:\/\/mylipfiller.com\/#organization\"},\"potentialAction\":[{\"@type\":\"SearchAction\",\"target\":{\"@type\":\"EntryPoint\",\"urlTemplate\":\"https:\/\/mylipfiller.com\/?s={search_term_string}\"},\"query-input\":{\"@type\":\"PropertyValueSpecification\",\"valueRequired\":true,\"valueName\":\"search_term_string\"}}],\"inLanguage\":\"es\"},{\"@type\":\"Organization\",\"@id\":\"https:\/\/mylipfiller.com\/#organization\",\"name\":\"My Lip Filler\",\"url\":\"https:\/\/mylipfiller.com\/\",\"logo\":{\"@type\":\"ImageObject\",\"inLanguage\":\"es\",\"@id\":\"https:\/\/mylipfiller.com\/#\/schema\/logo\/image\/\",\"url\":\"https:\/\/cdn.mylipfiller.com\/wp-content\/uploads\/2019\/02\/cropped-My-Lip-Filler-Logo.png\",\"contentUrl\":\"https:\/\/cdn.mylipfiller.com\/wp-content\/uploads\/2019\/02\/cropped-My-Lip-Filler-Logo.png\",\"width\":240,\"height\":88,\"caption\":\"My Lip Filler\"},\"image\":{\"@id\":\"https:\/\/mylipfiller.com\/#\/schema\/logo\/image\/\"}}]}<\/script>\n<!-- \/ Yoast SEO plugin. -->","yoast_head_json":{"title":"Comprar Zishel Rose Forte (1 x 1ml) - Rellenos de My Lip Filler","description":"\u2765Compra Zishel Rose Forte (1 x 1ml) \u23e9 Tienda online My Lip Filler \u27a6 Garant\u00eda de calidad, rese\u00f1as, ingredientes, \u00a1los mejores precios!","robots":{"index":"index","follow":"follow","max-snippet":"max-snippet:-1","max-image-preview":"max-image-preview:large","max-video-preview":"max-video-preview:-1"},"canonical":"https:\/\/mylipfiller.com\/es\/zishel-rose-forte-1-x-1ml\/","og_locale":"es_MX","og_type":"article","og_title":"Buy Zishel Rose Forte (1 x 1ml) - Fillers from My Lip Filler","og_description":"\u2765Buy Zishel Rose Forte (1 x 1ml) \u23e9 My Lip Filler online store \u27a6 Quality assurance, reviews, ingredients, best prices!","og_url":"https:\/\/mylipfiller.com\/es\/zishel-rose-forte-1-x-1ml\/","og_site_name":"My Lip Filler","article_modified_time":"2024-07-03T15:32:58+00:00","og_image":[{"width":600,"height":600,"url":"https:\/\/cdn.mylipfiller.com\/wp-content\/uploads\/2019\/03\/Zishel-Rose-Forte.jpg","type":"image\/jpeg"}],"twitter_card":"summary_large_image","twitter_misc":{"Tiempo de lectura":"2 minutos"},"schema":{"@context":"https:\/\/schema.org","@graph":[{"@type":"WebPage","@id":"https:\/\/mylipfiller.com\/zishel-rose-forte-1-x-1ml\/","url":"https:\/\/mylipfiller.com\/zishel-rose-forte-1-x-1ml\/","name":"Comprar Zishel Rose Forte (1 x 1ml) - Rellenos de My Lip Filler","isPartOf":{"@id":"https:\/\/mylipfiller.com\/#website"},"primaryImageOfPage":{"@id":"https:\/\/mylipfiller.com\/zishel-rose-forte-1-x-1ml\/#primaryimage"},"image":{"@id":"https:\/\/mylipfiller.com\/zishel-rose-forte-1-x-1ml\/#primaryimage"},"thumbnailUrl":"https:\/\/cdn.mylipfiller.com\/wp-content\/uploads\/2019\/03\/Zishel-Rose-Forte.jpg","datePublished":"2019-03-05T15:21:08+00:00","dateModified":"2024-07-03T15:32:58+00:00","description":"\u2765Compra Zishel Rose Forte (1 x 1ml) \u23e9 Tienda online My Lip Filler \u27a6 Garant\u00eda de calidad, rese\u00f1as, ingredientes, \u00a1los mejores precios!","breadcrumb":{"@id":"https:\/\/mylipfiller.com\/zishel-rose-forte-1-x-1ml\/#breadcrumb"},"inLanguage":"es","potentialAction":[{"@type":"ReadAction","target":["https:\/\/mylipfiller.com\/zishel-rose-forte-1-x-1ml\/"]}]},{"@type":"ImageObject","inLanguage":"es","@id":"https:\/\/mylipfiller.com\/zishel-rose-forte-1-x-1ml\/#primaryimage","url":"https:\/\/cdn.mylipfiller.com\/wp-content\/uploads\/2019\/03\/Zishel-Rose-Forte.jpg","contentUrl":"https:\/\/cdn.mylipfiller.com\/wp-content\/uploads\/2019\/03\/Zishel-Rose-Forte.jpg","width":600,"height":600,"caption":"Zishel Rose Forte"},{"@type":"BreadcrumbList","@id":"https:\/\/mylipfiller.com\/zishel-rose-forte-1-x-1ml\/#breadcrumb","itemListElement":[{"@type":"ListItem","position":1,"name":"Home","item":"https:\/\/mylipfiller.com\/"},{"@type":"ListItem","position":2,"name":"Shop","item":"https:\/\/mylipfiller.com\/shop\/"},{"@type":"ListItem","position":3,"name":"Zishel Rose Forte (1 x 1ml)"}]},{"@type":"WebSite","@id":"https:\/\/mylipfiller.com\/#website","url":"https:\/\/mylipfiller.com\/","name":"Mi relleno de labios","description":"Rellenos d\u00e9rmicos y de labios con \u00e1cido hialur\u00f3nico","publisher":{"@id":"https:\/\/mylipfiller.com\/#organization"},"potentialAction":[{"@type":"SearchAction","target":{"@type":"EntryPoint","urlTemplate":"https:\/\/mylipfiller.com\/?s={search_term_string}"},"query-input":{"@type":"PropertyValueSpecification","valueRequired":true,"valueName":"search_term_string"}}],"inLanguage":"es"},{"@type":"Organization","@id":"https:\/\/mylipfiller.com\/#organization","name":"Mi relleno de labios","url":"https:\/\/mylipfiller.com\/","logo":{"@type":"ImageObject","inLanguage":"es","@id":"https:\/\/mylipfiller.com\/#\/schema\/logo\/image\/","url":"https:\/\/cdn.mylipfiller.com\/wp-content\/uploads\/2019\/02\/cropped-My-Lip-Filler-Logo.png","contentUrl":"https:\/\/cdn.mylipfiller.com\/wp-content\/uploads\/2019\/02\/cropped-My-Lip-Filler-Logo.png","width":240,"height":88,"caption":"My Lip Filler"},"image":{"@id":"https:\/\/mylipfiller.com\/#\/schema\/logo\/image\/"}}]}},"_links":{"self":[{"href":"https:\/\/mylipfiller.com\/es\/wp-json\/wp\/v2\/product\/612","targetHints":{"allow":["GET"]}}],"collection":[{"href":"https:\/\/mylipfiller.com\/es\/wp-json\/wp\/v2\/product"}],"about":[{"href":"https:\/\/mylipfiller.com\/es\/wp-json\/wp\/v2\/types\/product"}],"wp:featuredmedia":[{"embeddable":true,"href":"https:\/\/mylipfiller.com\/es\/wp-json\/wp\/v2\/media\/569"}],"wp:attachment":[{"href":"https:\/\/mylipfiller.com\/es\/wp-json\/wp\/v2\/media?parent=612"}],"wp:term":[{"taxonomy":"product_brand","embeddable":true,"href":"https:\/\/mylipfiller.com\/es\/wp-json\/wp\/v2\/product_brand?post=612"},{"taxonomy":"product_cat","embeddable":true,"href":"https:\/\/mylipfiller.com\/es\/wp-json\/wp\/v2\/product_cat?post=612"},{"taxonomy":"product_tag","embeddable":true,"href":"https:\/\/mylipfiller.com\/es\/wp-json\/wp\/v2\/product_tag?post=612"}],"curies":[{"name":"gracias","href":"https:\/\/api.w.org\/{rel}","templated":true}]}}