{"id":613,"date":"2019-03-05T17:22:22","date_gmt":"2019-03-05T15:22:22","guid":{"rendered":"https:\/\/mylipfiller.com\/?post_type=product&#038;p=613"},"modified":"2024-07-03T17:32:58","modified_gmt":"2024-07-03T15:32:58","slug":"zishel-rose-mild-1-x-1ml","status":"publish","type":"product","link":"https:\/\/mylipfiller.com\/es\/zishel-rose-mild-1-x-1ml\/","title":{"rendered":"Zishel Rose Suave (1 x 1 ml)"},"content":{"rendered":"<p>Zishel Rose Mild tiene un tama\u00f1o de grano de 500\u00b5m, lo que significa que tiene una excelente fluidez y \u201csuavidad\u201d, garantizando resultados muy naturales al tacto y al tacto. Los rellenos est\u00e1n especialmente dise\u00f1ados para inyectarse en los tejidos blandos y son una alternativa biodegradable segura a la cirug\u00eda pl\u00e1stica tradicional. Cuando una cirug\u00eda es costosa, dolorosa y requiere un tiempo de inactividad significativo, una inyecci\u00f3n de relleno d\u00e9rmico solo toma hasta media hora, despu\u00e9s de lo cual el paciente puede continuar inmediatamente con el programa. Sin mencionar que es m\u00e1s barato, no duele en absoluto y los resultados se pueden notar al instante.<\/p>\n<p>El relleno de piel asegura la calidad al estar hecho del \u00e1cido hialur\u00f3nico m\u00e1s puro y con un m\u00ednimo de residuos de BDDE. Duradero aproximadamente 4 meses, si no causar\u00e1 reacciones adversas m\u00e1s all\u00e1 de enrojecimiento e irritaci\u00f3n en la zona de inyecci\u00f3n durante un par de d\u00edas. A medida que pasa el tiempo, el cuerpo del paciente disolver\u00e1 el relleno de forma natural y segura. Esto significa que una inyecci\u00f3n de relleno es un m\u00e9todo de aumento de rasgos faciales no permanente y se recomiendan inyecciones posteriores.<\/p>\n<h3>Tratamiento con Zishel Rose Mild<\/h3>\n<p>Este es un relleno suave de \u00e1cido hialur\u00f3nico. Su enfoque principal es restaurar la apariencia juvenil del paciente, lidiando con los signos m\u00e1s inmediatos del envejecimiento, as\u00ed como las arrugas y pliegues, resultado del estilo de vida o factores ambientales como la contaminaci\u00f3n. Las \u00e1reas recomendadas de inyecci\u00f3n del relleno Zishel Mild son:<\/p>\n<ul>\n<li>Entre las cejas para eliminar las l\u00edneas glabelares.<\/li>\n<li>Para restaurar el volumen de las mejillas.<\/li>\n<li>Para ocultar l\u00edneas finas como patas de gallo<\/li>\n<li>Para dar forma y realzar los labios.<\/li>\n<\/ul>","protected":false},"excerpt":{"rendered":"<p>Si necesita un relleno suave vers\u00e1til a base de \u00e1cido hialur\u00f3nico que se pueda inyectar en una multitud de \u00e1reas faciales y se pueda usar para tratar una variedad de problemas de la piel, Zishel Rose Mild es una de las mejores opciones posibles. Una nueva llegada al mercado de los rellenos d\u00e9rmicos, Rose Mild de Zishel tiene un tama\u00f1o de grano relativamente peque\u00f1o, lo que permite que el relleno se ocupe eficazmente de las l\u00edneas de piel m\u00e1s finas o arrugas como las patas de gallo, pero tambi\u00e9n se puede utilizar para realzar los labios del paciente o aumentar su forma el l\u00f3bulo de la oreja y mejora el volumen de la piel de la cara.<\/p>","protected":false},"featured_media":570,"template":"","meta":{"_acf_changed":false},"product_brand":[],"product_cat":[32,31,184],"product_tag":[144,125,111,126,112,128,151,117,106,113,146,108,119,148,116,127],"class_list":{"0":"post-613","1":"product","2":"type-product","3":"status-publish","4":"has-post-thumbnail","6":"product_cat-soft","7":"product_cat-zishel","8":"product_cat-zishel-group","9":"product_tag-anti-wrinkle","10":"product_tag-crows-feet","11":"product_tag-face","12":"product_tag-fine-lines","13":"product_tag-forehead","14":"product_tag-forehead-wrinkles","15":"product_tag-hyaluronic-acid-ha-fillers","16":"product_tag-low-density","17":"product_tag-nasolacrimal-furrows","18":"product_tag-periorbital-area","19":"product_tag-smoothing","20":"product_tag-under-eye","21":"product_tag-up-to-9-months","22":"product_tag-upper-dermis","23":"product_tag-with-lidocaine","24":"product_tag-wrinkles-around-the-eyes","26":"first","27":"outofstock","28":"taxable","29":"shipping-taxable","30":"purchasable","31":"product-type-simple"},"acf":[],"yoast_head":"<!-- This site is optimized with the Yoast SEO plugin v27.2 - https:\/\/yoast.com\/product\/yoast-seo-wordpress\/ -->\n<title>Buy Zishel Rose Mild (1 x 1ml) - Fillers from My Lip Filler<\/title>\n<meta name=\"description\" content=\"\u2765Buy Zishel Rose Mild (1 x 1ml) \u23e9 My Lip Filler online store \u27a6 Quality assurance, reviews, ingredients, best prices!\" \/>\n<meta name=\"robots\" content=\"index, follow, max-snippet:-1, max-image-preview:large, max-video-preview:-1\" \/>\n<link rel=\"canonical\" href=\"https:\/\/mylipfiller.com\/es\/zishel-rose-mild-1-x-1ml\/\" \/>\n<meta property=\"og:locale\" content=\"es_MX\" \/>\n<meta property=\"og:type\" content=\"article\" \/>\n<meta property=\"og:title\" content=\"Buy Zishel Rose Mild (1 x 1ml) - Fillers from My Lip Filler\" \/>\n<meta property=\"og:description\" content=\"\u2765Buy Zishel Rose Mild (1 x 1ml) \u23e9 My Lip Filler online store \u27a6 Quality assurance, reviews, ingredients, best prices!\" \/>\n<meta property=\"og:url\" content=\"https:\/\/mylipfiller.com\/es\/zishel-rose-mild-1-x-1ml\/\" \/>\n<meta property=\"og:site_name\" content=\"My Lip Filler\" \/>\n<meta property=\"article:modified_time\" content=\"2024-07-03T15:32:58+00:00\" \/>\n<meta property=\"og:image\" content=\"https:\/\/cdn.mylipfiller.com\/wp-content\/uploads\/2019\/03\/Zishel-Rose-Mild.jpg\" \/>\n\t<meta property=\"og:image:width\" content=\"600\" \/>\n\t<meta property=\"og:image:height\" content=\"600\" \/>\n\t<meta property=\"og:image:type\" content=\"image\/jpeg\" \/>\n<meta name=\"twitter:card\" content=\"summary_large_image\" \/>\n<meta name=\"twitter:label1\" content=\"Tiempo de lectura\" \/>\n\t<meta name=\"twitter:data1\" content=\"2 minutos\" \/>\n<script type=\"application\/ld+json\" class=\"yoast-schema-graph\">{\"@context\":\"https:\/\/schema.org\",\"@graph\":[{\"@type\":\"WebPage\",\"@id\":\"https:\/\/mylipfiller.com\/zishel-rose-mild-1-x-1ml\/\",\"url\":\"https:\/\/mylipfiller.com\/zishel-rose-mild-1-x-1ml\/\",\"name\":\"Buy Zishel Rose Mild (1 x 1ml) - Fillers from My Lip Filler\",\"isPartOf\":{\"@id\":\"https:\/\/mylipfiller.com\/#website\"},\"primaryImageOfPage\":{\"@id\":\"https:\/\/mylipfiller.com\/zishel-rose-mild-1-x-1ml\/#primaryimage\"},\"image\":{\"@id\":\"https:\/\/mylipfiller.com\/zishel-rose-mild-1-x-1ml\/#primaryimage\"},\"thumbnailUrl\":\"https:\/\/cdn.mylipfiller.com\/wp-content\/uploads\/2019\/03\/Zishel-Rose-Mild.jpg\",\"datePublished\":\"2019-03-05T15:22:22+00:00\",\"dateModified\":\"2024-07-03T15:32:58+00:00\",\"description\":\"\u2765Buy Zishel Rose Mild (1 x 1ml) \u23e9 My Lip Filler online store \u27a6 Quality assurance, reviews, ingredients, best prices!\",\"breadcrumb\":{\"@id\":\"https:\/\/mylipfiller.com\/zishel-rose-mild-1-x-1ml\/#breadcrumb\"},\"inLanguage\":\"es\",\"potentialAction\":[{\"@type\":\"ReadAction\",\"target\":[\"https:\/\/mylipfiller.com\/zishel-rose-mild-1-x-1ml\/\"]}]},{\"@type\":\"ImageObject\",\"inLanguage\":\"es\",\"@id\":\"https:\/\/mylipfiller.com\/zishel-rose-mild-1-x-1ml\/#primaryimage\",\"url\":\"https:\/\/cdn.mylipfiller.com\/wp-content\/uploads\/2019\/03\/Zishel-Rose-Mild.jpg\",\"contentUrl\":\"https:\/\/cdn.mylipfiller.com\/wp-content\/uploads\/2019\/03\/Zishel-Rose-Mild.jpg\",\"width\":600,\"height\":600,\"caption\":\"Zishel Rose Mild\"},{\"@type\":\"BreadcrumbList\",\"@id\":\"https:\/\/mylipfiller.com\/zishel-rose-mild-1-x-1ml\/#breadcrumb\",\"itemListElement\":[{\"@type\":\"ListItem\",\"position\":1,\"name\":\"Home\",\"item\":\"https:\/\/mylipfiller.com\/\"},{\"@type\":\"ListItem\",\"position\":2,\"name\":\"Shop\",\"item\":\"https:\/\/mylipfiller.com\/shop\/\"},{\"@type\":\"ListItem\",\"position\":3,\"name\":\"Zishel Rose Mild (1 x 1ml)\"}]},{\"@type\":\"WebSite\",\"@id\":\"https:\/\/mylipfiller.com\/#website\",\"url\":\"https:\/\/mylipfiller.com\/\",\"name\":\"My Lip Filler\",\"description\":\"Hyaluronic Acid Lip and Dermal Fillers\",\"publisher\":{\"@id\":\"https:\/\/mylipfiller.com\/#organization\"},\"potentialAction\":[{\"@type\":\"SearchAction\",\"target\":{\"@type\":\"EntryPoint\",\"urlTemplate\":\"https:\/\/mylipfiller.com\/?s={search_term_string}\"},\"query-input\":{\"@type\":\"PropertyValueSpecification\",\"valueRequired\":true,\"valueName\":\"search_term_string\"}}],\"inLanguage\":\"es\"},{\"@type\":\"Organization\",\"@id\":\"https:\/\/mylipfiller.com\/#organization\",\"name\":\"My Lip Filler\",\"url\":\"https:\/\/mylipfiller.com\/\",\"logo\":{\"@type\":\"ImageObject\",\"inLanguage\":\"es\",\"@id\":\"https:\/\/mylipfiller.com\/#\/schema\/logo\/image\/\",\"url\":\"https:\/\/cdn.mylipfiller.com\/wp-content\/uploads\/2019\/02\/cropped-My-Lip-Filler-Logo.png\",\"contentUrl\":\"https:\/\/cdn.mylipfiller.com\/wp-content\/uploads\/2019\/02\/cropped-My-Lip-Filler-Logo.png\",\"width\":240,\"height\":88,\"caption\":\"My Lip Filler\"},\"image\":{\"@id\":\"https:\/\/mylipfiller.com\/#\/schema\/logo\/image\/\"}}]}<\/script>\n<!-- \/ Yoast SEO plugin. -->","yoast_head_json":{"title":"Comprar Zishel Rose Mild (1 x 1ml) - Rellenos de My Lip Filler","description":"\u2765Compra Zishel Rose Mild (1 x 1ml) \u23e9 Tienda online My Lip Filler \u27a6 Garant\u00eda de calidad, rese\u00f1as, ingredientes, \u00a1los mejores precios!","robots":{"index":"index","follow":"follow","max-snippet":"max-snippet:-1","max-image-preview":"max-image-preview:large","max-video-preview":"max-video-preview:-1"},"canonical":"https:\/\/mylipfiller.com\/es\/zishel-rose-mild-1-x-1ml\/","og_locale":"es_MX","og_type":"article","og_title":"Buy Zishel Rose Mild (1 x 1ml) - Fillers from My Lip Filler","og_description":"\u2765Buy Zishel Rose Mild (1 x 1ml) \u23e9 My Lip Filler online store \u27a6 Quality assurance, reviews, ingredients, best prices!","og_url":"https:\/\/mylipfiller.com\/es\/zishel-rose-mild-1-x-1ml\/","og_site_name":"My Lip Filler","article_modified_time":"2024-07-03T15:32:58+00:00","og_image":[{"width":600,"height":600,"url":"https:\/\/cdn.mylipfiller.com\/wp-content\/uploads\/2019\/03\/Zishel-Rose-Mild.jpg","type":"image\/jpeg"}],"twitter_card":"summary_large_image","twitter_misc":{"Tiempo de lectura":"2 minutos"},"schema":{"@context":"https:\/\/schema.org","@graph":[{"@type":"WebPage","@id":"https:\/\/mylipfiller.com\/zishel-rose-mild-1-x-1ml\/","url":"https:\/\/mylipfiller.com\/zishel-rose-mild-1-x-1ml\/","name":"Comprar Zishel Rose Mild (1 x 1ml) - Rellenos de My Lip Filler","isPartOf":{"@id":"https:\/\/mylipfiller.com\/#website"},"primaryImageOfPage":{"@id":"https:\/\/mylipfiller.com\/zishel-rose-mild-1-x-1ml\/#primaryimage"},"image":{"@id":"https:\/\/mylipfiller.com\/zishel-rose-mild-1-x-1ml\/#primaryimage"},"thumbnailUrl":"https:\/\/cdn.mylipfiller.com\/wp-content\/uploads\/2019\/03\/Zishel-Rose-Mild.jpg","datePublished":"2019-03-05T15:22:22+00:00","dateModified":"2024-07-03T15:32:58+00:00","description":"\u2765Compra Zishel Rose Mild (1 x 1ml) \u23e9 Tienda online My Lip Filler \u27a6 Garant\u00eda de calidad, rese\u00f1as, ingredientes, \u00a1los mejores precios!","breadcrumb":{"@id":"https:\/\/mylipfiller.com\/zishel-rose-mild-1-x-1ml\/#breadcrumb"},"inLanguage":"es","potentialAction":[{"@type":"ReadAction","target":["https:\/\/mylipfiller.com\/zishel-rose-mild-1-x-1ml\/"]}]},{"@type":"ImageObject","inLanguage":"es","@id":"https:\/\/mylipfiller.com\/zishel-rose-mild-1-x-1ml\/#primaryimage","url":"https:\/\/cdn.mylipfiller.com\/wp-content\/uploads\/2019\/03\/Zishel-Rose-Mild.jpg","contentUrl":"https:\/\/cdn.mylipfiller.com\/wp-content\/uploads\/2019\/03\/Zishel-Rose-Mild.jpg","width":600,"height":600,"caption":"Zishel Rose Mild"},{"@type":"BreadcrumbList","@id":"https:\/\/mylipfiller.com\/zishel-rose-mild-1-x-1ml\/#breadcrumb","itemListElement":[{"@type":"ListItem","position":1,"name":"Home","item":"https:\/\/mylipfiller.com\/"},{"@type":"ListItem","position":2,"name":"Shop","item":"https:\/\/mylipfiller.com\/shop\/"},{"@type":"ListItem","position":3,"name":"Zishel Rose Mild (1 x 1ml)"}]},{"@type":"WebSite","@id":"https:\/\/mylipfiller.com\/#website","url":"https:\/\/mylipfiller.com\/","name":"Mi relleno de labios","description":"Rellenos d\u00e9rmicos y de labios con \u00e1cido hialur\u00f3nico","publisher":{"@id":"https:\/\/mylipfiller.com\/#organization"},"potentialAction":[{"@type":"SearchAction","target":{"@type":"EntryPoint","urlTemplate":"https:\/\/mylipfiller.com\/?s={search_term_string}"},"query-input":{"@type":"PropertyValueSpecification","valueRequired":true,"valueName":"search_term_string"}}],"inLanguage":"es"},{"@type":"Organization","@id":"https:\/\/mylipfiller.com\/#organization","name":"Mi relleno de labios","url":"https:\/\/mylipfiller.com\/","logo":{"@type":"ImageObject","inLanguage":"es","@id":"https:\/\/mylipfiller.com\/#\/schema\/logo\/image\/","url":"https:\/\/cdn.mylipfiller.com\/wp-content\/uploads\/2019\/02\/cropped-My-Lip-Filler-Logo.png","contentUrl":"https:\/\/cdn.mylipfiller.com\/wp-content\/uploads\/2019\/02\/cropped-My-Lip-Filler-Logo.png","width":240,"height":88,"caption":"My Lip Filler"},"image":{"@id":"https:\/\/mylipfiller.com\/#\/schema\/logo\/image\/"}}]}},"_links":{"self":[{"href":"https:\/\/mylipfiller.com\/es\/wp-json\/wp\/v2\/product\/613","targetHints":{"allow":["GET"]}}],"collection":[{"href":"https:\/\/mylipfiller.com\/es\/wp-json\/wp\/v2\/product"}],"about":[{"href":"https:\/\/mylipfiller.com\/es\/wp-json\/wp\/v2\/types\/product"}],"wp:featuredmedia":[{"embeddable":true,"href":"https:\/\/mylipfiller.com\/es\/wp-json\/wp\/v2\/media\/570"}],"wp:attachment":[{"href":"https:\/\/mylipfiller.com\/es\/wp-json\/wp\/v2\/media?parent=613"}],"wp:term":[{"taxonomy":"product_brand","embeddable":true,"href":"https:\/\/mylipfiller.com\/es\/wp-json\/wp\/v2\/product_brand?post=613"},{"taxonomy":"product_cat","embeddable":true,"href":"https:\/\/mylipfiller.com\/es\/wp-json\/wp\/v2\/product_cat?post=613"},{"taxonomy":"product_tag","embeddable":true,"href":"https:\/\/mylipfiller.com\/es\/wp-json\/wp\/v2\/product_tag?post=613"}],"curies":[{"name":"gracias","href":"https:\/\/api.w.org\/{rel}","templated":true}]}}