{"id":614,"date":"2019-03-05T17:23:39","date_gmt":"2019-03-05T15:23:39","guid":{"rendered":"https:\/\/mylipfiller.com\/?post_type=product&#038;p=614"},"modified":"2024-07-03T17:32:58","modified_gmt":"2024-07-03T15:32:58","slug":"zishel-rose-touch-1-x-1ml","status":"publish","type":"product","link":"https:\/\/mylipfiller.com\/es\/zishel-rose-touch-1-x-1ml\/","title":{"rendered":"Zishel Rose Touch (1 x 1 ml)"},"content":{"rendered":"<h3>\u00bfQu\u00e9 hace que Zishel Touch sea especial?<\/h3>\n<p>Si bien la mayor\u00eda de las marcas solo recomendar\u00e1n su relleno &quot;suave&quot; con un tama\u00f1o de grano m\u00e1s peque\u00f1o para el aumento de labios, Zishel tiene una oferta especial para sus clientes. Muy pocas cargas tienen un tama\u00f1o de grano medio tan peque\u00f1o como 200 \u00b5m. Esta propiedad \u00fanica del gel lo convierte en una de las soluciones inyectables de apariencia y sensaci\u00f3n m\u00e1s naturales. Cuando se inyecta en los labios, le da al paciente el aumento de volumen deseado, sin parecer pl\u00e1stico o artificial. Labios hermosos y llenos despu\u00e9s de un procedimiento de inyecci\u00f3n \u00fanica de solo 20 minutos.<\/p>\n<p>Zishel Rose Touch utiliza el poder del \u00e1cido hialur\u00f3nico, que es una sustancia natural en el cuerpo humano con una multitud de efectos positivos en la piel. El gel inyectable est\u00e1 hecho de HA no animal purificado y, adem\u00e1s, los labios se pueden inyectar con \u00e9xito para tratar:<\/p>\n<ul>\n<li>L\u00edneas de piel muy finas<\/li>\n<li>Arrugas superficiales<\/li>\n<li>Arrugas delicadas en la zona nasolabial.<\/li>\n<\/ul>\n<h3>Inyecci\u00f3n de relleno<\/h3>\n<p>Su m\u00e9dico necesitar\u00e1 entre 20 y 30 minutos para un solo procedimiento de inyecci\u00f3n de Zishel Touch. Los resultados normalmente duran unos cuatro meses, pero debe consultar a su m\u00e9dico tratante en qu\u00e9 intervalo debe inyectar el relleno para mantener el realce de los labios o para mantener las arrugas ocultas.<\/p>\n<p>Dado que se basa en \u00e1cido hialur\u00f3nico purificado, el relleno de labios es completamente seguro, pero a\u00fan no se recomienda su uso a mujeres embarazadas o en per\u00edodo de lactancia. Adem\u00e1s, el paciente y su m\u00e9dico deben verificar si hay alergias a los ingredientes de los rellenos. En cuanto a los efectos adversos, son m\u00ednimos y limitados a una leve irritaci\u00f3n, enrojecimiento y \/ o hinchaz\u00f3n en el punto de entrada de la aguja de inyecci\u00f3n.<\/p>","protected":false},"excerpt":{"rendered":"<p>Zishel Rouse Touch es el relleno de labios designado de su marca: un gel HA para inyecci\u00f3n de labios. Si bien se puede usar cualquier relleno suave para dar forma a los labios, Zishel Touch con un tama\u00f1o de grano peque\u00f1o de 200 \u00b5m, excelente fluidez y viscoelasticidad es la soluci\u00f3n perfecta para realzar los labios. Una vez inyectado, se mantendr\u00e1 estable durante al menos cuatro meses, dando un aspecto natural de labios carnosos y hermosos.<\/p>","protected":false},"featured_media":571,"template":"","meta":{"_acf_changed":false},"product_brand":[],"product_cat":[33,31,184],"product_tag":[111,151,133,107,134,120,116],"class_list":{"0":"post-614","1":"product","2":"type-product","3":"status-publish","4":"has-post-thumbnail","6":"product_cat-lip","7":"product_cat-zishel","8":"product_cat-zishel-group","9":"product_tag-face","10":"product_tag-hyaluronic-acid-ha-fillers","11":"product_tag-marionette-lines","12":"product_tag-nasolabial-folds","13":"product_tag-small-lips","14":"product_tag-up-to-12-months","15":"product_tag-with-lidocaine","17":"first","18":"outofstock","19":"featured","20":"taxable","21":"shipping-taxable","22":"purchasable","23":"product-type-simple"},"acf":[],"yoast_head":"<!-- This site is optimized with the Yoast SEO plugin v27.3 - https:\/\/yoast.com\/product\/yoast-seo-wordpress\/ -->\n<title>Buy Zishel Rose Touch (1 x 1ml) - Fillers from My Lip Filler<\/title>\n<meta name=\"description\" content=\"\u2765Buy Zishel Rose Touch (1 x 1ml) \u23e9 My Lip Filler online store \u27a6 Quality assurance, reviews, ingredients, best prices!\" \/>\n<meta name=\"robots\" content=\"index, follow, max-snippet:-1, max-image-preview:large, max-video-preview:-1\" \/>\n<link rel=\"canonical\" href=\"https:\/\/mylipfiller.com\/es\/zishel-rose-touch-1-x-1ml\/\" \/>\n<meta property=\"og:locale\" content=\"es_MX\" \/>\n<meta property=\"og:type\" content=\"article\" \/>\n<meta property=\"og:title\" content=\"Buy Zishel Rose Touch (1 x 1ml) - Fillers from My Lip Filler\" \/>\n<meta property=\"og:description\" content=\"\u2765Buy Zishel Rose Touch (1 x 1ml) \u23e9 My Lip Filler online store \u27a6 Quality assurance, reviews, ingredients, best prices!\" \/>\n<meta property=\"og:url\" content=\"https:\/\/mylipfiller.com\/es\/zishel-rose-touch-1-x-1ml\/\" \/>\n<meta property=\"og:site_name\" content=\"My Lip Filler\" \/>\n<meta property=\"article:modified_time\" content=\"2024-07-03T15:32:58+00:00\" \/>\n<meta property=\"og:image\" content=\"https:\/\/cdn.mylipfiller.com\/wp-content\/uploads\/2019\/03\/Zishel-Rose-Touch.jpg\" \/>\n\t<meta property=\"og:image:width\" content=\"600\" \/>\n\t<meta property=\"og:image:height\" content=\"600\" \/>\n\t<meta property=\"og:image:type\" content=\"image\/jpeg\" \/>\n<meta name=\"twitter:card\" content=\"summary_large_image\" \/>\n<meta name=\"twitter:label1\" content=\"Tiempo de lectura\" \/>\n\t<meta name=\"twitter:data1\" content=\"2 minutos\" \/>\n<script type=\"application\/ld+json\" class=\"yoast-schema-graph\">{\"@context\":\"https:\\\/\\\/schema.org\",\"@graph\":[{\"@type\":\"WebPage\",\"@id\":\"https:\\\/\\\/mylipfiller.com\\\/zishel-rose-touch-1-x-1ml\\\/\",\"url\":\"https:\\\/\\\/mylipfiller.com\\\/zishel-rose-touch-1-x-1ml\\\/\",\"name\":\"Buy Zishel Rose Touch (1 x 1ml) - Fillers from My Lip Filler\",\"isPartOf\":{\"@id\":\"https:\\\/\\\/mylipfiller.com\\\/#website\"},\"primaryImageOfPage\":{\"@id\":\"https:\\\/\\\/mylipfiller.com\\\/zishel-rose-touch-1-x-1ml\\\/#primaryimage\"},\"image\":{\"@id\":\"https:\\\/\\\/mylipfiller.com\\\/zishel-rose-touch-1-x-1ml\\\/#primaryimage\"},\"thumbnailUrl\":\"https:\\\/\\\/mylipfiller.com\\\/wp-content\\\/uploads\\\/2019\\\/03\\\/Zishel-Rose-Touch.jpg\",\"datePublished\":\"2019-03-05T15:23:39+00:00\",\"dateModified\":\"2024-07-03T15:32:58+00:00\",\"description\":\"\u2765Buy Zishel Rose Touch (1 x 1ml) \u23e9 My Lip Filler online store \u27a6 Quality assurance, reviews, ingredients, best prices!\",\"breadcrumb\":{\"@id\":\"https:\\\/\\\/mylipfiller.com\\\/zishel-rose-touch-1-x-1ml\\\/#breadcrumb\"},\"inLanguage\":\"es\",\"potentialAction\":[{\"@type\":\"ReadAction\",\"target\":[\"https:\\\/\\\/mylipfiller.com\\\/zishel-rose-touch-1-x-1ml\\\/\"]}]},{\"@type\":\"ImageObject\",\"inLanguage\":\"es\",\"@id\":\"https:\\\/\\\/mylipfiller.com\\\/zishel-rose-touch-1-x-1ml\\\/#primaryimage\",\"url\":\"https:\\\/\\\/mylipfiller.com\\\/wp-content\\\/uploads\\\/2019\\\/03\\\/Zishel-Rose-Touch.jpg\",\"contentUrl\":\"https:\\\/\\\/mylipfiller.com\\\/wp-content\\\/uploads\\\/2019\\\/03\\\/Zishel-Rose-Touch.jpg\",\"width\":600,\"height\":600,\"caption\":\"Zishel Rose Touch\"},{\"@type\":\"BreadcrumbList\",\"@id\":\"https:\\\/\\\/mylipfiller.com\\\/zishel-rose-touch-1-x-1ml\\\/#breadcrumb\",\"itemListElement\":[{\"@type\":\"ListItem\",\"position\":1,\"name\":\"Home\",\"item\":\"https:\\\/\\\/mylipfiller.com\\\/\"},{\"@type\":\"ListItem\",\"position\":2,\"name\":\"Shop\",\"item\":\"https:\\\/\\\/mylipfiller.com\\\/shop\\\/\"},{\"@type\":\"ListItem\",\"position\":3,\"name\":\"Zishel Rose Touch (1 x 1ml)\"}]},{\"@type\":\"WebSite\",\"@id\":\"https:\\\/\\\/mylipfiller.com\\\/#website\",\"url\":\"https:\\\/\\\/mylipfiller.com\\\/\",\"name\":\"My Lip Filler\",\"description\":\"Hyaluronic Acid Lip and Dermal Fillers\",\"publisher\":{\"@id\":\"https:\\\/\\\/mylipfiller.com\\\/#organization\"},\"potentialAction\":[{\"@type\":\"SearchAction\",\"target\":{\"@type\":\"EntryPoint\",\"urlTemplate\":\"https:\\\/\\\/mylipfiller.com\\\/?s={search_term_string}\"},\"query-input\":{\"@type\":\"PropertyValueSpecification\",\"valueRequired\":true,\"valueName\":\"search_term_string\"}}],\"inLanguage\":\"es\"},{\"@type\":\"Organization\",\"@id\":\"https:\\\/\\\/mylipfiller.com\\\/#organization\",\"name\":\"My Lip Filler\",\"url\":\"https:\\\/\\\/mylipfiller.com\\\/\",\"logo\":{\"@type\":\"ImageObject\",\"inLanguage\":\"es\",\"@id\":\"https:\\\/\\\/mylipfiller.com\\\/#\\\/schema\\\/logo\\\/image\\\/\",\"url\":\"https:\\\/\\\/mylipfiller.com\\\/wp-content\\\/uploads\\\/2019\\\/02\\\/cropped-My-Lip-Filler-Logo.png\",\"contentUrl\":\"https:\\\/\\\/mylipfiller.com\\\/wp-content\\\/uploads\\\/2019\\\/02\\\/cropped-My-Lip-Filler-Logo.png\",\"width\":240,\"height\":88,\"caption\":\"My Lip Filler\"},\"image\":{\"@id\":\"https:\\\/\\\/mylipfiller.com\\\/#\\\/schema\\\/logo\\\/image\\\/\"}}]}<\/script>\n<!-- \/ Yoast SEO plugin. -->","yoast_head_json":{"title":"Comprar Zishel Rose Touch (1 x 1ml) - Rellenos de My Lip Filler","description":"\u2765Compra Zishel Rose Touch (1 x 1ml) \u23e9 Tienda online My Lip Filler \u27a6 Garant\u00eda de calidad, rese\u00f1as, ingredientes, \u00a1los mejores precios!","robots":{"index":"index","follow":"follow","max-snippet":"max-snippet:-1","max-image-preview":"max-image-preview:large","max-video-preview":"max-video-preview:-1"},"canonical":"https:\/\/mylipfiller.com\/es\/zishel-rose-touch-1-x-1ml\/","og_locale":"es_MX","og_type":"article","og_title":"Buy Zishel Rose Touch (1 x 1ml) - Fillers from My Lip Filler","og_description":"\u2765Buy Zishel Rose Touch (1 x 1ml) \u23e9 My Lip Filler online store \u27a6 Quality assurance, reviews, ingredients, best prices!","og_url":"https:\/\/mylipfiller.com\/es\/zishel-rose-touch-1-x-1ml\/","og_site_name":"My Lip Filler","article_modified_time":"2024-07-03T15:32:58+00:00","og_image":[{"width":600,"height":600,"url":"https:\/\/cdn.mylipfiller.com\/wp-content\/uploads\/2019\/03\/Zishel-Rose-Touch.jpg","type":"image\/jpeg"}],"twitter_card":"summary_large_image","twitter_misc":{"Tiempo de lectura":"2 minutos"},"schema":{"@context":"https:\/\/schema.org","@graph":[{"@type":"WebPage","@id":"https:\/\/mylipfiller.com\/zishel-rose-touch-1-x-1ml\/","url":"https:\/\/mylipfiller.com\/zishel-rose-touch-1-x-1ml\/","name":"Comprar Zishel Rose Touch (1 x 1ml) - Rellenos de My Lip Filler","isPartOf":{"@id":"https:\/\/mylipfiller.com\/#website"},"primaryImageOfPage":{"@id":"https:\/\/mylipfiller.com\/zishel-rose-touch-1-x-1ml\/#primaryimage"},"image":{"@id":"https:\/\/mylipfiller.com\/zishel-rose-touch-1-x-1ml\/#primaryimage"},"thumbnailUrl":"https:\/\/cdn.mylipfiller.com\/wp-content\/uploads\/2019\/03\/Zishel-Rose-Touch.jpg","datePublished":"2019-03-05T15:23:39+00:00","dateModified":"2024-07-03T15:32:58+00:00","description":"\u2765Compra Zishel Rose Touch (1 x 1ml) \u23e9 Tienda online My Lip Filler \u27a6 Garant\u00eda de calidad, rese\u00f1as, ingredientes, \u00a1los mejores precios!","breadcrumb":{"@id":"https:\/\/mylipfiller.com\/zishel-rose-touch-1-x-1ml\/#breadcrumb"},"inLanguage":"es","potentialAction":[{"@type":"ReadAction","target":["https:\/\/mylipfiller.com\/zishel-rose-touch-1-x-1ml\/"]}]},{"@type":"ImageObject","inLanguage":"es","@id":"https:\/\/mylipfiller.com\/zishel-rose-touch-1-x-1ml\/#primaryimage","url":"https:\/\/cdn.mylipfiller.com\/wp-content\/uploads\/2019\/03\/Zishel-Rose-Touch.jpg","contentUrl":"https:\/\/cdn.mylipfiller.com\/wp-content\/uploads\/2019\/03\/Zishel-Rose-Touch.jpg","width":600,"height":600,"caption":"Zishel Rose Touch"},{"@type":"BreadcrumbList","@id":"https:\/\/mylipfiller.com\/zishel-rose-touch-1-x-1ml\/#breadcrumb","itemListElement":[{"@type":"ListItem","position":1,"name":"Home","item":"https:\/\/mylipfiller.com\/"},{"@type":"ListItem","position":2,"name":"Shop","item":"https:\/\/mylipfiller.com\/shop\/"},{"@type":"ListItem","position":3,"name":"Zishel Rose Touch (1 x 1ml)"}]},{"@type":"WebSite","@id":"https:\/\/mylipfiller.com\/#website","url":"https:\/\/mylipfiller.com\/","name":"Mi relleno de labios","description":"Rellenos d\u00e9rmicos y de labios con \u00e1cido hialur\u00f3nico","publisher":{"@id":"https:\/\/mylipfiller.com\/#organization"},"potentialAction":[{"@type":"SearchAction","target":{"@type":"EntryPoint","urlTemplate":"https:\/\/mylipfiller.com\/?s={search_term_string}"},"query-input":{"@type":"PropertyValueSpecification","valueRequired":true,"valueName":"search_term_string"}}],"inLanguage":"es"},{"@type":"Organization","@id":"https:\/\/mylipfiller.com\/#organization","name":"Mi relleno de labios","url":"https:\/\/mylipfiller.com\/","logo":{"@type":"ImageObject","inLanguage":"es","@id":"https:\/\/mylipfiller.com\/#\/schema\/logo\/image\/","url":"https:\/\/cdn.mylipfiller.com\/wp-content\/uploads\/2019\/02\/cropped-My-Lip-Filler-Logo.png","contentUrl":"https:\/\/cdn.mylipfiller.com\/wp-content\/uploads\/2019\/02\/cropped-My-Lip-Filler-Logo.png","width":240,"height":88,"caption":"My Lip Filler"},"image":{"@id":"https:\/\/mylipfiller.com\/#\/schema\/logo\/image\/"}}]}},"_links":{"self":[{"href":"https:\/\/mylipfiller.com\/es\/wp-json\/wp\/v2\/product\/614","targetHints":{"allow":["GET"]}}],"collection":[{"href":"https:\/\/mylipfiller.com\/es\/wp-json\/wp\/v2\/product"}],"about":[{"href":"https:\/\/mylipfiller.com\/es\/wp-json\/wp\/v2\/types\/product"}],"wp:featuredmedia":[{"embeddable":true,"href":"https:\/\/mylipfiller.com\/es\/wp-json\/wp\/v2\/media\/571"}],"wp:attachment":[{"href":"https:\/\/mylipfiller.com\/es\/wp-json\/wp\/v2\/media?parent=614"}],"wp:term":[{"taxonomy":"product_brand","embeddable":true,"href":"https:\/\/mylipfiller.com\/es\/wp-json\/wp\/v2\/product_brand?post=614"},{"taxonomy":"product_cat","embeddable":true,"href":"https:\/\/mylipfiller.com\/es\/wp-json\/wp\/v2\/product_cat?post=614"},{"taxonomy":"product_tag","embeddable":true,"href":"https:\/\/mylipfiller.com\/es\/wp-json\/wp\/v2\/product_tag?post=614"}],"curies":[{"name":"gracias","href":"https:\/\/api.w.org\/{rel}","templated":true}]}}