{"id":6309,"date":"2019-09-27T11:54:36","date_gmt":"2019-09-27T09:54:36","guid":{"rendered":"https:\/\/mylipfiller.com\/?post_type=product&#038;p=6309"},"modified":"2024-07-03T17:32:36","modified_gmt":"2024-07-03T15:32:36","slug":"neobella-ex-kabelline-contouring-serum-5-x-8ml","status":"publish","type":"product","link":"https:\/\/mylipfiller.com\/es\/neobella-ex-kabelline-contouring-serum-5-x-8ml\/","title":{"rendered":"Neobella (ex. Kabelline) suero de contorno - 5 x 8 ml"},"content":{"rendered":"<h3>Indicaciones de Neobella<\/h3>\n<p>Con Neobella, NewFace Laboratories ha logrado crear un producto lipol\u00edtico de primer nivel que se puede inyectar en varias \u00e1reas del cuerpo, incluidas las caderas, el vientre, la parte superior de los brazos, la espalda, el abdomen, la parte superior de las piernas y m\u00e1s. Tambi\u00e9n puede entregar <u>eliminaci\u00f3n duradera de la papada<\/u> cuando se aplica en la regi\u00f3n submentoniana. Eso contornea r\u00e1pidamente la l\u00ednea de la cara, una haza\u00f1a que es dif\u00edcil de lograr incluso con cirug\u00eda pl\u00e1stica.<\/p>\n<ul>\n<li>Mejora significativa del contorno facial.<\/li>\n<li>Eliminaci\u00f3n r\u00e1pida de dep\u00f3sitos de grasa en el cuerpo (muslos, abdomen, axilas, caderas, etc.)<\/li>\n<li>Reducci\u00f3n garantizada de grasa submental (papada)<\/li>\n<li>Absorci\u00f3n de agua muy mejorada en el cuerpo<\/li>\n<li>Acelera considerablemente el metabolismo de los \u00e1cidos grasos<\/li>\n<\/ul>\n<h3>\u00bfCu\u00e1ntos tratamientos ser\u00e1n necesarios?<\/h3>\n<p>Los impresionantes efectos adelgazantes y quemagrasas de Neobella se vuelven <u>visible casi de inmediato<\/u> despu\u00e9s de la primera sesi\u00f3n de inyecci\u00f3n con este producto. Sin embargo, para disfrutar de resultados \u00f3ptimos y duraderos, se recomienda a los pacientes que completen el curso de tratamiento completo, que debe incluir <em>no m\u00e1s de seis sesiones separadas<\/em>. Cada uno de estos procedimientos debe realizarse dentro de al menos una semana desde el otro. El uso de este excelente suero de contorno tambi\u00e9n se puede combinar con cirug\u00eda est\u00e9tica como la liposucci\u00f3n o con cualquier dieta o rutina de ejercicios para adelgazar. Al hacerlo, los pacientes tendr\u00e1n m\u00e1s posibilidades de alcanzar sus objetivos contra la obesidad de forma r\u00e1pida y eficaz.<\/p>","protected":false},"excerpt":{"rendered":"<p>Estimulando al cuerpo para que disuelva las c\u00e9lulas grasas y los dep\u00f3sitos, absorba el agua a un ritmo m\u00e1s r\u00e1pido y destruya los \u00e1cidos grasos, <strong>Neobella inyectable derretidor de grasa a base de DA<\/strong> logra fant\u00e1sticos resultados en la p\u00e9rdida de peso. Ahora distribuido por My Lip Filler, este suero de contorno de clase mundial tiene propiedades y calidad similares a las de <em>Kabelline<\/em>. Dise\u00f1ado y fabricado por NewFace Laboratories, ofrece un tratamiento antiobesidad localizado que es r\u00e1pido, indoloro y seguro.<\/p>","protected":false},"featured_media":6313,"template":"","meta":{"_acf_changed":false},"product_brand":[],"product_cat":[89,18,63,174],"product_tag":[90,137],"class_list":{"0":"post-6309","1":"product","2":"type-product","3":"status-publish","4":"has-post-thumbnail","6":"product_cat-big-holiday-sale","7":"product_cat-mesotherapy","8":"product_cat-neobella","9":"product_cat-neogenesis","10":"product_tag-90","11":"product_tag-south-korea","13":"first","14":"outofstock","15":"sale","16":"featured","17":"taxable","18":"shipping-taxable","19":"purchasable","20":"product-type-simple"},"acf":[],"yoast_head":"<!-- This site is optimized with the Yoast SEO plugin v27.4 - https:\/\/yoast.com\/product\/yoast-seo-wordpress\/ -->\n<title>Buy Neobella (ex. Kabelline) Contouring Serum - 5 x 8ml - Fillers from My Lip Filler<\/title>\n<meta name=\"description\" content=\"\u2765Buy Neobella (ex. Kabelline) Contouring Serum - 5 x 8ml \u23e9 My Lip Filler online store \u27a6 Quality assurance, reviews, ingredients, best prices!\" \/>\n<meta name=\"robots\" content=\"index, follow, max-snippet:-1, max-image-preview:large, max-video-preview:-1\" \/>\n<link rel=\"canonical\" href=\"https:\/\/mylipfiller.com\/es\/neobella-ex-kabelline-contouring-serum-5-x-8ml\/\" \/>\n<meta property=\"og:locale\" content=\"es_MX\" \/>\n<meta property=\"og:type\" content=\"article\" \/>\n<meta property=\"og:title\" content=\"Buy Neobella (ex. Kabelline) Contouring Serum - 5 x 8ml - Fillers from My Lip Filler\" \/>\n<meta property=\"og:description\" content=\"\u2765Buy Neobella (ex. Kabelline) Contouring Serum - 5 x 8ml \u23e9 My Lip Filler online store \u27a6 Quality assurance, reviews, ingredients, best prices!\" \/>\n<meta property=\"og:url\" content=\"https:\/\/mylipfiller.com\/es\/neobella-ex-kabelline-contouring-serum-5-x-8ml\/\" \/>\n<meta property=\"og:site_name\" content=\"My Lip Filler\" \/>\n<meta property=\"article:modified_time\" content=\"2024-07-03T15:32:36+00:00\" \/>\n<meta property=\"og:image\" content=\"https:\/\/cdn.mylipfiller.com\/wp-content\/uploads\/2019\/09\/Neobella.jpg\" \/>\n\t<meta property=\"og:image:width\" content=\"600\" \/>\n\t<meta property=\"og:image:height\" content=\"600\" \/>\n\t<meta property=\"og:image:type\" content=\"image\/jpeg\" \/>\n<meta name=\"twitter:card\" content=\"summary_large_image\" \/>\n<meta name=\"twitter:label1\" content=\"Tiempo de lectura\" \/>\n\t<meta name=\"twitter:data1\" content=\"2 minutos\" \/>\n<script type=\"application\/ld+json\" class=\"yoast-schema-graph\">{\"@context\":\"https:\\\/\\\/schema.org\",\"@graph\":[{\"@type\":\"WebPage\",\"@id\":\"https:\\\/\\\/mylipfiller.com\\\/neobella-ex-kabelline-contouring-serum-5-x-8ml\\\/\",\"url\":\"https:\\\/\\\/mylipfiller.com\\\/neobella-ex-kabelline-contouring-serum-5-x-8ml\\\/\",\"name\":\"Buy Neobella (ex. Kabelline) Contouring Serum - 5 x 8ml - Fillers from My Lip Filler\",\"isPartOf\":{\"@id\":\"https:\\\/\\\/mylipfiller.com\\\/#website\"},\"primaryImageOfPage\":{\"@id\":\"https:\\\/\\\/mylipfiller.com\\\/neobella-ex-kabelline-contouring-serum-5-x-8ml\\\/#primaryimage\"},\"image\":{\"@id\":\"https:\\\/\\\/mylipfiller.com\\\/neobella-ex-kabelline-contouring-serum-5-x-8ml\\\/#primaryimage\"},\"thumbnailUrl\":\"https:\\\/\\\/mylipfiller.com\\\/wp-content\\\/uploads\\\/2019\\\/09\\\/Neobella.jpg\",\"datePublished\":\"2019-09-27T09:54:36+00:00\",\"dateModified\":\"2024-07-03T15:32:36+00:00\",\"description\":\"\u2765Buy Neobella (ex. Kabelline) Contouring Serum - 5 x 8ml \u23e9 My Lip Filler online store \u27a6 Quality assurance, reviews, ingredients, best prices!\",\"breadcrumb\":{\"@id\":\"https:\\\/\\\/mylipfiller.com\\\/neobella-ex-kabelline-contouring-serum-5-x-8ml\\\/#breadcrumb\"},\"inLanguage\":\"es\",\"potentialAction\":[{\"@type\":\"ReadAction\",\"target\":[\"https:\\\/\\\/mylipfiller.com\\\/neobella-ex-kabelline-contouring-serum-5-x-8ml\\\/\"]}]},{\"@type\":\"ImageObject\",\"inLanguage\":\"es\",\"@id\":\"https:\\\/\\\/mylipfiller.com\\\/neobella-ex-kabelline-contouring-serum-5-x-8ml\\\/#primaryimage\",\"url\":\"https:\\\/\\\/mylipfiller.com\\\/wp-content\\\/uploads\\\/2019\\\/09\\\/Neobella.jpg\",\"contentUrl\":\"https:\\\/\\\/mylipfiller.com\\\/wp-content\\\/uploads\\\/2019\\\/09\\\/Neobella.jpg\",\"width\":600,\"height\":600,\"caption\":\"Neobella\"},{\"@type\":\"BreadcrumbList\",\"@id\":\"https:\\\/\\\/mylipfiller.com\\\/neobella-ex-kabelline-contouring-serum-5-x-8ml\\\/#breadcrumb\",\"itemListElement\":[{\"@type\":\"ListItem\",\"position\":1,\"name\":\"Home\",\"item\":\"https:\\\/\\\/mylipfiller.com\\\/\"},{\"@type\":\"ListItem\",\"position\":2,\"name\":\"Shop\",\"item\":\"https:\\\/\\\/mylipfiller.com\\\/shop\\\/\"},{\"@type\":\"ListItem\",\"position\":3,\"name\":\"Neobella (ex. Kabelline) Contouring Serum &#8211; 5 x 8ml\"}]},{\"@type\":\"WebSite\",\"@id\":\"https:\\\/\\\/mylipfiller.com\\\/#website\",\"url\":\"https:\\\/\\\/mylipfiller.com\\\/\",\"name\":\"My Lip Filler\",\"description\":\"Hyaluronic Acid Lip and Dermal Fillers\",\"publisher\":{\"@id\":\"https:\\\/\\\/mylipfiller.com\\\/#organization\"},\"potentialAction\":[{\"@type\":\"SearchAction\",\"target\":{\"@type\":\"EntryPoint\",\"urlTemplate\":\"https:\\\/\\\/mylipfiller.com\\\/?s={search_term_string}\"},\"query-input\":{\"@type\":\"PropertyValueSpecification\",\"valueRequired\":true,\"valueName\":\"search_term_string\"}}],\"inLanguage\":\"es\"},{\"@type\":\"Organization\",\"@id\":\"https:\\\/\\\/mylipfiller.com\\\/#organization\",\"name\":\"My Lip Filler\",\"url\":\"https:\\\/\\\/mylipfiller.com\\\/\",\"logo\":{\"@type\":\"ImageObject\",\"inLanguage\":\"es\",\"@id\":\"https:\\\/\\\/mylipfiller.com\\\/#\\\/schema\\\/logo\\\/image\\\/\",\"url\":\"https:\\\/\\\/mylipfiller.com\\\/wp-content\\\/uploads\\\/2019\\\/02\\\/cropped-My-Lip-Filler-Logo.png\",\"contentUrl\":\"https:\\\/\\\/mylipfiller.com\\\/wp-content\\\/uploads\\\/2019\\\/02\\\/cropped-My-Lip-Filler-Logo.png\",\"width\":240,\"height\":88,\"caption\":\"My Lip Filler\"},\"image\":{\"@id\":\"https:\\\/\\\/mylipfiller.com\\\/#\\\/schema\\\/logo\\\/image\\\/\"}}]}<\/script>\n<!-- \/ Yoast SEO plugin. -->","yoast_head_json":{"title":"Compre suero contorno Neobella (ex. Kabelline) - 5 x 8 ml - Rellenos de My Lip Filler","description":"\u2765Compre Neobella (ex. Kabelline) Suero Contorno - 5 x 8 ml \u23e9 Tienda en l\u00ednea My Lip Filler \u27a6 Garant\u00eda de calidad, rese\u00f1as, ingredientes, \u00a1los mejores precios!","robots":{"index":"index","follow":"follow","max-snippet":"max-snippet:-1","max-image-preview":"max-image-preview:large","max-video-preview":"max-video-preview:-1"},"canonical":"https:\/\/mylipfiller.com\/es\/neobella-ex-kabelline-contouring-serum-5-x-8ml\/","og_locale":"es_MX","og_type":"article","og_title":"Buy Neobella (ex. Kabelline) Contouring Serum - 5 x 8ml - Fillers from My Lip Filler","og_description":"\u2765Buy Neobella (ex. Kabelline) Contouring Serum - 5 x 8ml \u23e9 My Lip Filler online store \u27a6 Quality assurance, reviews, ingredients, best prices!","og_url":"https:\/\/mylipfiller.com\/es\/neobella-ex-kabelline-contouring-serum-5-x-8ml\/","og_site_name":"My Lip Filler","article_modified_time":"2024-07-03T15:32:36+00:00","og_image":[{"width":600,"height":600,"url":"https:\/\/cdn.mylipfiller.com\/wp-content\/uploads\/2019\/09\/Neobella.jpg","type":"image\/jpeg"}],"twitter_card":"summary_large_image","twitter_misc":{"Tiempo de lectura":"2 minutos"},"schema":{"@context":"https:\/\/schema.org","@graph":[{"@type":"WebPage","@id":"https:\/\/mylipfiller.com\/neobella-ex-kabelline-contouring-serum-5-x-8ml\/","url":"https:\/\/mylipfiller.com\/neobella-ex-kabelline-contouring-serum-5-x-8ml\/","name":"Compre suero contorno Neobella (ex. Kabelline) - 5 x 8 ml - Rellenos de My Lip Filler","isPartOf":{"@id":"https:\/\/mylipfiller.com\/#website"},"primaryImageOfPage":{"@id":"https:\/\/mylipfiller.com\/neobella-ex-kabelline-contouring-serum-5-x-8ml\/#primaryimage"},"image":{"@id":"https:\/\/mylipfiller.com\/neobella-ex-kabelline-contouring-serum-5-x-8ml\/#primaryimage"},"thumbnailUrl":"https:\/\/cdn.mylipfiller.com\/wp-content\/uploads\/2019\/09\/Neobella.jpg","datePublished":"2019-09-27T09:54:36+00:00","dateModified":"2024-07-03T15:32:36+00:00","description":"\u2765Compre Neobella (ex. Kabelline) Suero Contorno - 5 x 8 ml \u23e9 Tienda en l\u00ednea My Lip Filler \u27a6 Garant\u00eda de calidad, rese\u00f1as, ingredientes, \u00a1los mejores precios!","breadcrumb":{"@id":"https:\/\/mylipfiller.com\/neobella-ex-kabelline-contouring-serum-5-x-8ml\/#breadcrumb"},"inLanguage":"es","potentialAction":[{"@type":"ReadAction","target":["https:\/\/mylipfiller.com\/neobella-ex-kabelline-contouring-serum-5-x-8ml\/"]}]},{"@type":"ImageObject","inLanguage":"es","@id":"https:\/\/mylipfiller.com\/neobella-ex-kabelline-contouring-serum-5-x-8ml\/#primaryimage","url":"https:\/\/cdn.mylipfiller.com\/wp-content\/uploads\/2019\/09\/Neobella.jpg","contentUrl":"https:\/\/cdn.mylipfiller.com\/wp-content\/uploads\/2019\/09\/Neobella.jpg","width":600,"height":600,"caption":"Neobella"},{"@type":"BreadcrumbList","@id":"https:\/\/mylipfiller.com\/neobella-ex-kabelline-contouring-serum-5-x-8ml\/#breadcrumb","itemListElement":[{"@type":"ListItem","position":1,"name":"Home","item":"https:\/\/mylipfiller.com\/"},{"@type":"ListItem","position":2,"name":"Shop","item":"https:\/\/mylipfiller.com\/shop\/"},{"@type":"ListItem","position":3,"name":"Neobella (ex. Kabelline) Contouring Serum &#8211; 5 x 8ml"}]},{"@type":"WebSite","@id":"https:\/\/mylipfiller.com\/#website","url":"https:\/\/mylipfiller.com\/","name":"Mi relleno de labios","description":"Rellenos d\u00e9rmicos y de labios con \u00e1cido hialur\u00f3nico","publisher":{"@id":"https:\/\/mylipfiller.com\/#organization"},"potentialAction":[{"@type":"SearchAction","target":{"@type":"EntryPoint","urlTemplate":"https:\/\/mylipfiller.com\/?s={search_term_string}"},"query-input":{"@type":"PropertyValueSpecification","valueRequired":true,"valueName":"search_term_string"}}],"inLanguage":"es"},{"@type":"Organization","@id":"https:\/\/mylipfiller.com\/#organization","name":"Mi relleno de labios","url":"https:\/\/mylipfiller.com\/","logo":{"@type":"ImageObject","inLanguage":"es","@id":"https:\/\/mylipfiller.com\/#\/schema\/logo\/image\/","url":"https:\/\/cdn.mylipfiller.com\/wp-content\/uploads\/2019\/02\/cropped-My-Lip-Filler-Logo.png","contentUrl":"https:\/\/cdn.mylipfiller.com\/wp-content\/uploads\/2019\/02\/cropped-My-Lip-Filler-Logo.png","width":240,"height":88,"caption":"My Lip Filler"},"image":{"@id":"https:\/\/mylipfiller.com\/#\/schema\/logo\/image\/"}}]}},"_links":{"self":[{"href":"https:\/\/mylipfiller.com\/es\/wp-json\/wp\/v2\/product\/6309","targetHints":{"allow":["GET"]}}],"collection":[{"href":"https:\/\/mylipfiller.com\/es\/wp-json\/wp\/v2\/product"}],"about":[{"href":"https:\/\/mylipfiller.com\/es\/wp-json\/wp\/v2\/types\/product"}],"wp:featuredmedia":[{"embeddable":true,"href":"https:\/\/mylipfiller.com\/es\/wp-json\/wp\/v2\/media\/6313"}],"wp:attachment":[{"href":"https:\/\/mylipfiller.com\/es\/wp-json\/wp\/v2\/media?parent=6309"}],"wp:term":[{"taxonomy":"product_brand","embeddable":true,"href":"https:\/\/mylipfiller.com\/es\/wp-json\/wp\/v2\/product_brand?post=6309"},{"taxonomy":"product_cat","embeddable":true,"href":"https:\/\/mylipfiller.com\/es\/wp-json\/wp\/v2\/product_cat?post=6309"},{"taxonomy":"product_tag","embeddable":true,"href":"https:\/\/mylipfiller.com\/es\/wp-json\/wp\/v2\/product_tag?post=6309"}],"curies":[{"name":"gracias","href":"https:\/\/api.w.org\/{rel}","templated":true}]}}