{"id":6919,"date":"2019-10-17T04:22:04","date_gmt":"2019-10-17T02:22:04","guid":{"rendered":"https:\/\/mylipfiller.com\/?post_type=product&#038;p=6919"},"modified":"2024-03-13T14:09:45","modified_gmt":"2024-03-13T12:09:45","slug":"profhilo-1-x-2ml","status":"publish","type":"product","link":"https:\/\/mylipfiller.com\/es\/profhilo-1-x-2ml\/","title":{"rendered":"Profhilo - 1 x 2ml"},"content":{"rendered":"<h3>Los poderes de Profhilo<\/h3>\n<p>Este relleno de tejido blando de grado profesional se produce con un incre\u00edble <u>Tecnolog\u00eda h\u00edbrida NAHYCO<\/u>. Esto significa que contiene \u00e1cido hialur\u00f3nico de bajo y alto peso molecular, lo que le confiere las siguientes propiedades:<\/p>\n<ul>\n<li>Hidrataci\u00f3n significativa de la piel.<\/li>\n<li>Potentes efectos de volumen y lifting<\/li>\n<li>Impulso garantizado de la producci\u00f3n de col\u00e1geno<\/li>\n<li>Aumento considerable de la s\u00edntesis de elastina<\/li>\n<\/ul>\n<h3>\u00bfQu\u00e9 es la t\u00e9cnica BAP?<\/h3>\n<p>BAP son las siglas de Bio Aesthetic Points y la T\u00e9cnica BAP es una t\u00e9cnica de inyecci\u00f3n desarrollada y patentada por IBSA Group especialmente para tratamientos m\u00ednimamente invasivos de correcci\u00f3n de la laxitud cut\u00e1nea y remodelaci\u00f3n tisular con el uso de Profhilo. Solo se debe utilizar para procedimientos dirigidos a <em>mitad inferior de la cara<\/em> que suele ser m\u00e1s propenso a la atrofia d\u00e9rmica relacionada con la edad. Cuenta con <u>cinco puntos de inyecci\u00f3n separados<\/u>:<\/p>\n<ul>\n<li>\u00c1ngulo mandibular (para un contorno de la mand\u00edbula sin riesgos)<\/li>\n<li>Ment\u00f3n (para un aumento de ment\u00f3n duradero)<\/li>\n<li>Tragus (para corregir la flacidez de la piel de aspecto natural)<\/li>\n<li>Protuberancia cigom\u00e1tica (para realce r\u00e1pido de p\u00f3mulos)<\/li>\n<li>Base nasal (para remodelar la nariz sin dolor)<\/li>\n<\/ul>\n<p>Al utilizar esta t\u00e9cnica de inyecci\u00f3n probada, los cirujanos pl\u00e1sticos certificados por la junta tienen la garant\u00eda de brindar a los pacientes una mayor <strong>experiencia de tratamiento confortable<\/strong>. Gracias a \u00e9l, los procedimientos de inyecci\u00f3n son m\u00e1s indoloros y se minimiza considerablemente el riesgo de hematoma, hematomas e hinchaz\u00f3n.<\/p>\n<p>Cuando se usa en otras \u00e1reas del cuerpo, Profhilo se administra a trav\u00e9s de otras t\u00e9cnicas de inyecci\u00f3n como abanico (rejuvenecimiento de manos o remodelaci\u00f3n del cuello) o la t\u00e9cnica de 7 puntos para la correcci\u00f3n de la flacidez interna del brazo.<\/p>","protected":false},"excerpt":{"rendered":"<p>Dise\u00f1ado y fabricado por la empresa farmac\u00e9utica IBSA Group con sede en Suiza, Profhilo se encuentra entre los m\u00e1s seguros y <u>rellenos de piel HA m\u00e1s fiables<\/u>. Su ingrediente principal es el \u00e1cido hialur\u00f3nico no animal con una concentraci\u00f3n notablemente alta. Eso, junto con su Tecnolog\u00eda H\u00edbrida NAHYCO, <em>pureza impresionante y eficacia garantizada<\/em>, convi\u00e9rtalo en uno de los mejores productos de rejuvenecimiento cosm\u00e9tico en la tienda en l\u00ednea de My Lip Filler. Eso <strong>mejora con \u00e9xito la laxitud de la piel <\/strong>y remodela instant\u00e1neamente rostro, cuello y cuerpo.<\/p>","protected":false},"featured_media":6920,"template":"","meta":{"_acf_changed":false},"product_brand":[],"product_cat":[89,153,18,64,32],"product_tag":[90,144,125,111,126,151,117,147,143,139,146,119,148,127],"class_list":{"0":"post-6919","1":"product","2":"type-product","3":"status-publish","4":"has-post-thumbnail","6":"product_cat-big-holiday-sale","7":"product_cat-ibsa","8":"product_cat-mesotherapy","9":"product_cat-profhilo","10":"product_cat-soft","11":"product_tag-90","12":"product_tag-anti-wrinkle","13":"product_tag-crows-feet","14":"product_tag-face","15":"product_tag-fine-lines","16":"product_tag-hyaluronic-acid-ha-fillers","17":"product_tag-low-density","18":"product_tag-moisturizing","19":"product_tag-rejuvenating","20":"product_tag-restoration","21":"product_tag-smoothing","22":"product_tag-up-to-9-months","23":"product_tag-upper-dermis","24":"product_tag-wrinkles-around-the-eyes","26":"first","27":"instock","28":"sale","29":"taxable","30":"shipping-taxable","31":"purchasable","32":"product-type-simple"},"acf":[],"yoast_head":"<!-- This site is optimized with the Yoast SEO plugin v27.4 - https:\/\/yoast.com\/product\/yoast-seo-wordpress\/ -->\n<title>Buy Profhilo - 1 x 2ml - Fillers from My Lip Filler<\/title>\n<meta name=\"description\" content=\"\u2765Buy Profhilo - 1 x 2ml \u23e9 My Lip Filler online store \u27a6 Quality assurance, reviews, ingredients, best prices!\" \/>\n<meta name=\"robots\" content=\"index, follow, max-snippet:-1, max-image-preview:large, max-video-preview:-1\" \/>\n<link rel=\"canonical\" href=\"https:\/\/mylipfiller.com\/es\/profhilo-1-x-2ml\/\" \/>\n<meta property=\"og:locale\" content=\"es_MX\" \/>\n<meta property=\"og:type\" content=\"article\" \/>\n<meta property=\"og:title\" content=\"Buy Profhilo - 1 x 2ml - Fillers from My Lip Filler\" \/>\n<meta property=\"og:description\" content=\"\u2765Buy Profhilo - 1 x 2ml \u23e9 My Lip Filler online store \u27a6 Quality assurance, reviews, ingredients, best prices!\" \/>\n<meta property=\"og:url\" content=\"https:\/\/mylipfiller.com\/es\/profhilo-1-x-2ml\/\" \/>\n<meta property=\"og:site_name\" content=\"My Lip Filler\" \/>\n<meta property=\"article:modified_time\" content=\"2024-03-13T12:09:45+00:00\" \/>\n<meta property=\"og:image\" content=\"https:\/\/cdn.mylipfiller.com\/wp-content\/uploads\/2019\/10\/Profhilo.jpg\" \/>\n\t<meta property=\"og:image:width\" content=\"600\" \/>\n\t<meta property=\"og:image:height\" content=\"600\" \/>\n\t<meta property=\"og:image:type\" content=\"image\/jpeg\" \/>\n<meta name=\"twitter:card\" content=\"summary_large_image\" \/>\n<meta name=\"twitter:label1\" content=\"Tiempo de lectura\" \/>\n\t<meta name=\"twitter:data1\" content=\"2 minutos\" \/>\n<script type=\"application\/ld+json\" class=\"yoast-schema-graph\">{\"@context\":\"https:\\\/\\\/schema.org\",\"@graph\":[{\"@type\":\"WebPage\",\"@id\":\"https:\\\/\\\/mylipfiller.com\\\/profhilo-1-x-2ml\\\/\",\"url\":\"https:\\\/\\\/mylipfiller.com\\\/profhilo-1-x-2ml\\\/\",\"name\":\"Buy Profhilo - 1 x 2ml - Fillers from My Lip Filler\",\"isPartOf\":{\"@id\":\"https:\\\/\\\/mylipfiller.com\\\/#website\"},\"primaryImageOfPage\":{\"@id\":\"https:\\\/\\\/mylipfiller.com\\\/profhilo-1-x-2ml\\\/#primaryimage\"},\"image\":{\"@id\":\"https:\\\/\\\/mylipfiller.com\\\/profhilo-1-x-2ml\\\/#primaryimage\"},\"thumbnailUrl\":\"https:\\\/\\\/mylipfiller.com\\\/wp-content\\\/uploads\\\/2019\\\/10\\\/Profhilo.jpg\",\"datePublished\":\"2019-10-17T02:22:04+00:00\",\"dateModified\":\"2024-03-13T12:09:45+00:00\",\"description\":\"\u2765Buy Profhilo - 1 x 2ml \u23e9 My Lip Filler online store \u27a6 Quality assurance, reviews, ingredients, best prices!\",\"breadcrumb\":{\"@id\":\"https:\\\/\\\/mylipfiller.com\\\/profhilo-1-x-2ml\\\/#breadcrumb\"},\"inLanguage\":\"es\",\"potentialAction\":[{\"@type\":\"ReadAction\",\"target\":[\"https:\\\/\\\/mylipfiller.com\\\/profhilo-1-x-2ml\\\/\"]}]},{\"@type\":\"ImageObject\",\"inLanguage\":\"es\",\"@id\":\"https:\\\/\\\/mylipfiller.com\\\/profhilo-1-x-2ml\\\/#primaryimage\",\"url\":\"https:\\\/\\\/mylipfiller.com\\\/wp-content\\\/uploads\\\/2019\\\/10\\\/Profhilo.jpg\",\"contentUrl\":\"https:\\\/\\\/mylipfiller.com\\\/wp-content\\\/uploads\\\/2019\\\/10\\\/Profhilo.jpg\",\"width\":600,\"height\":600,\"caption\":\"Profhilo\"},{\"@type\":\"BreadcrumbList\",\"@id\":\"https:\\\/\\\/mylipfiller.com\\\/profhilo-1-x-2ml\\\/#breadcrumb\",\"itemListElement\":[{\"@type\":\"ListItem\",\"position\":1,\"name\":\"Home\",\"item\":\"https:\\\/\\\/mylipfiller.com\\\/\"},{\"@type\":\"ListItem\",\"position\":2,\"name\":\"Shop\",\"item\":\"https:\\\/\\\/mylipfiller.com\\\/shop\\\/\"},{\"@type\":\"ListItem\",\"position\":3,\"name\":\"Profhilo &#8211; 1 x 2ml\"}]},{\"@type\":\"WebSite\",\"@id\":\"https:\\\/\\\/mylipfiller.com\\\/#website\",\"url\":\"https:\\\/\\\/mylipfiller.com\\\/\",\"name\":\"My Lip Filler\",\"description\":\"Hyaluronic Acid Lip and Dermal Fillers\",\"publisher\":{\"@id\":\"https:\\\/\\\/mylipfiller.com\\\/#organization\"},\"potentialAction\":[{\"@type\":\"SearchAction\",\"target\":{\"@type\":\"EntryPoint\",\"urlTemplate\":\"https:\\\/\\\/mylipfiller.com\\\/?s={search_term_string}\"},\"query-input\":{\"@type\":\"PropertyValueSpecification\",\"valueRequired\":true,\"valueName\":\"search_term_string\"}}],\"inLanguage\":\"es\"},{\"@type\":\"Organization\",\"@id\":\"https:\\\/\\\/mylipfiller.com\\\/#organization\",\"name\":\"My Lip Filler\",\"url\":\"https:\\\/\\\/mylipfiller.com\\\/\",\"logo\":{\"@type\":\"ImageObject\",\"inLanguage\":\"es\",\"@id\":\"https:\\\/\\\/mylipfiller.com\\\/#\\\/schema\\\/logo\\\/image\\\/\",\"url\":\"https:\\\/\\\/mylipfiller.com\\\/wp-content\\\/uploads\\\/2019\\\/02\\\/cropped-My-Lip-Filler-Logo.png\",\"contentUrl\":\"https:\\\/\\\/mylipfiller.com\\\/wp-content\\\/uploads\\\/2019\\\/02\\\/cropped-My-Lip-Filler-Logo.png\",\"width\":240,\"height\":88,\"caption\":\"My Lip Filler\"},\"image\":{\"@id\":\"https:\\\/\\\/mylipfiller.com\\\/#\\\/schema\\\/logo\\\/image\\\/\"}}]}<\/script>\n<!-- \/ Yoast SEO plugin. -->","yoast_head_json":{"title":"Comprar Profhilo - 1 x 2ml - Rellenos de My Lip Filler","description":"\u2765Compra Profhilo - 1 x 2ml \u23e9 Tienda online My Lip Filler \u27a6 Garant\u00eda de calidad, rese\u00f1as, ingredientes, \u00a1los mejores precios!","robots":{"index":"index","follow":"follow","max-snippet":"max-snippet:-1","max-image-preview":"max-image-preview:large","max-video-preview":"max-video-preview:-1"},"canonical":"https:\/\/mylipfiller.com\/es\/profhilo-1-x-2ml\/","og_locale":"es_MX","og_type":"article","og_title":"Buy Profhilo - 1 x 2ml - Fillers from My Lip Filler","og_description":"\u2765Buy Profhilo - 1 x 2ml \u23e9 My Lip Filler online store \u27a6 Quality assurance, reviews, ingredients, best prices!","og_url":"https:\/\/mylipfiller.com\/es\/profhilo-1-x-2ml\/","og_site_name":"My Lip Filler","article_modified_time":"2024-03-13T12:09:45+00:00","og_image":[{"width":600,"height":600,"url":"https:\/\/cdn.mylipfiller.com\/wp-content\/uploads\/2019\/10\/Profhilo.jpg","type":"image\/jpeg"}],"twitter_card":"summary_large_image","twitter_misc":{"Tiempo de lectura":"2 minutos"},"schema":{"@context":"https:\/\/schema.org","@graph":[{"@type":"WebPage","@id":"https:\/\/mylipfiller.com\/profhilo-1-x-2ml\/","url":"https:\/\/mylipfiller.com\/profhilo-1-x-2ml\/","name":"Comprar Profhilo - 1 x 2ml - Rellenos de My Lip Filler","isPartOf":{"@id":"https:\/\/mylipfiller.com\/#website"},"primaryImageOfPage":{"@id":"https:\/\/mylipfiller.com\/profhilo-1-x-2ml\/#primaryimage"},"image":{"@id":"https:\/\/mylipfiller.com\/profhilo-1-x-2ml\/#primaryimage"},"thumbnailUrl":"https:\/\/cdn.mylipfiller.com\/wp-content\/uploads\/2019\/10\/Profhilo.jpg","datePublished":"2019-10-17T02:22:04+00:00","dateModified":"2024-03-13T12:09:45+00:00","description":"\u2765Compra Profhilo - 1 x 2ml \u23e9 Tienda online My Lip Filler \u27a6 Garant\u00eda de calidad, rese\u00f1as, ingredientes, \u00a1los mejores precios!","breadcrumb":{"@id":"https:\/\/mylipfiller.com\/profhilo-1-x-2ml\/#breadcrumb"},"inLanguage":"es","potentialAction":[{"@type":"ReadAction","target":["https:\/\/mylipfiller.com\/profhilo-1-x-2ml\/"]}]},{"@type":"ImageObject","inLanguage":"es","@id":"https:\/\/mylipfiller.com\/profhilo-1-x-2ml\/#primaryimage","url":"https:\/\/cdn.mylipfiller.com\/wp-content\/uploads\/2019\/10\/Profhilo.jpg","contentUrl":"https:\/\/cdn.mylipfiller.com\/wp-content\/uploads\/2019\/10\/Profhilo.jpg","width":600,"height":600,"caption":"Profhilo"},{"@type":"BreadcrumbList","@id":"https:\/\/mylipfiller.com\/profhilo-1-x-2ml\/#breadcrumb","itemListElement":[{"@type":"ListItem","position":1,"name":"Home","item":"https:\/\/mylipfiller.com\/"},{"@type":"ListItem","position":2,"name":"Shop","item":"https:\/\/mylipfiller.com\/shop\/"},{"@type":"ListItem","position":3,"name":"Profhilo &#8211; 1 x 2ml"}]},{"@type":"WebSite","@id":"https:\/\/mylipfiller.com\/#website","url":"https:\/\/mylipfiller.com\/","name":"Mi relleno de labios","description":"Rellenos d\u00e9rmicos y de labios con \u00e1cido hialur\u00f3nico","publisher":{"@id":"https:\/\/mylipfiller.com\/#organization"},"potentialAction":[{"@type":"SearchAction","target":{"@type":"EntryPoint","urlTemplate":"https:\/\/mylipfiller.com\/?s={search_term_string}"},"query-input":{"@type":"PropertyValueSpecification","valueRequired":true,"valueName":"search_term_string"}}],"inLanguage":"es"},{"@type":"Organization","@id":"https:\/\/mylipfiller.com\/#organization","name":"Mi relleno de labios","url":"https:\/\/mylipfiller.com\/","logo":{"@type":"ImageObject","inLanguage":"es","@id":"https:\/\/mylipfiller.com\/#\/schema\/logo\/image\/","url":"https:\/\/cdn.mylipfiller.com\/wp-content\/uploads\/2019\/02\/cropped-My-Lip-Filler-Logo.png","contentUrl":"https:\/\/cdn.mylipfiller.com\/wp-content\/uploads\/2019\/02\/cropped-My-Lip-Filler-Logo.png","width":240,"height":88,"caption":"My Lip Filler"},"image":{"@id":"https:\/\/mylipfiller.com\/#\/schema\/logo\/image\/"}}]}},"_links":{"self":[{"href":"https:\/\/mylipfiller.com\/es\/wp-json\/wp\/v2\/product\/6919","targetHints":{"allow":["GET"]}}],"collection":[{"href":"https:\/\/mylipfiller.com\/es\/wp-json\/wp\/v2\/product"}],"about":[{"href":"https:\/\/mylipfiller.com\/es\/wp-json\/wp\/v2\/types\/product"}],"wp:featuredmedia":[{"embeddable":true,"href":"https:\/\/mylipfiller.com\/es\/wp-json\/wp\/v2\/media\/6920"}],"wp:attachment":[{"href":"https:\/\/mylipfiller.com\/es\/wp-json\/wp\/v2\/media?parent=6919"}],"wp:term":[{"taxonomy":"product_brand","embeddable":true,"href":"https:\/\/mylipfiller.com\/es\/wp-json\/wp\/v2\/product_brand?post=6919"},{"taxonomy":"product_cat","embeddable":true,"href":"https:\/\/mylipfiller.com\/es\/wp-json\/wp\/v2\/product_cat?post=6919"},{"taxonomy":"product_tag","embeddable":true,"href":"https:\/\/mylipfiller.com\/es\/wp-json\/wp\/v2\/product_tag?post=6919"}],"curies":[{"name":"gracias","href":"https:\/\/api.w.org\/{rel}","templated":true}]}}