{"id":7164,"date":"2019-10-22T16:00:03","date_gmt":"2019-10-22T14:00:03","guid":{"rendered":"https:\/\/mylipfiller.com\/?post_type=product&#038;p=7164"},"modified":"2024-07-03T17:32:36","modified_gmt":"2024-07-03T15:32:36","slug":"aliaxin-sr-2-x-1ml","status":"publish","type":"product","link":"https:\/\/mylipfiller.com\/es\/aliaxin-sr-2-x-1ml\/","title":{"rendered":"Aliaxin SR - 2 x 1 ml"},"content":{"rendered":"<h3>Aliaxin SR: un relleno de remodelaci\u00f3n de la piel de alto rendimiento<\/h3>\n<p>Este relleno de tejido blando f\u00e1cil de inyectar tiene varios usos principales, ya que tiene <strong>efectos hidratantes, rellenos y voluminizadores<\/strong>. Como resultado, hidrata profundamente la piel, rellena r\u00e1pidamente las depresiones y arrugas y corrige eficazmente la p\u00e9rdida de volumen en las zonas medias o inferiores del rostro. Solo una sesi\u00f3n con \u00e9l puede brindar resultados notables de rejuvenecimiento cosm\u00e9tico y contorno facial que <em>durar un m\u00ednimo de medio a\u00f1o<\/em>.<\/p>\n<h3>Precauciones y contraindicaciones.<\/h3>\n<p>Dado que Aliaxin SR se basa en \u00e1cido hialur\u00f3nico no animal, no expone a los pacientes a efectos adversos graves o duraderos. En los raros casos en los que se observan resultados no deseados, estos suelen ser de corta duraci\u00f3n y desaparecen por completo en cuesti\u00f3n de unas pocas horas despu\u00e9s del tratamiento. Por lo tanto, los efectos secundarios suelen ser muy leves y pueden incluir <em>picaz\u00f3n, enrojecimiento, hinchaz\u00f3n, hematomas<\/em>, hematoma, etc.<\/p>\n<p>A pesar de la naturaleza inofensiva de este <u>relleno d\u00e9rmico de primera calidad<\/u>, existen algunos casos en los que no se recomienda su uso:<\/p>\n<ul>\n<li>El embarazo<\/li>\n<li>Inflamaciones o infecciones de la piel alrededor de los puntos de inyecci\u00f3n de destino<\/li>\n<li>Hipersensibilidad conocida al producto o algunos de sus ingredientes.<\/li>\n<li>Mujeres que est\u00e1n amamantando<\/li>\n<li>Pacientes que toman medicamentos anticoagulantes.<\/li>\n<\/ul>\n<p>Con My Lip Filler, puede comprar este producto \u00fanico para el rejuvenecimiento de la piel r\u00e1pidamente y a un precio muy bajo.<\/p>","protected":false},"excerpt":{"rendered":"<p>Reducci\u00f3n del riesgo de efectos adversos y alta tasa de satisfacci\u00f3n del paciente: esto es lo que obtiene con Aliaxin SR. Esto es un <u>relleno de piel de primera clase del Grupo IBSA<\/u> que ahora ha encontrado un lugar en el cat\u00e1logo vers\u00e1til de My Lip Filler de productos antienvejecimiento y remodeladores de la piel seleccionados a mano. La concentraci\u00f3n total de \u00c1cido Hialur\u00f3nico en su composici\u00f3n es de 25 mg \/ ml. Esto, y el hecho de que parte de esa HA es natural, <em>garantiza un contorno facial duradero <\/em>y resultados de remodelaci\u00f3n.<\/p>","protected":false},"featured_media":7168,"template":"","meta":{"_acf_changed":false},"product_brand":[],"product_cat":[65,34,153],"product_tag":[123,130,111,118,141,142,110,122,124],"class_list":{"0":"post-7164","1":"product","2":"type-product","3":"status-publish","4":"has-post-thumbnail","6":"product_cat-aliaxin","7":"product_cat-hard","8":"product_cat-ibsa","9":"product_tag-asymmetry","10":"product_tag-cheek-volume","11":"product_tag-face","12":"product_tag-high-density","13":"product_tag-lifting","14":"product_tag-modeling","15":"product_tag-temple","16":"product_tag-up-to-18-months","17":"product_tag-volume","19":"first","20":"outofstock","21":"taxable","22":"shipping-taxable","23":"purchasable","24":"product-type-simple"},"acf":[],"yoast_head":"<!-- This site is optimized with the Yoast SEO plugin v27.4 - https:\/\/yoast.com\/product\/yoast-seo-wordpress\/ -->\n<title>Buy Aliaxin SR - 2 x 1ml - Fillers from My Lip Filler<\/title>\n<meta name=\"description\" content=\"\u2765Buy Aliaxin SR - 2 x 1ml \u23e9 My Lip Filler online store \u27a6 Quality assurance, reviews, ingredients, best prices!\" \/>\n<meta name=\"robots\" content=\"index, follow, max-snippet:-1, max-image-preview:large, max-video-preview:-1\" \/>\n<link rel=\"canonical\" href=\"https:\/\/mylipfiller.com\/es\/aliaxin-sr-2-x-1ml\/\" \/>\n<meta property=\"og:locale\" content=\"es_MX\" \/>\n<meta property=\"og:type\" content=\"article\" \/>\n<meta property=\"og:title\" content=\"Buy Aliaxin SR - 2 x 1ml - Fillers from My Lip Filler\" \/>\n<meta property=\"og:description\" content=\"\u2765Buy Aliaxin SR - 2 x 1ml \u23e9 My Lip Filler online store \u27a6 Quality assurance, reviews, ingredients, best prices!\" \/>\n<meta property=\"og:url\" content=\"https:\/\/mylipfiller.com\/es\/aliaxin-sr-2-x-1ml\/\" \/>\n<meta property=\"og:site_name\" content=\"My Lip Filler\" \/>\n<meta property=\"article:modified_time\" content=\"2024-07-03T15:32:36+00:00\" \/>\n<meta property=\"og:image\" content=\"https:\/\/cdn.mylipfiller.com\/wp-content\/uploads\/2019\/10\/Aliaxin-SR.jpg\" \/>\n\t<meta property=\"og:image:width\" content=\"600\" \/>\n\t<meta property=\"og:image:height\" content=\"600\" \/>\n\t<meta property=\"og:image:type\" content=\"image\/jpeg\" \/>\n<meta name=\"twitter:card\" content=\"summary_large_image\" \/>\n<meta name=\"twitter:label1\" content=\"Tiempo de lectura\" \/>\n\t<meta name=\"twitter:data1\" content=\"2 minutos\" \/>\n<script type=\"application\/ld+json\" class=\"yoast-schema-graph\">{\"@context\":\"https:\\\/\\\/schema.org\",\"@graph\":[{\"@type\":\"WebPage\",\"@id\":\"https:\\\/\\\/mylipfiller.com\\\/aliaxin-sr-2-x-1ml\\\/\",\"url\":\"https:\\\/\\\/mylipfiller.com\\\/aliaxin-sr-2-x-1ml\\\/\",\"name\":\"Buy Aliaxin SR - 2 x 1ml - Fillers from My Lip Filler\",\"isPartOf\":{\"@id\":\"https:\\\/\\\/mylipfiller.com\\\/#website\"},\"primaryImageOfPage\":{\"@id\":\"https:\\\/\\\/mylipfiller.com\\\/aliaxin-sr-2-x-1ml\\\/#primaryimage\"},\"image\":{\"@id\":\"https:\\\/\\\/mylipfiller.com\\\/aliaxin-sr-2-x-1ml\\\/#primaryimage\"},\"thumbnailUrl\":\"https:\\\/\\\/mylipfiller.com\\\/wp-content\\\/uploads\\\/2019\\\/10\\\/Aliaxin-SR.jpg\",\"datePublished\":\"2019-10-22T14:00:03+00:00\",\"dateModified\":\"2024-07-03T15:32:36+00:00\",\"description\":\"\u2765Buy Aliaxin SR - 2 x 1ml \u23e9 My Lip Filler online store \u27a6 Quality assurance, reviews, ingredients, best prices!\",\"breadcrumb\":{\"@id\":\"https:\\\/\\\/mylipfiller.com\\\/aliaxin-sr-2-x-1ml\\\/#breadcrumb\"},\"inLanguage\":\"es\",\"potentialAction\":[{\"@type\":\"ReadAction\",\"target\":[\"https:\\\/\\\/mylipfiller.com\\\/aliaxin-sr-2-x-1ml\\\/\"]}]},{\"@type\":\"ImageObject\",\"inLanguage\":\"es\",\"@id\":\"https:\\\/\\\/mylipfiller.com\\\/aliaxin-sr-2-x-1ml\\\/#primaryimage\",\"url\":\"https:\\\/\\\/mylipfiller.com\\\/wp-content\\\/uploads\\\/2019\\\/10\\\/Aliaxin-SR.jpg\",\"contentUrl\":\"https:\\\/\\\/mylipfiller.com\\\/wp-content\\\/uploads\\\/2019\\\/10\\\/Aliaxin-SR.jpg\",\"width\":600,\"height\":600,\"caption\":\"Aliaxin SR\"},{\"@type\":\"BreadcrumbList\",\"@id\":\"https:\\\/\\\/mylipfiller.com\\\/aliaxin-sr-2-x-1ml\\\/#breadcrumb\",\"itemListElement\":[{\"@type\":\"ListItem\",\"position\":1,\"name\":\"Home\",\"item\":\"https:\\\/\\\/mylipfiller.com\\\/\"},{\"@type\":\"ListItem\",\"position\":2,\"name\":\"Shop\",\"item\":\"https:\\\/\\\/mylipfiller.com\\\/shop\\\/\"},{\"@type\":\"ListItem\",\"position\":3,\"name\":\"Aliaxin SR &#8211; 2 x 1ml\"}]},{\"@type\":\"WebSite\",\"@id\":\"https:\\\/\\\/mylipfiller.com\\\/#website\",\"url\":\"https:\\\/\\\/mylipfiller.com\\\/\",\"name\":\"My Lip Filler\",\"description\":\"Hyaluronic Acid Lip and Dermal Fillers\",\"publisher\":{\"@id\":\"https:\\\/\\\/mylipfiller.com\\\/#organization\"},\"potentialAction\":[{\"@type\":\"SearchAction\",\"target\":{\"@type\":\"EntryPoint\",\"urlTemplate\":\"https:\\\/\\\/mylipfiller.com\\\/?s={search_term_string}\"},\"query-input\":{\"@type\":\"PropertyValueSpecification\",\"valueRequired\":true,\"valueName\":\"search_term_string\"}}],\"inLanguage\":\"es\"},{\"@type\":\"Organization\",\"@id\":\"https:\\\/\\\/mylipfiller.com\\\/#organization\",\"name\":\"My Lip Filler\",\"url\":\"https:\\\/\\\/mylipfiller.com\\\/\",\"logo\":{\"@type\":\"ImageObject\",\"inLanguage\":\"es\",\"@id\":\"https:\\\/\\\/mylipfiller.com\\\/#\\\/schema\\\/logo\\\/image\\\/\",\"url\":\"https:\\\/\\\/mylipfiller.com\\\/wp-content\\\/uploads\\\/2019\\\/02\\\/cropped-My-Lip-Filler-Logo.png\",\"contentUrl\":\"https:\\\/\\\/mylipfiller.com\\\/wp-content\\\/uploads\\\/2019\\\/02\\\/cropped-My-Lip-Filler-Logo.png\",\"width\":240,\"height\":88,\"caption\":\"My Lip Filler\"},\"image\":{\"@id\":\"https:\\\/\\\/mylipfiller.com\\\/#\\\/schema\\\/logo\\\/image\\\/\"}}]}<\/script>\n<!-- \/ Yoast SEO plugin. -->","yoast_head_json":{"title":"Comprar Aliaxin SR - 2 x 1ml - Rellenos de My Lip Filler","description":"\u2765Compra Aliaxin SR - 2 x 1ml \u23e9 Tienda online My Lip Filler \u27a6 Garant\u00eda de calidad, rese\u00f1as, ingredientes, \u00a1los mejores precios!","robots":{"index":"index","follow":"follow","max-snippet":"max-snippet:-1","max-image-preview":"max-image-preview:large","max-video-preview":"max-video-preview:-1"},"canonical":"https:\/\/mylipfiller.com\/es\/aliaxin-sr-2-x-1ml\/","og_locale":"es_MX","og_type":"article","og_title":"Buy Aliaxin SR - 2 x 1ml - Fillers from My Lip Filler","og_description":"\u2765Buy Aliaxin SR - 2 x 1ml \u23e9 My Lip Filler online store \u27a6 Quality assurance, reviews, ingredients, best prices!","og_url":"https:\/\/mylipfiller.com\/es\/aliaxin-sr-2-x-1ml\/","og_site_name":"My Lip Filler","article_modified_time":"2024-07-03T15:32:36+00:00","og_image":[{"width":600,"height":600,"url":"https:\/\/cdn.mylipfiller.com\/wp-content\/uploads\/2019\/10\/Aliaxin-SR.jpg","type":"image\/jpeg"}],"twitter_card":"summary_large_image","twitter_misc":{"Tiempo de lectura":"2 minutos"},"schema":{"@context":"https:\/\/schema.org","@graph":[{"@type":"WebPage","@id":"https:\/\/mylipfiller.com\/aliaxin-sr-2-x-1ml\/","url":"https:\/\/mylipfiller.com\/aliaxin-sr-2-x-1ml\/","name":"Comprar Aliaxin SR - 2 x 1ml - Rellenos de My Lip Filler","isPartOf":{"@id":"https:\/\/mylipfiller.com\/#website"},"primaryImageOfPage":{"@id":"https:\/\/mylipfiller.com\/aliaxin-sr-2-x-1ml\/#primaryimage"},"image":{"@id":"https:\/\/mylipfiller.com\/aliaxin-sr-2-x-1ml\/#primaryimage"},"thumbnailUrl":"https:\/\/cdn.mylipfiller.com\/wp-content\/uploads\/2019\/10\/Aliaxin-SR.jpg","datePublished":"2019-10-22T14:00:03+00:00","dateModified":"2024-07-03T15:32:36+00:00","description":"\u2765Compra Aliaxin SR - 2 x 1ml \u23e9 Tienda online My Lip Filler \u27a6 Garant\u00eda de calidad, rese\u00f1as, ingredientes, \u00a1los mejores precios!","breadcrumb":{"@id":"https:\/\/mylipfiller.com\/aliaxin-sr-2-x-1ml\/#breadcrumb"},"inLanguage":"es","potentialAction":[{"@type":"ReadAction","target":["https:\/\/mylipfiller.com\/aliaxin-sr-2-x-1ml\/"]}]},{"@type":"ImageObject","inLanguage":"es","@id":"https:\/\/mylipfiller.com\/aliaxin-sr-2-x-1ml\/#primaryimage","url":"https:\/\/cdn.mylipfiller.com\/wp-content\/uploads\/2019\/10\/Aliaxin-SR.jpg","contentUrl":"https:\/\/cdn.mylipfiller.com\/wp-content\/uploads\/2019\/10\/Aliaxin-SR.jpg","width":600,"height":600,"caption":"Aliaxin SR"},{"@type":"BreadcrumbList","@id":"https:\/\/mylipfiller.com\/aliaxin-sr-2-x-1ml\/#breadcrumb","itemListElement":[{"@type":"ListItem","position":1,"name":"Home","item":"https:\/\/mylipfiller.com\/"},{"@type":"ListItem","position":2,"name":"Shop","item":"https:\/\/mylipfiller.com\/shop\/"},{"@type":"ListItem","position":3,"name":"Aliaxin SR &#8211; 2 x 1ml"}]},{"@type":"WebSite","@id":"https:\/\/mylipfiller.com\/#website","url":"https:\/\/mylipfiller.com\/","name":"Mi relleno de labios","description":"Rellenos d\u00e9rmicos y de labios con \u00e1cido hialur\u00f3nico","publisher":{"@id":"https:\/\/mylipfiller.com\/#organization"},"potentialAction":[{"@type":"SearchAction","target":{"@type":"EntryPoint","urlTemplate":"https:\/\/mylipfiller.com\/?s={search_term_string}"},"query-input":{"@type":"PropertyValueSpecification","valueRequired":true,"valueName":"search_term_string"}}],"inLanguage":"es"},{"@type":"Organization","@id":"https:\/\/mylipfiller.com\/#organization","name":"Mi relleno de labios","url":"https:\/\/mylipfiller.com\/","logo":{"@type":"ImageObject","inLanguage":"es","@id":"https:\/\/mylipfiller.com\/#\/schema\/logo\/image\/","url":"https:\/\/cdn.mylipfiller.com\/wp-content\/uploads\/2019\/02\/cropped-My-Lip-Filler-Logo.png","contentUrl":"https:\/\/cdn.mylipfiller.com\/wp-content\/uploads\/2019\/02\/cropped-My-Lip-Filler-Logo.png","width":240,"height":88,"caption":"My Lip Filler"},"image":{"@id":"https:\/\/mylipfiller.com\/#\/schema\/logo\/image\/"}}]}},"_links":{"self":[{"href":"https:\/\/mylipfiller.com\/es\/wp-json\/wp\/v2\/product\/7164","targetHints":{"allow":["GET"]}}],"collection":[{"href":"https:\/\/mylipfiller.com\/es\/wp-json\/wp\/v2\/product"}],"about":[{"href":"https:\/\/mylipfiller.com\/es\/wp-json\/wp\/v2\/types\/product"}],"wp:featuredmedia":[{"embeddable":true,"href":"https:\/\/mylipfiller.com\/es\/wp-json\/wp\/v2\/media\/7168"}],"wp:attachment":[{"href":"https:\/\/mylipfiller.com\/es\/wp-json\/wp\/v2\/media?parent=7164"}],"wp:term":[{"taxonomy":"product_brand","embeddable":true,"href":"https:\/\/mylipfiller.com\/es\/wp-json\/wp\/v2\/product_brand?post=7164"},{"taxonomy":"product_cat","embeddable":true,"href":"https:\/\/mylipfiller.com\/es\/wp-json\/wp\/v2\/product_cat?post=7164"},{"taxonomy":"product_tag","embeddable":true,"href":"https:\/\/mylipfiller.com\/es\/wp-json\/wp\/v2\/product_tag?post=7164"}],"curies":[{"name":"gracias","href":"https:\/\/api.w.org\/{rel}","templated":true}]}}