{"id":7313,"date":"2019-10-17T14:28:31","date_gmt":"2019-10-17T12:28:31","guid":{"rendered":"https:\/\/mylipfiller.com\/?post_type=product&#038;p=7313"},"modified":"2026-01-09T10:29:42","modified_gmt":"2026-01-09T08:29:42","slug":"aquashine-btx-1-x-2ml","status":"publish","type":"product","link":"https:\/\/mylipfiller.com\/es\/aquashine-btx-1-x-2ml\/","title":{"rendered":"Aquashine BTX (1 x 2 ml)"},"content":{"rendered":"<p>Lo m\u00e1s importante que distingue a Aquashine BTX de otros rellenos para esculpir es el complejo especial de p\u00e9ptidos que contiene su gel. \u00c9stos hacen maravillas para el aspecto del paciente en dos direcciones principales. Por un lado, el complejo que incluye el <em>Decapeptido-3, Oligop\u00e9ptido-62, Decapeptido-29 y Oligop\u00e9ptido-24<\/em>, mejora la textura de la piel, la ilumina y regula el tono de la piel. En segundo lugar, y posiblemente m\u00e1s importante, el Aquashine BTX afecta los m\u00fasculos en el \u00e1rea inyectada, <span style=\"text-decoration: underline;\">impidiendo que se contraigan<\/span>. El efecto es causado por la <span class=\"sc-AxheI gpDujc\"><span class=\"sc-AxheI gNPBkC\">p\u00e9ptidos biomim\u00e9ticos<\/span><\/span>. Esto suaviza la piel y alisa las arrugas y evita que se formen nuevas l\u00edneas en la piel.<\/p>\n<h3>Escultura facial de aspecto natural<\/h3>\n<p>La otra funci\u00f3n principal del producto de belleza inyectable BTX de Revofil es aumentar las caracter\u00edsticas del rostro. La composici\u00f3n del gel y la estructura molecular hacen que sea m\u00e1s espeso y con mayor densidad de part\u00edculas. Esto permite que el gel, una vez inyectado, no cambie de forma ni se desplace m\u00e1s all\u00e1 del \u00e1rea de inyecci\u00f3n. Con <strong>Aquashine BTX<\/strong> los pacientes pueden lograr p\u00f3mulos, mand\u00edbula o ment\u00f3n m\u00e1s hermosos y pronunciados. Tambi\u00e9n es una excelente soluci\u00f3n para rellenar los pliegues cut\u00e1neos profundos en las \u00e1reas nasolabial y perioral.<\/p>\n<p>Tambi\u00e9n vale la pena se\u00f1alar que el relleno Aquashine tiene un efecto positivo a largo plazo en la piel. Incluyendo una selecci\u00f3n de vitaminas y minerales, es una poderosa fuente de nutrientes que devolver\u00e1 el vigor y la juventud a la piel. El producto se notar\u00e1 <strong>mejorar la hidrataci\u00f3n de la piel<\/strong> y reactivar\u00e1 sus propiedades naturales de autocuraci\u00f3n y rejuvenecimiento.<\/p>","protected":false},"excerpt":{"rendered":"<p>Aquashine BTX es una mini revoluci\u00f3n en el mundo de los rellenos d\u00e9rmicos. Este es un gel inyectable casi maravilloso que ayuda a combatir los signos del envejecimiento en m\u00faltiples frentes. Como relleno tradicional, es bastante eficaz para <span style=\"text-decoration: underline;\">esculpir las lineas del rostro<\/span>, realzando o haciendo que los rasgos faciales sean m\u00e1s pronunciados y est\u00e9ticamente agradables. Adem\u00e1s, introduce valiosos nutrientes en la piel y tiene una <strong>efecto rejuvenecedor e hidratante<\/strong>. Y por \u00faltimo, pero no menos importante, Aquashine BTX introduce un complejo de p\u00e9ptidos biomim\u00e9ticos que evitan que los m\u00fasculos de la zona de inyecci\u00f3n se contraigan, haciendo que la piel luzca m\u00e1s suave y previniendo la formaci\u00f3n de arrugas.<\/p>","protected":false},"featured_media":7317,"template":"","meta":{"_acf_changed":false},"product_brand":[],"product_cat":[158,96,20,32],"product_tag":[91,144,125,111,126,117,146,137,119,148,127],"class_list":{"0":"post-7313","1":"product","2":"type-product","3":"status-publish","4":"has-post-thumbnail","6":"product_cat-caregen","7":"product_cat-revofil","8":"product_cat-aquashine","9":"product_cat-soft","10":"product_tag-91","11":"product_tag-anti-wrinkle","12":"product_tag-crows-feet","13":"product_tag-face","14":"product_tag-fine-lines","15":"product_tag-low-density","16":"product_tag-smoothing","17":"product_tag-south-korea","18":"product_tag-up-to-9-months","19":"product_tag-upper-dermis","20":"product_tag-wrinkles-around-the-eyes","22":"first","23":"instock","24":"taxable","25":"shipping-taxable","26":"purchasable","27":"product-type-simple"},"acf":[],"yoast_head":"<!-- This site is optimized with the Yoast SEO plugin v27.4 - https:\/\/yoast.com\/product\/yoast-seo-wordpress\/ -->\n<title>Aquashine BTX (1 x 2ml) Peptide Complex Filler - My Lip Filler<\/title>\n<meta name=\"description\" content=\"\u2765Buy Aquashine BTX (1 x 2ml) \u23e9 My Lip Filler online store \u27a6 Quality assurance, reviews, ingredients, best prices!\" \/>\n<meta name=\"robots\" content=\"index, follow, max-snippet:-1, max-image-preview:large, max-video-preview:-1\" \/>\n<link rel=\"canonical\" href=\"https:\/\/mylipfiller.com\/es\/aquashine-btx-1-x-2ml\/\" \/>\n<meta property=\"og:locale\" content=\"es_MX\" \/>\n<meta property=\"og:type\" content=\"article\" \/>\n<meta property=\"og:title\" content=\"Aquashine BTX (1 x 2ml) Peptide Complex Filler - My Lip Filler\" \/>\n<meta property=\"og:description\" content=\"\u2765Buy Aquashine BTX (1 x 2ml) \u23e9 My Lip Filler online store \u27a6 Quality assurance, reviews, ingredients, best prices!\" \/>\n<meta property=\"og:url\" content=\"https:\/\/mylipfiller.com\/es\/aquashine-btx-1-x-2ml\/\" \/>\n<meta property=\"og:site_name\" content=\"My Lip Filler\" \/>\n<meta property=\"article:modified_time\" content=\"2026-01-09T08:29:42+00:00\" \/>\n<meta property=\"og:image\" content=\"https:\/\/cdn.mylipfiller.com\/wp-content\/uploads\/2019\/10\/Aquashine-BTX.jpg\" \/>\n\t<meta property=\"og:image:width\" content=\"600\" \/>\n\t<meta property=\"og:image:height\" content=\"600\" \/>\n\t<meta property=\"og:image:type\" content=\"image\/jpeg\" \/>\n<meta name=\"twitter:card\" content=\"summary_large_image\" \/>\n<meta name=\"twitter:label1\" content=\"Tiempo de lectura\" \/>\n\t<meta name=\"twitter:data1\" content=\"2 minutos\" \/>\n<script type=\"application\/ld+json\" class=\"yoast-schema-graph\">{\"@context\":\"https:\\\/\\\/schema.org\",\"@graph\":[{\"@type\":\"WebPage\",\"@id\":\"https:\\\/\\\/mylipfiller.com\\\/aquashine-btx-1-x-2ml\\\/\",\"url\":\"https:\\\/\\\/mylipfiller.com\\\/aquashine-btx-1-x-2ml\\\/\",\"name\":\"Aquashine BTX (1 x 2ml) Peptide Complex Filler - My Lip Filler\",\"isPartOf\":{\"@id\":\"https:\\\/\\\/mylipfiller.com\\\/#website\"},\"primaryImageOfPage\":{\"@id\":\"https:\\\/\\\/mylipfiller.com\\\/aquashine-btx-1-x-2ml\\\/#primaryimage\"},\"image\":{\"@id\":\"https:\\\/\\\/mylipfiller.com\\\/aquashine-btx-1-x-2ml\\\/#primaryimage\"},\"thumbnailUrl\":\"https:\\\/\\\/mylipfiller.com\\\/wp-content\\\/uploads\\\/2019\\\/10\\\/Aquashine-BTX.jpg\",\"datePublished\":\"2019-10-17T12:28:31+00:00\",\"dateModified\":\"2026-01-09T08:29:42+00:00\",\"description\":\"\u2765Buy Aquashine BTX (1 x 2ml) \u23e9 My Lip Filler online store \u27a6 Quality assurance, reviews, ingredients, best prices!\",\"breadcrumb\":{\"@id\":\"https:\\\/\\\/mylipfiller.com\\\/aquashine-btx-1-x-2ml\\\/#breadcrumb\"},\"inLanguage\":\"es\",\"potentialAction\":[{\"@type\":\"ReadAction\",\"target\":[\"https:\\\/\\\/mylipfiller.com\\\/aquashine-btx-1-x-2ml\\\/\"]}]},{\"@type\":\"ImageObject\",\"inLanguage\":\"es\",\"@id\":\"https:\\\/\\\/mylipfiller.com\\\/aquashine-btx-1-x-2ml\\\/#primaryimage\",\"url\":\"https:\\\/\\\/mylipfiller.com\\\/wp-content\\\/uploads\\\/2019\\\/10\\\/Aquashine-BTX.jpg\",\"contentUrl\":\"https:\\\/\\\/mylipfiller.com\\\/wp-content\\\/uploads\\\/2019\\\/10\\\/Aquashine-BTX.jpg\",\"width\":600,\"height\":600,\"caption\":\"Aquashine BTX\"},{\"@type\":\"BreadcrumbList\",\"@id\":\"https:\\\/\\\/mylipfiller.com\\\/aquashine-btx-1-x-2ml\\\/#breadcrumb\",\"itemListElement\":[{\"@type\":\"ListItem\",\"position\":1,\"name\":\"Home\",\"item\":\"https:\\\/\\\/mylipfiller.com\\\/\"},{\"@type\":\"ListItem\",\"position\":2,\"name\":\"Shop\",\"item\":\"https:\\\/\\\/mylipfiller.com\\\/shop\\\/\"},{\"@type\":\"ListItem\",\"position\":3,\"name\":\"Aquashine BTX (1 x 2ml)\"}]},{\"@type\":\"WebSite\",\"@id\":\"https:\\\/\\\/mylipfiller.com\\\/#website\",\"url\":\"https:\\\/\\\/mylipfiller.com\\\/\",\"name\":\"My Lip Filler\",\"description\":\"Hyaluronic Acid Lip and Dermal Fillers\",\"publisher\":{\"@id\":\"https:\\\/\\\/mylipfiller.com\\\/#organization\"},\"potentialAction\":[{\"@type\":\"SearchAction\",\"target\":{\"@type\":\"EntryPoint\",\"urlTemplate\":\"https:\\\/\\\/mylipfiller.com\\\/?s={search_term_string}\"},\"query-input\":{\"@type\":\"PropertyValueSpecification\",\"valueRequired\":true,\"valueName\":\"search_term_string\"}}],\"inLanguage\":\"es\"},{\"@type\":\"Organization\",\"@id\":\"https:\\\/\\\/mylipfiller.com\\\/#organization\",\"name\":\"My Lip Filler\",\"url\":\"https:\\\/\\\/mylipfiller.com\\\/\",\"logo\":{\"@type\":\"ImageObject\",\"inLanguage\":\"es\",\"@id\":\"https:\\\/\\\/mylipfiller.com\\\/#\\\/schema\\\/logo\\\/image\\\/\",\"url\":\"https:\\\/\\\/mylipfiller.com\\\/wp-content\\\/uploads\\\/2019\\\/02\\\/cropped-My-Lip-Filler-Logo.png\",\"contentUrl\":\"https:\\\/\\\/mylipfiller.com\\\/wp-content\\\/uploads\\\/2019\\\/02\\\/cropped-My-Lip-Filler-Logo.png\",\"width\":240,\"height\":88,\"caption\":\"My Lip Filler\"},\"image\":{\"@id\":\"https:\\\/\\\/mylipfiller.com\\\/#\\\/schema\\\/logo\\\/image\\\/\"}}]}<\/script>\n<!-- \/ Yoast SEO plugin. -->","yoast_head_json":{"title":"Aquashine BTX (1 x 2ml) Relleno complejo de p\u00e9ptidos - My Lip Filler","description":"\u2765Compra Aquashine BTX (1 x 2ml) \u23e9 Tienda online My Lip Filler \u27a6 Garant\u00eda de calidad, rese\u00f1as, ingredientes, \u00a1los mejores precios!","robots":{"index":"index","follow":"follow","max-snippet":"max-snippet:-1","max-image-preview":"max-image-preview:large","max-video-preview":"max-video-preview:-1"},"canonical":"https:\/\/mylipfiller.com\/es\/aquashine-btx-1-x-2ml\/","og_locale":"es_MX","og_type":"article","og_title":"Aquashine BTX (1 x 2ml) Peptide Complex Filler - My Lip Filler","og_description":"\u2765Buy Aquashine BTX (1 x 2ml) \u23e9 My Lip Filler online store \u27a6 Quality assurance, reviews, ingredients, best prices!","og_url":"https:\/\/mylipfiller.com\/es\/aquashine-btx-1-x-2ml\/","og_site_name":"My Lip Filler","article_modified_time":"2026-01-09T08:29:42+00:00","og_image":[{"width":600,"height":600,"url":"https:\/\/cdn.mylipfiller.com\/wp-content\/uploads\/2019\/10\/Aquashine-BTX.jpg","type":"image\/jpeg"}],"twitter_card":"summary_large_image","twitter_misc":{"Tiempo de lectura":"2 minutos"},"schema":{"@context":"https:\/\/schema.org","@graph":[{"@type":"WebPage","@id":"https:\/\/mylipfiller.com\/aquashine-btx-1-x-2ml\/","url":"https:\/\/mylipfiller.com\/aquashine-btx-1-x-2ml\/","name":"Aquashine BTX (1 x 2ml) Relleno complejo de p\u00e9ptidos - My Lip Filler","isPartOf":{"@id":"https:\/\/mylipfiller.com\/#website"},"primaryImageOfPage":{"@id":"https:\/\/mylipfiller.com\/aquashine-btx-1-x-2ml\/#primaryimage"},"image":{"@id":"https:\/\/mylipfiller.com\/aquashine-btx-1-x-2ml\/#primaryimage"},"thumbnailUrl":"https:\/\/cdn.mylipfiller.com\/wp-content\/uploads\/2019\/10\/Aquashine-BTX.jpg","datePublished":"2019-10-17T12:28:31+00:00","dateModified":"2026-01-09T08:29:42+00:00","description":"\u2765Compra Aquashine BTX (1 x 2ml) \u23e9 Tienda online My Lip Filler \u27a6 Garant\u00eda de calidad, rese\u00f1as, ingredientes, \u00a1los mejores precios!","breadcrumb":{"@id":"https:\/\/mylipfiller.com\/aquashine-btx-1-x-2ml\/#breadcrumb"},"inLanguage":"es","potentialAction":[{"@type":"ReadAction","target":["https:\/\/mylipfiller.com\/aquashine-btx-1-x-2ml\/"]}]},{"@type":"ImageObject","inLanguage":"es","@id":"https:\/\/mylipfiller.com\/aquashine-btx-1-x-2ml\/#primaryimage","url":"https:\/\/cdn.mylipfiller.com\/wp-content\/uploads\/2019\/10\/Aquashine-BTX.jpg","contentUrl":"https:\/\/cdn.mylipfiller.com\/wp-content\/uploads\/2019\/10\/Aquashine-BTX.jpg","width":600,"height":600,"caption":"Aquashine BTX"},{"@type":"BreadcrumbList","@id":"https:\/\/mylipfiller.com\/aquashine-btx-1-x-2ml\/#breadcrumb","itemListElement":[{"@type":"ListItem","position":1,"name":"Home","item":"https:\/\/mylipfiller.com\/"},{"@type":"ListItem","position":2,"name":"Shop","item":"https:\/\/mylipfiller.com\/shop\/"},{"@type":"ListItem","position":3,"name":"Aquashine BTX (1 x 2ml)"}]},{"@type":"WebSite","@id":"https:\/\/mylipfiller.com\/#website","url":"https:\/\/mylipfiller.com\/","name":"Mi relleno de labios","description":"Rellenos d\u00e9rmicos y de labios con \u00e1cido hialur\u00f3nico","publisher":{"@id":"https:\/\/mylipfiller.com\/#organization"},"potentialAction":[{"@type":"SearchAction","target":{"@type":"EntryPoint","urlTemplate":"https:\/\/mylipfiller.com\/?s={search_term_string}"},"query-input":{"@type":"PropertyValueSpecification","valueRequired":true,"valueName":"search_term_string"}}],"inLanguage":"es"},{"@type":"Organization","@id":"https:\/\/mylipfiller.com\/#organization","name":"Mi relleno de labios","url":"https:\/\/mylipfiller.com\/","logo":{"@type":"ImageObject","inLanguage":"es","@id":"https:\/\/mylipfiller.com\/#\/schema\/logo\/image\/","url":"https:\/\/cdn.mylipfiller.com\/wp-content\/uploads\/2019\/02\/cropped-My-Lip-Filler-Logo.png","contentUrl":"https:\/\/cdn.mylipfiller.com\/wp-content\/uploads\/2019\/02\/cropped-My-Lip-Filler-Logo.png","width":240,"height":88,"caption":"My Lip Filler"},"image":{"@id":"https:\/\/mylipfiller.com\/#\/schema\/logo\/image\/"}}]}},"_links":{"self":[{"href":"https:\/\/mylipfiller.com\/es\/wp-json\/wp\/v2\/product\/7313","targetHints":{"allow":["GET"]}}],"collection":[{"href":"https:\/\/mylipfiller.com\/es\/wp-json\/wp\/v2\/product"}],"about":[{"href":"https:\/\/mylipfiller.com\/es\/wp-json\/wp\/v2\/types\/product"}],"wp:featuredmedia":[{"embeddable":true,"href":"https:\/\/mylipfiller.com\/es\/wp-json\/wp\/v2\/media\/7317"}],"wp:attachment":[{"href":"https:\/\/mylipfiller.com\/es\/wp-json\/wp\/v2\/media?parent=7313"}],"wp:term":[{"taxonomy":"product_brand","embeddable":true,"href":"https:\/\/mylipfiller.com\/es\/wp-json\/wp\/v2\/product_brand?post=7313"},{"taxonomy":"product_cat","embeddable":true,"href":"https:\/\/mylipfiller.com\/es\/wp-json\/wp\/v2\/product_cat?post=7313"},{"taxonomy":"product_tag","embeddable":true,"href":"https:\/\/mylipfiller.com\/es\/wp-json\/wp\/v2\/product_tag?post=7313"}],"curies":[{"name":"gracias","href":"https:\/\/api.w.org\/{rel}","templated":true}]}}