{"id":8809,"date":"2019-11-12T15:09:07","date_gmt":"2019-11-12T13:09:07","guid":{"rendered":"https:\/\/mylipfiller.com\/?post_type=product&#038;p=8809"},"modified":"2024-07-03T17:32:36","modified_gmt":"2024-07-03T15:32:36","slug":"gana-pn-pdrn-2-x-2-5ml","status":"publish","type":"product","link":"https:\/\/mylipfiller.com\/es\/gana-pn-pdrn-2-x-2-5ml\/","title":{"rendered":"GANA PN \/ PDRN \/ - (2 x 2,5 ml)"},"content":{"rendered":"<h3>Uno de los pocos productos PDRN con infusi\u00f3n de lidoca\u00edna en el mercado<\/h3>\n<p>Para aplicar con \u00e9xito GANA PN como producto de mesoterapia, use una mesogun o una jeringa. Este inyectable de grado profesional est\u00e1 hecho de PDRN, que es un ingrediente biodegradable derivado del esperma de salm\u00f3n o trucha. Es a esta sustancia a la que se le puede atribuir la capacidad de regeneraci\u00f3n de la piel de este producto, ya que inicia un proceso de renovaci\u00f3n celular que <u>repara la piel desde el interior<\/u>. Si bien no hay muchas soluciones para el cuidado de la piel que contengan anest\u00e9sico local Lidoca\u00edna, esta es una excepci\u00f3n honorable, ya que brinda a los pacientes con un <em>piel rejuvenecida, bien hidratada y tersa<\/em> sin dolores ni molestias de ning\u00fan tipo.<\/p>\n<ul>\n<li>2% PDRN (polidesoxirribonucle\u00f3tido)<\/li>\n<li>2 mg \/ cc de glutati\u00f3n<\/li>\n<li>10 mg \/ cc de HA reticulado (\u00e1cido hialur\u00f3nico)<\/li>\n<li>Lidoca\u00edna<\/li>\n<\/ul>\n<h3>\u00bfCu\u00e1nto tiempo tarda en funcionar GANA PN?<\/h3>\n<p>los <u>robustos efectos antiarrugas<\/u> de esta confiable soluci\u00f3n de mesoterapia son instant\u00e1neos. Esto se debe a que se basa en HA reticulado para rellenar las depresiones y arrugas de la piel y proporcionar a los pacientes un tratamiento de aumento facial duradero. Sin embargo, para disfrutar del notable blanqueamiento de la piel de GANA PN y otros efectos estimulantes de la piel, los pacientes deber\u00e1n someterse a dos sesiones completas. Dado que las sesiones de tratamiento se realizan mensualmente, esto significa que <em>normalmente requerir\u00e1 dos meses<\/em> antes de que se noten.<\/p>","protected":false},"excerpt":{"rendered":"<p>GANA PN finalmente se ha unido a las filas de My Lip Filler y ahora puede ser ordenado f\u00e1cilmente por todos los clientes de nuestra tienda en l\u00ednea. Desarrollado por GANA R&amp;D, esto es <strong>un producto de mesoterapia PDRN optimizado<\/strong> que mejora la salud de la piel estimulando la microcirculaci\u00f3n, reduciendo la inflamaci\u00f3n y <em>fomentando la reparaci\u00f3n celular<\/em>. Contiene \u00e1cido hialur\u00f3nico no animal que lo hace \u00fatil incluso para <u>aumento facial m\u00ednimamente invasivo <\/u>procedimientos y la lidoca\u00edna que contiene har\u00e1n que estos procedimientos sean indoloros.<\/p>","protected":false},"featured_media":8817,"template":"","meta":{"_acf_changed":false},"product_brand":[],"product_cat":[52,162,18],"product_tag":[138,111,147,145,143,139,137],"class_list":{"0":"post-8809","1":"product","2":"type-product","3":"status-publish","4":"has-post-thumbnail","6":"product_cat-gana","7":"product_cat-gana-rd","8":"product_cat-mesotherapy","9":"product_tag-anti-aging","10":"product_tag-face","11":"product_tag-moisturizing","12":"product_tag-nourishing","13":"product_tag-rejuvenating","14":"product_tag-restoration","15":"product_tag-south-korea","17":"first","18":"outofstock","19":"taxable","20":"shipping-taxable","21":"purchasable","22":"product-type-simple"},"acf":[],"yoast_head":"<!-- This site is optimized with the Yoast SEO plugin v27.4 - https:\/\/yoast.com\/product\/yoast-seo-wordpress\/ -->\n<title>Buy GANA PN \/PDRN\/ - (2 x 2.5ml) - Fillers from My Lip Filler<\/title>\n<meta name=\"description\" content=\"\u2765Buy GANA PN \/PDRN\/ - (2 x 2.5ml) \u23e9 My Lip Filler online store \u27a6 Quality assurance, reviews, ingredients, best prices!\" \/>\n<meta name=\"robots\" content=\"index, follow, max-snippet:-1, max-image-preview:large, max-video-preview:-1\" \/>\n<link rel=\"canonical\" href=\"https:\/\/mylipfiller.com\/es\/gana-pn-pdrn-2-x-2-5ml\/\" \/>\n<meta property=\"og:locale\" content=\"es_MX\" \/>\n<meta property=\"og:type\" content=\"article\" \/>\n<meta property=\"og:title\" content=\"Buy GANA PN \/PDRN\/ - (2 x 2.5ml) - Fillers from My Lip Filler\" \/>\n<meta property=\"og:description\" content=\"\u2765Buy GANA PN \/PDRN\/ - (2 x 2.5ml) \u23e9 My Lip Filler online store \u27a6 Quality assurance, reviews, ingredients, best prices!\" \/>\n<meta property=\"og:url\" content=\"https:\/\/mylipfiller.com\/es\/gana-pn-pdrn-2-x-2-5ml\/\" \/>\n<meta property=\"og:site_name\" content=\"My Lip Filler\" \/>\n<meta property=\"article:modified_time\" content=\"2024-07-03T15:32:36+00:00\" \/>\n<meta property=\"og:image\" content=\"https:\/\/cdn.mylipfiller.com\/wp-content\/uploads\/2019\/11\/GANA-PN.jpg\" \/>\n\t<meta property=\"og:image:width\" content=\"600\" \/>\n\t<meta property=\"og:image:height\" content=\"600\" \/>\n\t<meta property=\"og:image:type\" content=\"image\/jpeg\" \/>\n<meta name=\"twitter:card\" content=\"summary_large_image\" \/>\n<meta name=\"twitter:label1\" content=\"Tiempo de lectura\" \/>\n\t<meta name=\"twitter:data1\" content=\"2 minutos\" \/>\n<script type=\"application\/ld+json\" class=\"yoast-schema-graph\">{\"@context\":\"https:\\\/\\\/schema.org\",\"@graph\":[{\"@type\":\"WebPage\",\"@id\":\"https:\\\/\\\/mylipfiller.com\\\/gana-pn-pdrn-2-x-2-5ml\\\/\",\"url\":\"https:\\\/\\\/mylipfiller.com\\\/gana-pn-pdrn-2-x-2-5ml\\\/\",\"name\":\"Buy GANA PN \\\/PDRN\\\/ - (2 x 2.5ml) - Fillers from My Lip Filler\",\"isPartOf\":{\"@id\":\"https:\\\/\\\/mylipfiller.com\\\/#website\"},\"primaryImageOfPage\":{\"@id\":\"https:\\\/\\\/mylipfiller.com\\\/gana-pn-pdrn-2-x-2-5ml\\\/#primaryimage\"},\"image\":{\"@id\":\"https:\\\/\\\/mylipfiller.com\\\/gana-pn-pdrn-2-x-2-5ml\\\/#primaryimage\"},\"thumbnailUrl\":\"https:\\\/\\\/mylipfiller.com\\\/wp-content\\\/uploads\\\/2019\\\/11\\\/GANA-PN.jpg\",\"datePublished\":\"2019-11-12T13:09:07+00:00\",\"dateModified\":\"2024-07-03T15:32:36+00:00\",\"description\":\"\u2765Buy GANA PN \\\/PDRN\\\/ - (2 x 2.5ml) \u23e9 My Lip Filler online store \u27a6 Quality assurance, reviews, ingredients, best prices!\",\"breadcrumb\":{\"@id\":\"https:\\\/\\\/mylipfiller.com\\\/gana-pn-pdrn-2-x-2-5ml\\\/#breadcrumb\"},\"inLanguage\":\"es\",\"potentialAction\":[{\"@type\":\"ReadAction\",\"target\":[\"https:\\\/\\\/mylipfiller.com\\\/gana-pn-pdrn-2-x-2-5ml\\\/\"]}]},{\"@type\":\"ImageObject\",\"inLanguage\":\"es\",\"@id\":\"https:\\\/\\\/mylipfiller.com\\\/gana-pn-pdrn-2-x-2-5ml\\\/#primaryimage\",\"url\":\"https:\\\/\\\/mylipfiller.com\\\/wp-content\\\/uploads\\\/2019\\\/11\\\/GANA-PN.jpg\",\"contentUrl\":\"https:\\\/\\\/mylipfiller.com\\\/wp-content\\\/uploads\\\/2019\\\/11\\\/GANA-PN.jpg\",\"width\":600,\"height\":600,\"caption\":\"GANA PN\"},{\"@type\":\"BreadcrumbList\",\"@id\":\"https:\\\/\\\/mylipfiller.com\\\/gana-pn-pdrn-2-x-2-5ml\\\/#breadcrumb\",\"itemListElement\":[{\"@type\":\"ListItem\",\"position\":1,\"name\":\"Home\",\"item\":\"https:\\\/\\\/mylipfiller.com\\\/\"},{\"@type\":\"ListItem\",\"position\":2,\"name\":\"Shop\",\"item\":\"https:\\\/\\\/mylipfiller.com\\\/shop\\\/\"},{\"@type\":\"ListItem\",\"position\":3,\"name\":\"GANA PN \\\/PDRN\\\/ &#8211; (2 x 2.5ml)\"}]},{\"@type\":\"WebSite\",\"@id\":\"https:\\\/\\\/mylipfiller.com\\\/#website\",\"url\":\"https:\\\/\\\/mylipfiller.com\\\/\",\"name\":\"My Lip Filler\",\"description\":\"Hyaluronic Acid Lip and Dermal Fillers\",\"publisher\":{\"@id\":\"https:\\\/\\\/mylipfiller.com\\\/#organization\"},\"potentialAction\":[{\"@type\":\"SearchAction\",\"target\":{\"@type\":\"EntryPoint\",\"urlTemplate\":\"https:\\\/\\\/mylipfiller.com\\\/?s={search_term_string}\"},\"query-input\":{\"@type\":\"PropertyValueSpecification\",\"valueRequired\":true,\"valueName\":\"search_term_string\"}}],\"inLanguage\":\"es\"},{\"@type\":\"Organization\",\"@id\":\"https:\\\/\\\/mylipfiller.com\\\/#organization\",\"name\":\"My Lip Filler\",\"url\":\"https:\\\/\\\/mylipfiller.com\\\/\",\"logo\":{\"@type\":\"ImageObject\",\"inLanguage\":\"es\",\"@id\":\"https:\\\/\\\/mylipfiller.com\\\/#\\\/schema\\\/logo\\\/image\\\/\",\"url\":\"https:\\\/\\\/mylipfiller.com\\\/wp-content\\\/uploads\\\/2019\\\/02\\\/cropped-My-Lip-Filler-Logo.png\",\"contentUrl\":\"https:\\\/\\\/mylipfiller.com\\\/wp-content\\\/uploads\\\/2019\\\/02\\\/cropped-My-Lip-Filler-Logo.png\",\"width\":240,\"height\":88,\"caption\":\"My Lip Filler\"},\"image\":{\"@id\":\"https:\\\/\\\/mylipfiller.com\\\/#\\\/schema\\\/logo\\\/image\\\/\"}}]}<\/script>\n<!-- \/ Yoast SEO plugin. -->","yoast_head_json":{"title":"Compre GANA PN \/PDRN\/ - (2 x 2,5 ml) - Rellenos de My Lip Filler","description":"\u2765Compre GANA PN \/PDRN\/ - (2 x 2,5 ml) \u23e9 Tienda online My Lip Filler \u27a6 Garant\u00eda de calidad, rese\u00f1as, ingredientes, \u00a1los mejores precios!","robots":{"index":"index","follow":"follow","max-snippet":"max-snippet:-1","max-image-preview":"max-image-preview:large","max-video-preview":"max-video-preview:-1"},"canonical":"https:\/\/mylipfiller.com\/es\/gana-pn-pdrn-2-x-2-5ml\/","og_locale":"es_MX","og_type":"article","og_title":"Buy GANA PN \/PDRN\/ - (2 x 2.5ml) - Fillers from My Lip Filler","og_description":"\u2765Buy GANA PN \/PDRN\/ - (2 x 2.5ml) \u23e9 My Lip Filler online store \u27a6 Quality assurance, reviews, ingredients, best prices!","og_url":"https:\/\/mylipfiller.com\/es\/gana-pn-pdrn-2-x-2-5ml\/","og_site_name":"My Lip Filler","article_modified_time":"2024-07-03T15:32:36+00:00","og_image":[{"width":600,"height":600,"url":"https:\/\/cdn.mylipfiller.com\/wp-content\/uploads\/2019\/11\/GANA-PN.jpg","type":"image\/jpeg"}],"twitter_card":"summary_large_image","twitter_misc":{"Tiempo de lectura":"2 minutos"},"schema":{"@context":"https:\/\/schema.org","@graph":[{"@type":"WebPage","@id":"https:\/\/mylipfiller.com\/gana-pn-pdrn-2-x-2-5ml\/","url":"https:\/\/mylipfiller.com\/gana-pn-pdrn-2-x-2-5ml\/","name":"Compre GANA PN \/PDRN\/ - (2 x 2,5 ml) - Rellenos de My Lip Filler","isPartOf":{"@id":"https:\/\/mylipfiller.com\/#website"},"primaryImageOfPage":{"@id":"https:\/\/mylipfiller.com\/gana-pn-pdrn-2-x-2-5ml\/#primaryimage"},"image":{"@id":"https:\/\/mylipfiller.com\/gana-pn-pdrn-2-x-2-5ml\/#primaryimage"},"thumbnailUrl":"https:\/\/cdn.mylipfiller.com\/wp-content\/uploads\/2019\/11\/GANA-PN.jpg","datePublished":"2019-11-12T13:09:07+00:00","dateModified":"2024-07-03T15:32:36+00:00","description":"\u2765Compre GANA PN \/PDRN\/ - (2 x 2,5 ml) \u23e9 Tienda online My Lip Filler \u27a6 Garant\u00eda de calidad, rese\u00f1as, ingredientes, \u00a1los mejores precios!","breadcrumb":{"@id":"https:\/\/mylipfiller.com\/gana-pn-pdrn-2-x-2-5ml\/#breadcrumb"},"inLanguage":"es","potentialAction":[{"@type":"ReadAction","target":["https:\/\/mylipfiller.com\/gana-pn-pdrn-2-x-2-5ml\/"]}]},{"@type":"ImageObject","inLanguage":"es","@id":"https:\/\/mylipfiller.com\/gana-pn-pdrn-2-x-2-5ml\/#primaryimage","url":"https:\/\/cdn.mylipfiller.com\/wp-content\/uploads\/2019\/11\/GANA-PN.jpg","contentUrl":"https:\/\/cdn.mylipfiller.com\/wp-content\/uploads\/2019\/11\/GANA-PN.jpg","width":600,"height":600,"caption":"GANA PN"},{"@type":"BreadcrumbList","@id":"https:\/\/mylipfiller.com\/gana-pn-pdrn-2-x-2-5ml\/#breadcrumb","itemListElement":[{"@type":"ListItem","position":1,"name":"Home","item":"https:\/\/mylipfiller.com\/"},{"@type":"ListItem","position":2,"name":"Shop","item":"https:\/\/mylipfiller.com\/shop\/"},{"@type":"ListItem","position":3,"name":"GANA PN \/PDRN\/ &#8211; (2 x 2.5ml)"}]},{"@type":"WebSite","@id":"https:\/\/mylipfiller.com\/#website","url":"https:\/\/mylipfiller.com\/","name":"Mi relleno de labios","description":"Rellenos d\u00e9rmicos y de labios con \u00e1cido hialur\u00f3nico","publisher":{"@id":"https:\/\/mylipfiller.com\/#organization"},"potentialAction":[{"@type":"SearchAction","target":{"@type":"EntryPoint","urlTemplate":"https:\/\/mylipfiller.com\/?s={search_term_string}"},"query-input":{"@type":"PropertyValueSpecification","valueRequired":true,"valueName":"search_term_string"}}],"inLanguage":"es"},{"@type":"Organization","@id":"https:\/\/mylipfiller.com\/#organization","name":"Mi relleno de labios","url":"https:\/\/mylipfiller.com\/","logo":{"@type":"ImageObject","inLanguage":"es","@id":"https:\/\/mylipfiller.com\/#\/schema\/logo\/image\/","url":"https:\/\/cdn.mylipfiller.com\/wp-content\/uploads\/2019\/02\/cropped-My-Lip-Filler-Logo.png","contentUrl":"https:\/\/cdn.mylipfiller.com\/wp-content\/uploads\/2019\/02\/cropped-My-Lip-Filler-Logo.png","width":240,"height":88,"caption":"My Lip Filler"},"image":{"@id":"https:\/\/mylipfiller.com\/#\/schema\/logo\/image\/"}}]}},"_links":{"self":[{"href":"https:\/\/mylipfiller.com\/es\/wp-json\/wp\/v2\/product\/8809","targetHints":{"allow":["GET"]}}],"collection":[{"href":"https:\/\/mylipfiller.com\/es\/wp-json\/wp\/v2\/product"}],"about":[{"href":"https:\/\/mylipfiller.com\/es\/wp-json\/wp\/v2\/types\/product"}],"wp:featuredmedia":[{"embeddable":true,"href":"https:\/\/mylipfiller.com\/es\/wp-json\/wp\/v2\/media\/8817"}],"wp:attachment":[{"href":"https:\/\/mylipfiller.com\/es\/wp-json\/wp\/v2\/media?parent=8809"}],"wp:term":[{"taxonomy":"product_brand","embeddable":true,"href":"https:\/\/mylipfiller.com\/es\/wp-json\/wp\/v2\/product_brand?post=8809"},{"taxonomy":"product_cat","embeddable":true,"href":"https:\/\/mylipfiller.com\/es\/wp-json\/wp\/v2\/product_cat?post=8809"},{"taxonomy":"product_tag","embeddable":true,"href":"https:\/\/mylipfiller.com\/es\/wp-json\/wp\/v2\/product_tag?post=8809"}],"curies":[{"name":"gracias","href":"https:\/\/api.w.org\/{rel}","templated":true}]}}