{"id":8810,"date":"2019-11-12T15:14:25","date_gmt":"2019-11-12T13:14:25","guid":{"rendered":"https:\/\/mylipfiller.com\/?post_type=product&#038;p=8810"},"modified":"2024-07-03T17:32:35","modified_gmt":"2024-07-03T15:32:35","slug":"gino-body-45g-1-52oz","status":"publish","type":"product","link":"https:\/\/mylipfiller.com\/es\/gino-body-45g-1-52oz\/","title":{"rendered":"CUERPO DE GINO (45g \/ 1.52oz)"},"content":{"rendered":"<h3>Pon fin a la piel de pollo con GINO BODY<\/h3>\n<p>La queratosis pilar es un problema cosm\u00e9tico desagradable que deja parches duros y secos en la piel del <em>gl\u00fateos, brazos, muslos<\/em> y otras partes del cuerpo. Afecta a un n\u00famero sorprendentemente alto de personas y puede ser bastante obstinado e insensible al tratamiento. GINO BODY es una fant\u00e1stica crema de esp\u00edculas que contiene \u00c1cido Hialur\u00f3nico (HA) que tiene un poderoso efecto hidratante, Urea que calma las irritaciones de la piel y \u00c1cido Glic\u00f3lico, un ingrediente sin riesgos con impresionantes propiedades exfoliantes. Pero el ingrediente m\u00e1s importante de este <u>soluci\u00f3n optimizada anti-queratosis pilaris<\/u> son las esp\u00edculas de la esponja Poriferan de agua dulce. Estas microagujas llegan a las capas m\u00e1s profundas de la piel y provocan una inflamaci\u00f3n muy leve que mejora significativamente la salud y la inmunidad de la piel. De esa manera, se asegura de que los s\u00edntomas de esta afecci\u00f3n recurrente estacional no vuelvan a aparecer.<\/p>\n<ul>\n<li>Resultados positivos garantizados<\/li>\n<li>Una soluci\u00f3n de tratamiento no quir\u00fargica asequible y sencilla<\/li>\n<li>Probado para ser seguro y biol\u00f3gicamente compatible.<\/li>\n<li>No tiene efectos adversos<\/li>\n<\/ul>\n<h3>Instrucciones de aplicaci\u00f3n<\/h3>\n<p>GINO BODY es una crema exfoliante confiable que se puede aplicar <em>una o incluso dos veces por semana<\/em> sin provocar irritaciones ni enrojecimiento. Masajee suavemente el producto en las zonas problem\u00e1ticas de la piel. Hazlo antes de acostarte y enju\u00e1gate a primera hora de la ma\u00f1ana.<\/p>","protected":false},"excerpt":{"rendered":"<p>Confiando en las propiedades naturales de regeneraci\u00f3n celular y estimulantes de la piel de <em>esponja de poriferan de agua dulce<\/em> <em>esp\u00edculas<\/em>, GINO BODY r\u00e1pidamente <u>alivia los s\u00edntomas de la queratosis pilaris<\/u> (tambi\u00e9n conocido como piel de pollo o carne de gallina). Este es uno de los dos productos peeling de primera calidad de GANA R &amp; D que est\u00e1n basados en Spongilla y act\u00faan como un tratamiento totalmente natural para los problemas del cuidado de la piel. Nosotros, de My Lip Filler, somos un minorista y distribuidor mayorista en l\u00ednea confiable que ofrece este <strong>soluci\u00f3n de pelado de alta calidad<\/strong> a precio de ganga.<\/p>","protected":false},"featured_media":8819,"template":"","meta":{"_acf_changed":false},"product_brand":[],"product_cat":[54,52,162],"product_tag":[111,137],"class_list":{"0":"post-8810","1":"product","2":"type-product","3":"status-publish","4":"has-post-thumbnail","6":"product_cat-cosmetics","7":"product_cat-gana","8":"product_cat-gana-rd","9":"product_tag-face","10":"product_tag-south-korea","12":"first","13":"outofstock","14":"taxable","15":"shipping-taxable","16":"purchasable","17":"product-type-simple"},"acf":[],"yoast_head":"<!-- This site is optimized with the Yoast SEO plugin v27.2 - https:\/\/yoast.com\/product\/yoast-seo-wordpress\/ -->\n<title>Buy GINO BODY (45g\/1.52oz) - Fillers from My Lip Filler<\/title>\n<meta name=\"description\" content=\"\u2765Buy GINO BODY (45g\/1.52oz) \u23e9 My Lip Filler online store \u27a6 Quality assurance, reviews, ingredients, best prices!\" \/>\n<meta name=\"robots\" content=\"index, follow, max-snippet:-1, max-image-preview:large, max-video-preview:-1\" \/>\n<link rel=\"canonical\" href=\"https:\/\/mylipfiller.com\/es\/gino-body-45g-1-52oz\/\" \/>\n<meta property=\"og:locale\" content=\"es_MX\" \/>\n<meta property=\"og:type\" content=\"article\" \/>\n<meta property=\"og:title\" content=\"Buy GINO BODY (45g\/1.52oz) - Fillers from My Lip Filler\" \/>\n<meta property=\"og:description\" content=\"\u2765Buy GINO BODY (45g\/1.52oz) \u23e9 My Lip Filler online store \u27a6 Quality assurance, reviews, ingredients, best prices!\" \/>\n<meta property=\"og:url\" content=\"https:\/\/mylipfiller.com\/es\/gino-body-45g-1-52oz\/\" \/>\n<meta property=\"og:site_name\" content=\"My Lip Filler\" \/>\n<meta property=\"article:modified_time\" content=\"2024-07-03T15:32:35+00:00\" \/>\n<meta property=\"og:image\" content=\"https:\/\/cdn.mylipfiller.com\/wp-content\/uploads\/2019\/11\/Gino-Body.jpg\" \/>\n\t<meta property=\"og:image:width\" content=\"600\" \/>\n\t<meta property=\"og:image:height\" content=\"600\" \/>\n\t<meta property=\"og:image:type\" content=\"image\/jpeg\" \/>\n<meta name=\"twitter:card\" content=\"summary_large_image\" \/>\n<meta name=\"twitter:label1\" content=\"Tiempo de lectura\" \/>\n\t<meta name=\"twitter:data1\" content=\"2 minutos\" \/>\n<script type=\"application\/ld+json\" class=\"yoast-schema-graph\">{\"@context\":\"https:\/\/schema.org\",\"@graph\":[{\"@type\":\"WebPage\",\"@id\":\"https:\/\/mylipfiller.com\/gino-body-45g-1-52oz\/\",\"url\":\"https:\/\/mylipfiller.com\/gino-body-45g-1-52oz\/\",\"name\":\"Buy GINO BODY (45g\/1.52oz) - Fillers from My Lip Filler\",\"isPartOf\":{\"@id\":\"https:\/\/mylipfiller.com\/#website\"},\"primaryImageOfPage\":{\"@id\":\"https:\/\/mylipfiller.com\/gino-body-45g-1-52oz\/#primaryimage\"},\"image\":{\"@id\":\"https:\/\/mylipfiller.com\/gino-body-45g-1-52oz\/#primaryimage\"},\"thumbnailUrl\":\"https:\/\/cdn.mylipfiller.com\/wp-content\/uploads\/2019\/11\/Gino-Body.jpg\",\"datePublished\":\"2019-11-12T13:14:25+00:00\",\"dateModified\":\"2024-07-03T15:32:35+00:00\",\"description\":\"\u2765Buy GINO BODY (45g\/1.52oz) \u23e9 My Lip Filler online store \u27a6 Quality assurance, reviews, ingredients, best prices!\",\"breadcrumb\":{\"@id\":\"https:\/\/mylipfiller.com\/gino-body-45g-1-52oz\/#breadcrumb\"},\"inLanguage\":\"es\",\"potentialAction\":[{\"@type\":\"ReadAction\",\"target\":[\"https:\/\/mylipfiller.com\/gino-body-45g-1-52oz\/\"]}]},{\"@type\":\"ImageObject\",\"inLanguage\":\"es\",\"@id\":\"https:\/\/mylipfiller.com\/gino-body-45g-1-52oz\/#primaryimage\",\"url\":\"https:\/\/cdn.mylipfiller.com\/wp-content\/uploads\/2019\/11\/Gino-Body.jpg\",\"contentUrl\":\"https:\/\/cdn.mylipfiller.com\/wp-content\/uploads\/2019\/11\/Gino-Body.jpg\",\"width\":600,\"height\":600,\"caption\":\"Gino Body\"},{\"@type\":\"BreadcrumbList\",\"@id\":\"https:\/\/mylipfiller.com\/gino-body-45g-1-52oz\/#breadcrumb\",\"itemListElement\":[{\"@type\":\"ListItem\",\"position\":1,\"name\":\"Home\",\"item\":\"https:\/\/mylipfiller.com\/\"},{\"@type\":\"ListItem\",\"position\":2,\"name\":\"Shop\",\"item\":\"https:\/\/mylipfiller.com\/shop\/\"},{\"@type\":\"ListItem\",\"position\":3,\"name\":\"GINO BODY (45g\/1.52oz)\"}]},{\"@type\":\"WebSite\",\"@id\":\"https:\/\/mylipfiller.com\/#website\",\"url\":\"https:\/\/mylipfiller.com\/\",\"name\":\"My Lip Filler\",\"description\":\"Hyaluronic Acid Lip and Dermal Fillers\",\"publisher\":{\"@id\":\"https:\/\/mylipfiller.com\/#organization\"},\"potentialAction\":[{\"@type\":\"SearchAction\",\"target\":{\"@type\":\"EntryPoint\",\"urlTemplate\":\"https:\/\/mylipfiller.com\/?s={search_term_string}\"},\"query-input\":{\"@type\":\"PropertyValueSpecification\",\"valueRequired\":true,\"valueName\":\"search_term_string\"}}],\"inLanguage\":\"es\"},{\"@type\":\"Organization\",\"@id\":\"https:\/\/mylipfiller.com\/#organization\",\"name\":\"My Lip Filler\",\"url\":\"https:\/\/mylipfiller.com\/\",\"logo\":{\"@type\":\"ImageObject\",\"inLanguage\":\"es\",\"@id\":\"https:\/\/mylipfiller.com\/#\/schema\/logo\/image\/\",\"url\":\"https:\/\/cdn.mylipfiller.com\/wp-content\/uploads\/2019\/02\/cropped-My-Lip-Filler-Logo.png\",\"contentUrl\":\"https:\/\/cdn.mylipfiller.com\/wp-content\/uploads\/2019\/02\/cropped-My-Lip-Filler-Logo.png\",\"width\":240,\"height\":88,\"caption\":\"My Lip Filler\"},\"image\":{\"@id\":\"https:\/\/mylipfiller.com\/#\/schema\/logo\/image\/\"}}]}<\/script>\n<!-- \/ Yoast SEO plugin. -->","yoast_head_json":{"title":"Compre GINO BODY (45 g\/1,52 oz) - Rellenos de My Lip Filler","description":"\u2765Compre GINO BODY (45g\/1.52oz) \u23e9 Tienda online My Lip Filler \u27a6 Garant\u00eda de calidad, rese\u00f1as, ingredientes, \u00a1los mejores precios!","robots":{"index":"index","follow":"follow","max-snippet":"max-snippet:-1","max-image-preview":"max-image-preview:large","max-video-preview":"max-video-preview:-1"},"canonical":"https:\/\/mylipfiller.com\/es\/gino-body-45g-1-52oz\/","og_locale":"es_MX","og_type":"article","og_title":"Buy GINO BODY (45g\/1.52oz) - Fillers from My Lip Filler","og_description":"\u2765Buy GINO BODY (45g\/1.52oz) \u23e9 My Lip Filler online store \u27a6 Quality assurance, reviews, ingredients, best prices!","og_url":"https:\/\/mylipfiller.com\/es\/gino-body-45g-1-52oz\/","og_site_name":"My Lip Filler","article_modified_time":"2024-07-03T15:32:35+00:00","og_image":[{"width":600,"height":600,"url":"https:\/\/cdn.mylipfiller.com\/wp-content\/uploads\/2019\/11\/Gino-Body.jpg","type":"image\/jpeg"}],"twitter_card":"summary_large_image","twitter_misc":{"Tiempo de lectura":"2 minutos"},"schema":{"@context":"https:\/\/schema.org","@graph":[{"@type":"WebPage","@id":"https:\/\/mylipfiller.com\/gino-body-45g-1-52oz\/","url":"https:\/\/mylipfiller.com\/gino-body-45g-1-52oz\/","name":"Compre GINO BODY (45 g\/1,52 oz) - Rellenos de My Lip Filler","isPartOf":{"@id":"https:\/\/mylipfiller.com\/#website"},"primaryImageOfPage":{"@id":"https:\/\/mylipfiller.com\/gino-body-45g-1-52oz\/#primaryimage"},"image":{"@id":"https:\/\/mylipfiller.com\/gino-body-45g-1-52oz\/#primaryimage"},"thumbnailUrl":"https:\/\/cdn.mylipfiller.com\/wp-content\/uploads\/2019\/11\/Gino-Body.jpg","datePublished":"2019-11-12T13:14:25+00:00","dateModified":"2024-07-03T15:32:35+00:00","description":"\u2765Compre GINO BODY (45g\/1.52oz) \u23e9 Tienda online My Lip Filler \u27a6 Garant\u00eda de calidad, rese\u00f1as, ingredientes, \u00a1los mejores precios!","breadcrumb":{"@id":"https:\/\/mylipfiller.com\/gino-body-45g-1-52oz\/#breadcrumb"},"inLanguage":"es","potentialAction":[{"@type":"ReadAction","target":["https:\/\/mylipfiller.com\/gino-body-45g-1-52oz\/"]}]},{"@type":"ImageObject","inLanguage":"es","@id":"https:\/\/mylipfiller.com\/gino-body-45g-1-52oz\/#primaryimage","url":"https:\/\/cdn.mylipfiller.com\/wp-content\/uploads\/2019\/11\/Gino-Body.jpg","contentUrl":"https:\/\/cdn.mylipfiller.com\/wp-content\/uploads\/2019\/11\/Gino-Body.jpg","width":600,"height":600,"caption":"Gino Body"},{"@type":"BreadcrumbList","@id":"https:\/\/mylipfiller.com\/gino-body-45g-1-52oz\/#breadcrumb","itemListElement":[{"@type":"ListItem","position":1,"name":"Home","item":"https:\/\/mylipfiller.com\/"},{"@type":"ListItem","position":2,"name":"Shop","item":"https:\/\/mylipfiller.com\/shop\/"},{"@type":"ListItem","position":3,"name":"GINO BODY (45g\/1.52oz)"}]},{"@type":"WebSite","@id":"https:\/\/mylipfiller.com\/#website","url":"https:\/\/mylipfiller.com\/","name":"Mi relleno de labios","description":"Rellenos d\u00e9rmicos y de labios con \u00e1cido hialur\u00f3nico","publisher":{"@id":"https:\/\/mylipfiller.com\/#organization"},"potentialAction":[{"@type":"SearchAction","target":{"@type":"EntryPoint","urlTemplate":"https:\/\/mylipfiller.com\/?s={search_term_string}"},"query-input":{"@type":"PropertyValueSpecification","valueRequired":true,"valueName":"search_term_string"}}],"inLanguage":"es"},{"@type":"Organization","@id":"https:\/\/mylipfiller.com\/#organization","name":"Mi relleno de labios","url":"https:\/\/mylipfiller.com\/","logo":{"@type":"ImageObject","inLanguage":"es","@id":"https:\/\/mylipfiller.com\/#\/schema\/logo\/image\/","url":"https:\/\/cdn.mylipfiller.com\/wp-content\/uploads\/2019\/02\/cropped-My-Lip-Filler-Logo.png","contentUrl":"https:\/\/cdn.mylipfiller.com\/wp-content\/uploads\/2019\/02\/cropped-My-Lip-Filler-Logo.png","width":240,"height":88,"caption":"My Lip Filler"},"image":{"@id":"https:\/\/mylipfiller.com\/#\/schema\/logo\/image\/"}}]}},"_links":{"self":[{"href":"https:\/\/mylipfiller.com\/es\/wp-json\/wp\/v2\/product\/8810","targetHints":{"allow":["GET"]}}],"collection":[{"href":"https:\/\/mylipfiller.com\/es\/wp-json\/wp\/v2\/product"}],"about":[{"href":"https:\/\/mylipfiller.com\/es\/wp-json\/wp\/v2\/types\/product"}],"wp:featuredmedia":[{"embeddable":true,"href":"https:\/\/mylipfiller.com\/es\/wp-json\/wp\/v2\/media\/8819"}],"wp:attachment":[{"href":"https:\/\/mylipfiller.com\/es\/wp-json\/wp\/v2\/media?parent=8810"}],"wp:term":[{"taxonomy":"product_brand","embeddable":true,"href":"https:\/\/mylipfiller.com\/es\/wp-json\/wp\/v2\/product_brand?post=8810"},{"taxonomy":"product_cat","embeddable":true,"href":"https:\/\/mylipfiller.com\/es\/wp-json\/wp\/v2\/product_cat?post=8810"},{"taxonomy":"product_tag","embeddable":true,"href":"https:\/\/mylipfiller.com\/es\/wp-json\/wp\/v2\/product_tag?post=8810"}],"curies":[{"name":"gracias","href":"https:\/\/api.w.org\/{rel}","templated":true}]}}