{"id":8811,"date":"2019-11-12T15:16:00","date_gmt":"2019-11-12T13:16:00","guid":{"rendered":"https:\/\/mylipfiller.com\/?post_type=product&#038;p=8811"},"modified":"2024-07-03T17:32:35","modified_gmt":"2024-07-03T15:32:35","slug":"gino-face-45g-1-52oz","status":"publish","type":"product","link":"https:\/\/mylipfiller.com\/es\/gino-face-45g-1-52oz\/","title":{"rendered":"CARA DE GINO (45g \/ 1,52 oz)"},"content":{"rendered":"<h3>Tratamiento del acn\u00e9 moderno sin precedentes<\/h3>\n<p>Freshwater Poriferan es un tipo de esponja Spongilla que es conocida por su capacidad de recuperaci\u00f3n y duradera para estimular la piel. Por eso es el componente activo clave en la innovadora soluci\u00f3n peeling GINO FACE. Cuando este producto se masajea sobre la superficie de la piel del rostro, las esp\u00edculas de esta esponja especial penetran en la dermis. All\u00ed, provocan una leve reacci\u00f3n inflamatoria que logra <em>mejorar eficazmente la inmunidad de la piel<\/em>. Que induce un proceso de regeneraci\u00f3n celular y tambi\u00e9n <u>reduce la probabilidad de futuros brotes de acn\u00e9<\/u>.<\/p>\n<h3>Otros ingredientes importantes de GINO FACE<\/h3>\n<ul>\n<li><strong>\u00c1cido hialur\u00f3nico de sodio<\/strong> - hidrata r\u00e1pidamente la piel, mejorando su equilibrio h\u00eddrico natural y la elasticidad de la piel<\/li>\n<li><strong>Alfa arbutina<\/strong> - unifica con \u00e9xito el tono de la piel, haci\u00e9ndola m\u00e1s brillante y clara<\/li>\n<li><strong>\u00c1cido salic\u00edlico<\/strong> - elimina f\u00e1cilmente las espinillas y los puntos negros<\/li>\n<li><strong>Niacina<\/strong> - Alivia en gran medida las irritaciones e inflamaciones de la piel causadas por el acn\u00e9.<\/li>\n<\/ul>\n<p>Aplicar GINO FACE sobre la piel limpia por la noche <em>y l\u00e1velo con agua por la ma\u00f1ana<\/em>. Evite frotar el producto y en su lugar use movimientos suaves para esparcirlo sobre la piel. \u00daselo no m\u00e1s de dos veces por semana. Puede observarse una ligera sensaci\u00f3n de hormigueo en la piel poco despu\u00e9s de la aplicaci\u00f3n de la soluci\u00f3n. Eso, sin embargo, no es un efecto secundario sino una reacci\u00f3n normal causada por las microagujas de la esponja en el producto.<\/p>","protected":false},"excerpt":{"rendered":"<p>GINO FACE de GANA R&amp;D es un <strong>crema exfoliante de esp\u00edculas \u00fanica en su tipo<\/strong> que ofrece a las personas con piel propensa al acn\u00e9 una salida a la tierra del acn\u00e9. Confiando en las impresionantes capacidades de regeneraci\u00f3n de c\u00e9lulas d\u00e9rmicas y estimulantes de la piel de las esp\u00edculas de Poriferan de agua dulce, <em>erradicar eficazmente el acn\u00e9 facial<\/em> y mejora enormemente la inmunidad de la piel. Eso reducir\u00e1 o incluso evitar\u00e1 los brotes recurrentes. Distribuido por My Lip Filler, este producto ofrece una forma natural de combatir el acn\u00e9.<\/p>","protected":false},"featured_media":8820,"template":"","meta":{"_acf_changed":false},"product_brand":[],"product_cat":[54,52,162],"product_tag":[111,137],"class_list":{"0":"post-8811","1":"product","2":"type-product","3":"status-publish","4":"has-post-thumbnail","6":"product_cat-cosmetics","7":"product_cat-gana","8":"product_cat-gana-rd","9":"product_tag-face","10":"product_tag-south-korea","12":"first","13":"outofstock","14":"taxable","15":"shipping-taxable","16":"purchasable","17":"product-type-simple"},"acf":[],"yoast_head":"<!-- This site is optimized with the Yoast SEO plugin v27.4 - https:\/\/yoast.com\/product\/yoast-seo-wordpress\/ -->\n<title>Buy GINO FACE (45g\/1.52oz) - Fillers from My Lip Filler<\/title>\n<meta name=\"description\" content=\"\u2765Buy GINO FACE (45g\/1.52oz) \u23e9 My Lip Filler online store \u27a6 Quality assurance, reviews, ingredients, best prices!\" \/>\n<meta name=\"robots\" content=\"index, follow, max-snippet:-1, max-image-preview:large, max-video-preview:-1\" \/>\n<link rel=\"canonical\" href=\"https:\/\/mylipfiller.com\/es\/gino-face-45g-1-52oz\/\" \/>\n<meta property=\"og:locale\" content=\"es_MX\" \/>\n<meta property=\"og:type\" content=\"article\" \/>\n<meta property=\"og:title\" content=\"Buy GINO FACE (45g\/1.52oz) - Fillers from My Lip Filler\" \/>\n<meta property=\"og:description\" content=\"\u2765Buy GINO FACE (45g\/1.52oz) \u23e9 My Lip Filler online store \u27a6 Quality assurance, reviews, ingredients, best prices!\" \/>\n<meta property=\"og:url\" content=\"https:\/\/mylipfiller.com\/es\/gino-face-45g-1-52oz\/\" \/>\n<meta property=\"og:site_name\" content=\"My Lip Filler\" \/>\n<meta property=\"article:modified_time\" content=\"2024-07-03T15:32:35+00:00\" \/>\n<meta property=\"og:image\" content=\"https:\/\/cdn.mylipfiller.com\/wp-content\/uploads\/2019\/11\/Gana-Face.jpg\" \/>\n\t<meta property=\"og:image:width\" content=\"600\" \/>\n\t<meta property=\"og:image:height\" content=\"600\" \/>\n\t<meta property=\"og:image:type\" content=\"image\/jpeg\" \/>\n<meta name=\"twitter:card\" content=\"summary_large_image\" \/>\n<meta name=\"twitter:label1\" content=\"Tiempo de lectura\" \/>\n\t<meta name=\"twitter:data1\" content=\"2 minutos\" \/>\n<script type=\"application\/ld+json\" class=\"yoast-schema-graph\">{\"@context\":\"https:\\\/\\\/schema.org\",\"@graph\":[{\"@type\":\"WebPage\",\"@id\":\"https:\\\/\\\/mylipfiller.com\\\/gino-face-45g-1-52oz\\\/\",\"url\":\"https:\\\/\\\/mylipfiller.com\\\/gino-face-45g-1-52oz\\\/\",\"name\":\"Buy GINO FACE (45g\\\/1.52oz) - Fillers from My Lip Filler\",\"isPartOf\":{\"@id\":\"https:\\\/\\\/mylipfiller.com\\\/#website\"},\"primaryImageOfPage\":{\"@id\":\"https:\\\/\\\/mylipfiller.com\\\/gino-face-45g-1-52oz\\\/#primaryimage\"},\"image\":{\"@id\":\"https:\\\/\\\/mylipfiller.com\\\/gino-face-45g-1-52oz\\\/#primaryimage\"},\"thumbnailUrl\":\"https:\\\/\\\/mylipfiller.com\\\/wp-content\\\/uploads\\\/2019\\\/11\\\/Gana-Face.jpg\",\"datePublished\":\"2019-11-12T13:16:00+00:00\",\"dateModified\":\"2024-07-03T15:32:35+00:00\",\"description\":\"\u2765Buy GINO FACE (45g\\\/1.52oz) \u23e9 My Lip Filler online store \u27a6 Quality assurance, reviews, ingredients, best prices!\",\"breadcrumb\":{\"@id\":\"https:\\\/\\\/mylipfiller.com\\\/gino-face-45g-1-52oz\\\/#breadcrumb\"},\"inLanguage\":\"es\",\"potentialAction\":[{\"@type\":\"ReadAction\",\"target\":[\"https:\\\/\\\/mylipfiller.com\\\/gino-face-45g-1-52oz\\\/\"]}]},{\"@type\":\"ImageObject\",\"inLanguage\":\"es\",\"@id\":\"https:\\\/\\\/mylipfiller.com\\\/gino-face-45g-1-52oz\\\/#primaryimage\",\"url\":\"https:\\\/\\\/mylipfiller.com\\\/wp-content\\\/uploads\\\/2019\\\/11\\\/Gana-Face.jpg\",\"contentUrl\":\"https:\\\/\\\/mylipfiller.com\\\/wp-content\\\/uploads\\\/2019\\\/11\\\/Gana-Face.jpg\",\"width\":600,\"height\":600,\"caption\":\"Gana Face\"},{\"@type\":\"BreadcrumbList\",\"@id\":\"https:\\\/\\\/mylipfiller.com\\\/gino-face-45g-1-52oz\\\/#breadcrumb\",\"itemListElement\":[{\"@type\":\"ListItem\",\"position\":1,\"name\":\"Home\",\"item\":\"https:\\\/\\\/mylipfiller.com\\\/\"},{\"@type\":\"ListItem\",\"position\":2,\"name\":\"Shop\",\"item\":\"https:\\\/\\\/mylipfiller.com\\\/shop\\\/\"},{\"@type\":\"ListItem\",\"position\":3,\"name\":\"GINO FACE (45g\\\/1.52oz)\"}]},{\"@type\":\"WebSite\",\"@id\":\"https:\\\/\\\/mylipfiller.com\\\/#website\",\"url\":\"https:\\\/\\\/mylipfiller.com\\\/\",\"name\":\"My Lip Filler\",\"description\":\"Hyaluronic Acid Lip and Dermal Fillers\",\"publisher\":{\"@id\":\"https:\\\/\\\/mylipfiller.com\\\/#organization\"},\"potentialAction\":[{\"@type\":\"SearchAction\",\"target\":{\"@type\":\"EntryPoint\",\"urlTemplate\":\"https:\\\/\\\/mylipfiller.com\\\/?s={search_term_string}\"},\"query-input\":{\"@type\":\"PropertyValueSpecification\",\"valueRequired\":true,\"valueName\":\"search_term_string\"}}],\"inLanguage\":\"es\"},{\"@type\":\"Organization\",\"@id\":\"https:\\\/\\\/mylipfiller.com\\\/#organization\",\"name\":\"My Lip Filler\",\"url\":\"https:\\\/\\\/mylipfiller.com\\\/\",\"logo\":{\"@type\":\"ImageObject\",\"inLanguage\":\"es\",\"@id\":\"https:\\\/\\\/mylipfiller.com\\\/#\\\/schema\\\/logo\\\/image\\\/\",\"url\":\"https:\\\/\\\/mylipfiller.com\\\/wp-content\\\/uploads\\\/2019\\\/02\\\/cropped-My-Lip-Filler-Logo.png\",\"contentUrl\":\"https:\\\/\\\/mylipfiller.com\\\/wp-content\\\/uploads\\\/2019\\\/02\\\/cropped-My-Lip-Filler-Logo.png\",\"width\":240,\"height\":88,\"caption\":\"My Lip Filler\"},\"image\":{\"@id\":\"https:\\\/\\\/mylipfiller.com\\\/#\\\/schema\\\/logo\\\/image\\\/\"}}]}<\/script>\n<!-- \/ Yoast SEO plugin. -->","yoast_head_json":{"title":"Compre GINO FACE (45g\/1.52oz) - Rellenos de My Lip Filler","description":"\u2765Compra GINO FACE (45g\/1.52oz) \u23e9 Tienda online My Lip Filler \u27a6 Garant\u00eda de calidad, rese\u00f1as, ingredientes, \u00a1los mejores precios!","robots":{"index":"index","follow":"follow","max-snippet":"max-snippet:-1","max-image-preview":"max-image-preview:large","max-video-preview":"max-video-preview:-1"},"canonical":"https:\/\/mylipfiller.com\/es\/gino-face-45g-1-52oz\/","og_locale":"es_MX","og_type":"article","og_title":"Buy GINO FACE (45g\/1.52oz) - Fillers from My Lip Filler","og_description":"\u2765Buy GINO FACE (45g\/1.52oz) \u23e9 My Lip Filler online store \u27a6 Quality assurance, reviews, ingredients, best prices!","og_url":"https:\/\/mylipfiller.com\/es\/gino-face-45g-1-52oz\/","og_site_name":"My Lip Filler","article_modified_time":"2024-07-03T15:32:35+00:00","og_image":[{"width":600,"height":600,"url":"https:\/\/cdn.mylipfiller.com\/wp-content\/uploads\/2019\/11\/Gana-Face.jpg","type":"image\/jpeg"}],"twitter_card":"summary_large_image","twitter_misc":{"Tiempo de lectura":"2 minutos"},"schema":{"@context":"https:\/\/schema.org","@graph":[{"@type":"WebPage","@id":"https:\/\/mylipfiller.com\/gino-face-45g-1-52oz\/","url":"https:\/\/mylipfiller.com\/gino-face-45g-1-52oz\/","name":"Compre GINO FACE (45g\/1.52oz) - Rellenos de My Lip Filler","isPartOf":{"@id":"https:\/\/mylipfiller.com\/#website"},"primaryImageOfPage":{"@id":"https:\/\/mylipfiller.com\/gino-face-45g-1-52oz\/#primaryimage"},"image":{"@id":"https:\/\/mylipfiller.com\/gino-face-45g-1-52oz\/#primaryimage"},"thumbnailUrl":"https:\/\/cdn.mylipfiller.com\/wp-content\/uploads\/2019\/11\/Gana-Face.jpg","datePublished":"2019-11-12T13:16:00+00:00","dateModified":"2024-07-03T15:32:35+00:00","description":"\u2765Compra GINO FACE (45g\/1.52oz) \u23e9 Tienda online My Lip Filler \u27a6 Garant\u00eda de calidad, rese\u00f1as, ingredientes, \u00a1los mejores precios!","breadcrumb":{"@id":"https:\/\/mylipfiller.com\/gino-face-45g-1-52oz\/#breadcrumb"},"inLanguage":"es","potentialAction":[{"@type":"ReadAction","target":["https:\/\/mylipfiller.com\/gino-face-45g-1-52oz\/"]}]},{"@type":"ImageObject","inLanguage":"es","@id":"https:\/\/mylipfiller.com\/gino-face-45g-1-52oz\/#primaryimage","url":"https:\/\/cdn.mylipfiller.com\/wp-content\/uploads\/2019\/11\/Gana-Face.jpg","contentUrl":"https:\/\/cdn.mylipfiller.com\/wp-content\/uploads\/2019\/11\/Gana-Face.jpg","width":600,"height":600,"caption":"Gana Face"},{"@type":"BreadcrumbList","@id":"https:\/\/mylipfiller.com\/gino-face-45g-1-52oz\/#breadcrumb","itemListElement":[{"@type":"ListItem","position":1,"name":"Home","item":"https:\/\/mylipfiller.com\/"},{"@type":"ListItem","position":2,"name":"Shop","item":"https:\/\/mylipfiller.com\/shop\/"},{"@type":"ListItem","position":3,"name":"GINO FACE (45g\/1.52oz)"}]},{"@type":"WebSite","@id":"https:\/\/mylipfiller.com\/#website","url":"https:\/\/mylipfiller.com\/","name":"Mi relleno de labios","description":"Rellenos d\u00e9rmicos y de labios con \u00e1cido hialur\u00f3nico","publisher":{"@id":"https:\/\/mylipfiller.com\/#organization"},"potentialAction":[{"@type":"SearchAction","target":{"@type":"EntryPoint","urlTemplate":"https:\/\/mylipfiller.com\/?s={search_term_string}"},"query-input":{"@type":"PropertyValueSpecification","valueRequired":true,"valueName":"search_term_string"}}],"inLanguage":"es"},{"@type":"Organization","@id":"https:\/\/mylipfiller.com\/#organization","name":"Mi relleno de labios","url":"https:\/\/mylipfiller.com\/","logo":{"@type":"ImageObject","inLanguage":"es","@id":"https:\/\/mylipfiller.com\/#\/schema\/logo\/image\/","url":"https:\/\/cdn.mylipfiller.com\/wp-content\/uploads\/2019\/02\/cropped-My-Lip-Filler-Logo.png","contentUrl":"https:\/\/cdn.mylipfiller.com\/wp-content\/uploads\/2019\/02\/cropped-My-Lip-Filler-Logo.png","width":240,"height":88,"caption":"My Lip Filler"},"image":{"@id":"https:\/\/mylipfiller.com\/#\/schema\/logo\/image\/"}}]}},"_links":{"self":[{"href":"https:\/\/mylipfiller.com\/es\/wp-json\/wp\/v2\/product\/8811","targetHints":{"allow":["GET"]}}],"collection":[{"href":"https:\/\/mylipfiller.com\/es\/wp-json\/wp\/v2\/product"}],"about":[{"href":"https:\/\/mylipfiller.com\/es\/wp-json\/wp\/v2\/types\/product"}],"wp:featuredmedia":[{"embeddable":true,"href":"https:\/\/mylipfiller.com\/es\/wp-json\/wp\/v2\/media\/8820"}],"wp:attachment":[{"href":"https:\/\/mylipfiller.com\/es\/wp-json\/wp\/v2\/media?parent=8811"}],"wp:term":[{"taxonomy":"product_brand","embeddable":true,"href":"https:\/\/mylipfiller.com\/es\/wp-json\/wp\/v2\/product_brand?post=8811"},{"taxonomy":"product_cat","embeddable":true,"href":"https:\/\/mylipfiller.com\/es\/wp-json\/wp\/v2\/product_cat?post=8811"},{"taxonomy":"product_tag","embeddable":true,"href":"https:\/\/mylipfiller.com\/es\/wp-json\/wp\/v2\/product_tag?post=8811"}],"curies":[{"name":"gracias","href":"https:\/\/api.w.org\/{rel}","templated":true}]}}