{"id":8813,"date":"2019-11-12T15:26:10","date_gmt":"2019-11-12T13:26:10","guid":{"rendered":"https:\/\/mylipfiller.com\/?post_type=product&#038;p=8813"},"modified":"2024-07-03T17:32:35","modified_gmt":"2024-07-03T15:32:35","slug":"gana-v-line-10-vials-x-5ml","status":"publish","type":"product","link":"https:\/\/mylipfiller.com\/es\/gana-v-line-10-vials-x-5ml\/","title":{"rendered":"L\u00ednea GANA V (10 viales x 5ml)"},"content":{"rendered":"<h3>Un producto de disoluci\u00f3n de grasa amigable para el paciente para el contorno facial<\/h3>\n<p>La l\u00ednea GANA V no se basa en uno, sino en dos ingredientes para derretir grasas notablemente potentes pero seguros: fosfatidilcolina (PPC) y \u00e1cido desoxic\u00f3lico (DA). Ambos son inofensivos y biol\u00f3gicamente compatibles con el cuerpo humano, lo que significa que no causan efectos secundarios graves o duraderos. El tratamiento en s\u00ed tarda unos minutos en realizarse y no requiere tiempo de inactividad. Despu\u00e9s, los pacientes notar\u00e1n que otras preocupaciones de la piel, como <em>manchas y manchas oscuras, arrugas y l\u00edneas<\/em> son menos notables.<\/p>\n<ul>\n<li>Propiedades para derretir grasa comprobadas para un contorno facial r\u00e1pido<\/li>\n<li>Contiene glutati\u00f3n para iluminar la piel sin riesgos<\/li>\n<li>Completamente soluble en el tejido blando<\/li>\n<li>Contiene acetil hexap\u00e9ptido-8 para la correcci\u00f3n no quir\u00fargica de las arrugas de expresi\u00f3n.<\/li>\n<\/ul>\n<h3>\u00bfQu\u00e9 incluye un tratamiento est\u00e1ndar con la l\u00ednea GANA V?<\/h3>\n<p>La l\u00ednea GANA V de primera clase es una soluci\u00f3n inyectable de resoluci\u00f3n de grasas que se vende en una caja sellada. Cada paquete de este producto de contorno facial de nueva generaci\u00f3n contiene 10 viales (de 5 ml cada uno). La soluci\u00f3n se inyecta debajo de la piel de <em>la cara y \/ o el cuello<\/em>. Se recomienda a los m\u00e9dicos calificados que no inyecten m\u00e1s de 3 ml en la cara y un m\u00e1ximo de 2 ml en el cuello de cada paciente. Para disfrutar de los efectos seguros de este producto para disolver la grasa, antiarrugas y aclarar la piel, los pacientes deben someterse a <strong>3 sesiones de inyecci\u00f3n<\/strong> cada uno de los cuales debe llevarse a cabo <u>en un intervalo quincenal<\/u>.<\/p>","protected":false},"excerpt":{"rendered":"<p>La l\u00ednea GANA V es <strong>un producto \u00fanico para disolver grasas<\/strong> que se pueden pedir directamente en la tienda en l\u00ednea de My Lip Filler. Dise\u00f1ado y producido por la empresa surcoreana GANA R&amp;D, disuelve f\u00e1cilmente las c\u00e9lulas grasas y los dep\u00f3sitos en el \u00e1rea de la l\u00ednea V (ment\u00f3n, mand\u00edbula, hueso de la mand\u00edbula) para proporcionar a los pacientes <u>contorno facial m\u00ednimamente invasivo<\/u>. Para mejorar a\u00fan m\u00e1s las cosas, tambi\u00e9n tiene excelentes propiedades blanqueadoras y antiarrugas de la piel y est\u00e1 libre de ingredientes agresivos.<\/p>","protected":false},"featured_media":8824,"template":"","meta":{"_acf_changed":false},"product_brand":[],"product_cat":[52,162,18],"product_tag":[111,137,149],"class_list":{"0":"post-8813","1":"product","2":"type-product","3":"status-publish","4":"has-post-thumbnail","6":"product_cat-gana","7":"product_cat-gana-rd","8":"product_cat-mesotherapy","9":"product_tag-face","10":"product_tag-south-korea","11":"product_tag-volume-5-ml","13":"first","14":"outofstock","15":"taxable","16":"shipping-taxable","17":"purchasable","18":"product-type-simple"},"acf":[],"yoast_head":"<!-- This site is optimized with the Yoast SEO plugin v27.3 - https:\/\/yoast.com\/product\/yoast-seo-wordpress\/ -->\n<title>Buy GANA V Line (10 vials x 5ml) - Fillers from My Lip Filler<\/title>\n<meta name=\"description\" content=\"\u2765Buy GANA V Line (10 vials x 5ml) \u23e9 My Lip Filler online store \u27a6 Quality assurance, reviews, ingredients, best prices!\" \/>\n<meta name=\"robots\" content=\"index, follow, max-snippet:-1, max-image-preview:large, max-video-preview:-1\" \/>\n<link rel=\"canonical\" href=\"https:\/\/mylipfiller.com\/es\/gana-v-line-10-vials-x-5ml\/\" \/>\n<meta property=\"og:locale\" content=\"es_MX\" \/>\n<meta property=\"og:type\" content=\"article\" \/>\n<meta property=\"og:title\" content=\"Buy GANA V Line (10 vials x 5ml) - Fillers from My Lip Filler\" \/>\n<meta property=\"og:description\" content=\"\u2765Buy GANA V Line (10 vials x 5ml) \u23e9 My Lip Filler online store \u27a6 Quality assurance, reviews, ingredients, best prices!\" \/>\n<meta property=\"og:url\" content=\"https:\/\/mylipfiller.com\/es\/gana-v-line-10-vials-x-5ml\/\" \/>\n<meta property=\"og:site_name\" content=\"My Lip Filler\" \/>\n<meta property=\"article:modified_time\" content=\"2024-07-03T15:32:35+00:00\" \/>\n<meta property=\"og:image\" content=\"https:\/\/cdn.mylipfiller.com\/wp-content\/uploads\/2019\/11\/Gana-V-Line.jpg\" \/>\n\t<meta property=\"og:image:width\" content=\"600\" \/>\n\t<meta property=\"og:image:height\" content=\"600\" \/>\n\t<meta property=\"og:image:type\" content=\"image\/jpeg\" \/>\n<meta name=\"twitter:card\" content=\"summary_large_image\" \/>\n<meta name=\"twitter:label1\" content=\"Tiempo de lectura\" \/>\n\t<meta name=\"twitter:data1\" content=\"2 minutos\" \/>\n<script type=\"application\/ld+json\" class=\"yoast-schema-graph\">{\"@context\":\"https:\\\/\\\/schema.org\",\"@graph\":[{\"@type\":\"WebPage\",\"@id\":\"https:\\\/\\\/mylipfiller.com\\\/gana-v-line-10-vials-x-5ml\\\/\",\"url\":\"https:\\\/\\\/mylipfiller.com\\\/gana-v-line-10-vials-x-5ml\\\/\",\"name\":\"Buy GANA V Line (10 vials x 5ml) - Fillers from My Lip Filler\",\"isPartOf\":{\"@id\":\"https:\\\/\\\/mylipfiller.com\\\/#website\"},\"primaryImageOfPage\":{\"@id\":\"https:\\\/\\\/mylipfiller.com\\\/gana-v-line-10-vials-x-5ml\\\/#primaryimage\"},\"image\":{\"@id\":\"https:\\\/\\\/mylipfiller.com\\\/gana-v-line-10-vials-x-5ml\\\/#primaryimage\"},\"thumbnailUrl\":\"https:\\\/\\\/mylipfiller.com\\\/wp-content\\\/uploads\\\/2019\\\/11\\\/Gana-V-Line.jpg\",\"datePublished\":\"2019-11-12T13:26:10+00:00\",\"dateModified\":\"2024-07-03T15:32:35+00:00\",\"description\":\"\u2765Buy GANA V Line (10 vials x 5ml) \u23e9 My Lip Filler online store \u27a6 Quality assurance, reviews, ingredients, best prices!\",\"breadcrumb\":{\"@id\":\"https:\\\/\\\/mylipfiller.com\\\/gana-v-line-10-vials-x-5ml\\\/#breadcrumb\"},\"inLanguage\":\"es\",\"potentialAction\":[{\"@type\":\"ReadAction\",\"target\":[\"https:\\\/\\\/mylipfiller.com\\\/gana-v-line-10-vials-x-5ml\\\/\"]}]},{\"@type\":\"ImageObject\",\"inLanguage\":\"es\",\"@id\":\"https:\\\/\\\/mylipfiller.com\\\/gana-v-line-10-vials-x-5ml\\\/#primaryimage\",\"url\":\"https:\\\/\\\/mylipfiller.com\\\/wp-content\\\/uploads\\\/2019\\\/11\\\/Gana-V-Line.jpg\",\"contentUrl\":\"https:\\\/\\\/mylipfiller.com\\\/wp-content\\\/uploads\\\/2019\\\/11\\\/Gana-V-Line.jpg\",\"width\":600,\"height\":600,\"caption\":\"Gana V Line\"},{\"@type\":\"BreadcrumbList\",\"@id\":\"https:\\\/\\\/mylipfiller.com\\\/gana-v-line-10-vials-x-5ml\\\/#breadcrumb\",\"itemListElement\":[{\"@type\":\"ListItem\",\"position\":1,\"name\":\"Home\",\"item\":\"https:\\\/\\\/mylipfiller.com\\\/\"},{\"@type\":\"ListItem\",\"position\":2,\"name\":\"Shop\",\"item\":\"https:\\\/\\\/mylipfiller.com\\\/shop\\\/\"},{\"@type\":\"ListItem\",\"position\":3,\"name\":\"GANA V Line (10 vials x 5ml)\"}]},{\"@type\":\"WebSite\",\"@id\":\"https:\\\/\\\/mylipfiller.com\\\/#website\",\"url\":\"https:\\\/\\\/mylipfiller.com\\\/\",\"name\":\"My Lip Filler\",\"description\":\"Hyaluronic Acid Lip and Dermal Fillers\",\"publisher\":{\"@id\":\"https:\\\/\\\/mylipfiller.com\\\/#organization\"},\"potentialAction\":[{\"@type\":\"SearchAction\",\"target\":{\"@type\":\"EntryPoint\",\"urlTemplate\":\"https:\\\/\\\/mylipfiller.com\\\/?s={search_term_string}\"},\"query-input\":{\"@type\":\"PropertyValueSpecification\",\"valueRequired\":true,\"valueName\":\"search_term_string\"}}],\"inLanguage\":\"es\"},{\"@type\":\"Organization\",\"@id\":\"https:\\\/\\\/mylipfiller.com\\\/#organization\",\"name\":\"My Lip Filler\",\"url\":\"https:\\\/\\\/mylipfiller.com\\\/\",\"logo\":{\"@type\":\"ImageObject\",\"inLanguage\":\"es\",\"@id\":\"https:\\\/\\\/mylipfiller.com\\\/#\\\/schema\\\/logo\\\/image\\\/\",\"url\":\"https:\\\/\\\/mylipfiller.com\\\/wp-content\\\/uploads\\\/2019\\\/02\\\/cropped-My-Lip-Filler-Logo.png\",\"contentUrl\":\"https:\\\/\\\/mylipfiller.com\\\/wp-content\\\/uploads\\\/2019\\\/02\\\/cropped-My-Lip-Filler-Logo.png\",\"width\":240,\"height\":88,\"caption\":\"My Lip Filler\"},\"image\":{\"@id\":\"https:\\\/\\\/mylipfiller.com\\\/#\\\/schema\\\/logo\\\/image\\\/\"}}]}<\/script>\n<!-- \/ Yoast SEO plugin. -->","yoast_head_json":{"title":"Comprar GANA V Line (10 viales x 5ml) - Rellenos de My Lip Filler","description":"\u2765Compra GANA V Line (10 viales x 5ml) \u23e9 Tienda online My Lip Filler \u27a6 Garant\u00eda de calidad, rese\u00f1as, ingredientes, \u00a1los mejores precios!","robots":{"index":"index","follow":"follow","max-snippet":"max-snippet:-1","max-image-preview":"max-image-preview:large","max-video-preview":"max-video-preview:-1"},"canonical":"https:\/\/mylipfiller.com\/es\/gana-v-line-10-vials-x-5ml\/","og_locale":"es_MX","og_type":"article","og_title":"Buy GANA V Line (10 vials x 5ml) - Fillers from My Lip Filler","og_description":"\u2765Buy GANA V Line (10 vials x 5ml) \u23e9 My Lip Filler online store \u27a6 Quality assurance, reviews, ingredients, best prices!","og_url":"https:\/\/mylipfiller.com\/es\/gana-v-line-10-vials-x-5ml\/","og_site_name":"My Lip Filler","article_modified_time":"2024-07-03T15:32:35+00:00","og_image":[{"width":600,"height":600,"url":"https:\/\/cdn.mylipfiller.com\/wp-content\/uploads\/2019\/11\/Gana-V-Line.jpg","type":"image\/jpeg"}],"twitter_card":"summary_large_image","twitter_misc":{"Tiempo de lectura":"2 minutos"},"schema":{"@context":"https:\/\/schema.org","@graph":[{"@type":"WebPage","@id":"https:\/\/mylipfiller.com\/gana-v-line-10-vials-x-5ml\/","url":"https:\/\/mylipfiller.com\/gana-v-line-10-vials-x-5ml\/","name":"Comprar GANA V Line (10 viales x 5ml) - Rellenos de My Lip Filler","isPartOf":{"@id":"https:\/\/mylipfiller.com\/#website"},"primaryImageOfPage":{"@id":"https:\/\/mylipfiller.com\/gana-v-line-10-vials-x-5ml\/#primaryimage"},"image":{"@id":"https:\/\/mylipfiller.com\/gana-v-line-10-vials-x-5ml\/#primaryimage"},"thumbnailUrl":"https:\/\/cdn.mylipfiller.com\/wp-content\/uploads\/2019\/11\/Gana-V-Line.jpg","datePublished":"2019-11-12T13:26:10+00:00","dateModified":"2024-07-03T15:32:35+00:00","description":"\u2765Compra GANA V Line (10 viales x 5ml) \u23e9 Tienda online My Lip Filler \u27a6 Garant\u00eda de calidad, rese\u00f1as, ingredientes, \u00a1los mejores precios!","breadcrumb":{"@id":"https:\/\/mylipfiller.com\/gana-v-line-10-vials-x-5ml\/#breadcrumb"},"inLanguage":"es","potentialAction":[{"@type":"ReadAction","target":["https:\/\/mylipfiller.com\/gana-v-line-10-vials-x-5ml\/"]}]},{"@type":"ImageObject","inLanguage":"es","@id":"https:\/\/mylipfiller.com\/gana-v-line-10-vials-x-5ml\/#primaryimage","url":"https:\/\/cdn.mylipfiller.com\/wp-content\/uploads\/2019\/11\/Gana-V-Line.jpg","contentUrl":"https:\/\/cdn.mylipfiller.com\/wp-content\/uploads\/2019\/11\/Gana-V-Line.jpg","width":600,"height":600,"caption":"Gana V Line"},{"@type":"BreadcrumbList","@id":"https:\/\/mylipfiller.com\/gana-v-line-10-vials-x-5ml\/#breadcrumb","itemListElement":[{"@type":"ListItem","position":1,"name":"Home","item":"https:\/\/mylipfiller.com\/"},{"@type":"ListItem","position":2,"name":"Shop","item":"https:\/\/mylipfiller.com\/shop\/"},{"@type":"ListItem","position":3,"name":"GANA V Line (10 vials x 5ml)"}]},{"@type":"WebSite","@id":"https:\/\/mylipfiller.com\/#website","url":"https:\/\/mylipfiller.com\/","name":"Mi relleno de labios","description":"Rellenos d\u00e9rmicos y de labios con \u00e1cido hialur\u00f3nico","publisher":{"@id":"https:\/\/mylipfiller.com\/#organization"},"potentialAction":[{"@type":"SearchAction","target":{"@type":"EntryPoint","urlTemplate":"https:\/\/mylipfiller.com\/?s={search_term_string}"},"query-input":{"@type":"PropertyValueSpecification","valueRequired":true,"valueName":"search_term_string"}}],"inLanguage":"es"},{"@type":"Organization","@id":"https:\/\/mylipfiller.com\/#organization","name":"Mi relleno de labios","url":"https:\/\/mylipfiller.com\/","logo":{"@type":"ImageObject","inLanguage":"es","@id":"https:\/\/mylipfiller.com\/#\/schema\/logo\/image\/","url":"https:\/\/cdn.mylipfiller.com\/wp-content\/uploads\/2019\/02\/cropped-My-Lip-Filler-Logo.png","contentUrl":"https:\/\/cdn.mylipfiller.com\/wp-content\/uploads\/2019\/02\/cropped-My-Lip-Filler-Logo.png","width":240,"height":88,"caption":"My Lip Filler"},"image":{"@id":"https:\/\/mylipfiller.com\/#\/schema\/logo\/image\/"}}]}},"_links":{"self":[{"href":"https:\/\/mylipfiller.com\/es\/wp-json\/wp\/v2\/product\/8813","targetHints":{"allow":["GET"]}}],"collection":[{"href":"https:\/\/mylipfiller.com\/es\/wp-json\/wp\/v2\/product"}],"about":[{"href":"https:\/\/mylipfiller.com\/es\/wp-json\/wp\/v2\/types\/product"}],"wp:featuredmedia":[{"embeddable":true,"href":"https:\/\/mylipfiller.com\/es\/wp-json\/wp\/v2\/media\/8824"}],"wp:attachment":[{"href":"https:\/\/mylipfiller.com\/es\/wp-json\/wp\/v2\/media?parent=8813"}],"wp:term":[{"taxonomy":"product_brand","embeddable":true,"href":"https:\/\/mylipfiller.com\/es\/wp-json\/wp\/v2\/product_brand?post=8813"},{"taxonomy":"product_cat","embeddable":true,"href":"https:\/\/mylipfiller.com\/es\/wp-json\/wp\/v2\/product_cat?post=8813"},{"taxonomy":"product_tag","embeddable":true,"href":"https:\/\/mylipfiller.com\/es\/wp-json\/wp\/v2\/product_tag?post=8813"}],"curies":[{"name":"gracias","href":"https:\/\/api.w.org\/{rel}","templated":true}]}}