{"id":8814,"date":"2019-11-12T15:28:08","date_gmt":"2019-11-12T13:28:08","guid":{"rendered":"https:\/\/mylipfiller.com\/?post_type=product&#038;p=8814"},"modified":"2024-07-03T17:32:35","modified_gmt":"2024-07-03T15:32:35","slug":"gana-pfs-peptide-filler-1-x-1-2ml","status":"publish","type":"product","link":"https:\/\/mylipfiller.com\/es\/gana-pfs-peptide-filler-1-x-1-2ml\/","title":{"rendered":"Relleno de p\u00e9ptidos GANA PFS (1 x 1,2 ml)"},"content":{"rendered":"<h3>Los notables poderes rejuvenecedores de la piel de GANA PFS<\/h3>\n<p>Esta <u>relleno de p\u00e9ptidos de primera<\/u> by GANA R&amp;D, empresa cosmec\u00e9utica y farmac\u00e9utica pionera y reconocida internacionalmente, se aplica v\u00eda inyectada en la subcutis o en la dermis. Este es un procedimiento simple y generalmente indoloro, pero siempre debe ser realizado por un cirujano pl\u00e1stico capacitado y certificado por la junta para que los pacientes disfruten de un tratamiento sin riesgos y <em>resultados antienvejecimiento de aspecto natural<\/em>.<\/p>\n<ul>\n<li>Rellena instant\u00e1neamente las arrugas faciales<\/li>\n<li>Elimina con \u00e9xito las l\u00edneas de expresi\u00f3n (patas de gallo, pliegues nasolabiales, etc.)<\/li>\n<li>Mejora de forma segura el equilibrio h\u00eddrico y la elasticidad de la piel.<\/li>\n<li>Proporciona un poderoso efecto lifting facial.<\/li>\n<li>Regenera eficazmente las c\u00e9lulas cut\u00e1neas da\u00f1adas<\/li>\n<li>Acelera naturalmente el proceso de cicatrizaci\u00f3n de heridas<\/li>\n<\/ul>\n<p>Algunos de los incre\u00edbles efectos rejuvenecedores de la piel de GANA PFS, como su asombrosa capacidad de relleno de arrugas, se pueden notar inmediatamente despu\u00e9s del procedimiento de inyecci\u00f3n inicial. Otro, como su <u>correcci\u00f3n de la l\u00ednea de expresi\u00f3n<\/u> y los poderes de regeneraci\u00f3n de la piel brindan resultados m\u00e1s graduales pero duraderos.<\/p>\n<h3>Un relleno pept\u00eddico rico en HA<\/h3>\n<p>El secreto detr\u00e1s de los efectos cosm\u00e9ticos rejuvenecedores y regeneradores faciales duraderos de GANA PFS est\u00e1 escondido en sus ingredientes.<\/p>\n<ul>\n<li><strong>\u00c1cido hialur\u00f3nico<\/strong> - una sustancia 100% biocompatible y biodegradable con propiedades hidratantes y de relleno<\/li>\n<li><strong>Acetil hexap\u00e9ptido-8<\/strong> - un p\u00e9ptido beneficioso para la salud que relaja los m\u00fasculos faciales, eliminando as\u00ed arrugas y l\u00edneas din\u00e1micas<\/li>\n<li><strong>Palmitoil tetrap\u00e9ptido-7<\/strong> - un p\u00e9ptido impresionante que ralentiza el proceso de envejecimiento<\/li>\n<li><strong>Palmitoil pentap\u00e9ptido-4<\/strong> - un p\u00e9ptido valioso que renueva la proliferaci\u00f3n de c\u00e9lulas de la piel y aumenta la producci\u00f3n de col\u00e1geno, HA, glicosaminoglicanos y elastina<\/li>\n<\/ul>","protected":false},"excerpt":{"rendered":"<p>\u00a1Haga a un lado los rellenos HA! Hay un nuevo rey en el <strong>inyecci\u00f3n de relleno de primera calidad<\/strong> mercado y su nombre es GANA PFS. A pesar de que este confiable producto anti-envejecimiento presenta \u00c1cido Hialur\u00f3nico purificado en su composici\u00f3n, su <em>habilidades antiarrugas dif\u00edciles de superar<\/em> provienen principalmente de su f\u00f3rmula llena de p\u00e9ptidos. Ahora tambi\u00e9n distribuido por My Lip Filler, este producto de rejuvenecimiento cosm\u00e9tico optimizado contiene tres ingredientes a base de p\u00e9ptidos. Entre ellos se encuentra AH8, que ha demostrado tener poderes antienvejecimiento como los de las inyecciones de toxina botul\u00ednica.<\/p>","protected":false},"featured_media":8825,"template":"","meta":{"_acf_changed":false},"product_brand":[],"product_cat":[52,162,18,32],"product_tag":[144,111,126,151,117,145,143,146,137,119,148],"class_list":{"0":"post-8814","1":"product","2":"type-product","3":"status-publish","4":"has-post-thumbnail","6":"product_cat-gana","7":"product_cat-gana-rd","8":"product_cat-mesotherapy","9":"product_cat-soft","10":"product_tag-anti-wrinkle","11":"product_tag-face","12":"product_tag-fine-lines","13":"product_tag-hyaluronic-acid-ha-fillers","14":"product_tag-low-density","15":"product_tag-nourishing","16":"product_tag-rejuvenating","17":"product_tag-smoothing","18":"product_tag-south-korea","19":"product_tag-up-to-9-months","20":"product_tag-upper-dermis","22":"first","23":"outofstock","24":"taxable","25":"shipping-taxable","26":"purchasable","27":"product-type-simple"},"acf":[],"yoast_head":"<!-- This site is optimized with the Yoast SEO plugin v27.4 - https:\/\/yoast.com\/product\/yoast-seo-wordpress\/ -->\n<title>Buy GANA PFS Peptide Filler (1 x 1.2ml) - Fillers from My Lip Filler<\/title>\n<meta name=\"description\" content=\"\u2765Buy GANA PFS Peptide Filler (1 x 1.2ml) \u23e9 My Lip Filler online store \u27a6 Quality assurance, reviews, ingredients, best prices!\" \/>\n<meta name=\"robots\" content=\"index, follow, max-snippet:-1, max-image-preview:large, max-video-preview:-1\" \/>\n<link rel=\"canonical\" href=\"https:\/\/mylipfiller.com\/es\/gana-pfs-peptide-filler-1-x-1-2ml\/\" \/>\n<meta property=\"og:locale\" content=\"es_MX\" \/>\n<meta property=\"og:type\" content=\"article\" \/>\n<meta property=\"og:title\" content=\"Buy GANA PFS Peptide Filler (1 x 1.2ml) - Fillers from My Lip Filler\" \/>\n<meta property=\"og:description\" content=\"\u2765Buy GANA PFS Peptide Filler (1 x 1.2ml) \u23e9 My Lip Filler online store \u27a6 Quality assurance, reviews, ingredients, best prices!\" \/>\n<meta property=\"og:url\" content=\"https:\/\/mylipfiller.com\/es\/gana-pfs-peptide-filler-1-x-1-2ml\/\" \/>\n<meta property=\"og:site_name\" content=\"My Lip Filler\" \/>\n<meta property=\"article:modified_time\" content=\"2024-07-03T15:32:35+00:00\" \/>\n<meta property=\"og:image\" content=\"https:\/\/cdn.mylipfiller.com\/wp-content\/uploads\/2019\/11\/Gana-PFS.jpg\" \/>\n\t<meta property=\"og:image:width\" content=\"600\" \/>\n\t<meta property=\"og:image:height\" content=\"600\" \/>\n\t<meta property=\"og:image:type\" content=\"image\/jpeg\" \/>\n<meta name=\"twitter:card\" content=\"summary_large_image\" \/>\n<meta name=\"twitter:label1\" content=\"Tiempo de lectura\" \/>\n\t<meta name=\"twitter:data1\" content=\"2 minutos\" \/>\n<script type=\"application\/ld+json\" class=\"yoast-schema-graph\">{\"@context\":\"https:\\\/\\\/schema.org\",\"@graph\":[{\"@type\":\"WebPage\",\"@id\":\"https:\\\/\\\/mylipfiller.com\\\/gana-pfs-peptide-filler-1-x-1-2ml\\\/\",\"url\":\"https:\\\/\\\/mylipfiller.com\\\/gana-pfs-peptide-filler-1-x-1-2ml\\\/\",\"name\":\"Buy GANA PFS Peptide Filler (1 x 1.2ml) - Fillers from My Lip Filler\",\"isPartOf\":{\"@id\":\"https:\\\/\\\/mylipfiller.com\\\/#website\"},\"primaryImageOfPage\":{\"@id\":\"https:\\\/\\\/mylipfiller.com\\\/gana-pfs-peptide-filler-1-x-1-2ml\\\/#primaryimage\"},\"image\":{\"@id\":\"https:\\\/\\\/mylipfiller.com\\\/gana-pfs-peptide-filler-1-x-1-2ml\\\/#primaryimage\"},\"thumbnailUrl\":\"https:\\\/\\\/mylipfiller.com\\\/wp-content\\\/uploads\\\/2019\\\/11\\\/Gana-PFS.jpg\",\"datePublished\":\"2019-11-12T13:28:08+00:00\",\"dateModified\":\"2024-07-03T15:32:35+00:00\",\"description\":\"\u2765Buy GANA PFS Peptide Filler (1 x 1.2ml) \u23e9 My Lip Filler online store \u27a6 Quality assurance, reviews, ingredients, best prices!\",\"breadcrumb\":{\"@id\":\"https:\\\/\\\/mylipfiller.com\\\/gana-pfs-peptide-filler-1-x-1-2ml\\\/#breadcrumb\"},\"inLanguage\":\"es\",\"potentialAction\":[{\"@type\":\"ReadAction\",\"target\":[\"https:\\\/\\\/mylipfiller.com\\\/gana-pfs-peptide-filler-1-x-1-2ml\\\/\"]}]},{\"@type\":\"ImageObject\",\"inLanguage\":\"es\",\"@id\":\"https:\\\/\\\/mylipfiller.com\\\/gana-pfs-peptide-filler-1-x-1-2ml\\\/#primaryimage\",\"url\":\"https:\\\/\\\/mylipfiller.com\\\/wp-content\\\/uploads\\\/2019\\\/11\\\/Gana-PFS.jpg\",\"contentUrl\":\"https:\\\/\\\/mylipfiller.com\\\/wp-content\\\/uploads\\\/2019\\\/11\\\/Gana-PFS.jpg\",\"width\":600,\"height\":600,\"caption\":\"Gana PFS\"},{\"@type\":\"BreadcrumbList\",\"@id\":\"https:\\\/\\\/mylipfiller.com\\\/gana-pfs-peptide-filler-1-x-1-2ml\\\/#breadcrumb\",\"itemListElement\":[{\"@type\":\"ListItem\",\"position\":1,\"name\":\"Home\",\"item\":\"https:\\\/\\\/mylipfiller.com\\\/\"},{\"@type\":\"ListItem\",\"position\":2,\"name\":\"Shop\",\"item\":\"https:\\\/\\\/mylipfiller.com\\\/shop\\\/\"},{\"@type\":\"ListItem\",\"position\":3,\"name\":\"GANA PFS Peptide Filler (1 x 1.2ml)\"}]},{\"@type\":\"WebSite\",\"@id\":\"https:\\\/\\\/mylipfiller.com\\\/#website\",\"url\":\"https:\\\/\\\/mylipfiller.com\\\/\",\"name\":\"My Lip Filler\",\"description\":\"Hyaluronic Acid Lip and Dermal Fillers\",\"publisher\":{\"@id\":\"https:\\\/\\\/mylipfiller.com\\\/#organization\"},\"potentialAction\":[{\"@type\":\"SearchAction\",\"target\":{\"@type\":\"EntryPoint\",\"urlTemplate\":\"https:\\\/\\\/mylipfiller.com\\\/?s={search_term_string}\"},\"query-input\":{\"@type\":\"PropertyValueSpecification\",\"valueRequired\":true,\"valueName\":\"search_term_string\"}}],\"inLanguage\":\"es\"},{\"@type\":\"Organization\",\"@id\":\"https:\\\/\\\/mylipfiller.com\\\/#organization\",\"name\":\"My Lip Filler\",\"url\":\"https:\\\/\\\/mylipfiller.com\\\/\",\"logo\":{\"@type\":\"ImageObject\",\"inLanguage\":\"es\",\"@id\":\"https:\\\/\\\/mylipfiller.com\\\/#\\\/schema\\\/logo\\\/image\\\/\",\"url\":\"https:\\\/\\\/mylipfiller.com\\\/wp-content\\\/uploads\\\/2019\\\/02\\\/cropped-My-Lip-Filler-Logo.png\",\"contentUrl\":\"https:\\\/\\\/mylipfiller.com\\\/wp-content\\\/uploads\\\/2019\\\/02\\\/cropped-My-Lip-Filler-Logo.png\",\"width\":240,\"height\":88,\"caption\":\"My Lip Filler\"},\"image\":{\"@id\":\"https:\\\/\\\/mylipfiller.com\\\/#\\\/schema\\\/logo\\\/image\\\/\"}}]}<\/script>\n<!-- \/ Yoast SEO plugin. -->","yoast_head_json":{"title":"Compre relleno de p\u00e9ptidos GANA PFS (1 x 1,2 ml) - Rellenos de My Lip Filler","description":"\u2765Compre GANA PFS Relleno de p\u00e9ptidos (1 x 1,2 ml) \u23e9 Tienda online My Lip Filler \u27a6 Garant\u00eda de calidad, rese\u00f1as, ingredientes, \u00a1los mejores precios!","robots":{"index":"index","follow":"follow","max-snippet":"max-snippet:-1","max-image-preview":"max-image-preview:large","max-video-preview":"max-video-preview:-1"},"canonical":"https:\/\/mylipfiller.com\/es\/gana-pfs-peptide-filler-1-x-1-2ml\/","og_locale":"es_MX","og_type":"article","og_title":"Buy GANA PFS Peptide Filler (1 x 1.2ml) - Fillers from My Lip Filler","og_description":"\u2765Buy GANA PFS Peptide Filler (1 x 1.2ml) \u23e9 My Lip Filler online store \u27a6 Quality assurance, reviews, ingredients, best prices!","og_url":"https:\/\/mylipfiller.com\/es\/gana-pfs-peptide-filler-1-x-1-2ml\/","og_site_name":"My Lip Filler","article_modified_time":"2024-07-03T15:32:35+00:00","og_image":[{"width":600,"height":600,"url":"https:\/\/cdn.mylipfiller.com\/wp-content\/uploads\/2019\/11\/Gana-PFS.jpg","type":"image\/jpeg"}],"twitter_card":"summary_large_image","twitter_misc":{"Tiempo de lectura":"2 minutos"},"schema":{"@context":"https:\/\/schema.org","@graph":[{"@type":"WebPage","@id":"https:\/\/mylipfiller.com\/gana-pfs-peptide-filler-1-x-1-2ml\/","url":"https:\/\/mylipfiller.com\/gana-pfs-peptide-filler-1-x-1-2ml\/","name":"Compre relleno de p\u00e9ptidos GANA PFS (1 x 1,2 ml) - Rellenos de My Lip Filler","isPartOf":{"@id":"https:\/\/mylipfiller.com\/#website"},"primaryImageOfPage":{"@id":"https:\/\/mylipfiller.com\/gana-pfs-peptide-filler-1-x-1-2ml\/#primaryimage"},"image":{"@id":"https:\/\/mylipfiller.com\/gana-pfs-peptide-filler-1-x-1-2ml\/#primaryimage"},"thumbnailUrl":"https:\/\/cdn.mylipfiller.com\/wp-content\/uploads\/2019\/11\/Gana-PFS.jpg","datePublished":"2019-11-12T13:28:08+00:00","dateModified":"2024-07-03T15:32:35+00:00","description":"\u2765Compre GANA PFS Relleno de p\u00e9ptidos (1 x 1,2 ml) \u23e9 Tienda online My Lip Filler \u27a6 Garant\u00eda de calidad, rese\u00f1as, ingredientes, \u00a1los mejores precios!","breadcrumb":{"@id":"https:\/\/mylipfiller.com\/gana-pfs-peptide-filler-1-x-1-2ml\/#breadcrumb"},"inLanguage":"es","potentialAction":[{"@type":"ReadAction","target":["https:\/\/mylipfiller.com\/gana-pfs-peptide-filler-1-x-1-2ml\/"]}]},{"@type":"ImageObject","inLanguage":"es","@id":"https:\/\/mylipfiller.com\/gana-pfs-peptide-filler-1-x-1-2ml\/#primaryimage","url":"https:\/\/cdn.mylipfiller.com\/wp-content\/uploads\/2019\/11\/Gana-PFS.jpg","contentUrl":"https:\/\/cdn.mylipfiller.com\/wp-content\/uploads\/2019\/11\/Gana-PFS.jpg","width":600,"height":600,"caption":"Gana PFS"},{"@type":"BreadcrumbList","@id":"https:\/\/mylipfiller.com\/gana-pfs-peptide-filler-1-x-1-2ml\/#breadcrumb","itemListElement":[{"@type":"ListItem","position":1,"name":"Home","item":"https:\/\/mylipfiller.com\/"},{"@type":"ListItem","position":2,"name":"Shop","item":"https:\/\/mylipfiller.com\/shop\/"},{"@type":"ListItem","position":3,"name":"GANA PFS Peptide Filler (1 x 1.2ml)"}]},{"@type":"WebSite","@id":"https:\/\/mylipfiller.com\/#website","url":"https:\/\/mylipfiller.com\/","name":"Mi relleno de labios","description":"Rellenos d\u00e9rmicos y de labios con \u00e1cido hialur\u00f3nico","publisher":{"@id":"https:\/\/mylipfiller.com\/#organization"},"potentialAction":[{"@type":"SearchAction","target":{"@type":"EntryPoint","urlTemplate":"https:\/\/mylipfiller.com\/?s={search_term_string}"},"query-input":{"@type":"PropertyValueSpecification","valueRequired":true,"valueName":"search_term_string"}}],"inLanguage":"es"},{"@type":"Organization","@id":"https:\/\/mylipfiller.com\/#organization","name":"Mi relleno de labios","url":"https:\/\/mylipfiller.com\/","logo":{"@type":"ImageObject","inLanguage":"es","@id":"https:\/\/mylipfiller.com\/#\/schema\/logo\/image\/","url":"https:\/\/cdn.mylipfiller.com\/wp-content\/uploads\/2019\/02\/cropped-My-Lip-Filler-Logo.png","contentUrl":"https:\/\/cdn.mylipfiller.com\/wp-content\/uploads\/2019\/02\/cropped-My-Lip-Filler-Logo.png","width":240,"height":88,"caption":"My Lip Filler"},"image":{"@id":"https:\/\/mylipfiller.com\/#\/schema\/logo\/image\/"}}]}},"_links":{"self":[{"href":"https:\/\/mylipfiller.com\/es\/wp-json\/wp\/v2\/product\/8814","targetHints":{"allow":["GET"]}}],"collection":[{"href":"https:\/\/mylipfiller.com\/es\/wp-json\/wp\/v2\/product"}],"about":[{"href":"https:\/\/mylipfiller.com\/es\/wp-json\/wp\/v2\/types\/product"}],"wp:featuredmedia":[{"embeddable":true,"href":"https:\/\/mylipfiller.com\/es\/wp-json\/wp\/v2\/media\/8825"}],"wp:attachment":[{"href":"https:\/\/mylipfiller.com\/es\/wp-json\/wp\/v2\/media?parent=8814"}],"wp:term":[{"taxonomy":"product_brand","embeddable":true,"href":"https:\/\/mylipfiller.com\/es\/wp-json\/wp\/v2\/product_brand?post=8814"},{"taxonomy":"product_cat","embeddable":true,"href":"https:\/\/mylipfiller.com\/es\/wp-json\/wp\/v2\/product_cat?post=8814"},{"taxonomy":"product_tag","embeddable":true,"href":"https:\/\/mylipfiller.com\/es\/wp-json\/wp\/v2\/product_tag?post=8814"}],"curies":[{"name":"gracias","href":"https:\/\/api.w.org\/{rel}","templated":true}]}}