{"id":9303,"date":"2019-11-20T16:14:15","date_gmt":"2019-11-20T14:14:15","guid":{"rendered":"https:\/\/mylipfiller.com\/?post_type=product&#038;p=9303"},"modified":"2024-08-07T10:39:13","modified_gmt":"2024-08-07T08:39:13","slug":"aqualyx-10-x-5ml","status":"publish","type":"product","link":"https:\/\/mylipfiller.com\/es\/aqualyx-10-x-5ml\/","title":{"rendered":"Aqualyx (10 x 5 ml)"},"content":{"rendered":"<h3>Sitios de destino<\/h3>\n<p>Una sesi\u00f3n de tratamiento con Aqualyx no suele tardar m\u00e1s de una hora y debe ser realizada por un cirujano est\u00e9tico certificado y cualificado para aplicar Intralipoterapia en la pr\u00e1ctica. Para <u>destruir con seguridad las c\u00e9lulas grasas <\/u>y eliminar los dep\u00f3sitos de grasa localizados en el cuerpo, este producto debe ser <em>inyectado en el tejido adiposo de la<\/em>:<\/p>\n<ul>\n<li>Caderas<\/li>\n<li>Rodilla<\/li>\n<li>Barbilla<\/li>\n<li>Est\u00f3mago<\/li>\n<li>atr\u00e1s<\/li>\n<li>Zona debajo de las nalgas<\/li>\n<li>Brazos<\/li>\n<\/ul>\n<h3>\u00bfPor qu\u00e9 Aqualyx no contiene PC?<\/h3>\n<p>La fosfatidilcolina o PC es un ingrediente que se encuentra com\u00fanmente en una larga lista de inyectables lipol\u00edticos de alta calidad en la actualidad. Aqualyx no se encuentra entre ellos porque es un producto innovador que est\u00e1 dise\u00f1ado teniendo en cuenta <em>los \u00faltimos descubrimientos cient\u00edficos<\/em>, uno de los cuales es que el PC solo tiene un prop\u00f3sito liposint\u00e9tico y no lipol\u00edtico. Eso lo hace menos efectivo en la reducci\u00f3n m\u00ednimamente invasiva de bolsas de grasa en el cuerpo de lo que se pensaba anteriormente. Para <u>garantizar resultados de tratamiento duraderos<\/u>, este revolucionario producto para la resoluci\u00f3n de grasas se basa en los siguientes ingredientes:<\/p>\n<ul>\n<li>5% de sal s\u00f3dica del \u00e1cido (12\u03b1, 5\u03b1, 3\u03b1) - 3, 12-dihidroxi-5-colan-24-\u00e1cido<\/li>\n<li>5% de pol\u00edmero de 3, 6-anhidro-D-galactosa y L-galactosa<\/li>\n<li>87% de agua para preparaciones inyectables<\/li>\n<li>2% de soluci\u00f3n tamp\u00f3n<\/li>\n<li>8% de cloruro de sodio<\/li>\n<\/ul>\n<p>Cada caja de Aqualyx debe tener un holograma para demostrar que el producto no es falso. Nosotros, desde My Lip Filler, ofrecemos solo soluciones est\u00e9ticas a nuestros clientes.<\/p>","protected":false},"excerpt":{"rendered":"<p>Dep\u00f3sitos de grasa molestos en el <em>muslos, vientre, espalda y debajo del ment\u00f3n<\/em> Ahora se puede eliminar r\u00e1pidamente sin cirug\u00eda ni dolor y, por eso, Aqualyx es el \u00fanico producto al que se puede culpar. Ahora distribuido por My Lip Filler, este <strong>pionero inyectable que disuelve la grasa<\/strong> se basa en la Intralipoterapia y la sonificaci\u00f3n del tejido adiposo para reducir la aparici\u00f3n de vientos bingo, papada y otros problemas de adiposidad localizados. Un tratamiento m\u00ednimamente invasivo con este producto es econ\u00f3mico, r\u00e1pido y sin dolor.<\/p>","protected":false},"featured_media":9304,"template":"","meta":{"_acf_changed":false},"product_brand":[],"product_cat":[66,89,154,18],"product_tag":[91,149],"class_list":{"0":"post-9303","1":"product","2":"type-product","3":"status-publish","4":"has-post-thumbnail","6":"product_cat-aqualyx","7":"product_cat-big-holiday-sale","8":"product_cat-marllor","9":"product_cat-mesotherapy","10":"product_tag-91","11":"product_tag-volume-5-ml","13":"first","14":"instock","15":"sale","16":"taxable","17":"shipping-taxable","18":"purchasable","19":"product-type-simple"},"acf":[],"yoast_head":"<!-- This site is optimized with the Yoast SEO plugin v27.2 - https:\/\/yoast.com\/product\/yoast-seo-wordpress\/ -->\n<title>Aqualyx - Buy Aqualyx Injections &amp; Fat Dissolving Solutions at My Lip Filler<\/title>\n<meta name=\"description\" content=\"Get Aqualyx for effective fat dissolving with Aqualyx Injections. Buy now at My Lip Filler for top-quality results and great deals!\" \/>\n<meta name=\"robots\" content=\"index, follow, max-snippet:-1, max-image-preview:large, max-video-preview:-1\" \/>\n<link rel=\"canonical\" href=\"https:\/\/mylipfiller.com\/es\/aqualyx-10-x-5ml\/\" \/>\n<meta property=\"og:locale\" content=\"es_MX\" \/>\n<meta property=\"og:type\" content=\"article\" \/>\n<meta property=\"og:title\" content=\"Aqualyx - Buy Aqualyx Injections &amp; Fat Dissolving Solutions at My Lip Filler\" \/>\n<meta property=\"og:description\" content=\"Get Aqualyx for effective fat dissolving with Aqualyx Injections. Buy now at My Lip Filler for top-quality results and great deals!\" \/>\n<meta property=\"og:url\" content=\"https:\/\/mylipfiller.com\/es\/aqualyx-10-x-5ml\/\" \/>\n<meta property=\"og:site_name\" content=\"My Lip Filler\" \/>\n<meta property=\"article:modified_time\" content=\"2024-08-07T08:39:13+00:00\" \/>\n<meta property=\"og:image\" content=\"https:\/\/cdn.mylipfiller.com\/wp-content\/uploads\/2019\/11\/Aqualyx.jpg\" \/>\n\t<meta property=\"og:image:width\" content=\"600\" \/>\n\t<meta property=\"og:image:height\" content=\"600\" \/>\n\t<meta property=\"og:image:type\" content=\"image\/jpeg\" \/>\n<meta name=\"twitter:card\" content=\"summary_large_image\" \/>\n<meta name=\"twitter:label1\" content=\"Tiempo de lectura\" \/>\n\t<meta name=\"twitter:data1\" content=\"2 minutos\" \/>\n<script type=\"application\/ld+json\" class=\"yoast-schema-graph\">{\"@context\":\"https:\/\/schema.org\",\"@graph\":[{\"@type\":\"WebPage\",\"@id\":\"https:\/\/mylipfiller.com\/aqualyx-10-x-5ml\/\",\"url\":\"https:\/\/mylipfiller.com\/aqualyx-10-x-5ml\/\",\"name\":\"Aqualyx - Buy Aqualyx Injections & Fat Dissolving Solutions at My Lip Filler\",\"isPartOf\":{\"@id\":\"https:\/\/mylipfiller.com\/#website\"},\"primaryImageOfPage\":{\"@id\":\"https:\/\/mylipfiller.com\/aqualyx-10-x-5ml\/#primaryimage\"},\"image\":{\"@id\":\"https:\/\/mylipfiller.com\/aqualyx-10-x-5ml\/#primaryimage\"},\"thumbnailUrl\":\"https:\/\/cdn.mylipfiller.com\/wp-content\/uploads\/2019\/11\/Aqualyx.jpg\",\"datePublished\":\"2019-11-20T14:14:15+00:00\",\"dateModified\":\"2024-08-07T08:39:13+00:00\",\"description\":\"Get Aqualyx for effective fat dissolving with Aqualyx Injections. Buy now at My Lip Filler for top-quality results and great deals!\",\"breadcrumb\":{\"@id\":\"https:\/\/mylipfiller.com\/aqualyx-10-x-5ml\/#breadcrumb\"},\"inLanguage\":\"es\",\"potentialAction\":[{\"@type\":\"ReadAction\",\"target\":[\"https:\/\/mylipfiller.com\/aqualyx-10-x-5ml\/\"]}]},{\"@type\":\"ImageObject\",\"inLanguage\":\"es\",\"@id\":\"https:\/\/mylipfiller.com\/aqualyx-10-x-5ml\/#primaryimage\",\"url\":\"https:\/\/cdn.mylipfiller.com\/wp-content\/uploads\/2019\/11\/Aqualyx.jpg\",\"contentUrl\":\"https:\/\/cdn.mylipfiller.com\/wp-content\/uploads\/2019\/11\/Aqualyx.jpg\",\"width\":600,\"height\":600,\"caption\":\"Aqualyx\"},{\"@type\":\"BreadcrumbList\",\"@id\":\"https:\/\/mylipfiller.com\/aqualyx-10-x-5ml\/#breadcrumb\",\"itemListElement\":[{\"@type\":\"ListItem\",\"position\":1,\"name\":\"Home\",\"item\":\"https:\/\/mylipfiller.com\/\"},{\"@type\":\"ListItem\",\"position\":2,\"name\":\"Shop\",\"item\":\"https:\/\/mylipfiller.com\/shop\/\"},{\"@type\":\"ListItem\",\"position\":3,\"name\":\"Aqualyx (10 x 5ml)\"}]},{\"@type\":\"WebSite\",\"@id\":\"https:\/\/mylipfiller.com\/#website\",\"url\":\"https:\/\/mylipfiller.com\/\",\"name\":\"My Lip Filler\",\"description\":\"Hyaluronic Acid Lip and Dermal Fillers\",\"publisher\":{\"@id\":\"https:\/\/mylipfiller.com\/#organization\"},\"potentialAction\":[{\"@type\":\"SearchAction\",\"target\":{\"@type\":\"EntryPoint\",\"urlTemplate\":\"https:\/\/mylipfiller.com\/?s={search_term_string}\"},\"query-input\":{\"@type\":\"PropertyValueSpecification\",\"valueRequired\":true,\"valueName\":\"search_term_string\"}}],\"inLanguage\":\"es\"},{\"@type\":\"Organization\",\"@id\":\"https:\/\/mylipfiller.com\/#organization\",\"name\":\"My Lip Filler\",\"url\":\"https:\/\/mylipfiller.com\/\",\"logo\":{\"@type\":\"ImageObject\",\"inLanguage\":\"es\",\"@id\":\"https:\/\/mylipfiller.com\/#\/schema\/logo\/image\/\",\"url\":\"https:\/\/cdn.mylipfiller.com\/wp-content\/uploads\/2019\/02\/cropped-My-Lip-Filler-Logo.png\",\"contentUrl\":\"https:\/\/cdn.mylipfiller.com\/wp-content\/uploads\/2019\/02\/cropped-My-Lip-Filler-Logo.png\",\"width\":240,\"height\":88,\"caption\":\"My Lip Filler\"},\"image\":{\"@id\":\"https:\/\/mylipfiller.com\/#\/schema\/logo\/image\/\"}}]}<\/script>\n<!-- \/ Yoast SEO plugin. -->","yoast_head_json":{"title":"Aqualyx - Compre inyecciones Aqualyx y soluciones para disolver grasas en My Lip Filler","description":"Obtenga Aqualyx para disolver eficazmente la grasa con las inyecciones de Aqualyx. \u00a1Compre ahora en My Lip Filler para obtener resultados de alta calidad y grandes ofertas!","robots":{"index":"index","follow":"follow","max-snippet":"max-snippet:-1","max-image-preview":"max-image-preview:large","max-video-preview":"max-video-preview:-1"},"canonical":"https:\/\/mylipfiller.com\/es\/aqualyx-10-x-5ml\/","og_locale":"es_MX","og_type":"article","og_title":"Aqualyx - Buy Aqualyx Injections & Fat Dissolving Solutions at My Lip Filler","og_description":"Get Aqualyx for effective fat dissolving with Aqualyx Injections. Buy now at My Lip Filler for top-quality results and great deals!","og_url":"https:\/\/mylipfiller.com\/es\/aqualyx-10-x-5ml\/","og_site_name":"My Lip Filler","article_modified_time":"2024-08-07T08:39:13+00:00","og_image":[{"width":600,"height":600,"url":"https:\/\/cdn.mylipfiller.com\/wp-content\/uploads\/2019\/11\/Aqualyx.jpg","type":"image\/jpeg"}],"twitter_card":"summary_large_image","twitter_misc":{"Tiempo de lectura":"2 minutos"},"schema":{"@context":"https:\/\/schema.org","@graph":[{"@type":"WebPage","@id":"https:\/\/mylipfiller.com\/aqualyx-10-x-5ml\/","url":"https:\/\/mylipfiller.com\/aqualyx-10-x-5ml\/","name":"Aqualyx - Compre inyecciones Aqualyx y soluciones para disolver grasas en My Lip Filler","isPartOf":{"@id":"https:\/\/mylipfiller.com\/#website"},"primaryImageOfPage":{"@id":"https:\/\/mylipfiller.com\/aqualyx-10-x-5ml\/#primaryimage"},"image":{"@id":"https:\/\/mylipfiller.com\/aqualyx-10-x-5ml\/#primaryimage"},"thumbnailUrl":"https:\/\/cdn.mylipfiller.com\/wp-content\/uploads\/2019\/11\/Aqualyx.jpg","datePublished":"2019-11-20T14:14:15+00:00","dateModified":"2024-08-07T08:39:13+00:00","description":"Obtenga Aqualyx para disolver eficazmente la grasa con las inyecciones de Aqualyx. \u00a1Compre ahora en My Lip Filler para obtener resultados de alta calidad y grandes ofertas!","breadcrumb":{"@id":"https:\/\/mylipfiller.com\/aqualyx-10-x-5ml\/#breadcrumb"},"inLanguage":"es","potentialAction":[{"@type":"ReadAction","target":["https:\/\/mylipfiller.com\/aqualyx-10-x-5ml\/"]}]},{"@type":"ImageObject","inLanguage":"es","@id":"https:\/\/mylipfiller.com\/aqualyx-10-x-5ml\/#primaryimage","url":"https:\/\/cdn.mylipfiller.com\/wp-content\/uploads\/2019\/11\/Aqualyx.jpg","contentUrl":"https:\/\/cdn.mylipfiller.com\/wp-content\/uploads\/2019\/11\/Aqualyx.jpg","width":600,"height":600,"caption":"Aqualyx"},{"@type":"BreadcrumbList","@id":"https:\/\/mylipfiller.com\/aqualyx-10-x-5ml\/#breadcrumb","itemListElement":[{"@type":"ListItem","position":1,"name":"Home","item":"https:\/\/mylipfiller.com\/"},{"@type":"ListItem","position":2,"name":"Shop","item":"https:\/\/mylipfiller.com\/shop\/"},{"@type":"ListItem","position":3,"name":"Aqualyx (10 x 5ml)"}]},{"@type":"WebSite","@id":"https:\/\/mylipfiller.com\/#website","url":"https:\/\/mylipfiller.com\/","name":"Mi relleno de labios","description":"Rellenos d\u00e9rmicos y de labios con \u00e1cido hialur\u00f3nico","publisher":{"@id":"https:\/\/mylipfiller.com\/#organization"},"potentialAction":[{"@type":"SearchAction","target":{"@type":"EntryPoint","urlTemplate":"https:\/\/mylipfiller.com\/?s={search_term_string}"},"query-input":{"@type":"PropertyValueSpecification","valueRequired":true,"valueName":"search_term_string"}}],"inLanguage":"es"},{"@type":"Organization","@id":"https:\/\/mylipfiller.com\/#organization","name":"Mi relleno de labios","url":"https:\/\/mylipfiller.com\/","logo":{"@type":"ImageObject","inLanguage":"es","@id":"https:\/\/mylipfiller.com\/#\/schema\/logo\/image\/","url":"https:\/\/cdn.mylipfiller.com\/wp-content\/uploads\/2019\/02\/cropped-My-Lip-Filler-Logo.png","contentUrl":"https:\/\/cdn.mylipfiller.com\/wp-content\/uploads\/2019\/02\/cropped-My-Lip-Filler-Logo.png","width":240,"height":88,"caption":"My Lip Filler"},"image":{"@id":"https:\/\/mylipfiller.com\/#\/schema\/logo\/image\/"}}]}},"_links":{"self":[{"href":"https:\/\/mylipfiller.com\/es\/wp-json\/wp\/v2\/product\/9303","targetHints":{"allow":["GET"]}}],"collection":[{"href":"https:\/\/mylipfiller.com\/es\/wp-json\/wp\/v2\/product"}],"about":[{"href":"https:\/\/mylipfiller.com\/es\/wp-json\/wp\/v2\/types\/product"}],"wp:featuredmedia":[{"embeddable":true,"href":"https:\/\/mylipfiller.com\/es\/wp-json\/wp\/v2\/media\/9304"}],"wp:attachment":[{"href":"https:\/\/mylipfiller.com\/es\/wp-json\/wp\/v2\/media?parent=9303"}],"wp:term":[{"taxonomy":"product_brand","embeddable":true,"href":"https:\/\/mylipfiller.com\/es\/wp-json\/wp\/v2\/product_brand?post=9303"},{"taxonomy":"product_cat","embeddable":true,"href":"https:\/\/mylipfiller.com\/es\/wp-json\/wp\/v2\/product_cat?post=9303"},{"taxonomy":"product_tag","embeddable":true,"href":"https:\/\/mylipfiller.com\/es\/wp-json\/wp\/v2\/product_tag?post=9303"}],"curies":[{"name":"gracias","href":"https:\/\/api.w.org\/{rel}","templated":true}]}}