{"id":9839,"date":"2019-11-29T17:40:44","date_gmt":"2019-11-29T15:40:44","guid":{"rendered":"https:\/\/mylipfiller.com\/?post_type=product&#038;p=9839"},"modified":"2024-07-03T17:32:35","modified_gmt":"2024-07-03T15:32:35","slug":"hyafilia-petit-plus-lidocaine-1-x-1ml","status":"publish","type":"product","link":"https:\/\/mylipfiller.com\/es\/hyafilia-petit-plus-lidocaine-1-x-1ml\/","title":{"rendered":"HyaFilia Petit Plus Lidoca\u00edna (1 x 1 ml)"},"content":{"rendered":"<h3>Eliminaci\u00f3n instant\u00e1nea de l\u00edneas finas y arrugas<\/h3>\n<p>Las arrugas superficiales pueden aparecer como parte del proceso de envejecimiento natural o tambi\u00e9n pueden ser un signo de envejecimiento prematuro o fotoenvejecimiento. Dado que se forman en la capa superficial de la dermis, la cirug\u00eda pl\u00e1stica no constituye una buena soluci\u00f3n para su correcci\u00f3n. Aqu\u00ed es donde interviene HyaFilia Petit con Lidocaine Plus de CHA Meditech. Es una s\u00f3lida inyecci\u00f3n de relleno a base de HA que llena las depresiones y l\u00edneas superficiales en la piel de la cara y el cuerpo (<em>escote, cuello y dorso de manos<\/em>). El tratamiento en s\u00ed debe ser realizado por un cirujano pl\u00e1stico capacitado y experimentado y generalmente requiere <u>menos de media hora<\/u> completar. El \u00e1cido hialur\u00f3nico no animal (reticulado y no reticulado) inmediatamente:<\/p>\n<ul>\n<li>Rellena l\u00edneas y arrugas<\/li>\n<li>Agrega algo de volumen debajo de la piel<\/li>\n<li>Rejuvenece y refresca la apariencia del paciente.<\/li>\n<li>Hidrata la piel para mejorar eficazmente su elasticidad y textura.<\/li>\n<\/ul>\n<h3>HyaFilia Petit con Lidocaine Plus tiene un tama\u00f1o de grano especialmente dise\u00f1ado<\/h3>\n<p>Cada uno de los <strong>Rellenos de belleza a base de HA<\/strong> que aparece en la gama de productos HyaFilia tiene una concentraci\u00f3n id\u00e9ntica de \u00e1cido hialur\u00f3nico esterilizado: 20 mg \/ ml. Pero el gel inyectable en cada uno de ellos tiene un tama\u00f1o de grano personalizado. En HyaFilia Petit con Lidocaine Plus, se fija en unos 200\u00b5m y eso garantiza <em>reducci\u00f3n de l\u00edneas finas de aspecto natural<\/em>.<\/p>","protected":false},"excerpt":{"rendered":"<p>Distribuido por My Lip Filler, HyaFilia Petit with Lidocaine Plus fue creado por la compa\u00f1\u00eda surcoreana CHA Meditech para la eliminaci\u00f3n sin riesgo de peque\u00f1as preocupaciones cosm\u00e9ticas causadas por el proceso de envejecimiento natural como <em>l\u00edneas superficiales en la cara o el cuello<\/em>. Cuando se inyecta en las \u00e1reas problem\u00e1ticas, llena las depresiones y arrugas en un instante y los resultados de rejuvenecimiento cosm\u00e9tico que proporciona duran hasta 12 meses, lo que lo hace m\u00e1s duradero que otros. <u>rellenos d\u00e9rmicos de alto rendimiento<\/u>.<\/p>","protected":false},"featured_media":9842,"template":"","meta":{"_acf_changed":false},"product_brand":[],"product_cat":[166,49,32],"product_tag":[144,125,111,126,112,128,151,117,106,113,146,137,108,119,148,116,127],"class_list":{"0":"post-9839","1":"product","2":"type-product","3":"status-publish","4":"has-post-thumbnail","6":"product_cat-cha-meditech","7":"product_cat-hyafilia","8":"product_cat-soft","9":"product_tag-anti-wrinkle","10":"product_tag-crows-feet","11":"product_tag-face","12":"product_tag-fine-lines","13":"product_tag-forehead","14":"product_tag-forehead-wrinkles","15":"product_tag-hyaluronic-acid-ha-fillers","16":"product_tag-low-density","17":"product_tag-nasolacrimal-furrows","18":"product_tag-periorbital-area","19":"product_tag-smoothing","20":"product_tag-south-korea","21":"product_tag-under-eye","22":"product_tag-up-to-9-months","23":"product_tag-upper-dermis","24":"product_tag-with-lidocaine","25":"product_tag-wrinkles-around-the-eyes","27":"first","28":"outofstock","29":"taxable","30":"shipping-taxable","31":"purchasable","32":"product-type-simple"},"acf":[],"yoast_head":"<!-- This site is optimized with the Yoast SEO plugin v27.4 - https:\/\/yoast.com\/product\/yoast-seo-wordpress\/ -->\n<title>Buy HyaFilia Petit Plus Lidocaine (1 x 1ml) - Fillers from My Lip Filler<\/title>\n<meta name=\"description\" content=\"\u2765Buy HyaFilia Petit Plus Lidocaine (1 x 1ml) \u23e9 My Lip Filler online store \u27a6 Quality assurance, reviews, ingredients, best prices!\" \/>\n<meta name=\"robots\" content=\"index, follow, max-snippet:-1, max-image-preview:large, max-video-preview:-1\" \/>\n<link rel=\"canonical\" href=\"https:\/\/mylipfiller.com\/es\/hyafilia-petit-plus-lidocaine-1-x-1ml\/\" \/>\n<meta property=\"og:locale\" content=\"es_MX\" \/>\n<meta property=\"og:type\" content=\"article\" \/>\n<meta property=\"og:title\" content=\"Buy HyaFilia Petit Plus Lidocaine (1 x 1ml) - Fillers from My Lip Filler\" \/>\n<meta property=\"og:description\" content=\"\u2765Buy HyaFilia Petit Plus Lidocaine (1 x 1ml) \u23e9 My Lip Filler online store \u27a6 Quality assurance, reviews, ingredients, best prices!\" \/>\n<meta property=\"og:url\" content=\"https:\/\/mylipfiller.com\/es\/hyafilia-petit-plus-lidocaine-1-x-1ml\/\" \/>\n<meta property=\"og:site_name\" content=\"My Lip Filler\" \/>\n<meta property=\"article:modified_time\" content=\"2024-07-03T15:32:35+00:00\" \/>\n<meta property=\"og:image\" content=\"https:\/\/cdn.mylipfiller.com\/wp-content\/uploads\/2019\/11\/Hyafilia-Petit-Plus.jpg\" \/>\n\t<meta property=\"og:image:width\" content=\"600\" \/>\n\t<meta property=\"og:image:height\" content=\"600\" \/>\n\t<meta property=\"og:image:type\" content=\"image\/jpeg\" \/>\n<meta name=\"twitter:card\" content=\"summary_large_image\" \/>\n<meta name=\"twitter:label1\" content=\"Tiempo de lectura\" \/>\n\t<meta name=\"twitter:data1\" content=\"2 minutos\" \/>\n<script type=\"application\/ld+json\" class=\"yoast-schema-graph\">{\"@context\":\"https:\\\/\\\/schema.org\",\"@graph\":[{\"@type\":\"WebPage\",\"@id\":\"https:\\\/\\\/mylipfiller.com\\\/hyafilia-petit-plus-lidocaine-1-x-1ml\\\/\",\"url\":\"https:\\\/\\\/mylipfiller.com\\\/hyafilia-petit-plus-lidocaine-1-x-1ml\\\/\",\"name\":\"Buy HyaFilia Petit Plus Lidocaine (1 x 1ml) - Fillers from My Lip Filler\",\"isPartOf\":{\"@id\":\"https:\\\/\\\/mylipfiller.com\\\/#website\"},\"primaryImageOfPage\":{\"@id\":\"https:\\\/\\\/mylipfiller.com\\\/hyafilia-petit-plus-lidocaine-1-x-1ml\\\/#primaryimage\"},\"image\":{\"@id\":\"https:\\\/\\\/mylipfiller.com\\\/hyafilia-petit-plus-lidocaine-1-x-1ml\\\/#primaryimage\"},\"thumbnailUrl\":\"https:\\\/\\\/mylipfiller.com\\\/wp-content\\\/uploads\\\/2019\\\/11\\\/Hyafilia-Petit-Plus.jpg\",\"datePublished\":\"2019-11-29T15:40:44+00:00\",\"dateModified\":\"2024-07-03T15:32:35+00:00\",\"description\":\"\u2765Buy HyaFilia Petit Plus Lidocaine (1 x 1ml) \u23e9 My Lip Filler online store \u27a6 Quality assurance, reviews, ingredients, best prices!\",\"breadcrumb\":{\"@id\":\"https:\\\/\\\/mylipfiller.com\\\/hyafilia-petit-plus-lidocaine-1-x-1ml\\\/#breadcrumb\"},\"inLanguage\":\"es\",\"potentialAction\":[{\"@type\":\"ReadAction\",\"target\":[\"https:\\\/\\\/mylipfiller.com\\\/hyafilia-petit-plus-lidocaine-1-x-1ml\\\/\"]}]},{\"@type\":\"ImageObject\",\"inLanguage\":\"es\",\"@id\":\"https:\\\/\\\/mylipfiller.com\\\/hyafilia-petit-plus-lidocaine-1-x-1ml\\\/#primaryimage\",\"url\":\"https:\\\/\\\/mylipfiller.com\\\/wp-content\\\/uploads\\\/2019\\\/11\\\/Hyafilia-Petit-Plus.jpg\",\"contentUrl\":\"https:\\\/\\\/mylipfiller.com\\\/wp-content\\\/uploads\\\/2019\\\/11\\\/Hyafilia-Petit-Plus.jpg\",\"width\":600,\"height\":600,\"caption\":\"Hyafilia Petit Plus\"},{\"@type\":\"BreadcrumbList\",\"@id\":\"https:\\\/\\\/mylipfiller.com\\\/hyafilia-petit-plus-lidocaine-1-x-1ml\\\/#breadcrumb\",\"itemListElement\":[{\"@type\":\"ListItem\",\"position\":1,\"name\":\"Home\",\"item\":\"https:\\\/\\\/mylipfiller.com\\\/\"},{\"@type\":\"ListItem\",\"position\":2,\"name\":\"Shop\",\"item\":\"https:\\\/\\\/mylipfiller.com\\\/shop\\\/\"},{\"@type\":\"ListItem\",\"position\":3,\"name\":\"HyaFilia Petit Plus Lidocaine (1 x 1ml)\"}]},{\"@type\":\"WebSite\",\"@id\":\"https:\\\/\\\/mylipfiller.com\\\/#website\",\"url\":\"https:\\\/\\\/mylipfiller.com\\\/\",\"name\":\"My Lip Filler\",\"description\":\"Hyaluronic Acid Lip and Dermal Fillers\",\"publisher\":{\"@id\":\"https:\\\/\\\/mylipfiller.com\\\/#organization\"},\"potentialAction\":[{\"@type\":\"SearchAction\",\"target\":{\"@type\":\"EntryPoint\",\"urlTemplate\":\"https:\\\/\\\/mylipfiller.com\\\/?s={search_term_string}\"},\"query-input\":{\"@type\":\"PropertyValueSpecification\",\"valueRequired\":true,\"valueName\":\"search_term_string\"}}],\"inLanguage\":\"es\"},{\"@type\":\"Organization\",\"@id\":\"https:\\\/\\\/mylipfiller.com\\\/#organization\",\"name\":\"My Lip Filler\",\"url\":\"https:\\\/\\\/mylipfiller.com\\\/\",\"logo\":{\"@type\":\"ImageObject\",\"inLanguage\":\"es\",\"@id\":\"https:\\\/\\\/mylipfiller.com\\\/#\\\/schema\\\/logo\\\/image\\\/\",\"url\":\"https:\\\/\\\/mylipfiller.com\\\/wp-content\\\/uploads\\\/2019\\\/02\\\/cropped-My-Lip-Filler-Logo.png\",\"contentUrl\":\"https:\\\/\\\/mylipfiller.com\\\/wp-content\\\/uploads\\\/2019\\\/02\\\/cropped-My-Lip-Filler-Logo.png\",\"width\":240,\"height\":88,\"caption\":\"My Lip Filler\"},\"image\":{\"@id\":\"https:\\\/\\\/mylipfiller.com\\\/#\\\/schema\\\/logo\\\/image\\\/\"}}]}<\/script>\n<!-- \/ Yoast SEO plugin. -->","yoast_head_json":{"title":"Compre HyaFilia Petit Plus Lidoca\u00edna (1 x 1 ml) - Rellenos de My Lip Filler","description":"\u2765Comprar HyaFilia Petit Plus Lidoca\u00edna (1 x 1ml) \u23e9 Tienda online My Lip Filler \u27a6 Garant\u00eda de calidad, rese\u00f1as, ingredientes, \u00a1los mejores precios!","robots":{"index":"index","follow":"follow","max-snippet":"max-snippet:-1","max-image-preview":"max-image-preview:large","max-video-preview":"max-video-preview:-1"},"canonical":"https:\/\/mylipfiller.com\/es\/hyafilia-petit-plus-lidocaine-1-x-1ml\/","og_locale":"es_MX","og_type":"article","og_title":"Buy HyaFilia Petit Plus Lidocaine (1 x 1ml) - Fillers from My Lip Filler","og_description":"\u2765Buy HyaFilia Petit Plus Lidocaine (1 x 1ml) \u23e9 My Lip Filler online store \u27a6 Quality assurance, reviews, ingredients, best prices!","og_url":"https:\/\/mylipfiller.com\/es\/hyafilia-petit-plus-lidocaine-1-x-1ml\/","og_site_name":"My Lip Filler","article_modified_time":"2024-07-03T15:32:35+00:00","og_image":[{"width":600,"height":600,"url":"https:\/\/cdn.mylipfiller.com\/wp-content\/uploads\/2019\/11\/Hyafilia-Petit-Plus.jpg","type":"image\/jpeg"}],"twitter_card":"summary_large_image","twitter_misc":{"Tiempo de lectura":"2 minutos"},"schema":{"@context":"https:\/\/schema.org","@graph":[{"@type":"WebPage","@id":"https:\/\/mylipfiller.com\/hyafilia-petit-plus-lidocaine-1-x-1ml\/","url":"https:\/\/mylipfiller.com\/hyafilia-petit-plus-lidocaine-1-x-1ml\/","name":"Compre HyaFilia Petit Plus Lidoca\u00edna (1 x 1 ml) - Rellenos de My Lip Filler","isPartOf":{"@id":"https:\/\/mylipfiller.com\/#website"},"primaryImageOfPage":{"@id":"https:\/\/mylipfiller.com\/hyafilia-petit-plus-lidocaine-1-x-1ml\/#primaryimage"},"image":{"@id":"https:\/\/mylipfiller.com\/hyafilia-petit-plus-lidocaine-1-x-1ml\/#primaryimage"},"thumbnailUrl":"https:\/\/cdn.mylipfiller.com\/wp-content\/uploads\/2019\/11\/Hyafilia-Petit-Plus.jpg","datePublished":"2019-11-29T15:40:44+00:00","dateModified":"2024-07-03T15:32:35+00:00","description":"\u2765Comprar HyaFilia Petit Plus Lidoca\u00edna (1 x 1ml) \u23e9 Tienda online My Lip Filler \u27a6 Garant\u00eda de calidad, rese\u00f1as, ingredientes, \u00a1los mejores precios!","breadcrumb":{"@id":"https:\/\/mylipfiller.com\/hyafilia-petit-plus-lidocaine-1-x-1ml\/#breadcrumb"},"inLanguage":"es","potentialAction":[{"@type":"ReadAction","target":["https:\/\/mylipfiller.com\/hyafilia-petit-plus-lidocaine-1-x-1ml\/"]}]},{"@type":"ImageObject","inLanguage":"es","@id":"https:\/\/mylipfiller.com\/hyafilia-petit-plus-lidocaine-1-x-1ml\/#primaryimage","url":"https:\/\/cdn.mylipfiller.com\/wp-content\/uploads\/2019\/11\/Hyafilia-Petit-Plus.jpg","contentUrl":"https:\/\/cdn.mylipfiller.com\/wp-content\/uploads\/2019\/11\/Hyafilia-Petit-Plus.jpg","width":600,"height":600,"caption":"Hyafilia Petit Plus"},{"@type":"BreadcrumbList","@id":"https:\/\/mylipfiller.com\/hyafilia-petit-plus-lidocaine-1-x-1ml\/#breadcrumb","itemListElement":[{"@type":"ListItem","position":1,"name":"Home","item":"https:\/\/mylipfiller.com\/"},{"@type":"ListItem","position":2,"name":"Shop","item":"https:\/\/mylipfiller.com\/shop\/"},{"@type":"ListItem","position":3,"name":"HyaFilia Petit Plus Lidocaine (1 x 1ml)"}]},{"@type":"WebSite","@id":"https:\/\/mylipfiller.com\/#website","url":"https:\/\/mylipfiller.com\/","name":"Mi relleno de labios","description":"Rellenos d\u00e9rmicos y de labios con \u00e1cido hialur\u00f3nico","publisher":{"@id":"https:\/\/mylipfiller.com\/#organization"},"potentialAction":[{"@type":"SearchAction","target":{"@type":"EntryPoint","urlTemplate":"https:\/\/mylipfiller.com\/?s={search_term_string}"},"query-input":{"@type":"PropertyValueSpecification","valueRequired":true,"valueName":"search_term_string"}}],"inLanguage":"es"},{"@type":"Organization","@id":"https:\/\/mylipfiller.com\/#organization","name":"Mi relleno de labios","url":"https:\/\/mylipfiller.com\/","logo":{"@type":"ImageObject","inLanguage":"es","@id":"https:\/\/mylipfiller.com\/#\/schema\/logo\/image\/","url":"https:\/\/cdn.mylipfiller.com\/wp-content\/uploads\/2019\/02\/cropped-My-Lip-Filler-Logo.png","contentUrl":"https:\/\/cdn.mylipfiller.com\/wp-content\/uploads\/2019\/02\/cropped-My-Lip-Filler-Logo.png","width":240,"height":88,"caption":"My Lip Filler"},"image":{"@id":"https:\/\/mylipfiller.com\/#\/schema\/logo\/image\/"}}]}},"_links":{"self":[{"href":"https:\/\/mylipfiller.com\/es\/wp-json\/wp\/v2\/product\/9839","targetHints":{"allow":["GET"]}}],"collection":[{"href":"https:\/\/mylipfiller.com\/es\/wp-json\/wp\/v2\/product"}],"about":[{"href":"https:\/\/mylipfiller.com\/es\/wp-json\/wp\/v2\/types\/product"}],"wp:featuredmedia":[{"embeddable":true,"href":"https:\/\/mylipfiller.com\/es\/wp-json\/wp\/v2\/media\/9842"}],"wp:attachment":[{"href":"https:\/\/mylipfiller.com\/es\/wp-json\/wp\/v2\/media?parent=9839"}],"wp:term":[{"taxonomy":"product_brand","embeddable":true,"href":"https:\/\/mylipfiller.com\/es\/wp-json\/wp\/v2\/product_brand?post=9839"},{"taxonomy":"product_cat","embeddable":true,"href":"https:\/\/mylipfiller.com\/es\/wp-json\/wp\/v2\/product_cat?post=9839"},{"taxonomy":"product_tag","embeddable":true,"href":"https:\/\/mylipfiller.com\/es\/wp-json\/wp\/v2\/product_tag?post=9839"}],"curies":[{"name":"gracias","href":"https:\/\/api.w.org\/{rel}","templated":true}]}}