{"id":9840,"date":"2019-11-29T17:41:05","date_gmt":"2019-11-29T15:41:05","guid":{"rendered":"https:\/\/mylipfiller.com\/?post_type=product&#038;p=9840"},"modified":"2024-07-03T17:32:35","modified_gmt":"2024-07-03T15:32:35","slug":"hyafilia-classic-plus-lidocaine-1-x-1ml","status":"publish","type":"product","link":"https:\/\/mylipfiller.com\/es\/hyafilia-classic-plus-lidocaine-1-x-1ml\/","title":{"rendered":"HyaFilia Classic Plus Lidoca\u00edna (1 x 1 ml)"},"content":{"rendered":"<h3>HyaFilia Classic con Lidocaine Plus ofrece una alta satisfacci\u00f3n del paciente<\/h3>\n<p>Los cirujanos pl\u00e1sticos certificados por la junta eligen confiar en este avanzado relleno de \u00e1cido hialur\u00f3nico porque nunca deja de ofrecer una impresionante satisfacci\u00f3n al paciente. Contiene una peque\u00f1a cantidad de Lidoca\u00edna en su composici\u00f3n. La presencia de este anest\u00e9sico local garantiza <strong>mayor comodidad para los pacientes<\/strong> durante su tratamiento anti-envejecimiento. HyaFilia Classic con Lidocaine Plus es tambi\u00e9n una de las pocas inyecciones de relleno confiables que ofrece <u>un equilibrio perfecto entre precio y calidad<\/u>. Cuando combinamos estas cosas con la longevidad de los efectos mejorados de este producto, obtenemos un paciente verdaderamente feliz.<\/p>\n<ul>\n<li>Precio econ\u00f3mico<\/li>\n<li>Sin dolor, sin tiempo de inactividad y sin efectos secundarios duraderos<\/li>\n<li>M\u00e1s duradero que otros rellenos de piel de grado profesional<\/li>\n<li>Calidad excepcional y seguridad garantizada<\/li>\n<\/ul>\n<h3>Un relleno de tejidos blandos sin riesgos con s\u00f3lidas propiedades antienvejecimiento<\/h3>\n<p>HyaFilia Classic con Lidocaine Plus es una inyecci\u00f3n de relleno segura que contiene <strong>HA biodegradable<\/strong> - un ingrediente no animal que existe libremente en el cuerpo humano. No provoca reacciones no deseadas y es famoso por su capacidad para rellenar f\u00e1cilmente las arrugas (en este caso l\u00edneas medias) y proporcionar a la piel una hidrataci\u00f3n profunda y duradera, algo que potencia a\u00fan m\u00e1s las probadas propiedades cosm\u00e9ticas rejuvenecedoras de este producto. Esta soluci\u00f3n antienvejecimiento aprobada por la KFDA y con la marca CE se puede inyectar en la dermis media del <em>rostro, dorso de las manos, cuello y escote<\/em>.<\/p>","protected":false},"excerpt":{"rendered":"<p><em>Estructura bif\u00e1sica, precio asequible, calidad premium,<\/em> y sin efectos secundarios: hay muchas razones por las que HyaFilia Classic con Lidocaine Plus se encuentra entre las <u>mejores rellenos de tejidos blandos<\/u> que se originan en Corea del Sur. Con la ayuda de My Lip Filler, ahora puede solicitar este impresionante producto de rejuvenecimiento cosm\u00e9tico y ganar f\u00e1cilmente la batalla contra las arrugas medias y otros signos de envejecimiento. \u00a1Una inyecci\u00f3n brinda efectos antiarrugas que duran hasta 12 meses!<\/p>","protected":false},"featured_media":9843,"template":"","meta":{"_acf_changed":false},"product_brand":[],"product_cat":[89,166,49,33],"product_tag":[92,111,151,133,107,134,137,120,116],"class_list":{"0":"post-9840","1":"product","2":"type-product","3":"status-publish","4":"has-post-thumbnail","6":"product_cat-big-holiday-sale","7":"product_cat-cha-meditech","8":"product_cat-hyafilia","9":"product_cat-lip","10":"product_tag-92","11":"product_tag-face","12":"product_tag-hyaluronic-acid-ha-fillers","13":"product_tag-marionette-lines","14":"product_tag-nasolabial-folds","15":"product_tag-small-lips","16":"product_tag-south-korea","17":"product_tag-up-to-12-months","18":"product_tag-with-lidocaine","20":"first","21":"outofstock","22":"sale","23":"taxable","24":"shipping-taxable","25":"purchasable","26":"product-type-simple"},"acf":[],"yoast_head":"<!-- This site is optimized with the Yoast SEO plugin v27.2 - https:\/\/yoast.com\/product\/yoast-seo-wordpress\/ -->\n<title>Buy HyaFilia Classic Plus Lidocaine (1 x 1ml) - Fillers from My Lip Filler<\/title>\n<meta name=\"description\" content=\"\u2765Buy HyaFilia Classic Plus Lidocaine (1 x 1ml) \u23e9 My Lip Filler online store \u27a6 Quality assurance, reviews, ingredients, best prices!\" \/>\n<meta name=\"robots\" content=\"index, follow, max-snippet:-1, max-image-preview:large, max-video-preview:-1\" \/>\n<link rel=\"canonical\" href=\"https:\/\/mylipfiller.com\/es\/hyafilia-classic-plus-lidocaine-1-x-1ml\/\" \/>\n<meta property=\"og:locale\" content=\"es_MX\" \/>\n<meta property=\"og:type\" content=\"article\" \/>\n<meta property=\"og:title\" content=\"Buy HyaFilia Classic Plus Lidocaine (1 x 1ml) - Fillers from My Lip Filler\" \/>\n<meta property=\"og:description\" content=\"\u2765Buy HyaFilia Classic Plus Lidocaine (1 x 1ml) \u23e9 My Lip Filler online store \u27a6 Quality assurance, reviews, ingredients, best prices!\" \/>\n<meta property=\"og:url\" content=\"https:\/\/mylipfiller.com\/es\/hyafilia-classic-plus-lidocaine-1-x-1ml\/\" \/>\n<meta property=\"og:site_name\" content=\"My Lip Filler\" \/>\n<meta property=\"article:modified_time\" content=\"2024-07-03T15:32:35+00:00\" \/>\n<meta property=\"og:image\" content=\"https:\/\/cdn.mylipfiller.com\/wp-content\/uploads\/2019\/11\/Hyafilia-Classic-Plus.jpg\" \/>\n\t<meta property=\"og:image:width\" content=\"600\" \/>\n\t<meta property=\"og:image:height\" content=\"600\" \/>\n\t<meta property=\"og:image:type\" content=\"image\/jpeg\" \/>\n<meta name=\"twitter:card\" content=\"summary_large_image\" \/>\n<meta name=\"twitter:label1\" content=\"Tiempo de lectura\" \/>\n\t<meta name=\"twitter:data1\" content=\"2 minutos\" \/>\n<script type=\"application\/ld+json\" class=\"yoast-schema-graph\">{\"@context\":\"https:\/\/schema.org\",\"@graph\":[{\"@type\":\"WebPage\",\"@id\":\"https:\/\/mylipfiller.com\/hyafilia-classic-plus-lidocaine-1-x-1ml\/\",\"url\":\"https:\/\/mylipfiller.com\/hyafilia-classic-plus-lidocaine-1-x-1ml\/\",\"name\":\"Buy HyaFilia Classic Plus Lidocaine (1 x 1ml) - Fillers from My Lip Filler\",\"isPartOf\":{\"@id\":\"https:\/\/mylipfiller.com\/#website\"},\"primaryImageOfPage\":{\"@id\":\"https:\/\/mylipfiller.com\/hyafilia-classic-plus-lidocaine-1-x-1ml\/#primaryimage\"},\"image\":{\"@id\":\"https:\/\/mylipfiller.com\/hyafilia-classic-plus-lidocaine-1-x-1ml\/#primaryimage\"},\"thumbnailUrl\":\"https:\/\/cdn.mylipfiller.com\/wp-content\/uploads\/2019\/11\/Hyafilia-Classic-Plus.jpg\",\"datePublished\":\"2019-11-29T15:41:05+00:00\",\"dateModified\":\"2024-07-03T15:32:35+00:00\",\"description\":\"\u2765Buy HyaFilia Classic Plus Lidocaine (1 x 1ml) \u23e9 My Lip Filler online store \u27a6 Quality assurance, reviews, ingredients, best prices!\",\"breadcrumb\":{\"@id\":\"https:\/\/mylipfiller.com\/hyafilia-classic-plus-lidocaine-1-x-1ml\/#breadcrumb\"},\"inLanguage\":\"es\",\"potentialAction\":[{\"@type\":\"ReadAction\",\"target\":[\"https:\/\/mylipfiller.com\/hyafilia-classic-plus-lidocaine-1-x-1ml\/\"]}]},{\"@type\":\"ImageObject\",\"inLanguage\":\"es\",\"@id\":\"https:\/\/mylipfiller.com\/hyafilia-classic-plus-lidocaine-1-x-1ml\/#primaryimage\",\"url\":\"https:\/\/cdn.mylipfiller.com\/wp-content\/uploads\/2019\/11\/Hyafilia-Classic-Plus.jpg\",\"contentUrl\":\"https:\/\/cdn.mylipfiller.com\/wp-content\/uploads\/2019\/11\/Hyafilia-Classic-Plus.jpg\",\"width\":600,\"height\":600,\"caption\":\"Hyafilia Classic Plus\"},{\"@type\":\"BreadcrumbList\",\"@id\":\"https:\/\/mylipfiller.com\/hyafilia-classic-plus-lidocaine-1-x-1ml\/#breadcrumb\",\"itemListElement\":[{\"@type\":\"ListItem\",\"position\":1,\"name\":\"Home\",\"item\":\"https:\/\/mylipfiller.com\/\"},{\"@type\":\"ListItem\",\"position\":2,\"name\":\"Shop\",\"item\":\"https:\/\/mylipfiller.com\/shop\/\"},{\"@type\":\"ListItem\",\"position\":3,\"name\":\"HyaFilia Classic Plus Lidocaine (1 x 1ml)\"}]},{\"@type\":\"WebSite\",\"@id\":\"https:\/\/mylipfiller.com\/#website\",\"url\":\"https:\/\/mylipfiller.com\/\",\"name\":\"My Lip Filler\",\"description\":\"Hyaluronic Acid Lip and Dermal Fillers\",\"publisher\":{\"@id\":\"https:\/\/mylipfiller.com\/#organization\"},\"potentialAction\":[{\"@type\":\"SearchAction\",\"target\":{\"@type\":\"EntryPoint\",\"urlTemplate\":\"https:\/\/mylipfiller.com\/?s={search_term_string}\"},\"query-input\":{\"@type\":\"PropertyValueSpecification\",\"valueRequired\":true,\"valueName\":\"search_term_string\"}}],\"inLanguage\":\"es\"},{\"@type\":\"Organization\",\"@id\":\"https:\/\/mylipfiller.com\/#organization\",\"name\":\"My Lip Filler\",\"url\":\"https:\/\/mylipfiller.com\/\",\"logo\":{\"@type\":\"ImageObject\",\"inLanguage\":\"es\",\"@id\":\"https:\/\/mylipfiller.com\/#\/schema\/logo\/image\/\",\"url\":\"https:\/\/cdn.mylipfiller.com\/wp-content\/uploads\/2019\/02\/cropped-My-Lip-Filler-Logo.png\",\"contentUrl\":\"https:\/\/cdn.mylipfiller.com\/wp-content\/uploads\/2019\/02\/cropped-My-Lip-Filler-Logo.png\",\"width\":240,\"height\":88,\"caption\":\"My Lip Filler\"},\"image\":{\"@id\":\"https:\/\/mylipfiller.com\/#\/schema\/logo\/image\/\"}}]}<\/script>\n<!-- \/ Yoast SEO plugin. -->","yoast_head_json":{"title":"Compre HyaFilia Classic Plus Lidoca\u00edna (1 x 1 ml) - Rellenos de My Lip Filler","description":"\u2765Comprar HyaFilia Classic Plus Lidoca\u00edna (1 x 1ml) \u23e9 Tienda online My Lip Filler \u27a6 Garant\u00eda de calidad, rese\u00f1as, ingredientes, \u00a1los mejores precios!","robots":{"index":"index","follow":"follow","max-snippet":"max-snippet:-1","max-image-preview":"max-image-preview:large","max-video-preview":"max-video-preview:-1"},"canonical":"https:\/\/mylipfiller.com\/es\/hyafilia-classic-plus-lidocaine-1-x-1ml\/","og_locale":"es_MX","og_type":"article","og_title":"Buy HyaFilia Classic Plus Lidocaine (1 x 1ml) - Fillers from My Lip Filler","og_description":"\u2765Buy HyaFilia Classic Plus Lidocaine (1 x 1ml) \u23e9 My Lip Filler online store \u27a6 Quality assurance, reviews, ingredients, best prices!","og_url":"https:\/\/mylipfiller.com\/es\/hyafilia-classic-plus-lidocaine-1-x-1ml\/","og_site_name":"My Lip Filler","article_modified_time":"2024-07-03T15:32:35+00:00","og_image":[{"width":600,"height":600,"url":"https:\/\/cdn.mylipfiller.com\/wp-content\/uploads\/2019\/11\/Hyafilia-Classic-Plus.jpg","type":"image\/jpeg"}],"twitter_card":"summary_large_image","twitter_misc":{"Tiempo de lectura":"2 minutos"},"schema":{"@context":"https:\/\/schema.org","@graph":[{"@type":"WebPage","@id":"https:\/\/mylipfiller.com\/hyafilia-classic-plus-lidocaine-1-x-1ml\/","url":"https:\/\/mylipfiller.com\/hyafilia-classic-plus-lidocaine-1-x-1ml\/","name":"Compre HyaFilia Classic Plus Lidoca\u00edna (1 x 1 ml) - Rellenos de My Lip Filler","isPartOf":{"@id":"https:\/\/mylipfiller.com\/#website"},"primaryImageOfPage":{"@id":"https:\/\/mylipfiller.com\/hyafilia-classic-plus-lidocaine-1-x-1ml\/#primaryimage"},"image":{"@id":"https:\/\/mylipfiller.com\/hyafilia-classic-plus-lidocaine-1-x-1ml\/#primaryimage"},"thumbnailUrl":"https:\/\/cdn.mylipfiller.com\/wp-content\/uploads\/2019\/11\/Hyafilia-Classic-Plus.jpg","datePublished":"2019-11-29T15:41:05+00:00","dateModified":"2024-07-03T15:32:35+00:00","description":"\u2765Comprar HyaFilia Classic Plus Lidoca\u00edna (1 x 1ml) \u23e9 Tienda online My Lip Filler \u27a6 Garant\u00eda de calidad, rese\u00f1as, ingredientes, \u00a1los mejores precios!","breadcrumb":{"@id":"https:\/\/mylipfiller.com\/hyafilia-classic-plus-lidocaine-1-x-1ml\/#breadcrumb"},"inLanguage":"es","potentialAction":[{"@type":"ReadAction","target":["https:\/\/mylipfiller.com\/hyafilia-classic-plus-lidocaine-1-x-1ml\/"]}]},{"@type":"ImageObject","inLanguage":"es","@id":"https:\/\/mylipfiller.com\/hyafilia-classic-plus-lidocaine-1-x-1ml\/#primaryimage","url":"https:\/\/cdn.mylipfiller.com\/wp-content\/uploads\/2019\/11\/Hyafilia-Classic-Plus.jpg","contentUrl":"https:\/\/cdn.mylipfiller.com\/wp-content\/uploads\/2019\/11\/Hyafilia-Classic-Plus.jpg","width":600,"height":600,"caption":"Hyafilia Classic Plus"},{"@type":"BreadcrumbList","@id":"https:\/\/mylipfiller.com\/hyafilia-classic-plus-lidocaine-1-x-1ml\/#breadcrumb","itemListElement":[{"@type":"ListItem","position":1,"name":"Home","item":"https:\/\/mylipfiller.com\/"},{"@type":"ListItem","position":2,"name":"Shop","item":"https:\/\/mylipfiller.com\/shop\/"},{"@type":"ListItem","position":3,"name":"HyaFilia Classic Plus Lidocaine (1 x 1ml)"}]},{"@type":"WebSite","@id":"https:\/\/mylipfiller.com\/#website","url":"https:\/\/mylipfiller.com\/","name":"Mi relleno de labios","description":"Rellenos d\u00e9rmicos y de labios con \u00e1cido hialur\u00f3nico","publisher":{"@id":"https:\/\/mylipfiller.com\/#organization"},"potentialAction":[{"@type":"SearchAction","target":{"@type":"EntryPoint","urlTemplate":"https:\/\/mylipfiller.com\/?s={search_term_string}"},"query-input":{"@type":"PropertyValueSpecification","valueRequired":true,"valueName":"search_term_string"}}],"inLanguage":"es"},{"@type":"Organization","@id":"https:\/\/mylipfiller.com\/#organization","name":"Mi relleno de labios","url":"https:\/\/mylipfiller.com\/","logo":{"@type":"ImageObject","inLanguage":"es","@id":"https:\/\/mylipfiller.com\/#\/schema\/logo\/image\/","url":"https:\/\/cdn.mylipfiller.com\/wp-content\/uploads\/2019\/02\/cropped-My-Lip-Filler-Logo.png","contentUrl":"https:\/\/cdn.mylipfiller.com\/wp-content\/uploads\/2019\/02\/cropped-My-Lip-Filler-Logo.png","width":240,"height":88,"caption":"My Lip Filler"},"image":{"@id":"https:\/\/mylipfiller.com\/#\/schema\/logo\/image\/"}}]}},"_links":{"self":[{"href":"https:\/\/mylipfiller.com\/es\/wp-json\/wp\/v2\/product\/9840","targetHints":{"allow":["GET"]}}],"collection":[{"href":"https:\/\/mylipfiller.com\/es\/wp-json\/wp\/v2\/product"}],"about":[{"href":"https:\/\/mylipfiller.com\/es\/wp-json\/wp\/v2\/types\/product"}],"wp:featuredmedia":[{"embeddable":true,"href":"https:\/\/mylipfiller.com\/es\/wp-json\/wp\/v2\/media\/9843"}],"wp:attachment":[{"href":"https:\/\/mylipfiller.com\/es\/wp-json\/wp\/v2\/media?parent=9840"}],"wp:term":[{"taxonomy":"product_brand","embeddable":true,"href":"https:\/\/mylipfiller.com\/es\/wp-json\/wp\/v2\/product_brand?post=9840"},{"taxonomy":"product_cat","embeddable":true,"href":"https:\/\/mylipfiller.com\/es\/wp-json\/wp\/v2\/product_cat?post=9840"},{"taxonomy":"product_tag","embeddable":true,"href":"https:\/\/mylipfiller.com\/es\/wp-json\/wp\/v2\/product_tag?post=9840"}],"curies":[{"name":"gracias","href":"https:\/\/api.w.org\/{rel}","templated":true}]}}