{"id":9841,"date":"2019-11-29T17:41:33","date_gmt":"2019-11-29T15:41:33","guid":{"rendered":"https:\/\/mylipfiller.com\/?post_type=product&#038;p=9841"},"modified":"2024-07-03T17:32:35","modified_gmt":"2024-07-03T15:32:35","slug":"hyafilia-grand-plus-lidocaine-1-x-1ml","status":"publish","type":"product","link":"https:\/\/mylipfiller.com\/es\/hyafilia-grand-plus-lidocaine-1-x-1ml\/","title":{"rendered":"HyaFilia Grand Plus Lidoca\u00edna (1 x 1 ml)"},"content":{"rendered":"<h3>Un relleno d\u00e9rmico confiable con una f\u00f3rmula mejorada<\/h3>\n<p>La empresa responsable de la existencia del relleno de belleza de primera clase HyaFilia Grand con Lidocaine Plus es CHA Meditech, un gigante respetado y confiable de Corea del Sur que cumple estrictamente con las normas y reglas de producci\u00f3n locales e internacionales. Como resultado, esta soluci\u00f3n anti-envejecimiento \u00fanica se encuentra entre los productos mejor calificados que tienen como objetivo reducir significativamente la apariencia de pliegues profundos y otros signos severos de envejecimiento como <em>piel fl\u00e1cida, sequedad y p\u00e9rdida de elasticidad<\/em>. Tiene una estructura h\u00edbrida que presenta <u>HA y lidoca\u00edna estabilizada y no estabilizada<\/u> - Tres ingredientes que garantizan un tratamiento de inyecci\u00f3n suave e indoloro combinado con resultados antiarrugas duraderos y de aspecto natural.<\/p>\n<h3>\u00bfExiste riesgo de efectos secundarios?<\/h3>\n<p>Hay tres componentes clave que componen HyaFilia Grand con Lidocaine Plus: HA estabilizado, HA no estabilizado y lidoca\u00edna. Ninguno de ellos produce efectos adversos graves o duraderos. Rara vez provocan reacciones al\u00e9rgicas porque el \u00e1cido hialur\u00f3nico es <em>que ocurre naturalmente en el organismo humano<\/em> y la lidoca\u00edna viene en una dosis muy peque\u00f1a en este producto. Las \u00fanicas reacciones no deseadas que pueden experimentar los pacientes est\u00e1n relacionadas con el proceso de inyecci\u00f3n en s\u00ed y pueden incluir s\u00edntomas leves como:<\/p>\n<ul>\n<li>Moretones<\/li>\n<li>Hinchaz\u00f3n<\/li>\n<li>Sensibilidad<\/li>\n<li>Picor<\/li>\n<li>Enrojecimiento<\/li>\n<li>Sensibilidad<\/li>\n<\/ul>\n<p>Todos los efectos secundarios mencionados anteriormente suelen desaparecer en cuesti\u00f3n de horas o un par de d\u00edas despu\u00e9s del procedimiento de inyecci\u00f3n.<\/p>","protected":false},"excerpt":{"rendered":"<p><em>HyaFilia Grand con Lidocaine Plus<\/em> - recuerde el nombre de este relleno d\u00e9rmico de confianza si est\u00e1 buscando un ayuno, <u>forma no quir\u00fargica de corregir pliegues profundos<\/u> y arrugas. Desarrollada y producida por CHA Meditech, esta es una excelente soluci\u00f3n para el rejuvenecimiento de la piel que ahora es mejor que nunca ya que contiene lidoca\u00edna para un tratamiento antienvejecimiento indoloro. Para despedirse de los pliegues nasolabiales profundos, solicite este producto a trav\u00e9s de My Lip Filler.<\/p>","protected":false},"featured_media":9844,"template":"","meta":{"_acf_changed":false},"product_brand":[],"product_cat":[166,34,49],"product_tag":[123,130,131,115,114,111,118,151,141,142,135,137,110,122,124,116],"class_list":{"0":"post-9841","1":"product","2":"type-product","3":"status-publish","4":"has-post-thumbnail","6":"product_cat-cha-meditech","7":"product_cat-hard","8":"product_cat-hyafilia","9":"product_tag-asymmetry","10":"product_tag-cheek-volume","11":"product_tag-cheekbone-contour","12":"product_tag-cheekbones","13":"product_tag-chin","14":"product_tag-face","15":"product_tag-high-density","16":"product_tag-hyaluronic-acid-ha-fillers","17":"product_tag-lifting","18":"product_tag-modeling","19":"product_tag-small-chin","20":"product_tag-south-korea","21":"product_tag-temple","22":"product_tag-up-to-18-months","23":"product_tag-volume","24":"product_tag-with-lidocaine","26":"first","27":"outofstock","28":"taxable","29":"shipping-taxable","30":"purchasable","31":"product-type-simple"},"acf":[],"yoast_head":"<!-- This site is optimized with the Yoast SEO plugin v27.2 - https:\/\/yoast.com\/product\/yoast-seo-wordpress\/ -->\n<title>Buy HyaFilia Grand Plus Lidocaine (1 x 1ml) - Fillers from My Lip Filler<\/title>\n<meta name=\"description\" content=\"\u2765Buy HyaFilia Grand Plus Lidocaine (1 x 1ml) \u23e9 My Lip Filler online store \u27a6 Quality assurance, reviews, ingredients, best prices!\" \/>\n<meta name=\"robots\" content=\"index, follow, max-snippet:-1, max-image-preview:large, max-video-preview:-1\" \/>\n<link rel=\"canonical\" href=\"https:\/\/mylipfiller.com\/es\/hyafilia-grand-plus-lidocaine-1-x-1ml\/\" \/>\n<meta property=\"og:locale\" content=\"es_MX\" \/>\n<meta property=\"og:type\" content=\"article\" \/>\n<meta property=\"og:title\" content=\"Buy HyaFilia Grand Plus Lidocaine (1 x 1ml) - Fillers from My Lip Filler\" \/>\n<meta property=\"og:description\" content=\"\u2765Buy HyaFilia Grand Plus Lidocaine (1 x 1ml) \u23e9 My Lip Filler online store \u27a6 Quality assurance, reviews, ingredients, best prices!\" \/>\n<meta property=\"og:url\" content=\"https:\/\/mylipfiller.com\/es\/hyafilia-grand-plus-lidocaine-1-x-1ml\/\" \/>\n<meta property=\"og:site_name\" content=\"My Lip Filler\" \/>\n<meta property=\"article:modified_time\" content=\"2024-07-03T15:32:35+00:00\" \/>\n<meta property=\"og:image\" content=\"https:\/\/cdn.mylipfiller.com\/wp-content\/uploads\/2019\/11\/Hyafilia-Grand-Plus.jpg\" \/>\n\t<meta property=\"og:image:width\" content=\"600\" \/>\n\t<meta property=\"og:image:height\" content=\"600\" \/>\n\t<meta property=\"og:image:type\" content=\"image\/jpeg\" \/>\n<meta name=\"twitter:card\" content=\"summary_large_image\" \/>\n<meta name=\"twitter:label1\" content=\"Tiempo de lectura\" \/>\n\t<meta name=\"twitter:data1\" content=\"2 minutos\" \/>\n<script type=\"application\/ld+json\" class=\"yoast-schema-graph\">{\"@context\":\"https:\/\/schema.org\",\"@graph\":[{\"@type\":\"WebPage\",\"@id\":\"https:\/\/mylipfiller.com\/hyafilia-grand-plus-lidocaine-1-x-1ml\/\",\"url\":\"https:\/\/mylipfiller.com\/hyafilia-grand-plus-lidocaine-1-x-1ml\/\",\"name\":\"Buy HyaFilia Grand Plus Lidocaine (1 x 1ml) - Fillers from My Lip Filler\",\"isPartOf\":{\"@id\":\"https:\/\/mylipfiller.com\/#website\"},\"primaryImageOfPage\":{\"@id\":\"https:\/\/mylipfiller.com\/hyafilia-grand-plus-lidocaine-1-x-1ml\/#primaryimage\"},\"image\":{\"@id\":\"https:\/\/mylipfiller.com\/hyafilia-grand-plus-lidocaine-1-x-1ml\/#primaryimage\"},\"thumbnailUrl\":\"https:\/\/cdn.mylipfiller.com\/wp-content\/uploads\/2019\/11\/Hyafilia-Grand-Plus.jpg\",\"datePublished\":\"2019-11-29T15:41:33+00:00\",\"dateModified\":\"2024-07-03T15:32:35+00:00\",\"description\":\"\u2765Buy HyaFilia Grand Plus Lidocaine (1 x 1ml) \u23e9 My Lip Filler online store \u27a6 Quality assurance, reviews, ingredients, best prices!\",\"breadcrumb\":{\"@id\":\"https:\/\/mylipfiller.com\/hyafilia-grand-plus-lidocaine-1-x-1ml\/#breadcrumb\"},\"inLanguage\":\"es\",\"potentialAction\":[{\"@type\":\"ReadAction\",\"target\":[\"https:\/\/mylipfiller.com\/hyafilia-grand-plus-lidocaine-1-x-1ml\/\"]}]},{\"@type\":\"ImageObject\",\"inLanguage\":\"es\",\"@id\":\"https:\/\/mylipfiller.com\/hyafilia-grand-plus-lidocaine-1-x-1ml\/#primaryimage\",\"url\":\"https:\/\/cdn.mylipfiller.com\/wp-content\/uploads\/2019\/11\/Hyafilia-Grand-Plus.jpg\",\"contentUrl\":\"https:\/\/cdn.mylipfiller.com\/wp-content\/uploads\/2019\/11\/Hyafilia-Grand-Plus.jpg\",\"width\":600,\"height\":600,\"caption\":\"Hyafilia Grand Plus\"},{\"@type\":\"BreadcrumbList\",\"@id\":\"https:\/\/mylipfiller.com\/hyafilia-grand-plus-lidocaine-1-x-1ml\/#breadcrumb\",\"itemListElement\":[{\"@type\":\"ListItem\",\"position\":1,\"name\":\"Home\",\"item\":\"https:\/\/mylipfiller.com\/\"},{\"@type\":\"ListItem\",\"position\":2,\"name\":\"Shop\",\"item\":\"https:\/\/mylipfiller.com\/shop\/\"},{\"@type\":\"ListItem\",\"position\":3,\"name\":\"HyaFilia Grand Plus Lidocaine (1 x 1ml)\"}]},{\"@type\":\"WebSite\",\"@id\":\"https:\/\/mylipfiller.com\/#website\",\"url\":\"https:\/\/mylipfiller.com\/\",\"name\":\"My Lip Filler\",\"description\":\"Hyaluronic Acid Lip and Dermal Fillers\",\"publisher\":{\"@id\":\"https:\/\/mylipfiller.com\/#organization\"},\"potentialAction\":[{\"@type\":\"SearchAction\",\"target\":{\"@type\":\"EntryPoint\",\"urlTemplate\":\"https:\/\/mylipfiller.com\/?s={search_term_string}\"},\"query-input\":{\"@type\":\"PropertyValueSpecification\",\"valueRequired\":true,\"valueName\":\"search_term_string\"}}],\"inLanguage\":\"es\"},{\"@type\":\"Organization\",\"@id\":\"https:\/\/mylipfiller.com\/#organization\",\"name\":\"My Lip Filler\",\"url\":\"https:\/\/mylipfiller.com\/\",\"logo\":{\"@type\":\"ImageObject\",\"inLanguage\":\"es\",\"@id\":\"https:\/\/mylipfiller.com\/#\/schema\/logo\/image\/\",\"url\":\"https:\/\/cdn.mylipfiller.com\/wp-content\/uploads\/2019\/02\/cropped-My-Lip-Filler-Logo.png\",\"contentUrl\":\"https:\/\/cdn.mylipfiller.com\/wp-content\/uploads\/2019\/02\/cropped-My-Lip-Filler-Logo.png\",\"width\":240,\"height\":88,\"caption\":\"My Lip Filler\"},\"image\":{\"@id\":\"https:\/\/mylipfiller.com\/#\/schema\/logo\/image\/\"}}]}<\/script>\n<!-- \/ Yoast SEO plugin. -->","yoast_head_json":{"title":"Compre HyaFilia Grand Plus Lidoca\u00edna (1 x 1 ml) - Rellenos de My Lip Filler","description":"\u2765Comprar HyaFilia Grand Plus Lidoca\u00edna (1 x 1ml) \u23e9 Tienda online My Lip Filler \u27a6 Garant\u00eda de calidad, rese\u00f1as, ingredientes, \u00a1los mejores precios!","robots":{"index":"index","follow":"follow","max-snippet":"max-snippet:-1","max-image-preview":"max-image-preview:large","max-video-preview":"max-video-preview:-1"},"canonical":"https:\/\/mylipfiller.com\/es\/hyafilia-grand-plus-lidocaine-1-x-1ml\/","og_locale":"es_MX","og_type":"article","og_title":"Buy HyaFilia Grand Plus Lidocaine (1 x 1ml) - Fillers from My Lip Filler","og_description":"\u2765Buy HyaFilia Grand Plus Lidocaine (1 x 1ml) \u23e9 My Lip Filler online store \u27a6 Quality assurance, reviews, ingredients, best prices!","og_url":"https:\/\/mylipfiller.com\/es\/hyafilia-grand-plus-lidocaine-1-x-1ml\/","og_site_name":"My Lip Filler","article_modified_time":"2024-07-03T15:32:35+00:00","og_image":[{"width":600,"height":600,"url":"https:\/\/cdn.mylipfiller.com\/wp-content\/uploads\/2019\/11\/Hyafilia-Grand-Plus.jpg","type":"image\/jpeg"}],"twitter_card":"summary_large_image","twitter_misc":{"Tiempo de lectura":"2 minutos"},"schema":{"@context":"https:\/\/schema.org","@graph":[{"@type":"WebPage","@id":"https:\/\/mylipfiller.com\/hyafilia-grand-plus-lidocaine-1-x-1ml\/","url":"https:\/\/mylipfiller.com\/hyafilia-grand-plus-lidocaine-1-x-1ml\/","name":"Compre HyaFilia Grand Plus Lidoca\u00edna (1 x 1 ml) - Rellenos de My Lip Filler","isPartOf":{"@id":"https:\/\/mylipfiller.com\/#website"},"primaryImageOfPage":{"@id":"https:\/\/mylipfiller.com\/hyafilia-grand-plus-lidocaine-1-x-1ml\/#primaryimage"},"image":{"@id":"https:\/\/mylipfiller.com\/hyafilia-grand-plus-lidocaine-1-x-1ml\/#primaryimage"},"thumbnailUrl":"https:\/\/cdn.mylipfiller.com\/wp-content\/uploads\/2019\/11\/Hyafilia-Grand-Plus.jpg","datePublished":"2019-11-29T15:41:33+00:00","dateModified":"2024-07-03T15:32:35+00:00","description":"\u2765Comprar HyaFilia Grand Plus Lidoca\u00edna (1 x 1ml) \u23e9 Tienda online My Lip Filler \u27a6 Garant\u00eda de calidad, rese\u00f1as, ingredientes, \u00a1los mejores precios!","breadcrumb":{"@id":"https:\/\/mylipfiller.com\/hyafilia-grand-plus-lidocaine-1-x-1ml\/#breadcrumb"},"inLanguage":"es","potentialAction":[{"@type":"ReadAction","target":["https:\/\/mylipfiller.com\/hyafilia-grand-plus-lidocaine-1-x-1ml\/"]}]},{"@type":"ImageObject","inLanguage":"es","@id":"https:\/\/mylipfiller.com\/hyafilia-grand-plus-lidocaine-1-x-1ml\/#primaryimage","url":"https:\/\/cdn.mylipfiller.com\/wp-content\/uploads\/2019\/11\/Hyafilia-Grand-Plus.jpg","contentUrl":"https:\/\/cdn.mylipfiller.com\/wp-content\/uploads\/2019\/11\/Hyafilia-Grand-Plus.jpg","width":600,"height":600,"caption":"Hyafilia Grand Plus"},{"@type":"BreadcrumbList","@id":"https:\/\/mylipfiller.com\/hyafilia-grand-plus-lidocaine-1-x-1ml\/#breadcrumb","itemListElement":[{"@type":"ListItem","position":1,"name":"Home","item":"https:\/\/mylipfiller.com\/"},{"@type":"ListItem","position":2,"name":"Shop","item":"https:\/\/mylipfiller.com\/shop\/"},{"@type":"ListItem","position":3,"name":"HyaFilia Grand Plus Lidocaine (1 x 1ml)"}]},{"@type":"WebSite","@id":"https:\/\/mylipfiller.com\/#website","url":"https:\/\/mylipfiller.com\/","name":"Mi relleno de labios","description":"Rellenos d\u00e9rmicos y de labios con \u00e1cido hialur\u00f3nico","publisher":{"@id":"https:\/\/mylipfiller.com\/#organization"},"potentialAction":[{"@type":"SearchAction","target":{"@type":"EntryPoint","urlTemplate":"https:\/\/mylipfiller.com\/?s={search_term_string}"},"query-input":{"@type":"PropertyValueSpecification","valueRequired":true,"valueName":"search_term_string"}}],"inLanguage":"es"},{"@type":"Organization","@id":"https:\/\/mylipfiller.com\/#organization","name":"Mi relleno de labios","url":"https:\/\/mylipfiller.com\/","logo":{"@type":"ImageObject","inLanguage":"es","@id":"https:\/\/mylipfiller.com\/#\/schema\/logo\/image\/","url":"https:\/\/cdn.mylipfiller.com\/wp-content\/uploads\/2019\/02\/cropped-My-Lip-Filler-Logo.png","contentUrl":"https:\/\/cdn.mylipfiller.com\/wp-content\/uploads\/2019\/02\/cropped-My-Lip-Filler-Logo.png","width":240,"height":88,"caption":"My Lip Filler"},"image":{"@id":"https:\/\/mylipfiller.com\/#\/schema\/logo\/image\/"}}]}},"_links":{"self":[{"href":"https:\/\/mylipfiller.com\/es\/wp-json\/wp\/v2\/product\/9841","targetHints":{"allow":["GET"]}}],"collection":[{"href":"https:\/\/mylipfiller.com\/es\/wp-json\/wp\/v2\/product"}],"about":[{"href":"https:\/\/mylipfiller.com\/es\/wp-json\/wp\/v2\/types\/product"}],"wp:featuredmedia":[{"embeddable":true,"href":"https:\/\/mylipfiller.com\/es\/wp-json\/wp\/v2\/media\/9844"}],"wp:attachment":[{"href":"https:\/\/mylipfiller.com\/es\/wp-json\/wp\/v2\/media?parent=9841"}],"wp:term":[{"taxonomy":"product_brand","embeddable":true,"href":"https:\/\/mylipfiller.com\/es\/wp-json\/wp\/v2\/product_brand?post=9841"},{"taxonomy":"product_cat","embeddable":true,"href":"https:\/\/mylipfiller.com\/es\/wp-json\/wp\/v2\/product_cat?post=9841"},{"taxonomy":"product_tag","embeddable":true,"href":"https:\/\/mylipfiller.com\/es\/wp-json\/wp\/v2\/product_tag?post=9841"}],"curies":[{"name":"gracias","href":"https:\/\/api.w.org\/{rel}","templated":true}]}}